{"id":18729,"date":"2024-07-05T13:00:15","date_gmt":"2024-07-05T13:00:15","guid":{"rendered":"https:\/\/multifrigo.pl\/sklep\/?post_type=product&#038;p=18729"},"modified":"2025-10-09T12:54:27","modified_gmt":"2025-10-09T12:54:27","slug":"pojemnik-perforowany-ze-stali-nierdzewnej-gn-1-1-100-yato-yg-00343","status":"publish","type":"product","link":"https:\/\/www.multifrigo.pl\/sklep\/produkt\/pojemnik-perforowany-ze-stali-nierdzewnej-gn-1-1-100-yato-yg-00343\/","title":{"rendered":"POJEMNIK PERFOROWANY ZE STALI NIERDZEWNEJ GN 1\/1 100 | Yato YG-00343"},"content":{"rendered":"<div id=\"piktogram_container\"><img loading=\"lazy\" decoding=\"async\" class=\"piktogram\" src=\"https:\/\/pim.toya.pl\/piktogramy\/GASTRO\/image-thumb__90445__Sklep_pikto\/GN_1-1.png\" width=\"64\" height=\"64\" alt=\"\"><img loading=\"lazy\" decoding=\"async\" class=\"piktogram\" src=\"https:\/\/pim.toya.pl\/piktogramy\/MATERIALS\/image-thumb__65047__Sklep_pikto\/SS_201.png\" width=\"64\" height=\"64\" alt=\"\"><img loading=\"lazy\" decoding=\"async\" class=\"piktogram\" src=\"https:\/\/pim.toya.pl\/piktogramy\/TEMPERATURE\/image-thumb__57254__Sklep_pikto\/TEMP_-40_%2B300_C.png\" width=\"64\" height=\"64\" alt=\"\"><img loading=\"lazy\" decoding=\"async\" class=\"piktogram\" src=\"https:\/\/pim.toya.pl\/piktogramy\/PICTURES\/image-thumb__59925__Sklep_pikto\/STACKING.png\" width=\"64\" height=\"64\" alt=\"\"><img loading=\"lazy\" decoding=\"async\" class=\"piktogram\" src=\"https:\/\/pim.toya.pl\/piktogramy\/PICTURES\/image-thumb__59895__Sklep_pikto\/OVEN.png\" width=\"64\" height=\"64\" alt=\"\"><img loading=\"lazy\" decoding=\"async\" class=\"piktogram\" src=\"https:\/\/pim.toya.pl\/piktogramy\/PICTURES\/image-thumb__59934__Sklep_pikto\/WASHING_MACHINE.png\" width=\"64\" height=\"64\" alt=\"\"><\/div>\n<p>Profesjonalny pojemnik perforowany GN marki YATO ze stali nierdzewnej o wymiarach <b>GN 1\/1, 100 mm<\/b>, pojemno\u015b\u0107 <b>13,5 l<\/b>.  Pojemniki gastronomiczne <b>YATO Proffesional Kitchen Equipment<\/b>, przeznaczone s\u0105 do <b>profesjonalnego wykorzystania<\/b> w plac\u00f3wkach \u017cywienia zbiorowego.  Wyprodukowano je z <b>najwy\u017cszej jako\u015bci stali nierdzewnej typu 201<\/b>, o matowej i g\u0142adkiej powierzchni, zgodnie ze standaryzacj\u0105 GASTRO NORM PN-EN 631-1:1996.   Pojemniki GN s\u0142u\u017c\u0105 do przechowywania \u017cywno\u015bci w warunkach ch\u0142odniczych i mro\u017aniczych &#8211; do &#8211;<b>40\u00b0C<\/b>. Idealnie nadaj\u0105 si\u0119 r\u00f3wnie\u017c do wykorzystania w zakresie wy\u017cszych temperatur &#8211; do <b>300\u00b0C. Dzi\u0119ki temu mo\u017cna je u\u017cywa\u0107 w technologii piec\u00f3w konwekcyjno-parowych<\/b>.  Charakteryzuje je <b>podwy\u017cszona odporno\u015b\u0107 na uszkodzenia mechaniczne oraz dzia\u0142anie kwas\u00f3w organicznych i detergent\u00f3w<\/b>. W\u0142a\u015bnie dlatego, <b>nadaj\u0105 si\u0119 do mycia w zmywarkach<\/b> oraz s\u0105 odporne na intensywne szorowanie powierzchni.  Szczeg\u00f3ln\u0105 uwag\u0119 przy\u0142o\u017cono do detali, takich jak <b>zaokr\u0105glone naro\u017ca czy g\u0142adkie ranty<\/b>, kt\u00f3re zapewniaj\u0105 wysoki poziom bezpiecze\u0144stwa oraz higieny u\u017cytkowania. <b>Dodatkowe przet\u0142oczenie na obwodzie ka\u017cdego pojemnika wzmacnia jego konstrukcj\u0119<\/b>, zabezpieczaj\u0105c go przed zagnieceniami powsta\u0142ymi podczas eksploatacji i umo\u017cliwia pi\u0119trowe sk\u0142adowanie. <\/p>\n","protected":false},"excerpt":{"rendered":"<p>Profesjonalny pojemnik perforowany GN marki YATO ze stali nierdzewnej o wymiarach GN 1\/1, 100 mm, pojemno\u015b\u0107 13,5 l. Pojemniki gastronomiczne YATO Proffesional Kitchen Equipment, przeznaczone s\u0105 do profesjonalnego wykorzystania w plac\u00f3wkach \u017cywienia zbiorowego. Wyprodukowano je z najwy\u017cszej jako\u015bci stali nierdzewnej typu 201, o matowej i g\u0142adkiej powierzchni, zgodnie ze standaryzacj\u0105 GASTRO NORM PN-EN 631-1:1996. Pojemniki [&hellip;]<\/p>\n","protected":false},"featured_media":20023,"template":"","meta":{"_et_pb_use_builder":"","_et_pb_old_content":"","_et_gb_content_width":""},"pwb-brand":[658],"product_brand":[],"product_cat":[136],"product_tag":[],"class_list":{"0":"post-18729","1":"product","2":"type-product","3":"status-publish","4":"has-post-thumbnail","6":"pwb-brand-yato","7":"product_cat-pojemniki-gn-ze-stali-nierdzewnej","9":"first","10":"instock","11":"taxable","12":"shipping-taxable","13":"purchasable","14":"product-type-simple"},"brands":[{"id":658,"name":"Yato","slug":"yato"}],"_links":{"self":[{"href":"https:\/\/www.multifrigo.pl\/sklep\/wp-json\/wp\/v2\/product\/18729","targetHints":{"allow":["GET"]}}],"collection":[{"href":"https:\/\/www.multifrigo.pl\/sklep\/wp-json\/wp\/v2\/product"}],"about":[{"href":"https:\/\/www.multifrigo.pl\/sklep\/wp-json\/wp\/v2\/types\/product"}],"wp:featuredmedia":[{"embeddable":true,"href":"https:\/\/www.multifrigo.pl\/sklep\/wp-json\/wp\/v2\/media\/20023"}],"wp:attachment":[{"href":"https:\/\/www.multifrigo.pl\/sklep\/wp-json\/wp\/v2\/media?parent=18729"}],"wp:term":[{"taxonomy":"pwb-brand","embeddable":true,"href":"https:\/\/www.multifrigo.pl\/sklep\/wp-json\/wp\/v2\/pwb-brand?post=18729"},{"taxonomy":"product_brand","embeddable":true,"href":"https:\/\/www.multifrigo.pl\/sklep\/wp-json\/wp\/v2\/product_brand?post=18729"},{"taxonomy":"product_cat","embeddable":true,"href":"https:\/\/www.multifrigo.pl\/sklep\/wp-json\/wp\/v2\/product_cat?post=18729"},{"taxonomy":"product_tag","embeddable":true,"href":"https:\/\/www.multifrigo.pl\/sklep\/wp-json\/wp\/v2\/product_tag?post=18729"}],"curies":[{"name":"wp","href":"https:\/\/api.w.org\/{rel}","templated":true}]}}