{"id":18740,"date":"2024-07-05T13:00:17","date_gmt":"2024-07-05T13:00:17","guid":{"rendered":"https:\/\/multifrigo.pl\/sklep\/?post_type=product&#038;p=18740"},"modified":"2025-10-09T12:54:33","modified_gmt":"2025-10-09T12:54:33","slug":"pokrywka-do-pojemnika-ze-stali-nierdzewnej-gn-1-4-yato-yg-00373","status":"publish","type":"product","link":"https:\/\/www.multifrigo.pl\/sklep\/produkt\/pokrywka-do-pojemnika-ze-stali-nierdzewnej-gn-1-4-yato-yg-00373\/","title":{"rendered":"POKRYWKA DO POJEMNIKA ZE STALI NIERDZEWNEJ GN 1\/4 | Yato YG-00373"},"content":{"rendered":"<div id=\"piktogram_container\"><img loading=\"lazy\" decoding=\"async\" class=\"piktogram\" src=\"https:\/\/pim.toya.pl\/piktogramy\/MATERIALS\/image-thumb__65047__Sklep_pikto\/SS_201.png\" width=\"64\" height=\"64\" alt=\"\"><img loading=\"lazy\" decoding=\"async\" class=\"piktogram\" src=\"https:\/\/pim.toya.pl\/piktogramy\/TEMPERATURE\/image-thumb__57254__Sklep_pikto\/TEMP_-40_%2B300_C.png\" width=\"64\" height=\"64\" alt=\"\"><img loading=\"lazy\" decoding=\"async\" class=\"piktogram\" src=\"https:\/\/pim.toya.pl\/piktogramy\/PICTURES\/image-thumb__59925__Sklep_pikto\/STACKING.png\" width=\"64\" height=\"64\" alt=\"\"><img loading=\"lazy\" decoding=\"async\" class=\"piktogram\" src=\"https:\/\/pim.toya.pl\/piktogramy\/PICTURES\/image-thumb__59895__Sklep_pikto\/OVEN.png\" width=\"64\" height=\"64\" alt=\"\"><img loading=\"lazy\" decoding=\"async\" class=\"piktogram\" src=\"https:\/\/pim.toya.pl\/piktogramy\/PICTURES\/image-thumb__59934__Sklep_pikto\/WASHING_MACHINE.png\" width=\"64\" height=\"64\" alt=\"\"><\/div>\n<p>Pokrywka do pojemnika GN marki YATO ze stali nierdzewnej o wymiarach <b>1\/4.<\/b>  Pokrywka przeznaczona jest do linii pojemnik\u00f3w gastronomicznych marki <b>YATO Proffesional Kitchen Equipment<\/b>, zgodnych ze standaryzacj\u0105 GASTRO NORM PN-EN 631-1:1996. Pokrywki wykonane s\u0105 z <b>najwy\u017cszej jako\u015bci stali nierdzewnej typu 201<\/b>, o matowej i g\u0142adkiej powierzchni.  Pokrywki do pojemnik\u00f3w GN YATO przeznaczone s\u0105 do <b>profesjonalnego wykorzystania w plac\u00f3wkach \u017cywienia zbiorowego.<\/b> S\u0142u\u017c\u0105 do przechowywania \u017cywno\u015bci w warunkach ch\u0142odniczych jak i mro\u017aniczych do <b>-40\u00b0C.<\/b>  Pojemniki idealnie nadaj\u0105 si\u0119 r\u00f3wnie\u017c do pracy w zakresie wy\u017cszych temperatur do <b>-300\u00b0C.<\/b> <b>Dzi\u0119ki temu nadaj\u0105 si\u0119 do pracy w technologii piec\u00f3w konwekcyjno-parowych.<\/b>  Pokrywki do pojemnik\u00f3w GN YATO wyprodukowano przy u\u017cyciu <b>najnowocze\u015bniejszych technologii.<\/b> Dzi\u0119ki temu osi\u0105gni\u0119ta zosta\u0142a <b>najwy\u017csza jako\u015b\u0107 wykonania.<\/b> Szczeg\u00f3ln\u0105 uwag\u0119 przy\u0142o\u017cono do detali, takich jak <b>zaokr\u0105glone naro\u017ca czy g\u0142adkie ranty<\/b>, kt\u00f3re zapewniaj\u0105 <b>wysoki poziom bezpiecze\u0144stwa oraz higieny u\u017cytkowania. <\/b> <b>Dodatkowe przet\u0142ocznie na obwodzie ka\u017cdej pokrywki wzmacnia jej konstrukcj\u0119<\/b>, zabezpieczaj\u0105c je przed zagnieceniami powsta\u0142ymi podczas eksploatacji. Gwarantuje to wieloletnie u\u017cytkowanie w ka\u017cdych warunkach.  G\u0142adka powierzchnia oraz <b>mo\u017cliwo\u015b\u0107 mycia w zmywarkach<\/b> dodatkowo u\u0142atwia utrzymanie ich w czysto\u015bci.<br \/>\nPokrywki do pojemnik\u00f3w GN YATO przeznaczone s\u0105 do  profesjonalnego wykorzystania w plac\u00f3wkach \u017cywienia zbiorowego. S\u0142u\u017c\u0105 do przechowywania \u017cywno\u015bci w warunkach ch\u0142odniczych jak i mro\u017aniczych do -40\u00b0C. Pojemniki idealnie nadaj\u0105 si\u0119 r\u00f3wnie\u017c do pracy w zakresie wy\u017cszych temperatur do 300\u00b0C. Dzi\u0119ki temu nadaj\u0105 si\u0119 do pracy w technologii piec\u00f3w konwekcyjno-parowych. <\/p>\n","protected":false},"excerpt":{"rendered":"<p>Pokrywka do pojemnika GN marki YATO ze stali nierdzewnej o wymiarach 1\/4. Pokrywka przeznaczona jest do linii pojemnik\u00f3w gastronomicznych marki YATO Proffesional Kitchen Equipment, zgodnych ze standaryzacj\u0105 GASTRO NORM PN-EN 631-1:1996. Pokrywki wykonane s\u0105 z najwy\u017cszej jako\u015bci stali nierdzewnej typu 201, o matowej i g\u0142adkiej powierzchni. Pokrywki do pojemnik\u00f3w GN YATO przeznaczone s\u0105 do profesjonalnego [&hellip;]<\/p>\n","protected":false},"featured_media":20078,"template":"","meta":{"_et_pb_use_builder":"","_et_pb_old_content":"","_et_gb_content_width":""},"pwb-brand":[658],"product_brand":[],"product_cat":[137],"product_tag":[],"class_list":{"0":"post-18740","1":"product","2":"type-product","3":"status-publish","4":"has-post-thumbnail","6":"pwb-brand-yato","7":"product_cat-pokrywy-gn-ze-stali-nierdzewnej","9":"first","10":"instock","11":"taxable","12":"shipping-taxable","13":"purchasable","14":"product-type-simple"},"brands":[{"id":658,"name":"Yato","slug":"yato"}],"_links":{"self":[{"href":"https:\/\/www.multifrigo.pl\/sklep\/wp-json\/wp\/v2\/product\/18740","targetHints":{"allow":["GET"]}}],"collection":[{"href":"https:\/\/www.multifrigo.pl\/sklep\/wp-json\/wp\/v2\/product"}],"about":[{"href":"https:\/\/www.multifrigo.pl\/sklep\/wp-json\/wp\/v2\/types\/product"}],"wp:featuredmedia":[{"embeddable":true,"href":"https:\/\/www.multifrigo.pl\/sklep\/wp-json\/wp\/v2\/media\/20078"}],"wp:attachment":[{"href":"https:\/\/www.multifrigo.pl\/sklep\/wp-json\/wp\/v2\/media?parent=18740"}],"wp:term":[{"taxonomy":"pwb-brand","embeddable":true,"href":"https:\/\/www.multifrigo.pl\/sklep\/wp-json\/wp\/v2\/pwb-brand?post=18740"},{"taxonomy":"product_brand","embeddable":true,"href":"https:\/\/www.multifrigo.pl\/sklep\/wp-json\/wp\/v2\/product_brand?post=18740"},{"taxonomy":"product_cat","embeddable":true,"href":"https:\/\/www.multifrigo.pl\/sklep\/wp-json\/wp\/v2\/product_cat?post=18740"},{"taxonomy":"product_tag","embeddable":true,"href":"https:\/\/www.multifrigo.pl\/sklep\/wp-json\/wp\/v2\/product_tag?post=18740"}],"curies":[{"name":"wp","href":"https:\/\/api.w.org\/{rel}","templated":true}]}}