{"id":18810,"date":"2024-07-05T13:00:35","date_gmt":"2024-07-05T13:00:35","guid":{"rendered":"https:\/\/multifrigo.pl\/sklep\/?post_type=product&#038;p=18810"},"modified":"2025-10-09T12:55:20","modified_gmt":"2025-10-09T12:55:20","slug":"wiadro-ze-stali-nierdzewnej-28l-yato-yg-00652","status":"publish","type":"product","link":"https:\/\/www.multifrigo.pl\/sklep\/produkt\/wiadro-ze-stali-nierdzewnej-28l-yato-yg-00652\/","title":{"rendered":"WIADRO ZE STALI NIERDZEWNEJ 28L | Yato YG-00652"},"content":{"rendered":"<div id=\"piktogram_container\"><img loading=\"lazy\" decoding=\"async\" class=\"piktogram\" src=\"https:\/\/pim.toya.pl\/piktogramy\/MATERIALS\/image-thumb__65047__Sklep_pikto\/SS_201.png\" width=\"64\" height=\"64\" alt=\"\"><img loading=\"lazy\" decoding=\"async\" class=\"piktogram\" src=\"https:\/\/pim.toya.pl\/piktogramy\/WORDS_DESCRIPTION\/image-thumb__58934__Sklep_pikto\/HANDLE.png\" width=\"64\" height=\"64\" alt=\"\"><img loading=\"lazy\" decoding=\"async\" class=\"piktogram\" src=\"https:\/\/pim.toya.pl\/piktogramy\/PICTURES_DESCRIPTION\/image-thumb__60321__Sklep_pikto\/BOTTOM_RING.png\" width=\"64\" height=\"64\" alt=\"\"><img loading=\"lazy\" decoding=\"async\" class=\"piktogram\" src=\"https:\/\/pim.toya.pl\/piktogramy\/PICTURES\/image-thumb__59934__Sklep_pikto\/WASHING_MACHINE.png\" width=\"64\" height=\"64\" alt=\"\"><img loading=\"lazy\" decoding=\"async\" class=\"piktogram\" src=\"https:\/\/pim.toya.pl\/piktogramy\/PICTURES_DESCRIPTION\/image-thumb__60337__Sklep_pikto\/DETERGENT.png\" width=\"64\" height=\"64\" alt=\"\"><\/div>\n<p>Wiadra z pier\u015bcieniem. Pojemne wiadra do<strong> profesjonalnych zastosowa\u0144 gastronomicznych<\/strong>, m.in. przenoszenia p\u0142yn\u00f3w i innych p\u00f3\u0142produkt\u00f3w oraz dozowania ich podczas gotowania.<\/p>\n<ul>\n<li>wykonane z wytrzyma\u0142ej <strong>stali nierdzewnej<\/strong><\/li>\n<li><strong>wygodny uchwyt<\/strong> do przenoszenia<\/li>\n<li>wzmocniona, solidna podstawa<\/li>\n<li>\u0142atwe do utrzymania w czysto\u015bci<\/li>\n<li>\u015brednica <strong>35\/30 cm<\/strong><\/li>\n<li>wysoko\u015b\u0107 <strong>35 cm<\/strong><\/li>\n<li>pojemno\u015b\u0107 <strong>28 l<\/strong><\/li>\n<\/ul>\n","protected":false},"excerpt":{"rendered":"<p>Wiadra z pier\u015bcieniem. Pojemne wiadra do profesjonalnych zastosowa\u0144 gastronomicznych, m.in. przenoszenia p\u0142yn\u00f3w i innych p\u00f3\u0142produkt\u00f3w oraz dozowania ich podczas gotowania. wykonane z wytrzyma\u0142ej stali nierdzewnej wygodny uchwyt do przenoszenia wzmocniona, solidna podstawa \u0142atwe do utrzymania w czysto\u015bci \u015brednica 35\/30 cm wysoko\u015b\u0107 35 cm pojemno\u015b\u0107 28 l<\/p>\n","protected":false},"featured_media":20340,"template":"","meta":{"_et_pb_use_builder":"","_et_pb_old_content":"","_et_gb_content_width":""},"pwb-brand":[658],"product_brand":[],"product_cat":[120],"product_tag":[],"class_list":{"0":"post-18810","1":"product","2":"type-product","3":"status-publish","4":"has-post-thumbnail","6":"pwb-brand-yato","7":"product_cat-wiadra-metalowe","9":"first","10":"instock","11":"taxable","12":"shipping-taxable","13":"purchasable","14":"product-type-simple"},"brands":[{"id":658,"name":"Yato","slug":"yato"}],"_links":{"self":[{"href":"https:\/\/www.multifrigo.pl\/sklep\/wp-json\/wp\/v2\/product\/18810","targetHints":{"allow":["GET"]}}],"collection":[{"href":"https:\/\/www.multifrigo.pl\/sklep\/wp-json\/wp\/v2\/product"}],"about":[{"href":"https:\/\/www.multifrigo.pl\/sklep\/wp-json\/wp\/v2\/types\/product"}],"wp:featuredmedia":[{"embeddable":true,"href":"https:\/\/www.multifrigo.pl\/sklep\/wp-json\/wp\/v2\/media\/20340"}],"wp:attachment":[{"href":"https:\/\/www.multifrigo.pl\/sklep\/wp-json\/wp\/v2\/media?parent=18810"}],"wp:term":[{"taxonomy":"pwb-brand","embeddable":true,"href":"https:\/\/www.multifrigo.pl\/sklep\/wp-json\/wp\/v2\/pwb-brand?post=18810"},{"taxonomy":"product_brand","embeddable":true,"href":"https:\/\/www.multifrigo.pl\/sklep\/wp-json\/wp\/v2\/product_brand?post=18810"},{"taxonomy":"product_cat","embeddable":true,"href":"https:\/\/www.multifrigo.pl\/sklep\/wp-json\/wp\/v2\/product_cat?post=18810"},{"taxonomy":"product_tag","embeddable":true,"href":"https:\/\/www.multifrigo.pl\/sklep\/wp-json\/wp\/v2\/product_tag?post=18810"}],"curies":[{"name":"wp","href":"https:\/\/api.w.org\/{rel}","templated":true}]}}