{"id":18815,"date":"2024-07-05T13:00:37","date_gmt":"2024-07-05T13:00:37","guid":{"rendered":"https:\/\/multifrigo.pl\/sklep\/?post_type=product&#038;p=18815"},"modified":"2025-10-09T12:55:23","modified_gmt":"2025-10-09T12:55:23","slug":"siatka-do-pizzy-350mm-yato-yg-02034","status":"publish","type":"product","link":"https:\/\/www.multifrigo.pl\/sklep\/produkt\/siatka-do-pizzy-350mm-yato-yg-02034\/","title":{"rendered":"SIATKA DO PIZZY 350MM | Yato YG-02034"},"content":{"rendered":"<div id=\"piktogram_container\"><img loading=\"lazy\" decoding=\"async\" class=\"piktogram\" src=\"https:\/\/pim.toya.pl\/piktogramy\/DIAMETER\/image-thumb__51009__Sklep_pikto\/350_mm_DIAMETER.png\" width=\"64\" height=\"64\" alt=\"\"><img loading=\"lazy\" decoding=\"async\" class=\"piktogram\" src=\"https:\/\/pim.toya.pl\/piktogramy\/MATERIALS\/image-thumb__60794__Sklep_pikto\/Al.png\" width=\"64\" height=\"64\" alt=\"\"><img loading=\"lazy\" decoding=\"async\" class=\"piktogram\" src=\"https:\/\/pim.toya.pl\/piktogramy\/PICTURES\/image-thumb__279422__Sklep_pikto\/NO_WASHING_MACHINE.png\" width=\"64\" height=\"64\" alt=\"\"><\/div>\n<p>Siatka do pizzy o \u015brednicy<strong> 350 mm<\/strong> marki <strong>Yato YG-02034<\/strong>. Starannie wykonana siatka z <strong>aluminium<\/strong> gwarantuje <strong>r\u00f3wnomierny wypiek pizzy<\/strong>.<\/p>\n<ul>\n<li>\u015brednica zewn\u0119trzna wynosi <strong>350 mm,<\/strong> a wewn\u0119trzna<strong> 330 mm<\/strong><\/li>\n<li>rant o szeroko\u015bci <strong>10 mm<\/strong><\/li>\n<li>nie mo\u017cna jej my\u0107 w zmywarkach<\/li>\n<\/ul>\n","protected":false},"excerpt":{"rendered":"<p>Siatka do pizzy o \u015brednicy 350 mm marki Yato YG-02034. Starannie wykonana siatka z aluminium gwarantuje r\u00f3wnomierny wypiek pizzy. \u015brednica zewn\u0119trzna wynosi 350 mm, a wewn\u0119trzna 330 mm rant o szeroko\u015bci 10 mm nie mo\u017cna jej my\u0107 w zmywarkach<\/p>\n","protected":false},"featured_media":20355,"template":"","meta":{"_et_pb_use_builder":"","_et_pb_old_content":"","_et_gb_content_width":""},"pwb-brand":[658],"product_brand":[],"product_cat":[364],"product_tag":[],"class_list":{"0":"post-18815","1":"product","2":"type-product","3":"status-publish","4":"has-post-thumbnail","6":"pwb-brand-yato","7":"product_cat-siatki-do-pizzy","9":"first","10":"instock","11":"taxable","12":"shipping-taxable","13":"purchasable","14":"product-type-simple"},"brands":[{"id":658,"name":"Yato","slug":"yato"}],"_links":{"self":[{"href":"https:\/\/www.multifrigo.pl\/sklep\/wp-json\/wp\/v2\/product\/18815","targetHints":{"allow":["GET"]}}],"collection":[{"href":"https:\/\/www.multifrigo.pl\/sklep\/wp-json\/wp\/v2\/product"}],"about":[{"href":"https:\/\/www.multifrigo.pl\/sklep\/wp-json\/wp\/v2\/types\/product"}],"wp:featuredmedia":[{"embeddable":true,"href":"https:\/\/www.multifrigo.pl\/sklep\/wp-json\/wp\/v2\/media\/20355"}],"wp:attachment":[{"href":"https:\/\/www.multifrigo.pl\/sklep\/wp-json\/wp\/v2\/media?parent=18815"}],"wp:term":[{"taxonomy":"pwb-brand","embeddable":true,"href":"https:\/\/www.multifrigo.pl\/sklep\/wp-json\/wp\/v2\/pwb-brand?post=18815"},{"taxonomy":"product_brand","embeddable":true,"href":"https:\/\/www.multifrigo.pl\/sklep\/wp-json\/wp\/v2\/product_brand?post=18815"},{"taxonomy":"product_cat","embeddable":true,"href":"https:\/\/www.multifrigo.pl\/sklep\/wp-json\/wp\/v2\/product_cat?post=18815"},{"taxonomy":"product_tag","embeddable":true,"href":"https:\/\/www.multifrigo.pl\/sklep\/wp-json\/wp\/v2\/product_tag?post=18815"}],"curies":[{"name":"wp","href":"https:\/\/api.w.org\/{rel}","templated":true}]}}