{"id":18824,"date":"2024-07-05T13:00:39","date_gmt":"2024-07-05T13:00:39","guid":{"rendered":"https:\/\/multifrigo.pl\/sklep\/?post_type=product&#038;p=18824"},"modified":"2025-10-09T12:55:34","modified_gmt":"2025-10-09T12:55:34","slug":"taca-kelnerska-antyposlizgowa-prostokatna-515x380-yato-yg-02076","status":"publish","type":"product","link":"https:\/\/www.multifrigo.pl\/sklep\/produkt\/taca-kelnerska-antyposlizgowa-prostokatna-515x380-yato-yg-02076\/","title":{"rendered":"TACA KELNERSKA ANTYPO\u015aLIZGOWA PROSTOK\u0104TNA 515X380 | Yato YG-02076"},"content":{"rendered":"<div id=\"piktogram_container\"><img loading=\"lazy\" decoding=\"async\" class=\"piktogram\" src=\"https:\/\/pim.toya.pl\/piktogramy\/mm\/image-thumb__100775__Sklep_pikto\/515x380_mm.png\" width=\"64\" height=\"64\" alt=\"\"><img loading=\"lazy\" decoding=\"async\" class=\"piktogram\" src=\"https:\/\/pim.toya.pl\/piktogramy\/WORDS_DESCRIPTION\/image-thumb__90816__Sklep_pikto\/ANTI-SLIP_SURFACE.png\" width=\"64\" height=\"64\" alt=\"\"><img loading=\"lazy\" decoding=\"async\" class=\"piktogram\" src=\"https:\/\/pim.toya.pl\/piktogramy\/MATERIALS\/image-thumb__60849__Sklep_pikto\/FIBERGLASS.png\" width=\"64\" height=\"64\" alt=\"\"><\/div>\n<p><strong>Antypo\u015blizgowa, prostok\u0105tna taca kelnerska marki Yato, o wymiarach 515&#215;380 mm. <\/strong>Antypo\u015blizgowe tace Yato to niezb\u0119dne w gastronomii narz\u0119dzie pracy kelnerskiej. Do ich produkcji u\u017cyto <strong>wielowarstwowego w\u0142\u00f3kna szklanego<\/strong>, co gwarantuje du\u017c\u0105 sztywno\u015b\u0107 i wytrzyma\u0142o\u015b\u0107 mechaniczn\u0105.<\/p>\n<ul>\n<li><strong>klasyczny czarny kolor i estetyczne wykonanie<\/strong> pozwalaj\u0105 na stosowanie ich w hotelach, restauracjach jak i barach<\/li>\n<li><strong>rant zabezpieczaj\u0105cy przed wypadni\u0119ciem<\/strong> produktu oraz specjalna <strong>antypo\u015blizgowa powierzchnia<\/strong>, zapobiegaj\u0105 przesuwaniu si\u0119 produkt\u00f3w i zmniejszaj\u0105 ryzyko ich ze\u015blizgni\u0119cia<\/li>\n<\/ul>\n<p>Tace Yato s\u0105 \u0142atwe do utrzymania w czysto\u015bci. Dozwolone jest mycie ich og\u00f3lnodost\u0119pnymi w gastronomii \u015brodkami czysto\u015bci. Mimo, \u017ce tace s\u0105 wodoodporne, niezalecane jest ich mycie w zmywarkach gdy\u017c agresywne \u015brodki czyszcz\u0105ce mog\u0105 uszkodzi\u0107 ich powierzchnie.<\/p>\n<p><strong>Dane techniczne:<\/strong><\/p>\n<ul>\n<li>wymiary (DxSxW) [cm]&nbsp;<strong>51,5&#215;38<\/strong><\/li>\n<\/ul>\n","protected":false},"excerpt":{"rendered":"<p>Antypo\u015blizgowa, prostok\u0105tna taca kelnerska marki Yato, o wymiarach 515&#215;380 mm. Antypo\u015blizgowe tace Yato to niezb\u0119dne w gastronomii narz\u0119dzie pracy kelnerskiej. Do ich produkcji u\u017cyto wielowarstwowego w\u0142\u00f3kna szklanego, co gwarantuje du\u017c\u0105 sztywno\u015b\u0107 i wytrzyma\u0142o\u015b\u0107 mechaniczn\u0105. klasyczny czarny kolor i estetyczne wykonanie pozwalaj\u0105 na stosowanie ich w hotelach, restauracjach jak i barach rant zabezpieczaj\u0105cy przed wypadni\u0119ciem produktu [&hellip;]<\/p>\n","protected":false},"featured_media":20380,"template":"","meta":{"_et_pb_use_builder":"","_et_pb_old_content":"","_et_gb_content_width":""},"pwb-brand":[658],"product_brand":[],"product_cat":[285],"product_tag":[],"class_list":{"0":"post-18824","1":"product","2":"type-product","3":"status-publish","4":"has-post-thumbnail","6":"pwb-brand-yato","7":"product_cat-tace-kelnerskie","9":"first","10":"instock","11":"taxable","12":"shipping-taxable","13":"purchasable","14":"product-type-simple"},"brands":[{"id":658,"name":"Yato","slug":"yato"}],"_links":{"self":[{"href":"https:\/\/www.multifrigo.pl\/sklep\/wp-json\/wp\/v2\/product\/18824","targetHints":{"allow":["GET"]}}],"collection":[{"href":"https:\/\/www.multifrigo.pl\/sklep\/wp-json\/wp\/v2\/product"}],"about":[{"href":"https:\/\/www.multifrigo.pl\/sklep\/wp-json\/wp\/v2\/types\/product"}],"wp:featuredmedia":[{"embeddable":true,"href":"https:\/\/www.multifrigo.pl\/sklep\/wp-json\/wp\/v2\/media\/20380"}],"wp:attachment":[{"href":"https:\/\/www.multifrigo.pl\/sklep\/wp-json\/wp\/v2\/media?parent=18824"}],"wp:term":[{"taxonomy":"pwb-brand","embeddable":true,"href":"https:\/\/www.multifrigo.pl\/sklep\/wp-json\/wp\/v2\/pwb-brand?post=18824"},{"taxonomy":"product_brand","embeddable":true,"href":"https:\/\/www.multifrigo.pl\/sklep\/wp-json\/wp\/v2\/product_brand?post=18824"},{"taxonomy":"product_cat","embeddable":true,"href":"https:\/\/www.multifrigo.pl\/sklep\/wp-json\/wp\/v2\/product_cat?post=18824"},{"taxonomy":"product_tag","embeddable":true,"href":"https:\/\/www.multifrigo.pl\/sklep\/wp-json\/wp\/v2\/product_tag?post=18824"}],"curies":[{"name":"wp","href":"https:\/\/api.w.org\/{rel}","templated":true}]}}