{"id":18847,"date":"2024-07-05T13:00:45","date_gmt":"2024-07-05T13:00:45","guid":{"rendered":"https:\/\/multifrigo.pl\/sklep\/?post_type=product&#038;p=18847"},"modified":"2025-10-09T12:55:46","modified_gmt":"2025-10-09T12:55:46","slug":"deska-do-krojenia-600x400x20-niebieska-yato-yg-02183","status":"publish","type":"product","link":"https:\/\/www.multifrigo.pl\/sklep\/produkt\/deska-do-krojenia-600x400x20-niebieska-yato-yg-02183\/","title":{"rendered":"DESKA DO KROJENIA 600X400X20 NIEBIESKA | Yato YG-02183"},"content":{"rendered":"<div id=\"piktogram_container\"><img loading=\"lazy\" decoding=\"async\" class=\"piktogram\" src=\"https:\/\/pim.toya.pl\/piktogramy\/mm\/image-thumb__90654__Sklep_pikto\/600x400x20_mm.png\" width=\"64\" height=\"64\" alt=\"\"><img loading=\"lazy\" decoding=\"async\" class=\"piktogram\" src=\"https:\/\/pim.toya.pl\/piktogramy\/MATERIALS\/image-thumb__60855__Sklep_pikto\/HACCP.png\" width=\"64\" height=\"64\" alt=\"\"><img loading=\"lazy\" decoding=\"async\" class=\"piktogram\" src=\"https:\/\/pim.toya.pl\/piktogramy\/PICTURES\/image-thumb__59959__Sklep_pikto\/FISH.png\" width=\"64\" height=\"64\" alt=\"\"><img loading=\"lazy\" decoding=\"async\" class=\"piktogram\" src=\"https:\/\/pim.toya.pl\/piktogramy\/MATERIALS\/image-thumb__60893__Sklep_pikto\/PE.png\" width=\"64\" height=\"64\" alt=\"\"><img loading=\"lazy\" decoding=\"async\" class=\"piktogram\" src=\"https:\/\/pim.toya.pl\/piktogramy\/PICTURES\/image-thumb__59934__Sklep_pikto\/WASHING_MACHINE.png\" width=\"64\" height=\"64\" alt=\"\"><\/div>\n<p>Deski HACCP do krojenia o wymiarze 600x400x20mm marki YATO<\/p>\n<p>Uniwersalna deska do krojenia do u\u017cytku w gastronomii. Wykonana jest w kolorze niebieskim, zgodnie z systemem oznaczenia HACCP, przeznaczona jest do kontaktu z rybami. Wykonana jest z wysokiej jako\u015bci polietylenu, o grubo\u015bci 20mm, gwarantuj\u0105cego du\u017c\u0105 wytrzyma\u0142o\u015b\u0107 i \u017cywotno\u015b\u0107.<\/p>\n<p>Deska dwustronna z powierzchni\u0105 antypo\u015blizgow\u0105 zapobiega \u015blizganiu si\u0119 produktu podczas krojenia. Zaokr\u0105glone kraw\u0119dzie oraz staranne wykonanie zwi\u0119kszaj\u0105 bezpiecze\u0144stwo podczas pracy.<\/p>\n<p>Deska YATO jest \u0142atwa do utrzymania w czysto\u015bci. Dozwolone jest mycie jej og&oacute;lnodost\u0119pnymi w gastronomii \u015brodkami czysto\u015bci. Mo\u017cliwe jest tak\u017ce mycie jej w zmywarkach.<\/p>\n<p style=\"text-align: center;\">\n<p><center><iframe loading=\"lazy\" width=\"560\" height=\"315\" src=\"https:\/\/www.youtube-nocookie.com\/embed\/wDwFbeOmL7g\" frameborder=\"0\" allow=\"accelerometer; autoplay; encrypted-media; gyroscope; picture-in-picture\" allowfullscreen><\/iframe><\/center><\/p>\n","protected":false},"excerpt":{"rendered":"<p>Deski HACCP do krojenia o wymiarze 600x400x20mm marki YATO Uniwersalna deska do krojenia do u\u017cytku w gastronomii. Wykonana jest w kolorze niebieskim, zgodnie z systemem oznaczenia HACCP, przeznaczona jest do kontaktu z rybami. Wykonana jest z wysokiej jako\u015bci polietylenu, o grubo\u015bci 20mm, gwarantuj\u0105cego du\u017c\u0105 wytrzyma\u0142o\u015b\u0107 i \u017cywotno\u015b\u0107. Deska dwustronna z powierzchni\u0105 antypo\u015blizgow\u0105 zapobiega \u015blizganiu si\u0119 [&hellip;]<\/p>\n","protected":false},"featured_media":20467,"template":"","meta":{"_et_pb_use_builder":"","_et_pb_old_content":"","_et_gb_content_width":""},"pwb-brand":[658],"product_brand":[],"product_cat":[204],"product_tag":[],"class_list":{"0":"post-18847","1":"product","2":"type-product","3":"status-publish","4":"has-post-thumbnail","6":"pwb-brand-yato","7":"product_cat-deski-haccp","9":"first","10":"instock","11":"taxable","12":"shipping-taxable","13":"purchasable","14":"product-type-simple"},"brands":[{"id":658,"name":"Yato","slug":"yato"}],"_links":{"self":[{"href":"https:\/\/www.multifrigo.pl\/sklep\/wp-json\/wp\/v2\/product\/18847","targetHints":{"allow":["GET"]}}],"collection":[{"href":"https:\/\/www.multifrigo.pl\/sklep\/wp-json\/wp\/v2\/product"}],"about":[{"href":"https:\/\/www.multifrigo.pl\/sklep\/wp-json\/wp\/v2\/types\/product"}],"wp:featuredmedia":[{"embeddable":true,"href":"https:\/\/www.multifrigo.pl\/sklep\/wp-json\/wp\/v2\/media\/20467"}],"wp:attachment":[{"href":"https:\/\/www.multifrigo.pl\/sklep\/wp-json\/wp\/v2\/media?parent=18847"}],"wp:term":[{"taxonomy":"pwb-brand","embeddable":true,"href":"https:\/\/www.multifrigo.pl\/sklep\/wp-json\/wp\/v2\/pwb-brand?post=18847"},{"taxonomy":"product_brand","embeddable":true,"href":"https:\/\/www.multifrigo.pl\/sklep\/wp-json\/wp\/v2\/product_brand?post=18847"},{"taxonomy":"product_cat","embeddable":true,"href":"https:\/\/www.multifrigo.pl\/sklep\/wp-json\/wp\/v2\/product_cat?post=18847"},{"taxonomy":"product_tag","embeddable":true,"href":"https:\/\/www.multifrigo.pl\/sklep\/wp-json\/wp\/v2\/product_tag?post=18847"}],"curies":[{"name":"wp","href":"https:\/\/api.w.org\/{rel}","templated":true}]}}