{"id":18863,"date":"2024-07-05T13:00:49","date_gmt":"2024-07-05T13:00:49","guid":{"rendered":"https:\/\/multifrigo.pl\/sklep\/?post_type=product&#038;p=18863"},"modified":"2025-10-09T12:55:57","modified_gmt":"2025-10-09T12:55:57","slug":"noz-do-wedlin-275mm-yato-yg-02232","status":"publish","type":"product","link":"https:\/\/www.multifrigo.pl\/sklep\/produkt\/noz-do-wedlin-275mm-yato-yg-02232\/","title":{"rendered":"N\u00d3\u017b DO W\u0118DLIN 275MM | Yato YG-02232"},"content":{"rendered":"<div id=\"piktogram_container\"><img loading=\"lazy\" decoding=\"async\" class=\"piktogram\" src=\"https:\/\/pim.toya.pl\/piktogramy\/MATERIALS\/image-thumb__60854__Sklep_pikto\/GERMAN_STEEL.png\" width=\"64\" height=\"64\" alt=\"\"><img loading=\"lazy\" decoding=\"async\" class=\"piktogram\" src=\"https:\/\/pim.toya.pl\/piktogramy\/HRC\/image-thumb__77819__Sklep_pikto\/HRC_55-58.png\" width=\"64\" height=\"64\" alt=\"\"><\/div>\n<div id=\"component_projector_longdescription_not\" class=\"projector_longdescription cm \">\n<p>N&oacute;\u017c&nbsp;do w\u0119dlin&nbsp;marki&nbsp;<strong>YATO<\/strong> o d\u0142ugo\u015bci ostrza <strong>290mm.<\/strong><\/p>\n<p>Wykonany jest z najwy\u017cszej jako\u015bci kutej stali niemieckiej <strong>X50CrMoV15<\/strong>, o twardo\u015bci<strong> HRC 55-58<\/strong>, co gwarantuje, \u017ce ostrza s\u0105:<\/p>\n<ul>\n<li>bardzo ostre<\/li>\n<li>trwa\u0142e<\/li>\n<li>posiadaj\u0105 doskona\u0142e w\u0142a\u015bciwo\u015bci tn\u0105ce<\/li>\n<li>\u0142atwe do czyszczenia<\/li>\n<\/ul>\n<p>Dzi\u0119ki temu no\u017ce <strong>YATO<\/strong> doskonale nadaj\u0105 si\u0119 do profesjonalnej pracy w gastronomii. Szczeg&oacute;lnie polecany jest do krojenia w\u0119dlin czy \u0142ososi.<\/p>\n<p>Wieloetapowy proces produkcyjny, przeprowadzony z zachowaniem <strong>najwy\u017cszych&nbsp;wymog&oacute;w jako\u015bciowych<\/strong> zapewnia, \u017ce ka\u017cdy z etap&oacute;w, takich jak kucie, hartowanie, szlifowanie czy ostrzenie wykonane s\u0105 bardzo starannie i precyzyjnie. Rezultatem tego jest n&oacute;\u017c kucharski <strong>YATO<\/strong>.<\/p>\n<p>Istotnym elementem no\u017ca <strong>YATO<\/strong> jest r\u0119koje\u015b\u0107. Wykonana z <strong>antypo\u015blizgowego<\/strong> materia\u0142u posiada specjalnie wyprofilowany, <strong>ergonomiczny kszta\u0142t<\/strong>, \u017ceby zapewni\u0107 jak najwi\u0119kszy komfort pracy. G\u0142adka powierzchnia, bez po\u0142\u0105cze\u0144 nitowanych, <strong>uniemo\u017cliwia gromadzenie si\u0119 resztak<\/strong> co jest zgodne z wymogami <strong>HACCP<\/strong>.&nbsp;<br \/>Wa\u017cnym zagadnieniewm jest tak\u017ce kwestia bezpiecze\u0144staw podczas u\u017cytkowania. Dlatego n&oacute;\u017c <strong>YATO<\/strong> posiada specjaln\u0105 nasad\u0119 przy po\u0142\u0105czeniu ostrza z r\u0119koje\u015bci\u0105.&nbsp;Zapobiega ona ze\u015blizgni\u0119ciu si\u0119 d\u0142oni na ostrze eleminuj\u0105c ryzyko powa\u017cnego skaleczenia si\u0119.<\/p>\n<p>Ca\u0142kowita <strong>d\u0142ugo\u015b\u0107<\/strong> no\u017ca wynosi <strong>425mm<\/strong>, a ostrza <strong>290mm. <\/strong>Jego <strong>grubo\u015b\u0107 2,5mm <\/strong>gwarantuje bardzo du\u017c\u0105 stabilno\u015b\u0107 no\u017ca podczas pracy.<\/p>\n<p>N&oacute;\u017c pakowany jest osobno w blister, estetycznie prezentuj\u0105cym si\u0119 na regale sklepowym.<\/p>\n<\/div>\n","protected":false},"excerpt":{"rendered":"<p>N&oacute;\u017c&nbsp;do w\u0119dlin&nbsp;marki&nbsp;YATO o d\u0142ugo\u015bci ostrza 290mm. Wykonany jest z najwy\u017cszej jako\u015bci kutej stali niemieckiej X50CrMoV15, o twardo\u015bci HRC 55-58, co gwarantuje, \u017ce ostrza s\u0105: bardzo ostre trwa\u0142e posiadaj\u0105 doskona\u0142e w\u0142a\u015bciwo\u015bci tn\u0105ce \u0142atwe do czyszczenia Dzi\u0119ki temu no\u017ce YATO doskonale nadaj\u0105 si\u0119 do profesjonalnej pracy w gastronomii. Szczeg&oacute;lnie polecany jest do krojenia w\u0119dlin czy \u0142ososi. Wieloetapowy [&hellip;]<\/p>\n","protected":false},"featured_media":20511,"template":"","meta":{"_et_pb_use_builder":"","_et_pb_old_content":"","_et_gb_content_width":""},"pwb-brand":[658],"product_brand":[],"product_cat":[164],"product_tag":[],"class_list":{"0":"post-18863","1":"product","2":"type-product","3":"status-publish","4":"has-post-thumbnail","6":"pwb-brand-yato","7":"product_cat-noze-kuchenne","9":"first","10":"instock","11":"taxable","12":"shipping-taxable","13":"purchasable","14":"product-type-simple"},"brands":[{"id":658,"name":"Yato","slug":"yato"}],"_links":{"self":[{"href":"https:\/\/www.multifrigo.pl\/sklep\/wp-json\/wp\/v2\/product\/18863","targetHints":{"allow":["GET"]}}],"collection":[{"href":"https:\/\/www.multifrigo.pl\/sklep\/wp-json\/wp\/v2\/product"}],"about":[{"href":"https:\/\/www.multifrigo.pl\/sklep\/wp-json\/wp\/v2\/types\/product"}],"wp:featuredmedia":[{"embeddable":true,"href":"https:\/\/www.multifrigo.pl\/sklep\/wp-json\/wp\/v2\/media\/20511"}],"wp:attachment":[{"href":"https:\/\/www.multifrigo.pl\/sklep\/wp-json\/wp\/v2\/media?parent=18863"}],"wp:term":[{"taxonomy":"pwb-brand","embeddable":true,"href":"https:\/\/www.multifrigo.pl\/sklep\/wp-json\/wp\/v2\/pwb-brand?post=18863"},{"taxonomy":"product_brand","embeddable":true,"href":"https:\/\/www.multifrigo.pl\/sklep\/wp-json\/wp\/v2\/product_brand?post=18863"},{"taxonomy":"product_cat","embeddable":true,"href":"https:\/\/www.multifrigo.pl\/sklep\/wp-json\/wp\/v2\/product_cat?post=18863"},{"taxonomy":"product_tag","embeddable":true,"href":"https:\/\/www.multifrigo.pl\/sklep\/wp-json\/wp\/v2\/product_tag?post=18863"}],"curies":[{"name":"wp","href":"https:\/\/api.w.org\/{rel}","templated":true}]}}