{"id":18874,"date":"2024-07-05T13:00:52","date_gmt":"2024-07-05T13:00:52","guid":{"rendered":"https:\/\/multifrigo.pl\/sklep\/?post_type=product&#038;p=18874"},"modified":"2025-10-09T12:56:01","modified_gmt":"2025-10-09T12:56:01","slug":"nozyczki-kuchenne-rozkladane-z-dziadkiem-do-orzechow-yato-yg-02366","status":"publish","type":"product","link":"https:\/\/www.multifrigo.pl\/sklep\/produkt\/nozyczki-kuchenne-rozkladane-z-dziadkiem-do-orzechow-yato-yg-02366\/","title":{"rendered":"NO\u017bYCZKI KUCHENNE ROZK\u0141ADANE  Z DZIADKIEM DO ORZECH\u00d3W | Yato YG-02366"},"content":{"rendered":"<div id=\"piktogram_container\"><img loading=\"lazy\" decoding=\"async\" class=\"piktogram\" src=\"https:\/\/pim.toya.pl\/piktogramy\/MATERIALS\/image-thumb__60921__Sklep_pikto\/SS2Cr13.png\" width=\"64\" height=\"64\" alt=\"\"><img loading=\"lazy\" decoding=\"async\" class=\"piktogram\" src=\"https:\/\/pim.toya.pl\/piktogramy\/MATERIALS\/image-thumb__60786__Sklep_pikto\/ABS.png\" width=\"64\" height=\"64\" alt=\"\"><img loading=\"lazy\" decoding=\"async\" class=\"piktogram\" src=\"https:\/\/pim.toya.pl\/piktogramy\/PICTURES\/image-thumb__77978__Sklep_pikto\/NUT_CRUSHING.png\" width=\"64\" height=\"64\" alt=\"\"><img loading=\"lazy\" decoding=\"async\" class=\"piktogram\" src=\"https:\/\/pim.toya.pl\/piktogramy\/PICTURES\/image-thumb__77977__Sklep_pikto\/SCISSORS_01.png\" width=\"64\" height=\"64\" alt=\"\"><\/div>\n<p><strong>Uniwersalne no\u017cyczki kuchenne.<\/strong> No\u017cyczki wykonane s\u0105 z <strong>wysokiej jako\u015bci stali nierdzewnej 2CR13<\/strong>, kt\u00f3ra dzi\u0119ki swojej twardo\u015bci jest cz\u0119sto wykorzystywana w produkcji ostrzy. Zapewnia bardzo <strong>d\u0142ug\u0105 \u017cywotno\u015b\u0107 i doskona\u0142e parametry pracy.<\/strong> Ostrze o d\u0142ugo\u015bci <strong>70mm i grubo\u015bci a\u017c 3,0mm<\/strong>, posiada dodatkowo <strong>z\u0105bkowan\u0105 kraw\u0119d\u017a<\/strong> gwarantuj\u0105c\u0105 precyzj\u0119 ci\u0119cia. No\u017cyczki szczeg\u00f3lnie polecane do <strong>zastosowania w gastronomi.<\/strong> Posiadaj\u0105 <strong>rozk\u0142adane ostrza<\/strong>, dzi\u0119ki czemu istnieje mo\u017cliwo\u015b\u0107 <strong>dok\u0142adnego ich umycia<\/strong>, nawet w najtrudniej dost\u0119pnych miejscach. Dodatkowo no\u017cyczki YATO wyposa\u017cone s\u0105 w <strong>dziadek do orzech\u00f3w.<\/strong> <strong>Ergonomiczne i bardzo wygodne r\u0119koje\u015bci<\/strong> zwi\u0119kszaj\u0105 komfort pracy. S\u0105 tak\u017ce <strong>przeznaczone do u\u017cytkowania przez osoby lewor\u0119czne.<\/strong> No\u017cyczki maj\u0105 d\u0142ugo\u015b\u0107 ca\u0142kowit\u0105 <strong>210mm.<\/strong><\/p>\n","protected":false},"excerpt":{"rendered":"<p>Uniwersalne no\u017cyczki kuchenne. No\u017cyczki wykonane s\u0105 z wysokiej jako\u015bci stali nierdzewnej 2CR13, kt\u00f3ra dzi\u0119ki swojej twardo\u015bci jest cz\u0119sto wykorzystywana w produkcji ostrzy. Zapewnia bardzo d\u0142ug\u0105 \u017cywotno\u015b\u0107 i doskona\u0142e parametry pracy. Ostrze o d\u0142ugo\u015bci 70mm i grubo\u015bci a\u017c 3,0mm, posiada dodatkowo z\u0105bkowan\u0105 kraw\u0119d\u017a gwarantuj\u0105c\u0105 precyzj\u0119 ci\u0119cia. No\u017cyczki szczeg\u00f3lnie polecane do zastosowania w gastronomi. Posiadaj\u0105 rozk\u0142adane ostrza, [&hellip;]<\/p>\n","protected":false},"featured_media":20550,"template":"","meta":{"_et_pb_use_builder":"","_et_pb_old_content":"","_et_gb_content_width":""},"pwb-brand":[658],"product_brand":[],"product_cat":[166],"product_tag":[],"class_list":{"0":"post-18874","1":"product","2":"type-product","3":"status-publish","4":"has-post-thumbnail","6":"pwb-brand-yato","7":"product_cat-nozyce-kuchenne","9":"first","10":"instock","11":"taxable","12":"shipping-taxable","13":"purchasable","14":"product-type-simple"},"brands":[{"id":658,"name":"Yato","slug":"yato"}],"_links":{"self":[{"href":"https:\/\/www.multifrigo.pl\/sklep\/wp-json\/wp\/v2\/product\/18874","targetHints":{"allow":["GET"]}}],"collection":[{"href":"https:\/\/www.multifrigo.pl\/sklep\/wp-json\/wp\/v2\/product"}],"about":[{"href":"https:\/\/www.multifrigo.pl\/sklep\/wp-json\/wp\/v2\/types\/product"}],"wp:featuredmedia":[{"embeddable":true,"href":"https:\/\/www.multifrigo.pl\/sklep\/wp-json\/wp\/v2\/media\/20550"}],"wp:attachment":[{"href":"https:\/\/www.multifrigo.pl\/sklep\/wp-json\/wp\/v2\/media?parent=18874"}],"wp:term":[{"taxonomy":"pwb-brand","embeddable":true,"href":"https:\/\/www.multifrigo.pl\/sklep\/wp-json\/wp\/v2\/pwb-brand?post=18874"},{"taxonomy":"product_brand","embeddable":true,"href":"https:\/\/www.multifrigo.pl\/sklep\/wp-json\/wp\/v2\/product_brand?post=18874"},{"taxonomy":"product_cat","embeddable":true,"href":"https:\/\/www.multifrigo.pl\/sklep\/wp-json\/wp\/v2\/product_cat?post=18874"},{"taxonomy":"product_tag","embeddable":true,"href":"https:\/\/www.multifrigo.pl\/sklep\/wp-json\/wp\/v2\/product_tag?post=18874"}],"curies":[{"name":"wp","href":"https:\/\/api.w.org\/{rel}","templated":true}]}}