{"id":18879,"date":"2024-07-05T13:00:53","date_gmt":"2024-07-05T13:00:53","guid":{"rendered":"https:\/\/multifrigo.pl\/sklep\/?post_type=product&#038;p=18879"},"modified":"2025-10-09T12:56:03","modified_gmt":"2025-10-09T12:56:03","slug":"szpatula-cukiernicza-waska-310-440mm-yato-yg-02411","status":"publish","type":"product","link":"https:\/\/www.multifrigo.pl\/sklep\/produkt\/szpatula-cukiernicza-waska-310-440mm-yato-yg-02411\/","title":{"rendered":"SZPATU\u0141A CUKIERNICZA W\u0104SKA 310\/ 440MM | Yato YG-02411"},"content":{"rendered":"<div id=\"piktogram_container\"><img loading=\"lazy\" decoding=\"async\" class=\"piktogram\" src=\"https:\/\/pim.toya.pl\/piktogramy\/MATERIALS\/image-thumb__65076__Sklep_pikto\/SS_420.png\" width=\"64\" height=\"64\" alt=\"\"><img loading=\"lazy\" decoding=\"async\" class=\"piktogram\" src=\"https:\/\/pim.toya.pl\/piktogramy\/PICTURES\/image-thumb__59934__Sklep_pikto\/WASHING_MACHINE.png\" width=\"64\" height=\"64\" alt=\"\"><\/div>\n<p><strong>Szpatu\u0142a cukiernicza<\/strong> w\u0105ska o d\u0142ugo\u015bci ca\u0142kowitej&nbsp;<strong>440mm<\/strong> marki <strong>YATO YG-02411.<\/strong><\/p>\n<p>Wykonana z najwy\u017cszej jako\u015bci <strong>stali nierdzewnej SS420<\/strong> o grubo\u015bci profilu <strong>1,0mm<\/strong><strong>.<\/strong> Gwarantuje to, \u017ce szpatu\u0142a&nbsp;jest bardzo <strong>wytrzyma\u0142a<\/strong>, a jednocze\u015bnie <strong>elastyczna<\/strong>.<\/p>\n<p>D\u0142ugo\u015b\u0107<strong> cz\u0119\u015bci roboczej<\/strong> wynosi<strong>&nbsp;&nbsp;310mm a szeroko\u015b\u0107 40mm.<\/strong><\/p>\n<p><strong>Elastyczne ostrze z zaokr\u0105glon\u0105 ko\u0144c&oacute;wk\u0105<\/strong> u\u0142atwia rozprowadzanie masy cukierniczej.<\/p>\n<p>Natomiast <strong>plastikowa r\u0105czka<\/strong> w czarnym kolorze&nbsp;o d\u0142ugo\u015bci <strong>130mm <\/strong>gwarantuje<strong>&nbsp;<\/strong>wysoki komfort pracy i wygod\u0119 u\u017cytkowania.<\/p>\n<p>Dodatkowo szpatu\u0142a jest \u0142atwa w utrzymaniu w czyszto\u015bci i mo\u017cna j\u0105&nbsp;my\u0107 w zmywarce.<\/p>\n<p>&nbsp;<\/p>\n","protected":false},"excerpt":{"rendered":"<p>Szpatu\u0142a cukiernicza w\u0105ska o d\u0142ugo\u015bci ca\u0142kowitej&nbsp;440mm marki YATO YG-02411. Wykonana z najwy\u017cszej jako\u015bci stali nierdzewnej SS420 o grubo\u015bci profilu 1,0mm. Gwarantuje to, \u017ce szpatu\u0142a&nbsp;jest bardzo wytrzyma\u0142a, a jednocze\u015bnie elastyczna. D\u0142ugo\u015b\u0107 cz\u0119\u015bci roboczej wynosi&nbsp;&nbsp;310mm a szeroko\u015b\u0107 40mm. Elastyczne ostrze z zaokr\u0105glon\u0105 ko\u0144c&oacute;wk\u0105 u\u0142atwia rozprowadzanie masy cukierniczej. Natomiast plastikowa r\u0105czka w czarnym kolorze&nbsp;o d\u0142ugo\u015bci 130mm gwarantuje&nbsp;wysoki komfort [&hellip;]<\/p>\n","protected":false},"featured_media":20561,"template":"","meta":{"_et_pb_use_builder":"","_et_pb_old_content":"","_et_gb_content_width":""},"pwb-brand":[658],"product_brand":[],"product_cat":[173],"product_tag":[],"class_list":{"0":"post-18879","1":"product","2":"type-product","3":"status-publish","4":"has-post-thumbnail","6":"pwb-brand-yato","7":"product_cat-szpatuly-cukiernicze","9":"first","10":"instock","11":"taxable","12":"shipping-taxable","13":"purchasable","14":"product-type-simple"},"brands":[{"id":658,"name":"Yato","slug":"yato"}],"_links":{"self":[{"href":"https:\/\/www.multifrigo.pl\/sklep\/wp-json\/wp\/v2\/product\/18879","targetHints":{"allow":["GET"]}}],"collection":[{"href":"https:\/\/www.multifrigo.pl\/sklep\/wp-json\/wp\/v2\/product"}],"about":[{"href":"https:\/\/www.multifrigo.pl\/sklep\/wp-json\/wp\/v2\/types\/product"}],"wp:featuredmedia":[{"embeddable":true,"href":"https:\/\/www.multifrigo.pl\/sklep\/wp-json\/wp\/v2\/media\/20561"}],"wp:attachment":[{"href":"https:\/\/www.multifrigo.pl\/sklep\/wp-json\/wp\/v2\/media?parent=18879"}],"wp:term":[{"taxonomy":"pwb-brand","embeddable":true,"href":"https:\/\/www.multifrigo.pl\/sklep\/wp-json\/wp\/v2\/pwb-brand?post=18879"},{"taxonomy":"product_brand","embeddable":true,"href":"https:\/\/www.multifrigo.pl\/sklep\/wp-json\/wp\/v2\/product_brand?post=18879"},{"taxonomy":"product_cat","embeddable":true,"href":"https:\/\/www.multifrigo.pl\/sklep\/wp-json\/wp\/v2\/product_cat?post=18879"},{"taxonomy":"product_tag","embeddable":true,"href":"https:\/\/www.multifrigo.pl\/sklep\/wp-json\/wp\/v2\/product_tag?post=18879"}],"curies":[{"name":"wp","href":"https:\/\/api.w.org\/{rel}","templated":true}]}}