{"id":18896,"date":"2024-07-05T13:00:57","date_gmt":"2024-07-05T13:00:57","guid":{"rendered":"https:\/\/multifrigo.pl\/sklep\/?post_type=product&#038;p=18896"},"modified":"2025-10-09T12:56:06","modified_gmt":"2025-10-09T12:56:06","slug":"mieszadlo-do-kotla-1220mm-yato-yg-02520","status":"publish","type":"product","link":"https:\/\/www.multifrigo.pl\/sklep\/produkt\/mieszadlo-do-kotla-1220mm-yato-yg-02520\/","title":{"rendered":"MIESZAD\u0141O DO KOT\u0141A 1220MM | Yato YG-02520"},"content":{"rendered":"<div id=\"piktogram_container\"><img loading=\"lazy\" decoding=\"async\" class=\"piktogram\" src=\"https:\/\/pim.toya.pl\/piktogramy\/mm\/image-thumb__90466__Sklep_pikto\/1220_mm.png\" width=\"64\" height=\"64\" alt=\"\"><img loading=\"lazy\" decoding=\"async\" class=\"piktogram\" src=\"https:\/\/pim.toya.pl\/piktogramy\/MATERIALS\/image-thumb__65069__Sklep_pikto\/SS_18-8.png\" width=\"64\" height=\"64\" alt=\"\"><\/div>\n<p>\u2022 wykonane z najwy\u017cszej jako\u015bci<strong> stali nierdzewnej 18\/8<\/strong><br \/>\n\u2022 wymiary cz\u0119\u015bci roboczej: <strong>220 x 120 x 2 mm<\/strong><br \/>\n\u2022 d\u0142ugo\u015b\u0107 r\u0119koje\u015bci: <strong>1000 mm<\/strong><br \/>\n\u2022 \u015brednica r\u0119koje\u015bci: <strong>25 mm<\/strong><br \/>\n\u2022 \u0142atwe do utrzymania w czysto\u015bci<\/p>\n","protected":false},"excerpt":{"rendered":"<p>\u2022 wykonane z najwy\u017cszej jako\u015bci stali nierdzewnej 18\/8 \u2022 wymiary cz\u0119\u015bci roboczej: 220 x 120 x 2 mm \u2022 d\u0142ugo\u015b\u0107 r\u0119koje\u015bci: 1000 mm \u2022 \u015brednica r\u0119koje\u015bci: 25 mm \u2022 \u0142atwe do utrzymania w czysto\u015bci<\/p>\n","protected":false},"featured_media":20605,"template":"","meta":{"_et_pb_use_builder":"","_et_pb_old_content":"","_et_gb_content_width":""},"pwb-brand":[658],"product_brand":[],"product_cat":[187],"product_tag":[],"class_list":{"0":"post-18896","1":"product","2":"type-product","3":"status-publish","4":"has-post-thumbnail","6":"pwb-brand-yato","7":"product_cat-mieszadla-do-kotlow","9":"first","10":"instock","11":"taxable","12":"shipping-taxable","13":"purchasable","14":"product-type-simple"},"brands":[{"id":658,"name":"Yato","slug":"yato"}],"_links":{"self":[{"href":"https:\/\/www.multifrigo.pl\/sklep\/wp-json\/wp\/v2\/product\/18896","targetHints":{"allow":["GET"]}}],"collection":[{"href":"https:\/\/www.multifrigo.pl\/sklep\/wp-json\/wp\/v2\/product"}],"about":[{"href":"https:\/\/www.multifrigo.pl\/sklep\/wp-json\/wp\/v2\/types\/product"}],"wp:featuredmedia":[{"embeddable":true,"href":"https:\/\/www.multifrigo.pl\/sklep\/wp-json\/wp\/v2\/media\/20605"}],"wp:attachment":[{"href":"https:\/\/www.multifrigo.pl\/sklep\/wp-json\/wp\/v2\/media?parent=18896"}],"wp:term":[{"taxonomy":"pwb-brand","embeddable":true,"href":"https:\/\/www.multifrigo.pl\/sklep\/wp-json\/wp\/v2\/pwb-brand?post=18896"},{"taxonomy":"product_brand","embeddable":true,"href":"https:\/\/www.multifrigo.pl\/sklep\/wp-json\/wp\/v2\/product_brand?post=18896"},{"taxonomy":"product_cat","embeddable":true,"href":"https:\/\/www.multifrigo.pl\/sklep\/wp-json\/wp\/v2\/product_cat?post=18896"},{"taxonomy":"product_tag","embeddable":true,"href":"https:\/\/www.multifrigo.pl\/sklep\/wp-json\/wp\/v2\/product_tag?post=18896"}],"curies":[{"name":"wp","href":"https:\/\/api.w.org\/{rel}","templated":true}]}}