{"id":18900,"date":"2024-07-05T13:00:58","date_gmt":"2024-07-05T13:00:58","guid":{"rendered":"https:\/\/multifrigo.pl\/sklep\/?post_type=product&#038;p=18900"},"modified":"2025-10-09T12:56:08","modified_gmt":"2025-10-09T12:56:08","slug":"pojemnik-na-sztucce-yato-yg-02665","status":"publish","type":"product","link":"https:\/\/www.multifrigo.pl\/sklep\/produkt\/pojemnik-na-sztucce-yato-yg-02665\/","title":{"rendered":"POJEMNIK NA SZTU\u0106CE | Yato YG-02665"},"content":{"rendered":"<div id=\"piktogram_container\"><img loading=\"lazy\" decoding=\"async\" class=\"piktogram\" src=\"https:\/\/pim.toya.pl\/piktogramy\/MATERIALS\/image-thumb__60900__Sklep_pikto\/PP.png\" width=\"64\" height=\"64\" alt=\"\"><img loading=\"lazy\" decoding=\"async\" class=\"piktogram\" src=\"https:\/\/pim.toya.pl\/piktogramy\/PICTURES\/image-thumb__59934__Sklep_pikto\/WASHING_MACHINE.png\" width=\"64\" height=\"64\" alt=\"\"><\/div>\n<p>Pojemnik na sztu\u0107ce marki YATO.<\/p>\n<p>Pojemnik z&nbsp;<strong>czterema<\/strong> pojemnymi<strong> przegrodami<\/strong>, ka\u017cda o wymiarze <strong>24&#215;10,5x5cm<\/strong>.<br \/>Wykonany jest z szarego <strong>polipropylenu<\/strong> wysokiej jako\u015bci. G\u0142adkie \u015bcianki u\u0142atwiaj\u0105 utrzymanie go w czysto\u015bci. Istnieje tak\u017ce mo\u017cliwo\u015b\u0107 <strong>mycia pojemnika w zmywarce<\/strong>.<\/p>\n","protected":false},"excerpt":{"rendered":"<p>Pojemnik na sztu\u0107ce marki YATO. Pojemnik z&nbsp;czterema pojemnymi przegrodami, ka\u017cda o wymiarze 24&#215;10,5x5cm.Wykonany jest z szarego polipropylenu wysokiej jako\u015bci. G\u0142adkie \u015bcianki u\u0142atwiaj\u0105 utrzymanie go w czysto\u015bci. Istnieje tak\u017ce mo\u017cliwo\u015b\u0107 mycia pojemnika w zmywarce.<\/p>\n","protected":false},"featured_media":20616,"template":"","meta":{"_et_pb_use_builder":"","_et_pb_old_content":"","_et_gb_content_width":""},"pwb-brand":[658],"product_brand":[],"product_cat":[94],"product_tag":[],"class_list":{"0":"post-18900","1":"product","2":"type-product","3":"status-publish","4":"has-post-thumbnail","6":"pwb-brand-yato","7":"product_cat-pojemniki-na-sztucce","9":"first","10":"instock","11":"taxable","12":"shipping-taxable","13":"purchasable","14":"product-type-simple"},"brands":[{"id":658,"name":"Yato","slug":"yato"}],"_links":{"self":[{"href":"https:\/\/www.multifrigo.pl\/sklep\/wp-json\/wp\/v2\/product\/18900","targetHints":{"allow":["GET"]}}],"collection":[{"href":"https:\/\/www.multifrigo.pl\/sklep\/wp-json\/wp\/v2\/product"}],"about":[{"href":"https:\/\/www.multifrigo.pl\/sklep\/wp-json\/wp\/v2\/types\/product"}],"wp:featuredmedia":[{"embeddable":true,"href":"https:\/\/www.multifrigo.pl\/sklep\/wp-json\/wp\/v2\/media\/20616"}],"wp:attachment":[{"href":"https:\/\/www.multifrigo.pl\/sklep\/wp-json\/wp\/v2\/media?parent=18900"}],"wp:term":[{"taxonomy":"pwb-brand","embeddable":true,"href":"https:\/\/www.multifrigo.pl\/sklep\/wp-json\/wp\/v2\/pwb-brand?post=18900"},{"taxonomy":"product_brand","embeddable":true,"href":"https:\/\/www.multifrigo.pl\/sklep\/wp-json\/wp\/v2\/product_brand?post=18900"},{"taxonomy":"product_cat","embeddable":true,"href":"https:\/\/www.multifrigo.pl\/sklep\/wp-json\/wp\/v2\/product_cat?post=18900"},{"taxonomy":"product_tag","embeddable":true,"href":"https:\/\/www.multifrigo.pl\/sklep\/wp-json\/wp\/v2\/product_tag?post=18900"}],"curies":[{"name":"wp","href":"https:\/\/api.w.org\/{rel}","templated":true}]}}