{"id":18907,"date":"2024-07-05T13:01:00","date_gmt":"2024-07-05T13:01:00","guid":{"rendered":"https:\/\/multifrigo.pl\/sklep\/?post_type=product&#038;p=18907"},"modified":"2025-10-09T12:56:19","modified_gmt":"2025-10-09T12:56:19","slug":"szczypce-do-lodu-150mm-yato-yg-02736","status":"publish","type":"product","link":"https:\/\/www.multifrigo.pl\/sklep\/produkt\/szczypce-do-lodu-150mm-yato-yg-02736\/","title":{"rendered":"SZCZYPCE DO LODU 150MM | Yato YG-02736"},"content":{"rendered":"<div id=\"piktogram_container\"><img loading=\"lazy\" decoding=\"async\" class=\"piktogram\" src=\"https:\/\/pim.toya.pl\/piktogramy\/mm\/image-thumb__51847__Sklep_pikto\/150_mm.png\" width=\"64\" height=\"64\" alt=\"\"><img loading=\"lazy\" decoding=\"async\" class=\"piktogram\" src=\"https:\/\/pim.toya.pl\/piktogramy\/MATERIALS\/image-thumb__65068__Sklep_pikto\/SS_18-0.png\" width=\"64\" height=\"64\" alt=\"\"><img loading=\"lazy\" decoding=\"async\" class=\"piktogram\" src=\"https:\/\/pim.toya.pl\/piktogramy\/PICTURES\/image-thumb__59934__Sklep_pikto\/WASHING_MACHINE.png\" width=\"64\" height=\"64\" alt=\"\"><img loading=\"lazy\" decoding=\"async\" class=\"piktogram\" src=\"https:\/\/pim.toya.pl\/piktogramy\/PICTURE_PARAMETER\/image-thumb__311790__Sklep_pikto\/THICKNESS_1%2C2_mm.png\" width=\"64\" height=\"64\" alt=\"\"><\/div>\n<p>Szczypce do lodu&nbsp;marki <strong>YATO YG-02736.<\/strong><\/p>\n<p>Szczypce do lodu&nbsp;o d\u0142ugo\u015bci <strong>150mm<\/strong> szczeg&oacute;lnie przydatne s\u0105 w hotelach, restauracjach czy bufetach.<\/p>\n<p>Wykonane z wysokiej jako\u015bci <strong>stali nierdzewnej 18\/0<\/strong> z profilu o<strong> g<\/strong><strong>rugo\u015bci&nbsp;1,2mm.&nbsp;<\/strong>Ich trwa\u0142a i wytrzyma\u0142a konstrukcja gwarantuje d\u0142ug\u0105 \u017cywotno\u015b\u0107.<\/p>\n<p>Estetyczne <strong>chromowane wyko\u0144czenie<\/strong> nadaje&nbsp;im eleganckiego wygl\u0105du. Poza tym u\u0142atwia czyszczenie i utrzymanie w czysto\u015bci.Szczypce mo\u017cna tak\u017ce <strong>my\u0107 w zmywarce<\/strong>.<\/p>\n","protected":false},"excerpt":{"rendered":"<p>Szczypce do lodu&nbsp;marki YATO YG-02736. Szczypce do lodu&nbsp;o d\u0142ugo\u015bci 150mm szczeg&oacute;lnie przydatne s\u0105 w hotelach, restauracjach czy bufetach. Wykonane z wysokiej jako\u015bci stali nierdzewnej 18\/0 z profilu o grugo\u015bci&nbsp;1,2mm.&nbsp;Ich trwa\u0142a i wytrzyma\u0142a konstrukcja gwarantuje d\u0142ug\u0105 \u017cywotno\u015b\u0107. Estetyczne chromowane wyko\u0144czenie nadaje&nbsp;im eleganckiego wygl\u0105du. Poza tym u\u0142atwia czyszczenie i utrzymanie w czysto\u015bci.Szczypce mo\u017cna tak\u017ce my\u0107 w zmywarce.<\/p>\n","protected":false},"featured_media":20627,"template":"","meta":{"_et_pb_use_builder":"","_et_pb_old_content":"","_et_gb_content_width":""},"pwb-brand":[658],"product_brand":[],"product_cat":[181],"product_tag":[],"class_list":{"0":"post-18907","1":"product","2":"type-product","3":"status-publish","4":"has-post-thumbnail","6":"pwb-brand-yato","7":"product_cat-szczypce-kuchenne","9":"first","10":"instock","11":"taxable","12":"shipping-taxable","13":"purchasable","14":"product-type-simple"},"brands":[{"id":658,"name":"Yato","slug":"yato"}],"_links":{"self":[{"href":"https:\/\/www.multifrigo.pl\/sklep\/wp-json\/wp\/v2\/product\/18907","targetHints":{"allow":["GET"]}}],"collection":[{"href":"https:\/\/www.multifrigo.pl\/sklep\/wp-json\/wp\/v2\/product"}],"about":[{"href":"https:\/\/www.multifrigo.pl\/sklep\/wp-json\/wp\/v2\/types\/product"}],"wp:featuredmedia":[{"embeddable":true,"href":"https:\/\/www.multifrigo.pl\/sklep\/wp-json\/wp\/v2\/media\/20627"}],"wp:attachment":[{"href":"https:\/\/www.multifrigo.pl\/sklep\/wp-json\/wp\/v2\/media?parent=18907"}],"wp:term":[{"taxonomy":"pwb-brand","embeddable":true,"href":"https:\/\/www.multifrigo.pl\/sklep\/wp-json\/wp\/v2\/pwb-brand?post=18907"},{"taxonomy":"product_brand","embeddable":true,"href":"https:\/\/www.multifrigo.pl\/sklep\/wp-json\/wp\/v2\/product_brand?post=18907"},{"taxonomy":"product_cat","embeddable":true,"href":"https:\/\/www.multifrigo.pl\/sklep\/wp-json\/wp\/v2\/product_cat?post=18907"},{"taxonomy":"product_tag","embeddable":true,"href":"https:\/\/www.multifrigo.pl\/sklep\/wp-json\/wp\/v2\/product_tag?post=18907"}],"curies":[{"name":"wp","href":"https:\/\/api.w.org\/{rel}","templated":true}]}}