{"id":18912,"date":"2024-07-05T13:01:01","date_gmt":"2024-07-05T13:01:01","guid":{"rendered":"https:\/\/multifrigo.pl\/sklep\/?post_type=product&#038;p=18912"},"modified":"2025-10-09T12:56:22","modified_gmt":"2025-10-09T12:56:22","slug":"noz-do-mies-320mm-yato-yg-02771","status":"publish","type":"product","link":"https:\/\/www.multifrigo.pl\/sklep\/produkt\/noz-do-mies-320mm-yato-yg-02771\/","title":{"rendered":"N\u00d3\u017b DO MI\u0118S 320MM | Yato YG-02771"},"content":{"rendered":"<div id=\"piktogram_container\"><img loading=\"lazy\" decoding=\"async\" class=\"piktogram\" src=\"https:\/\/pim.toya.pl\/piktogramy\/mm\/image-thumb__52150__Sklep_pikto\/315_mm.png\" width=\"64\" height=\"64\" alt=\"\"><img loading=\"lazy\" decoding=\"async\" class=\"piktogram\" src=\"https:\/\/pim.toya.pl\/piktogramy\/MATERIALS\/image-thumb__65069__Sklep_pikto\/SS_18-8.png\" width=\"64\" height=\"64\" alt=\"\"><img loading=\"lazy\" decoding=\"async\" class=\"piktogram\" src=\"https:\/\/pim.toya.pl\/piktogramy\/PICTURES\/image-thumb__59934__Sklep_pikto\/WASHING_MACHINE.png\" width=\"64\" height=\"64\" alt=\"\"><\/div>\n<p>N&oacute;\u017c do mi\u0119s marki <strong>YATO YG-02771.<\/strong><\/p>\n<p>N&oacute;\u017c do mi\u0119s&nbsp;o d\u0142ugo\u015bci <strong>315mm<\/strong> szczeg&oacute;lnie przydatny jest w hotelach, restauracjach czy bufetach.<\/p>\n<p>Wykonany z wysokiej jako\u015bci <strong>stali nierdzewnej 18\/8<\/strong> z profilu o<strong> g<\/strong><strong>rugo\u015bci&nbsp;2,5mm. <\/strong>&nbsp;Posiada wygodny <strong>metalowy uchwyt<\/strong>. Jego&nbsp;trwa\u0142a i wytrzyma\u0142a konstrukcja gwarantuje d\u0142ug\u0105 \u017cywotno\u015b\u0107.<\/p>\n<p>Estetyczne <strong>chromowane wyko\u0144czenie<\/strong> nadaje&nbsp;mu eleganckiego wygl\u0105du. Poza tym u\u0142atwia czyszczenie i utrzymanie w czysto\u015bci.&nbsp;N&oacute;\u017c mo\u017cna tak\u017ce <strong>my\u0107 w zmywarce<\/strong>.<\/p>\n","protected":false},"excerpt":{"rendered":"<p>N&oacute;\u017c do mi\u0119s marki YATO YG-02771. N&oacute;\u017c do mi\u0119s&nbsp;o d\u0142ugo\u015bci 315mm szczeg&oacute;lnie przydatny jest w hotelach, restauracjach czy bufetach. Wykonany z wysokiej jako\u015bci stali nierdzewnej 18\/8 z profilu o grugo\u015bci&nbsp;2,5mm. &nbsp;Posiada wygodny metalowy uchwyt. Jego&nbsp;trwa\u0142a i wytrzyma\u0142a konstrukcja gwarantuje d\u0142ug\u0105 \u017cywotno\u015b\u0107. Estetyczne chromowane wyko\u0144czenie nadaje&nbsp;mu eleganckiego wygl\u0105du. Poza tym u\u0142atwia czyszczenie i utrzymanie w czysto\u015bci.&nbsp;N&oacute;\u017c [&hellip;]<\/p>\n","protected":false},"featured_media":20639,"template":"","meta":{"_et_pb_use_builder":"","_et_pb_old_content":"","_et_gb_content_width":""},"pwb-brand":[658],"product_brand":[],"product_cat":[157],"product_tag":[],"class_list":{"0":"post-18912","1":"product","2":"type-product","3":"status-publish","4":"has-post-thumbnail","6":"pwb-brand-yato","7":"product_cat-noze-do-miesa-przetworzonego","9":"first","10":"instock","11":"taxable","12":"shipping-taxable","13":"purchasable","14":"product-type-simple"},"brands":[{"id":658,"name":"Yato","slug":"yato"}],"_links":{"self":[{"href":"https:\/\/www.multifrigo.pl\/sklep\/wp-json\/wp\/v2\/product\/18912","targetHints":{"allow":["GET"]}}],"collection":[{"href":"https:\/\/www.multifrigo.pl\/sklep\/wp-json\/wp\/v2\/product"}],"about":[{"href":"https:\/\/www.multifrigo.pl\/sklep\/wp-json\/wp\/v2\/types\/product"}],"wp:featuredmedia":[{"embeddable":true,"href":"https:\/\/www.multifrigo.pl\/sklep\/wp-json\/wp\/v2\/media\/20639"}],"wp:attachment":[{"href":"https:\/\/www.multifrigo.pl\/sklep\/wp-json\/wp\/v2\/media?parent=18912"}],"wp:term":[{"taxonomy":"pwb-brand","embeddable":true,"href":"https:\/\/www.multifrigo.pl\/sklep\/wp-json\/wp\/v2\/pwb-brand?post=18912"},{"taxonomy":"product_brand","embeddable":true,"href":"https:\/\/www.multifrigo.pl\/sklep\/wp-json\/wp\/v2\/product_brand?post=18912"},{"taxonomy":"product_cat","embeddable":true,"href":"https:\/\/www.multifrigo.pl\/sklep\/wp-json\/wp\/v2\/product_cat?post=18912"},{"taxonomy":"product_tag","embeddable":true,"href":"https:\/\/www.multifrigo.pl\/sklep\/wp-json\/wp\/v2\/product_tag?post=18912"}],"curies":[{"name":"wp","href":"https:\/\/api.w.org\/{rel}","templated":true}]}}