{"id":18921,"date":"2024-07-05T13:01:03","date_gmt":"2024-07-05T13:01:03","guid":{"rendered":"https:\/\/multifrigo.pl\/sklep\/?post_type=product&#038;p=18921"},"modified":"2025-10-09T12:56:27","modified_gmt":"2025-10-09T12:56:27","slug":"lyzka-do-spaghetti-330mm-yato-yg-02780","status":"publish","type":"product","link":"https:\/\/www.multifrigo.pl\/sklep\/produkt\/lyzka-do-spaghetti-330mm-yato-yg-02780\/","title":{"rendered":"\u0141Y\u017bKA DO SPAGHETTI 330MM | Yato YG-02780"},"content":{"rendered":"<div id=\"piktogram_container\"><img loading=\"lazy\" decoding=\"async\" class=\"piktogram\" src=\"https:\/\/pim.toya.pl\/piktogramy\/mm\/image-thumb__52166__Sklep_pikto\/340_mm.png\" width=\"64\" height=\"64\" alt=\"\"><img loading=\"lazy\" decoding=\"async\" class=\"piktogram\" src=\"https:\/\/pim.toya.pl\/piktogramy\/MATERIALS\/image-thumb__65069__Sklep_pikto\/SS_18-8.png\" width=\"64\" height=\"64\" alt=\"\"><img loading=\"lazy\" decoding=\"async\" class=\"piktogram\" src=\"https:\/\/pim.toya.pl\/piktogramy\/PICTURES\/image-thumb__59934__Sklep_pikto\/WASHING_MACHINE.png\" width=\"64\" height=\"64\" alt=\"\"><\/div>\n<p>\u0141y\u017cka do spaghetti marki <strong>YATO YG-02780.<\/strong><\/p>\n<p>\u0141y\u017cka do spaghetti o d\u0142ugo\u015bci 340mm szczeg&oacute;lnie przydatna jest w hotelach, restauracjach czy bufetach.<\/p>\n<p>Wykonana z wysokiej jako\u015bci <strong>stali nierdzewnej 18\/8<\/strong> z profilu o<strong> g<\/strong><strong>rugo\u015bci&nbsp;2,5mm. <\/strong>&nbsp;Posiada wygodny <strong>metalowy uchwyt<\/strong>. Jej&nbsp;trwa\u0142a i wytrzyma\u0142a konstrukcja gwarantuje d\u0142ug\u0105 \u017cywotno\u015b\u0107.<\/p>\n<p>Estetyczne <strong>chromowane wyko\u0144czenie<\/strong> nadaje jej eleganckiego wygl\u0105du. Poza tym u\u0142atwia czyszczenie i utrzymanie w czysto\u015bci. \u0141y\u017ck\u0119 mo\u017cna tak\u017ce <strong>my\u0107 w zmywarce<\/strong>.<\/p>\n","protected":false},"excerpt":{"rendered":"<p>\u0141y\u017cka do spaghetti marki YATO YG-02780. \u0141y\u017cka do spaghetti o d\u0142ugo\u015bci 340mm szczeg&oacute;lnie przydatna jest w hotelach, restauracjach czy bufetach. Wykonana z wysokiej jako\u015bci stali nierdzewnej 18\/8 z profilu o grugo\u015bci&nbsp;2,5mm. &nbsp;Posiada wygodny metalowy uchwyt. Jej&nbsp;trwa\u0142a i wytrzyma\u0142a konstrukcja gwarantuje d\u0142ug\u0105 \u017cywotno\u015b\u0107. Estetyczne chromowane wyko\u0144czenie nadaje jej eleganckiego wygl\u0105du. Poza tym u\u0142atwia czyszczenie i utrzymanie [&hellip;]<\/p>\n","protected":false},"featured_media":20655,"template":"","meta":{"_et_pb_use_builder":"","_et_pb_old_content":"","_et_gb_content_width":""},"pwb-brand":[658],"product_brand":[],"product_cat":[192],"product_tag":[],"class_list":{"0":"post-18921","1":"product","2":"type-product","3":"status-publish","4":"has-post-thumbnail","6":"pwb-brand-yato","7":"product_cat-lyzki-do-spaghetti","9":"first","10":"instock","11":"taxable","12":"shipping-taxable","13":"purchasable","14":"product-type-simple"},"brands":[{"id":658,"name":"Yato","slug":"yato"}],"_links":{"self":[{"href":"https:\/\/www.multifrigo.pl\/sklep\/wp-json\/wp\/v2\/product\/18921","targetHints":{"allow":["GET"]}}],"collection":[{"href":"https:\/\/www.multifrigo.pl\/sklep\/wp-json\/wp\/v2\/product"}],"about":[{"href":"https:\/\/www.multifrigo.pl\/sklep\/wp-json\/wp\/v2\/types\/product"}],"wp:featuredmedia":[{"embeddable":true,"href":"https:\/\/www.multifrigo.pl\/sklep\/wp-json\/wp\/v2\/media\/20655"}],"wp:attachment":[{"href":"https:\/\/www.multifrigo.pl\/sklep\/wp-json\/wp\/v2\/media?parent=18921"}],"wp:term":[{"taxonomy":"pwb-brand","embeddable":true,"href":"https:\/\/www.multifrigo.pl\/sklep\/wp-json\/wp\/v2\/pwb-brand?post=18921"},{"taxonomy":"product_brand","embeddable":true,"href":"https:\/\/www.multifrigo.pl\/sklep\/wp-json\/wp\/v2\/product_brand?post=18921"},{"taxonomy":"product_cat","embeddable":true,"href":"https:\/\/www.multifrigo.pl\/sklep\/wp-json\/wp\/v2\/product_cat?post=18921"},{"taxonomy":"product_tag","embeddable":true,"href":"https:\/\/www.multifrigo.pl\/sklep\/wp-json\/wp\/v2\/product_tag?post=18921"}],"curies":[{"name":"wp","href":"https:\/\/api.w.org\/{rel}","templated":true}]}}