{"id":18930,"date":"2024-07-05T13:01:06","date_gmt":"2024-07-05T13:01:06","guid":{"rendered":"https:\/\/multifrigo.pl\/sklep\/?post_type=product&#038;p=18930"},"modified":"2025-10-09T12:56:30","modified_gmt":"2025-10-09T12:56:30","slug":"mikser-planetarny-25l-yato-yg-03026","status":"publish","type":"product","link":"https:\/\/www.multifrigo.pl\/sklep\/produkt\/mikser-planetarny-25l-yato-yg-03026\/","title":{"rendered":"MIKSER PLANETARNY 25L | Yato YG-03026"},"content":{"rendered":"<div id=\"piktogram_container\"><img loading=\"lazy\" decoding=\"async\" class=\"piktogram\" src=\"https:\/\/pim.toya.pl\/piktogramy\/W_kW\/image-thumb__53171__Sklep_pikto\/750_W.png\" width=\"64\" height=\"64\" alt=\"\"><img loading=\"lazy\" decoding=\"async\" class=\"piktogram\" src=\"https:\/\/pim.toya.pl\/piktogramy\/min-1\/image-thumb__91392__Sklep_pikto\/110_200_420_min-1.png\" width=\"64\" height=\"64\" alt=\"\"><img loading=\"lazy\" decoding=\"async\" class=\"piktogram\" src=\"https:\/\/pim.toya.pl\/piktogramy\/L_ml\/image-thumb__51417__Sklep_pikto\/25_L.png\" width=\"64\" height=\"64\" alt=\"\"><img loading=\"lazy\" decoding=\"async\" class=\"piktogram\" src=\"https:\/\/pim.toya.pl\/piktogramy\/GASTRO\/image-thumb__91395__Sklep_pikto\/IN_max_3_kg.png\" width=\"64\" height=\"64\" alt=\"\"><img loading=\"lazy\" decoding=\"async\" class=\"piktogram\" src=\"https:\/\/pim.toya.pl\/piktogramy\/GASTRO\/image-thumb__91377__Sklep_pikto\/KNEADING-TROUGH_335_370_mm.png\" width=\"64\" height=\"64\" alt=\"\"><img loading=\"lazy\" decoding=\"async\" class=\"piktogram\" src=\"https:\/\/pim.toya.pl\/piktogramy\/PICTURES\/image-thumb__91404__Sklep_pikto\/GEARS_FLAT.png\" width=\"64\" height=\"64\" alt=\"\"><img loading=\"lazy\" decoding=\"async\" class=\"piktogram\" src=\"https:\/\/pim.toya.pl\/piktogramy\/WORDS_DESCRIPTION\/image-thumb__91212__Sklep_pikto\/EMERGENCY_STOP_SWITCH.png\" width=\"64\" height=\"64\" alt=\"\"><img loading=\"lazy\" decoding=\"async\" class=\"piktogram\" src=\"https:\/\/pim.toya.pl\/piktogramy\/MATERIALS\/image-thumb__65053__Sklep_pikto\/SS.png\" width=\"64\" height=\"64\" alt=\"\"><img loading=\"lazy\" decoding=\"async\" class=\"piktogram\" src=\"https:\/\/pim.toya.pl\/piktogramy\/MATERIALS\/image-thumb__60794__Sklep_pikto\/Al.png\" width=\"64\" height=\"64\" alt=\"\"><img loading=\"lazy\" decoding=\"async\" class=\"piktogram\" src=\"https:\/\/pim.toya.pl\/piktogramy\/MATERIALS\/image-thumb__63414__Sklep_pikto\/CAST_IRON.png\" width=\"64\" height=\"64\" alt=\"\"><img loading=\"lazy\" decoding=\"async\" class=\"piktogram\" src=\"https:\/\/pim.toya.pl\/piktogramy\/GASTRO\/image-thumb__313624__Sklep_pikto\/MIXER_STIRRER_01.png\" width=\"64\" height=\"64\" alt=\"\"><img loading=\"lazy\" decoding=\"async\" class=\"piktogram\" src=\"https:\/\/pim.toya.pl\/piktogramy\/GASTRO\/image-thumb__313625__Sklep_pikto\/MIXER_STIRRER_02.png\" width=\"64\" height=\"64\" alt=\"\"><img loading=\"lazy\" decoding=\"async\" class=\"piktogram\" src=\"https:\/\/pim.toya.pl\/piktogramy\/GASTRO\/image-thumb__313626__Sklep_pikto\/MIXER_STIRRER_03.png\" width=\"64\" height=\"64\" alt=\"\"><\/div>\n<p>Mikser planetarny marki <strong>YATO YG-03026<\/strong> o pojemno\u015bci <strong>25L.<\/strong><\/p>\n<p><strong>Mikser przeznaczony jest do:<\/strong><\/p>\n<ul>\n<li>wyrabiania ciast lekkich,&nbsp;<\/li>\n<li>ubijania piany,&nbsp;<\/li>\n<li>mieszania farszu.<\/li>\n<\/ul>\n<p><span>Nap\u0119dzany jest silnikiem o mocy <\/span><strong>750W<\/strong><span>, zasilany pr\u0105dem 220~240V \/ 50Hz, za pomoc\u0105 <\/span><strong>przek\u0142adni z\u0119batkowej<\/strong><span>, kt&oacute;ra gwarantuje bardzo d\u0142ug\u0105 \u017cywotno\u015b\u0107 mechanizmu i u\u017cytkowania. Przeniesienie nap\u0119du odbywa si\u0119 za pomoc\u0105 <strong>paska nap\u0119dowego<\/strong>, co znacznie u\u0142atwia jego wymian\u0119 podczas akcji serwisowych.<\/span><\/p>\n<p>Posiada <strong>trzy pr\u0119dko\u015bci pracy 110 \/ 200 \/ 420 obr\/min<\/strong> dzi\u0119ki czemu mo\u017cna swobodnie dostosowa\u0107 tryb pracy w zale\u017cno\u015bci od potrzeb. Dodatkowo urz\u0105dzenie wyposa\u017cone jest w wy\u0142\u0105cznik bezpiecze\u0144stwa, dzi\u0119ki kt&oacute;remu nast\u0119puje automatyczne przerwanie pracy.<\/p>\n<p>Mikser o wymiarach <strong>840x550x435mm<\/strong> wa\u017cy<strong> 82kg<\/strong>. KorpUs wykonany z aluminium i stali malowany w kolorze srebrnym metalicznym jest \u0142atwy w utrzymaniu w czysto\u015bci. Natomiast <strong>dzie\u017ca oraz akcesoria dodatkowe<\/strong> zrobione s\u0105 <strong>ze stali nierdzewnej przeznaczonej do kontaktu z \u017cywno\u015bci\u0105. <\/strong><\/p>\n<p>Dzie\u017ca <span>o pojemno\u015bci <\/span><strong>25L<\/strong><span> i \u015brednicy wewn\u0119trznej <\/span><strong>335mm<\/strong> opuszczana jest za pomoc\u0105 d\u017awigni, co umo\u017cliwia jej demonta\u017c, wy\u0142adunek ciasta oraz umycie. Mikser posiada dodatkowe zabezpieczenie przeciw uruchomieniu go z opuszczon\u0105 dzi\u0119\u017c\u0105. Dodatkowym zabezpieczniem jest tak\u017ce automatyczne wy\u0142\u0105czenie urz\u0105dzenia przy pr&oacute;bie otworzenia os\u0142ony ochronnej.<\/p>\n<p><strong>Mikser w zestawie posiada akcesoria dodatkowe:<\/strong><\/p>\n<ul>\n<li>hak do mieszania ciast lekkich,<\/li>\n<li>r&oacute;zg\u0119 do ubijania piany,<\/li>\n<li>mieszad\u0142o do ubijania piany.<\/li>\n<\/ul>\n<p>Mikser planetarny przeznaczony do: &#8211; wyrabiania ciast lekkich, &#8211; ubijiania piany, &#8211; mieszania farszu. <\/p>\n","protected":false},"excerpt":{"rendered":"<p>Mikser planetarny marki YATO YG-03026 o pojemno\u015bci 25L. Mikser przeznaczony jest do: wyrabiania ciast lekkich,&nbsp; ubijania piany,&nbsp; mieszania farszu. Nap\u0119dzany jest silnikiem o mocy 750W, zasilany pr\u0105dem 220~240V \/ 50Hz, za pomoc\u0105 przek\u0142adni z\u0119batkowej, kt&oacute;ra gwarantuje bardzo d\u0142ug\u0105 \u017cywotno\u015b\u0107 mechanizmu i u\u017cytkowania. Przeniesienie nap\u0119du odbywa si\u0119 za pomoc\u0105 paska nap\u0119dowego, co znacznie u\u0142atwia jego wymian\u0119 [&hellip;]<\/p>\n","protected":false},"featured_media":20729,"template":"","meta":{"_et_pb_use_builder":"","_et_pb_old_content":"","_et_gb_content_width":""},"pwb-brand":[658],"product_brand":[],"product_cat":[480],"product_tag":[],"class_list":{"0":"post-18930","1":"product","2":"type-product","3":"status-publish","4":"has-post-thumbnail","6":"pwb-brand-yato","7":"product_cat-miksery-planetarne-miksery-planetarne","9":"first","10":"instock","11":"taxable","12":"shipping-taxable","13":"purchasable","14":"product-type-simple"},"brands":[{"id":658,"name":"Yato","slug":"yato"}],"_links":{"self":[{"href":"https:\/\/www.multifrigo.pl\/sklep\/wp-json\/wp\/v2\/product\/18930","targetHints":{"allow":["GET"]}}],"collection":[{"href":"https:\/\/www.multifrigo.pl\/sklep\/wp-json\/wp\/v2\/product"}],"about":[{"href":"https:\/\/www.multifrigo.pl\/sklep\/wp-json\/wp\/v2\/types\/product"}],"wp:featuredmedia":[{"embeddable":true,"href":"https:\/\/www.multifrigo.pl\/sklep\/wp-json\/wp\/v2\/media\/20729"}],"wp:attachment":[{"href":"https:\/\/www.multifrigo.pl\/sklep\/wp-json\/wp\/v2\/media?parent=18930"}],"wp:term":[{"taxonomy":"pwb-brand","embeddable":true,"href":"https:\/\/www.multifrigo.pl\/sklep\/wp-json\/wp\/v2\/pwb-brand?post=18930"},{"taxonomy":"product_brand","embeddable":true,"href":"https:\/\/www.multifrigo.pl\/sklep\/wp-json\/wp\/v2\/product_brand?post=18930"},{"taxonomy":"product_cat","embeddable":true,"href":"https:\/\/www.multifrigo.pl\/sklep\/wp-json\/wp\/v2\/product_cat?post=18930"},{"taxonomy":"product_tag","embeddable":true,"href":"https:\/\/www.multifrigo.pl\/sklep\/wp-json\/wp\/v2\/product_tag?post=18930"}],"curies":[{"name":"wp","href":"https:\/\/api.w.org\/{rel}","templated":true}]}}