{"id":18938,"date":"2024-07-05T13:01:10","date_gmt":"2024-07-05T13:01:10","guid":{"rendered":"https:\/\/multifrigo.pl\/sklep\/?post_type=product&#038;p=18938"},"modified":"2025-10-09T12:56:34","modified_gmt":"2025-10-09T12:56:34","slug":"mikser-spiralny-40l-z-2-predkosciami-yato-yg-03065","status":"publish","type":"product","link":"https:\/\/www.multifrigo.pl\/sklep\/produkt\/mikser-spiralny-40l-z-2-predkosciami-yato-yg-03065\/","title":{"rendered":"MIKSER SPIRALNY 40L Z 2 PR\u0118DKO\u015aCIAMI | Yato YG-03065"},"content":{"rendered":"<div id=\"piktogram_container\"><img loading=\"lazy\" decoding=\"async\" class=\"piktogram\" src=\"https:\/\/pim.toya.pl\/piktogramy\/W_kW\/image-thumb__91405__Sklep_pikto\/3100_W.png\" width=\"64\" height=\"64\" alt=\"\"><img loading=\"lazy\" decoding=\"async\" class=\"piktogram\" src=\"https:\/\/pim.toya.pl\/piktogramy\/min-1\/image-thumb__91388__Sklep_pikto\/125_250_min-1.png\" width=\"64\" height=\"64\" alt=\"\"><img loading=\"lazy\" decoding=\"async\" class=\"piktogram\" src=\"https:\/\/pim.toya.pl\/piktogramy\/L_ml\/image-thumb__51457__Sklep_pikto\/40_L.png\" width=\"64\" height=\"64\" alt=\"\"><img loading=\"lazy\" decoding=\"async\" class=\"piktogram\" src=\"https:\/\/pim.toya.pl\/piktogramy\/GASTRO\/image-thumb__218455__Sklep_pikto\/IN_max_16_kg.png\" width=\"64\" height=\"64\" alt=\"\"><img loading=\"lazy\" decoding=\"async\" class=\"piktogram\" src=\"https:\/\/pim.toya.pl\/piktogramy\/GASTRO\/image-thumb__91381__Sklep_pikto\/KNEADING-TROUGH_450_480_mm.png\" width=\"64\" height=\"64\" alt=\"\"><img loading=\"lazy\" decoding=\"async\" class=\"piktogram\" src=\"https:\/\/pim.toya.pl\/piktogramy\/PICTURES\/image-thumb__91404__Sklep_pikto\/GEARS_FLAT.png\" width=\"64\" height=\"64\" alt=\"\"><img loading=\"lazy\" decoding=\"async\" class=\"piktogram\" src=\"https:\/\/pim.toya.pl\/piktogramy\/WORDS_DESCRIPTION\/image-thumb__91212__Sklep_pikto\/EMERGENCY_STOP_SWITCH.png\" width=\"64\" height=\"64\" alt=\"\"><img loading=\"lazy\" decoding=\"async\" class=\"piktogram\" src=\"https:\/\/pim.toya.pl\/piktogramy\/MATERIALS\/image-thumb__60794__Sklep_pikto\/Al.png\" width=\"64\" height=\"64\" alt=\"\"><img loading=\"lazy\" decoding=\"async\" class=\"piktogram\" src=\"https:\/\/pim.toya.pl\/piktogramy\/MATERIALS\/image-thumb__65053__Sklep_pikto\/SS.png\" width=\"64\" height=\"64\" alt=\"\"><img loading=\"lazy\" decoding=\"async\" class=\"piktogram\" src=\"https:\/\/pim.toya.pl\/piktogramy\/MATERIALS\/image-thumb__63414__Sklep_pikto\/CAST_IRON.png\" width=\"64\" height=\"64\" alt=\"\"><\/div>\n<p>Mikser spiralny marki <strong>YATO YG-03065<\/strong> o pojemno\u015bci <strong>40L z 2 pr\u0119dko\u015bciami.<\/strong><\/p>\n<p><strong>Mikser przeznaczony jest do <span>wyrabiania ciast ci\u0119\u017ckich takich jak:<\/span><\/strong><\/p>\n<ul>\n<li>pizza,&nbsp;<\/li>\n<li>chleb,<\/li>\n<li>pierogi,<\/li>\n<li>p\u0105czki.<\/li>\n<\/ul>\n<div>Szczeg&oacute;lnie polecany do pizzerii, piekarni, cukierni.<\/div>\n<p><span>Nap\u0119dzany jest silnikiem o mocy <\/span><strong>3100W<\/strong><span>, zasilany pr\u0105dem 380~415V \/ 50Hz, za pomoc\u0105 <\/span><strong>przek\u0142adni z\u0119batkowej<\/strong><span>, kt&oacute;ra gwarantuje bardzo d\u0142ug\u0105 \u017cywotno\u015b\u0107 mechanizmu i u\u017cytkowania. Natomiast przeniesienie nap\u0119du nast\u0119puje za pomoc\u0105 <strong>paska nap\u0119dowego<\/strong>, co ma szczeg&oacute;lne znaczenie podczas serwisu urz\u0105dzenia, u\u0142atwiaj\u0105c jego wymian\u0119.<\/span><\/p>\n<p>Dzie\u017ca wraz ze spiral\u0105 obracaj\u0105 si\u0119 jednocze\u015bnie ze sta\u0142\u0105 pr\u0119dko\u015bci\u0105. Istnieje mo\u017cliwo\u015b\u0107 ustawienia dw&oacute;ch pr\u0119dko\u015bci pracy <strong>125 \/ 250 obr\/min. <\/strong>Dodatkowo mikser posiada <strong>bieg wsteczny<\/strong> u\u0142atwiaj\u0105cy wyj\u0119cia ciasta z dzie\u017cy.<\/p>\n<p>Mikser o wymiarach <strong>1030x730x480mm<\/strong> wa\u017cy<strong> 133kg<\/strong>. Korps wykonany z aluminium i stali malowany w kolorze bia\u0142ym jest \u0142atwy w utrzymaniu w czysto\u015bci. Natomiast <strong>dzie\u017ca oraz akcesoria dodatkowe<\/strong> zrobione s\u0105 <strong>ze stali nierdzewnej przeznaczonej do kontaktu z \u017cywno\u015bci\u0105. <\/strong><\/p>\n<p>Dzie\u017ca <span>o pojemno\u015bci <\/span><strong>40L<\/strong><span> i \u015brednicy wewn\u0119trznej <\/span><strong>450mm<\/strong> zamontowana jest na sta\u0142e. Maksymalny <strong>wsad ciasta wynosi 16kg.&nbsp;<\/strong>Os\u0142ona ochronna ze stali nierdzewnej zabezpiecza przed przypadkowym w\u0142o\u017ceniem r\u0105k lub jakichkolwiek przedmiot&oacute;w do dzie\u017cy podczas pracy. Natomiast <strong>otwory wsypowe<\/strong> umo\u017cliwiaj\u0105 dodawanie poszczeg&oacute;lnych sk\u0142adnik&oacute;w podczas wyrabiania ciasta.<\/p>\n<p>Mikser posiada zabezpieczenie automatycznie wy\u0142\u0105czaj\u0105ce urz\u0105dzenie przy pr&oacute;bie otworzenia os\u0142ony ochronnej. <span>Dodatkowo mikser wyposa\u017cony jest w wy\u0142\u0105cznik bezpiecze\u0144stwa, dzi\u0119ki kt&oacute;remu nast\u0119puje automatyczne przerwanie pracy.<\/span><\/p>\n<p><strong>Mikser w zestawie posiada akcesoria:<\/strong><\/p>\n<ul>\n<li>spirala do wyrabiania ciast ci\u0119\u017ckich,<\/li>\n<li>n&oacute;\u017c odcinaj\u0105cy.<\/li>\n<\/ul>\n<p>Mikser spiralny do wyrabiania ciast ci\u0119\u017ckich, np.: &#8211; na pizz\u0119, &#8211; pierogi, &#8211; p\u0105czki, &#8211; chleb.<\/p>\n","protected":false},"excerpt":{"rendered":"<p>Mikser spiralny marki YATO YG-03065 o pojemno\u015bci 40L z 2 pr\u0119dko\u015bciami. Mikser przeznaczony jest do wyrabiania ciast ci\u0119\u017ckich takich jak: pizza,&nbsp; chleb, pierogi, p\u0105czki. Szczeg&oacute;lnie polecany do pizzerii, piekarni, cukierni. Nap\u0119dzany jest silnikiem o mocy 3100W, zasilany pr\u0105dem 380~415V \/ 50Hz, za pomoc\u0105 przek\u0142adni z\u0119batkowej, kt&oacute;ra gwarantuje bardzo d\u0142ug\u0105 \u017cywotno\u015b\u0107 mechanizmu i u\u017cytkowania. Natomiast przeniesienie [&hellip;]<\/p>\n","protected":false},"featured_media":20809,"template":"","meta":{"_et_pb_use_builder":"","_et_pb_old_content":"","_et_gb_content_width":""},"pwb-brand":[658],"product_brand":[],"product_cat":[483],"product_tag":[],"class_list":{"0":"post-18938","1":"product","2":"type-product","3":"status-publish","4":"has-post-thumbnail","6":"pwb-brand-yato","7":"product_cat-miksery-spiralne","9":"first","10":"instock","11":"taxable","12":"shipping-taxable","13":"purchasable","14":"product-type-simple"},"brands":[{"id":658,"name":"Yato","slug":"yato"}],"_links":{"self":[{"href":"https:\/\/www.multifrigo.pl\/sklep\/wp-json\/wp\/v2\/product\/18938","targetHints":{"allow":["GET"]}}],"collection":[{"href":"https:\/\/www.multifrigo.pl\/sklep\/wp-json\/wp\/v2\/product"}],"about":[{"href":"https:\/\/www.multifrigo.pl\/sklep\/wp-json\/wp\/v2\/types\/product"}],"wp:featuredmedia":[{"embeddable":true,"href":"https:\/\/www.multifrigo.pl\/sklep\/wp-json\/wp\/v2\/media\/20809"}],"wp:attachment":[{"href":"https:\/\/www.multifrigo.pl\/sklep\/wp-json\/wp\/v2\/media?parent=18938"}],"wp:term":[{"taxonomy":"pwb-brand","embeddable":true,"href":"https:\/\/www.multifrigo.pl\/sklep\/wp-json\/wp\/v2\/pwb-brand?post=18938"},{"taxonomy":"product_brand","embeddable":true,"href":"https:\/\/www.multifrigo.pl\/sklep\/wp-json\/wp\/v2\/product_brand?post=18938"},{"taxonomy":"product_cat","embeddable":true,"href":"https:\/\/www.multifrigo.pl\/sklep\/wp-json\/wp\/v2\/product_cat?post=18938"},{"taxonomy":"product_tag","embeddable":true,"href":"https:\/\/www.multifrigo.pl\/sklep\/wp-json\/wp\/v2\/product_tag?post=18938"}],"curies":[{"name":"wp","href":"https:\/\/api.w.org\/{rel}","templated":true}]}}