{"id":18944,"date":"2024-07-05T13:01:11","date_gmt":"2024-07-05T13:01:11","guid":{"rendered":"https:\/\/multifrigo.pl\/sklep\/?post_type=product&#038;p=18944"},"modified":"2025-10-09T12:56:45","modified_gmt":"2025-10-09T12:56:45","slug":"krajalnica-al-do-wedlin-250mm-pol-automatyczna-ostrzalka-yato-yg-03118","status":"publish","type":"product","link":"https:\/\/www.multifrigo.pl\/sklep\/produkt\/krajalnica-al-do-wedlin-250mm-pol-automatyczna-ostrzalka-yato-yg-03118\/","title":{"rendered":"KRAJALNICA AL DO W\u0118DLIN 250MM P\u00d3\u0141-AUTOMATYCZNA OSTRZA\u0141KA | Yato YG-03118"},"content":{"rendered":"<div id=\"piktogram_container\"><img loading=\"lazy\" decoding=\"async\" class=\"piktogram\" src=\"https:\/\/pim.toya.pl\/piktogramy\/W_kW\/image-thumb__53033__Sklep_pikto\/150_W.png\" width=\"64\" height=\"64\" alt=\"\"><img loading=\"lazy\" decoding=\"async\" class=\"piktogram\" src=\"https:\/\/pim.toya.pl\/piktogramy\/GASTRO\/image-thumb__313015__Sklep_pikto\/0%2C2-12_mm_SLICES.png\" width=\"64\" height=\"64\" alt=\"\"><img loading=\"lazy\" decoding=\"async\" class=\"piktogram\" src=\"https:\/\/pim.toya.pl\/piktogramy\/DIAMETER\/image-thumb__50989__Sklep_pikto\/250_mm_DIAMETER.png\" width=\"64\" height=\"64\" alt=\"\"><img loading=\"lazy\" decoding=\"async\" class=\"piktogram\" src=\"https:\/\/pim.toya.pl\/piktogramy\/MATERIALS\/image-thumb__60794__Sklep_pikto\/Al.png\" width=\"64\" height=\"64\" alt=\"\"><img loading=\"lazy\" decoding=\"async\" class=\"piktogram\" src=\"https:\/\/pim.toya.pl\/piktogramy\/MATERIALS\/image-thumb__65053__Sklep_pikto\/SS.png\" width=\"64\" height=\"64\" alt=\"\"><img loading=\"lazy\" decoding=\"async\" class=\"piktogram\" src=\"https:\/\/pim.toya.pl\/piktogramy\/PICTURES\/image-thumb__59943__Sklep_pikto\/BEARING.png\" width=\"64\" height=\"64\" alt=\"\"><img loading=\"lazy\" decoding=\"async\" class=\"piktogram\" src=\"https:\/\/pim.toya.pl\/piktogramy\/WORDS_DESCRIPTION\/image-thumb__91118__Sklep_pikto\/SEMI-AUTOMATIC_SHARPENER.png\" width=\"64\" height=\"64\" alt=\"\"><\/div>\n<p>Krajalnica do w\u0119dlin marki <strong>YATO YG-03118<\/strong> o \u015brednicy tarczy <strong>250mm.<\/strong><\/p>\n<p>Przeznaczona jest <strong>dla profesjonalnych u\u017cytkownik\u00f3w<\/strong>. Szczeg\u00f3lnie polecana jest do:<\/p>\n<ul>\n<li>zak\u0142ad\u00f3w gastronomicznych<\/li>\n<li>restauracji<\/li>\n<li>sklep\u00f3w spo\u017cywczych<\/li>\n<li>firm cateringowych<\/li>\n<\/ul>\n<p>Podstawa wykonana&nbsp;z <strong>wysokiej jako\u015bci stopu aluminium<\/strong> z lakierowan\u0105 powierzchni\u0105 w kolorze szarym jest<strong> bardzo \u0142atwa w czyszczeniu<\/strong> i&nbsp;w utrzymaniu w czysto\u015bci. Dodatkow\u0105 zalet\u0105 krajalnicy <strong>YATO<\/strong> jest <strong>demontowalny w\u00f3zek<\/strong>, kt\u00f3ry mo\u017cna szybko odkr\u0119ci\u0107, co znacznie u\u0142atwia dost\u0119p do trudno dost\u0119pnych zakamark\u00f3w i u\u0142atwia wyczyszczenie ich z resztek krojonych produkt\u00f3w.<\/p>\n<p><strong>Tarcza tn\u0105ca o \u015brednicy 250mm<\/strong> umo\u017cliwia krojenie produkt\u00f3w o \u015brednicy si\u0119gaj\u0105cej <strong>do 180mm<\/strong>. Dzi\u0119ki <strong>p\u0142ynnej regulacji grubo\u015bci krojenia<\/strong> mo\u017cliwe jest ci\u0119cie<strong> plastr\u00f3w o grubo\u015bci od 0,2 do 12mm<\/strong>.<\/p>\n<p>Silnik ch\u0142odzony powietrzem ma moc <strong>150W.<\/strong> Zapobiega to przeci\u0105\u017ceniu maszyny i gwarantuje jej&nbsp;wysok\u0105 wydajno\u015b\u0107 i d\u0142ug\u0105 \u017cywotno\u015b\u0107.<\/p>\n<p>W\u00f3zek zainstalowany na <strong>prowadnicach z \u0142o\u017cyskami<\/strong> pracuje bardzo lekko i p\u0142ynnie, znacznie redukuj\u0105c wysi\u0142ek podczas ci\u0119cia. Dodatkowo <strong>mechanizm tn\u0105cy<\/strong>, czyli w\u00f3zek i&nbsp;tarcza,<strong> ustawione s\u0105&nbsp;uko\u015bnie.&nbsp;<\/strong>W ten spos\u00f3b krojone produkty dociskane s\u0105 do tarczy grawitacyjnie zmniejszaj\u0105c potrzebn\u0105 do tego si\u0142\u0119. &nbsp;<\/p>\n<p>Wbudowana <strong>ostrza\u0142ka p\u00f3\u0142-automatyczna<\/strong> umo\u017cliwia szybkie naostrznie tarczy tn\u0105cej bez konieczno\u015bci jej demonta\u017cu.<\/p>\n<p>Szczeg\u00f3ln\u0105 uwag\u0119 przy\u0142o\u017cono tak\u017ce do kwestii bezpiecze\u0144stwa. <strong>Bryzgoszczelny w\u0142\u0105cznik<\/strong> zabezpiecza przed pora\u017cenim pr\u0105dem podczas pracy&nbsp;oraz czyszczenia urz\u0105dzenia. Dodatkowo zastosowana jest <strong>os\u0142ona zabezpieczaj\u0105ca tarcz\u0119 tn\u0105c\u0105<\/strong>, minimalizuj\u0105c ryzyko skaleczenia si\u0119. Poza tym w\u00f3zek posiada specjaln\u0105 <strong>przezroczyst\u0105 os\u0142on\u0119<\/strong> chroni\u0105c\u0105 przed przypadkowym w\u0142o\u017ceniem r\u0119ki w stref\u0119 ci\u0119cia.<\/p>\n<p>Stabilno\u015b\u0107 urz\u0105dzenia podczas pracy zapewniaj\u0105 specjalne <strong>n\u00f3\u017cki anty-po\u015blizgowe.<\/strong><\/p>\n","protected":false},"excerpt":{"rendered":"<p>Krajalnica do w\u0119dlin marki YATO YG-03118 o \u015brednicy tarczy 250mm. Przeznaczona jest dla profesjonalnych u\u017cytkownik\u00f3w. Szczeg\u00f3lnie polecana jest do: zak\u0142ad\u00f3w gastronomicznych restauracji sklep\u00f3w spo\u017cywczych firm cateringowych Podstawa wykonana&nbsp;z wysokiej jako\u015bci stopu aluminium z lakierowan\u0105 powierzchni\u0105 w kolorze szarym jest bardzo \u0142atwa w czyszczeniu i&nbsp;w utrzymaniu w czysto\u015bci. Dodatkow\u0105 zalet\u0105 krajalnicy YATO jest demontowalny w\u00f3zek, kt\u00f3ry [&hellip;]<\/p>\n","protected":false},"featured_media":20889,"template":"","meta":{"_et_pb_use_builder":"","_et_pb_old_content":"","_et_gb_content_width":""},"pwb-brand":[658],"product_brand":[],"product_cat":[660],"product_tag":[],"class_list":{"0":"post-18944","1":"product","2":"type-product","3":"status-publish","4":"has-post-thumbnail","6":"pwb-brand-yato","7":"product_cat-krajalnice-polautomatyczne","9":"first","10":"instock","11":"taxable","12":"shipping-taxable","13":"purchasable","14":"product-type-simple"},"brands":[{"id":658,"name":"Yato","slug":"yato"}],"_links":{"self":[{"href":"https:\/\/www.multifrigo.pl\/sklep\/wp-json\/wp\/v2\/product\/18944","targetHints":{"allow":["GET"]}}],"collection":[{"href":"https:\/\/www.multifrigo.pl\/sklep\/wp-json\/wp\/v2\/product"}],"about":[{"href":"https:\/\/www.multifrigo.pl\/sklep\/wp-json\/wp\/v2\/types\/product"}],"wp:featuredmedia":[{"embeddable":true,"href":"https:\/\/www.multifrigo.pl\/sklep\/wp-json\/wp\/v2\/media\/20889"}],"wp:attachment":[{"href":"https:\/\/www.multifrigo.pl\/sklep\/wp-json\/wp\/v2\/media?parent=18944"}],"wp:term":[{"taxonomy":"pwb-brand","embeddable":true,"href":"https:\/\/www.multifrigo.pl\/sklep\/wp-json\/wp\/v2\/pwb-brand?post=18944"},{"taxonomy":"product_brand","embeddable":true,"href":"https:\/\/www.multifrigo.pl\/sklep\/wp-json\/wp\/v2\/product_brand?post=18944"},{"taxonomy":"product_cat","embeddable":true,"href":"https:\/\/www.multifrigo.pl\/sklep\/wp-json\/wp\/v2\/product_cat?post=18944"},{"taxonomy":"product_tag","embeddable":true,"href":"https:\/\/www.multifrigo.pl\/sklep\/wp-json\/wp\/v2\/product_tag?post=18944"}],"curies":[{"name":"wp","href":"https:\/\/api.w.org\/{rel}","templated":true}]}}