{"id":19002,"date":"2024-07-05T13:01:24","date_gmt":"2024-07-05T13:01:24","guid":{"rendered":"https:\/\/multifrigo.pl\/sklep\/?post_type=product&#038;p=19002"},"modified":"2025-10-09T12:57:31","modified_gmt":"2025-10-09T12:57:31","slug":"kotleciarka-elektryczna-450w-yato-yg-03300","status":"publish","type":"product","link":"https:\/\/www.multifrigo.pl\/sklep\/produkt\/kotleciarka-elektryczna-450w-yato-yg-03300\/","title":{"rendered":"KOTLECIARKA ELEKTRYCZNA 450W | Yato YG-03300"},"content":{"rendered":"<div id=\"piktogram_container\"><img loading=\"lazy\" decoding=\"async\" class=\"piktogram\" src=\"https:\/\/pim.toya.pl\/piktogramy\/W_kW\/image-thumb__53126__Sklep_pikto\/450_W.png\" width=\"64\" height=\"64\" alt=\"\"><img loading=\"lazy\" decoding=\"async\" class=\"piktogram\" src=\"https:\/\/pim.toya.pl\/piktogramy\/min-1\/image-thumb__318602__Sklep_pikto\/170_200_min-1.png\" width=\"64\" height=\"64\" alt=\"\"><img loading=\"lazy\" decoding=\"async\" class=\"piktogram\" src=\"https:\/\/pim.toya.pl\/piktogramy\/MATERIALS\/image-thumb__65053__Sklep_pikto\/SS.png\" width=\"64\" height=\"64\" alt=\"\"><\/div>\n<p>Kotleciarka elektryczna do profesjonalnego wykorzystania w zak\u0142adach gastronomicznych, sklepach mi\u0119snych i garma\u017ceryjnych, restauracjach i firmach cateringowych.<br \/>\nPolecana do przygotowywania kotlet\u00f3w schabowych. Pozwala w wygodny i \u0142atwy spos\u00f3b rozmi\u0119kczy\u0107 mi\u0119so.<\/p>\n<ul>\n<li>korpus i elementy maj\u0105ce kontakt z \u017cywno\u015bci\u0105 wykonane ze stali nierdzewnej<\/li>\n<li>maksymalna&nbsp;grubo\u015b\u0107 porcji mi\u0119sa: 22 mm<\/li>\n<li>pr\u0119dko\u015b\u0107 no\u017cy zmi\u0119kczaj\u0105cych: 170\/200 obr.\/min<\/li>\n<li>moc: 450 W<\/li>\n<li>szeroko\u015b\u0107 wa\u0142ka: 192 mm<\/li>\n<li>wymiary otworu wsadowego: 25 x 192 mm<\/li>\n<li>antypo\u015blizgowe n\u00f3\u017cki<\/li>\n<li>zasilanie: 220~240 V<\/li>\n<\/ul>\n","protected":false},"excerpt":{"rendered":"<p>Kotleciarka elektryczna do profesjonalnego wykorzystania w zak\u0142adach gastronomicznych, sklepach mi\u0119snych i garma\u017ceryjnych, restauracjach i firmach cateringowych. Polecana do przygotowywania kotlet\u00f3w schabowych. Pozwala w wygodny i \u0142atwy spos\u00f3b rozmi\u0119kczy\u0107 mi\u0119so. korpus i elementy maj\u0105ce kontakt z \u017cywno\u015bci\u0105 wykonane ze stali nierdzewnej maksymalna&nbsp;grubo\u015b\u0107 porcji mi\u0119sa: 22 mm pr\u0119dko\u015b\u0107 no\u017cy zmi\u0119kczaj\u0105cych: 170\/200 obr.\/min moc: 450 W szeroko\u015b\u0107 wa\u0142ka: [&hellip;]<\/p>\n","protected":false},"featured_media":21046,"template":"","meta":{"_et_pb_use_builder":"","_et_pb_old_content":"","_et_gb_content_width":""},"pwb-brand":[658],"product_brand":[],"product_cat":[431],"product_tag":[],"class_list":{"0":"post-19002","1":"product","2":"type-product","3":"status-publish","4":"has-post-thumbnail","6":"pwb-brand-yato","7":"product_cat-kotleciarki","9":"first","10":"instock","11":"taxable","12":"shipping-taxable","13":"purchasable","14":"product-type-simple"},"brands":[{"id":658,"name":"Yato","slug":"yato"}],"_links":{"self":[{"href":"https:\/\/www.multifrigo.pl\/sklep\/wp-json\/wp\/v2\/product\/19002","targetHints":{"allow":["GET"]}}],"collection":[{"href":"https:\/\/www.multifrigo.pl\/sklep\/wp-json\/wp\/v2\/product"}],"about":[{"href":"https:\/\/www.multifrigo.pl\/sklep\/wp-json\/wp\/v2\/types\/product"}],"wp:featuredmedia":[{"embeddable":true,"href":"https:\/\/www.multifrigo.pl\/sklep\/wp-json\/wp\/v2\/media\/21046"}],"wp:attachment":[{"href":"https:\/\/www.multifrigo.pl\/sklep\/wp-json\/wp\/v2\/media?parent=19002"}],"wp:term":[{"taxonomy":"pwb-brand","embeddable":true,"href":"https:\/\/www.multifrigo.pl\/sklep\/wp-json\/wp\/v2\/pwb-brand?post=19002"},{"taxonomy":"product_brand","embeddable":true,"href":"https:\/\/www.multifrigo.pl\/sklep\/wp-json\/wp\/v2\/product_brand?post=19002"},{"taxonomy":"product_cat","embeddable":true,"href":"https:\/\/www.multifrigo.pl\/sklep\/wp-json\/wp\/v2\/product_cat?post=19002"},{"taxonomy":"product_tag","embeddable":true,"href":"https:\/\/www.multifrigo.pl\/sklep\/wp-json\/wp\/v2\/product_tag?post=19002"}],"curies":[{"name":"wp","href":"https:\/\/api.w.org\/{rel}","templated":true}]}}