{"id":19008,"date":"2024-07-05T13:01:26","date_gmt":"2024-07-05T13:01:26","guid":{"rendered":"https:\/\/multifrigo.pl\/sklep\/?post_type=product&#038;p=19008"},"modified":"2025-10-09T12:57:34","modified_gmt":"2025-10-09T12:57:34","slug":"nadziewarka-do-kielbas-s-s-3l-yato-yg-03350","status":"publish","type":"product","link":"https:\/\/www.multifrigo.pl\/sklep\/produkt\/nadziewarka-do-kielbas-s-s-3l-yato-yg-03350\/","title":{"rendered":"NADZIEWARKA DO KIE\u0141BAS S\/S 3L | Yato YG-03350"},"content":{"rendered":"<div id=\"piktogram_container\"><img loading=\"lazy\" decoding=\"async\" class=\"piktogram\" src=\"https:\/\/pim.toya.pl\/piktogramy\/L_ml\/image-thumb__51455__Sklep_pikto\/3_L.png\" width=\"64\" height=\"64\" alt=\"\"><img loading=\"lazy\" decoding=\"async\" class=\"piktogram\" src=\"https:\/\/pim.toya.pl\/piktogramy\/kg_g_g-min_g-h_g-m2\/image-thumb__312480__Sklep_pikto\/31_kg-h.png\" width=\"64\" height=\"64\" alt=\"\"><img loading=\"lazy\" decoding=\"async\" class=\"piktogram\" src=\"https:\/\/pim.toya.pl\/piktogramy\/x1234_DESCRIPTION\/image-thumb__91105__Sklep_pikto\/x2_SPEED.png\" width=\"64\" height=\"64\" alt=\"\"><img loading=\"lazy\" decoding=\"async\" class=\"piktogram\" src=\"https:\/\/pim.toya.pl\/piktogramy\/PICTURE_PARAMETER\/image-thumb__91103__Sklep_pikto\/4x_STUFFING_TIP.png\" width=\"64\" height=\"64\" alt=\"\"><img loading=\"lazy\" decoding=\"async\" class=\"piktogram\" src=\"https:\/\/pim.toya.pl\/piktogramy\/PICTURE_PARAMETER\/image-thumb__91102__Sklep_pikto\/16_22_32_38_mm_DIAMETER.png\" width=\"64\" height=\"64\" alt=\"\"><img loading=\"lazy\" decoding=\"async\" class=\"piktogram\" src=\"https:\/\/pim.toya.pl\/piktogramy\/MATERIALS\/image-thumb__65053__Sklep_pikto\/SS.png\" width=\"64\" height=\"64\" alt=\"\"><img loading=\"lazy\" decoding=\"async\" class=\"piktogram\" src=\"https:\/\/pim.toya.pl\/piktogramy\/WORDS_DESCRIPTION\/image-thumb__90607__Sklep_pikto\/EASY_CLEAN.png\" width=\"64\" height=\"64\" alt=\"\"><\/div>\n<p>Nadziewarka do kie\u0142bas marki <strong>YATO<\/strong> o pojemno\u015bci<strong> 3L<\/strong> i wydajno\u015bci <strong>31kg\/h.<\/strong><\/p>\n<p>Nadziewarka do kie\u0142bas jest idealna do przyrz\u0105dzania w\u0142asnych wyrob\u00f3w w\u0119dliniarskich. Przeznaczona zar\u00f3wno do u\u017cytku profesjonalnego, jak i amatorskiego.<br \/>\nPolecana do:<\/p>\n<ul>\n<li>&nbsp;zak\u0142ad\u00f3w przetw\u00f3rstwa mi\u0119snego<\/li>\n<li>restauracji<\/li>\n<li>firm cateringowych<\/li>\n<li>gospodarstw agroturystycznych<\/li>\n<li>dla my\u015bliwych<\/li>\n<li>gospodarstw domowych<\/li>\n<li>w\u0119dzarni.<\/li>\n<\/ul>\n<p>Wykonana jest z wysokiej jako\u015bci<strong> stali nierdzewnej,<\/strong> a <strong>chromowana powierzchnia<\/strong> u\u0142atwia jej mycie i utrzymanie w czysto\u015bci.<br \/>\nDodatkowo<strong> uchylny zbiornik<\/strong> na farsz, o wymiarach 140x200mm, mo\u017cna szybko <strong>zdemontowa\u0107<\/strong> i wymy\u0107 r\u0119cznie lub w zmywarce. Znacz\u0105co u\u0142atwia to tak\u017ce jego za\u0142adunek farszem.<br \/>\nT\u0142ok urz\u0105dzenia posiada <strong>sylikonow\u0105 uszczelk\u0119<\/strong>, kt\u00f3ra zapobiega przeciekaniu farszu. Dzi\u0119ki temu ca\u0142y farsz zawarty w zbiorniku jest dok\u0142adnie wybrany i nic nie pozostaje na jego \u015bciankach.<br \/>\nNadziewarka posiada<strong> mechanizm z\u0119batkowy z 2-stopniow\u0105 przek\u0142adni\u0105<\/strong>. Dzi\u0119ki temu u\u017cytkownik ma mo\u017cliwo\u015b\u0107 wyboru pomi\u0119dzy dwoma pr\u0119dko\u015bciami nape\u0142niania, osi\u0105gaj\u0105c wydajno\u015b\u0107 rz\u0119du <strong>11kg\/h<\/strong>.<br \/>\nZbiornik o pojemno\u015bci <strong>3L<\/strong> wraz ze wszystkimi innymi elementami, kt\u00f3re maj\u0105 kontakt z \u017cywno\u015bci\u0105 s\u0105 demontowalne umo\u017cliwiaj\u0105c utrzymanie ich w nale\u017cytej czysto\u015bci.<br \/>\nUrz\u0105dzenie posiada w zestawie <strong>4 wymienne lejki<\/strong> o \u015brednicach 16mm\/ 22mm\/ 32mm\/ 38mm.<br \/>\nNadziewarka ma budow\u0119 pionow\u0105 ze stabiln\u0105 podstaw\u0105, wyposa\u017con\u0105 dodatkowo w gumowe, <strong>antypo\u015blizgowe n\u00f3\u017cki<\/strong>.<\/p>\n<p>Do u\u017cytku profesjonalnego i amatorskiego. Polecane dla: &#8211; zak\u0142ad\u00f3w przetw\u00f3rstwa mi\u0119snego &#8211; restauracji &#8211; firm cateringowych &#8211; gospodarstw agroturystycznych &#8211; my\u015bliwych &#8211; gospodarstw domowych &#8211; w\u0119dzarni<\/p>\n","protected":false},"excerpt":{"rendered":"<p>Nadziewarka do kie\u0142bas marki YATO o pojemno\u015bci 3L i wydajno\u015bci 31kg\/h. Nadziewarka do kie\u0142bas jest idealna do przyrz\u0105dzania w\u0142asnych wyrob\u00f3w w\u0119dliniarskich. Przeznaczona zar\u00f3wno do u\u017cytku profesjonalnego, jak i amatorskiego. Polecana do: &nbsp;zak\u0142ad\u00f3w przetw\u00f3rstwa mi\u0119snego restauracji firm cateringowych gospodarstw agroturystycznych dla my\u015bliwych gospodarstw domowych w\u0119dzarni. Wykonana jest z wysokiej jako\u015bci stali nierdzewnej, a chromowana powierzchnia u\u0142atwia [&hellip;]<\/p>\n","protected":false},"featured_media":21067,"template":"","meta":{"_et_pb_use_builder":"","_et_pb_old_content":"","_et_gb_content_width":""},"pwb-brand":[658],"product_brand":[],"product_cat":[430],"product_tag":[],"class_list":{"0":"post-19008","1":"product","2":"type-product","3":"status-publish","4":"has-post-thumbnail","6":"pwb-brand-yato","7":"product_cat-nadziewarki-do-kielbas","9":"first","10":"instock","11":"taxable","12":"shipping-taxable","13":"purchasable","14":"product-type-simple"},"brands":[{"id":658,"name":"Yato","slug":"yato"}],"_links":{"self":[{"href":"https:\/\/www.multifrigo.pl\/sklep\/wp-json\/wp\/v2\/product\/19008","targetHints":{"allow":["GET"]}}],"collection":[{"href":"https:\/\/www.multifrigo.pl\/sklep\/wp-json\/wp\/v2\/product"}],"about":[{"href":"https:\/\/www.multifrigo.pl\/sklep\/wp-json\/wp\/v2\/types\/product"}],"wp:featuredmedia":[{"embeddable":true,"href":"https:\/\/www.multifrigo.pl\/sklep\/wp-json\/wp\/v2\/media\/21067"}],"wp:attachment":[{"href":"https:\/\/www.multifrigo.pl\/sklep\/wp-json\/wp\/v2\/media?parent=19008"}],"wp:term":[{"taxonomy":"pwb-brand","embeddable":true,"href":"https:\/\/www.multifrigo.pl\/sklep\/wp-json\/wp\/v2\/pwb-brand?post=19008"},{"taxonomy":"product_brand","embeddable":true,"href":"https:\/\/www.multifrigo.pl\/sklep\/wp-json\/wp\/v2\/product_brand?post=19008"},{"taxonomy":"product_cat","embeddable":true,"href":"https:\/\/www.multifrigo.pl\/sklep\/wp-json\/wp\/v2\/product_cat?post=19008"},{"taxonomy":"product_tag","embeddable":true,"href":"https:\/\/www.multifrigo.pl\/sklep\/wp-json\/wp\/v2\/product_tag?post=19008"}],"curies":[{"name":"wp","href":"https:\/\/api.w.org\/{rel}","templated":true}]}}