{"id":19012,"date":"2024-07-05T13:01:27","date_gmt":"2024-07-05T13:01:27","guid":{"rendered":"https:\/\/multifrigo.pl\/sklep\/?post_type=product&#038;p=19012"},"modified":"2025-10-09T12:57:36","modified_gmt":"2025-10-09T12:57:36","slug":"pila-do-miesa-i-kosci-ostrze-1650mm-yato-yg-03392","status":"publish","type":"product","link":"https:\/\/www.multifrigo.pl\/sklep\/produkt\/pila-do-miesa-i-kosci-ostrze-1650mm-yato-yg-03392\/","title":{"rendered":"PI\u0141A DO MI\u0118SA I KO\u015aCI, OSTRZE 1650MM | Yato YG-03392"},"content":{"rendered":"<div id=\"piktogram_container\"><img loading=\"lazy\" decoding=\"async\" class=\"piktogram\" src=\"https:\/\/pim.toya.pl\/piktogramy\/W_kW\/image-thumb__53171__Sklep_pikto\/750_W.png\" width=\"64\" height=\"64\" alt=\"\"><img loading=\"lazy\" decoding=\"async\" class=\"piktogram\" src=\"https:\/\/pim.toya.pl\/piktogramy\/mm\/image-thumb__91095__Sklep_pikto\/870x450x465_mm.png\" width=\"64\" height=\"64\" alt=\"\"><img loading=\"lazy\" decoding=\"async\" class=\"piktogram\" src=\"https:\/\/pim.toya.pl\/piktogramy\/GASTRO\/image-thumb__91099__Sklep_pikto\/440x465_mm_TABLE.png\" width=\"64\" height=\"64\" alt=\"\"><img loading=\"lazy\" decoding=\"async\" class=\"piktogram\" src=\"https:\/\/pim.toya.pl\/piktogramy\/PICTURE_PARAMETER\/image-thumb__91065__Sklep_pikto\/1650_mm_BLADE.png\" width=\"64\" height=\"64\" alt=\"\"><img loading=\"lazy\" decoding=\"async\" class=\"piktogram\" src=\"https:\/\/pim.toya.pl\/piktogramy\/min-1\/image-thumb__91069__Sklep_pikto\/BONE_SAW_1400_min-1.png\" width=\"64\" height=\"64\" alt=\"\"><img loading=\"lazy\" decoding=\"async\" class=\"piktogram\" src=\"https:\/\/pim.toya.pl\/piktogramy\/GASTRO\/image-thumb__91070__Sklep_pikto\/max_245_mm_CUTTING_HEIGHT.png\" width=\"64\" height=\"64\" alt=\"\"><img loading=\"lazy\" decoding=\"async\" class=\"piktogram\" src=\"https:\/\/pim.toya.pl\/piktogramy\/GASTRO\/image-thumb__91074__Sklep_pikto\/3-180_mm_SLICES.png\" width=\"64\" height=\"64\" alt=\"\"><img loading=\"lazy\" decoding=\"async\" class=\"piktogram\" src=\"https:\/\/pim.toya.pl\/piktogramy\/MATERIALS\/image-thumb__65053__Sklep_pikto\/SS.png\" width=\"64\" height=\"64\" alt=\"\"><img loading=\"lazy\" decoding=\"async\" class=\"piktogram\" src=\"https:\/\/pim.toya.pl\/piktogramy\/WORDS_DESCRIPTION\/image-thumb__84111__Sklep_pikto\/AlMg_ANODIZED.png\" width=\"64\" height=\"64\" alt=\"\"><\/div>\n<p>Przeznaczona do krojenia ko\u015bci, mi\u0119sa z ko\u015bci\u0105, mi\u0119sa bez ko\u015bci, mi\u0119sa mro\u017conego, ryb. Szczeg\u00f3lnie przydatna w zak\u0142adach przetw\u00f3rstwa mi\u0119snego oraz w gastronomii.<\/p>\n<ul>\n<li>anodyzowana obudowa wykonana ze stopu aluminium<\/li>\n<li>ostrze ze stali nierdzewnej z regulacj\u0105 naci\u0105gu<\/li>\n<li>st\u00f3\u0142 ze stali nierdzewnej<\/li>\n<li>d\u0142ugo\u015b\u0107 ostrza: 1650 mm<\/li>\n<li>szybko\u015b\u0107 ci\u0119cia: 1400 min<sup>-1<\/sup><\/li>\n<li>regulowana grubo\u015b\u0107 ci\u0119cia: 3-180 mm<\/li>\n<li>max. wysoko\u015b\u0107 ci\u0119cia: 245 mm<\/li>\n<li>p\u00f3\u0142automatyczne ostrzenie<\/li>\n<li>wy\u0142\u0105cznik bezpiecze\u0144stwa<\/li>\n<li>mikrowy\u0142\u0105cznik otwarcia obudowy<\/li>\n<li>zasilanie: 220-240 V~ 50\/60 Hz<\/li>\n<\/ul>\n<p><script type=\"text\/javascript\" src=\"https:\/\/toya24.pl\/data\/include\/cms\/den_files\/jquery-1.10.1.min.js\"><\/script> <script type=\"text\/javascript\" src=\"https:\/\/toya24.pl\/data\/include\/cms\/den_files\/swfobject.js\"><\/script> <script type=\"text\/javascript\" src=\"https:\/\/toya24.pl\/data\/include\/cms\/den_files\/orbitvu.js\"><\/script>  <script> let orbitDiv = '<\/p>\n<div id=\"presentation1-container\"><\/div>\n<p>'; $('#projector_longdescription').append(orbitDiv);  $(window).load(function() {         inject_orbitvu(         'presentation1-container',         'https:\/\/toya24.pl\/data\/include\/cms\/den_files\/orbitvuer12.swf',         'https:\/\/toya24.pl\/data\/include\/cms\/den_files\/expressInstall.swf',         {         ovus_folder: \"https:\/\/pim.toya.pl\/\/zdjecia\/360\/YG-03392\/\",         content2: \"yes\",         style: 0,         width: 'auto'         });         });  <\/script><\/p>\n","protected":false},"excerpt":{"rendered":"<p>Przeznaczona do krojenia ko\u015bci, mi\u0119sa z ko\u015bci\u0105, mi\u0119sa bez ko\u015bci, mi\u0119sa mro\u017conego, ryb. Szczeg\u00f3lnie przydatna w zak\u0142adach przetw\u00f3rstwa mi\u0119snego oraz w gastronomii. anodyzowana obudowa wykonana ze stopu aluminium ostrze ze stali nierdzewnej z regulacj\u0105 naci\u0105gu st\u00f3\u0142 ze stali nierdzewnej d\u0142ugo\u015b\u0107 ostrza: 1650 mm szybko\u015b\u0107 ci\u0119cia: 1400 min-1 regulowana grubo\u015b\u0107 ci\u0119cia: 3-180 mm max. wysoko\u015b\u0107 ci\u0119cia: [&hellip;]<\/p>\n","protected":false},"featured_media":21124,"template":"","meta":{"_et_pb_use_builder":"","_et_pb_old_content":"","_et_gb_content_width":""},"pwb-brand":[658],"product_brand":[],"product_cat":[662],"product_tag":[],"class_list":{"0":"post-19012","1":"product","2":"type-product","3":"status-publish","4":"has-post-thumbnail","6":"pwb-brand-yato","7":"product_cat-pily-do-kosci-i-miesa","9":"first","10":"instock","11":"taxable","12":"shipping-taxable","13":"purchasable","14":"product-type-simple"},"brands":[{"id":658,"name":"Yato","slug":"yato"}],"_links":{"self":[{"href":"https:\/\/www.multifrigo.pl\/sklep\/wp-json\/wp\/v2\/product\/19012","targetHints":{"allow":["GET"]}}],"collection":[{"href":"https:\/\/www.multifrigo.pl\/sklep\/wp-json\/wp\/v2\/product"}],"about":[{"href":"https:\/\/www.multifrigo.pl\/sklep\/wp-json\/wp\/v2\/types\/product"}],"wp:featuredmedia":[{"embeddable":true,"href":"https:\/\/www.multifrigo.pl\/sklep\/wp-json\/wp\/v2\/media\/21124"}],"wp:attachment":[{"href":"https:\/\/www.multifrigo.pl\/sklep\/wp-json\/wp\/v2\/media?parent=19012"}],"wp:term":[{"taxonomy":"pwb-brand","embeddable":true,"href":"https:\/\/www.multifrigo.pl\/sklep\/wp-json\/wp\/v2\/pwb-brand?post=19012"},{"taxonomy":"product_brand","embeddable":true,"href":"https:\/\/www.multifrigo.pl\/sklep\/wp-json\/wp\/v2\/product_brand?post=19012"},{"taxonomy":"product_cat","embeddable":true,"href":"https:\/\/www.multifrigo.pl\/sklep\/wp-json\/wp\/v2\/product_cat?post=19012"},{"taxonomy":"product_tag","embeddable":true,"href":"https:\/\/www.multifrigo.pl\/sklep\/wp-json\/wp\/v2\/product_tag?post=19012"}],"curies":[{"name":"wp","href":"https:\/\/api.w.org\/{rel}","templated":true}]}}