{"id":19020,"date":"2024-07-05T13:01:28","date_gmt":"2024-07-05T13:01:28","guid":{"rendered":"https:\/\/multifrigo.pl\/sklep\/?post_type=product&#038;p=19020"},"modified":"2025-10-09T12:57:38","modified_gmt":"2025-10-09T12:57:38","slug":"krajalnica-reczna-do-warzyw-i-owocow-12-elementow-yato-yg-03421","status":"publish","type":"product","link":"https:\/\/www.multifrigo.pl\/sklep\/produkt\/krajalnica-reczna-do-warzyw-i-owocow-12-elementow-yato-yg-03421\/","title":{"rendered":"KRAJALNICA R\u0118CZNA DO WARZYW I OWOC\u00d3W 12 ELEMENT\u00d3W | Yato YG-03421"},"content":{"rendered":"<div id=\"piktogram_container\"><img loading=\"lazy\" decoding=\"async\" class=\"piktogram\" src=\"https:\/\/pim.toya.pl\/piktogramy\/DIAMETER\/image-thumb__91159__Sklep_pikto\/D_350x480_mm.png\" width=\"64\" height=\"64\" alt=\"\"><img loading=\"lazy\" decoding=\"async\" class=\"piktogram\" src=\"https:\/\/pim.toya.pl\/piktogramy\/PICTURES\/image-thumb__91157__Sklep_pikto\/12_PCS_PICTURE.png\" width=\"64\" height=\"64\" alt=\"\"><img loading=\"lazy\" decoding=\"async\" class=\"piktogram\" src=\"https:\/\/pim.toya.pl\/piktogramy\/MATERIALS\/image-thumb__65053__Sklep_pikto\/SS.png\" width=\"64\" height=\"64\" alt=\"\"><\/div>\n<p>R\u0119czna krajalnica do pomidor&oacute;w marki YATO <strong>YG-03421.<\/strong><\/p>\n<p>Profesjonalna krajalnica do szybkiego&nbsp;krojenia pomidor&oacute;w i mi\u0119kkich warzyw <strong>na&nbsp;12 cz\u0119\u015bci<\/strong>. Szczeg&oacute;lnie polecana <strong>do u\u017cytku profesjonalnego<\/strong> w zak\u0142adach gastronomicznych, restauracjach oraz firmach cateringowych.<\/p>\n<p>Krajalnica umo\u017cliwia szybkie pokrojenie pomidor&oacute;w o \u015brednicy do<strong> 80mm<\/strong> na <strong>12 r&oacute;wnych cz\u0119\u015bci<\/strong>. Bardzo ostre <strong>z\u0105bkowane ostrza<\/strong> wykonane <strong>ze stali nierdzewnej<\/strong> zapewniaj\u0105 g\u0142adkie ci\u0119cie i zapobiegaj\u0105 mia\u017cd\u017ceniu nawet&nbsp;mi\u0119kkich warzyw.<\/p>\n<p>Dwie <strong>prowadnice<\/strong> ze <strong>spr\u0119\u017cynowym mechanizmem powrotnym<\/strong> znacznie u\u0142atwiaj\u0105 i przyspieszaj\u0105 prac\u0119.<\/p>\n<p>Krajalnica wyposa\u017cona jest w <strong>3 stabilne n&oacute;\u017cki<\/strong> z <strong>antypo\u015blizgowymi nak\u0142adkami<\/strong> gwarantuj\u0105cymi stabilno\u015b\u0107 podczas pracy. Bezpo\u015brednio pod krajalnic\u0105 mo\u017cna ustawi\u0107 <strong>misk\u0119 o \u015brednicy do 280mm<\/strong> i wysoko\u015bci max 140mm.<\/p>\n","protected":false},"excerpt":{"rendered":"<p>R\u0119czna krajalnica do pomidor&oacute;w marki YATO YG-03421. Profesjonalna krajalnica do szybkiego&nbsp;krojenia pomidor&oacute;w i mi\u0119kkich warzyw na&nbsp;12 cz\u0119\u015bci. Szczeg&oacute;lnie polecana do u\u017cytku profesjonalnego w zak\u0142adach gastronomicznych, restauracjach oraz firmach cateringowych. Krajalnica umo\u017cliwia szybkie pokrojenie pomidor&oacute;w o \u015brednicy do 80mm na 12 r&oacute;wnych cz\u0119\u015bci. Bardzo ostre z\u0105bkowane ostrza wykonane ze stali nierdzewnej zapewniaj\u0105 g\u0142adkie ci\u0119cie i zapobiegaj\u0105 [&hellip;]<\/p>\n","protected":false},"featured_media":21180,"template":"","meta":{"_et_pb_use_builder":"","_et_pb_old_content":"","_et_gb_content_width":""},"pwb-brand":[658],"product_brand":[],"product_cat":[663],"product_tag":[],"class_list":{"0":"post-19020","1":"product","2":"type-product","3":"status-publish","4":"has-post-thumbnail","6":"pwb-brand-yato","7":"product_cat-krajalnice-do-warzyw","9":"first","10":"instock","11":"taxable","12":"shipping-taxable","13":"purchasable","14":"product-type-simple"},"brands":[{"id":658,"name":"Yato","slug":"yato"}],"_links":{"self":[{"href":"https:\/\/www.multifrigo.pl\/sklep\/wp-json\/wp\/v2\/product\/19020","targetHints":{"allow":["GET"]}}],"collection":[{"href":"https:\/\/www.multifrigo.pl\/sklep\/wp-json\/wp\/v2\/product"}],"about":[{"href":"https:\/\/www.multifrigo.pl\/sklep\/wp-json\/wp\/v2\/types\/product"}],"wp:featuredmedia":[{"embeddable":true,"href":"https:\/\/www.multifrigo.pl\/sklep\/wp-json\/wp\/v2\/media\/21180"}],"wp:attachment":[{"href":"https:\/\/www.multifrigo.pl\/sklep\/wp-json\/wp\/v2\/media?parent=19020"}],"wp:term":[{"taxonomy":"pwb-brand","embeddable":true,"href":"https:\/\/www.multifrigo.pl\/sklep\/wp-json\/wp\/v2\/pwb-brand?post=19020"},{"taxonomy":"product_brand","embeddable":true,"href":"https:\/\/www.multifrigo.pl\/sklep\/wp-json\/wp\/v2\/product_brand?post=19020"},{"taxonomy":"product_cat","embeddable":true,"href":"https:\/\/www.multifrigo.pl\/sklep\/wp-json\/wp\/v2\/product_cat?post=19020"},{"taxonomy":"product_tag","embeddable":true,"href":"https:\/\/www.multifrigo.pl\/sklep\/wp-json\/wp\/v2\/product_tag?post=19020"}],"curies":[{"name":"wp","href":"https:\/\/api.w.org\/{rel}","templated":true}]}}