{"id":19028,"date":"2024-07-05T13:01:30","date_gmt":"2024-07-05T13:01:30","guid":{"rendered":"https:\/\/multifrigo.pl\/sklep\/?post_type=product&#038;p=19028"},"modified":"2025-10-09T12:57:42","modified_gmt":"2025-10-09T12:57:42","slug":"podgrzewacz-gn-1-1-9l-yato-yg-04120","status":"publish","type":"product","link":"https:\/\/www.multifrigo.pl\/sklep\/produkt\/podgrzewacz-gn-1-1-9l-yato-yg-04120\/","title":{"rendered":"PODGRZEWACZ GN 1\/1 9L | Yato YG-04120"},"content":{"rendered":"<div id=\"piktogram_container\"><img loading=\"lazy\" decoding=\"async\" class=\"piktogram\" src=\"https:\/\/pim.toya.pl\/piktogramy\/L_ml\/image-thumb__51514__Sklep_pikto\/9_L.png\" width=\"64\" height=\"64\" alt=\"\"><img loading=\"lazy\" decoding=\"async\" class=\"piktogram\" src=\"https:\/\/pim.toya.pl\/piktogramy\/mm\/image-thumb__317182__Sklep_pikto\/600x350x430_mm.png\" width=\"64\" height=\"64\" alt=\"\"><img loading=\"lazy\" decoding=\"async\" class=\"piktogram\" src=\"https:\/\/pim.toya.pl\/piktogramy\/WORDS_DESCRIPTION_PARAMETER\/image-thumb__90715__Sklep_pikto\/FOR_GN_1-1_max_65_mm.png\" width=\"64\" height=\"64\" alt=\"\"><img loading=\"lazy\" decoding=\"async\" class=\"piktogram\" src=\"https:\/\/pim.toya.pl\/piktogramy\/WORDS_DESCRIPTION_PARAMETER\/image-thumb__90710__Sklep_pikto\/COVER_OPEN_ANGLE_90_st.png\" width=\"64\" height=\"64\" alt=\"\"><img loading=\"lazy\" decoding=\"async\" class=\"piktogram\" src=\"https:\/\/pim.toya.pl\/piktogramy\/x1234_DESCRIPTION\/image-thumb__78617__Sklep_pikto\/x2_HANDLES.png\" width=\"64\" height=\"64\" alt=\"\"><img loading=\"lazy\" decoding=\"async\" class=\"piktogram\" src=\"https:\/\/pim.toya.pl\/piktogramy\/WORDS_DESCRIPTION\/image-thumb__90721__Sklep_pikto\/HEAT_SOURCE_FUEL_HEATER.png\" width=\"64\" height=\"64\" alt=\"\"><img loading=\"lazy\" decoding=\"async\" class=\"piktogram\" src=\"https:\/\/pim.toya.pl\/piktogramy\/GASTRO\/image-thumb__317184__Sklep_pikto\/FUEL_TANKS_x2.png\" width=\"64\" height=\"64\" alt=\"\"><img loading=\"lazy\" decoding=\"async\" class=\"piktogram\" src=\"https:\/\/pim.toya.pl\/piktogramy\/MATERIALS\/image-thumb__65047__Sklep_pikto\/SS_201.png\" width=\"64\" height=\"64\" alt=\"\"><\/div>\n<p>Podgrzewacz bufetowy roll-top 90&deg;&nbsp;GN 1\/1 marki <strong>YATO<\/strong>.<\/p>\n<p>Wykonany z wysokiej jako\u015bci <strong>stali nierdzewnej 201<\/strong>.<strong> Chromowana powierzchnia<\/strong> nadaje mu eleganckiego wygl\u0105du, dzi\u0119kii czemu doskonale nadaje si\u0119 do eksponowania potraw w hotelach, restauracjach, bufetach czy cateringach.<\/p>\n<p>Pokrywa typu <strong>roll-top<\/strong> uchylana do <strong>90&deg;<\/strong> umo\u017cliwia swobodne nak\u0142adanie potraw.<\/p>\n<p><strong>Uchwyty po obu stronach<\/strong> u\u0142atwiaj\u0105 przenoszenie podgrzewacza i ustawienie go na bufecie bez ryzyka poparzenia.<\/p>\n<p>W zestawie posiada pojemnik <strong>GN 1\/1 o wysoko\u015bci 65mm<\/strong> wykonany ze stali nierdzewnej o pojemno\u015bci 9L.&nbsp;Ponadto podgrzewacz ma <strong>2 pojemniki na past\u0119<\/strong>. Przystosowany jest tak\u017ce do <strong>zamocowania grza\u0142ki<\/strong> pod spodem pojemnika.<\/p>\n","protected":false},"excerpt":{"rendered":"<p>Podgrzewacz bufetowy roll-top 90&deg;&nbsp;GN 1\/1 marki YATO. Wykonany z wysokiej jako\u015bci stali nierdzewnej 201. Chromowana powierzchnia nadaje mu eleganckiego wygl\u0105du, dzi\u0119kii czemu doskonale nadaje si\u0119 do eksponowania potraw w hotelach, restauracjach, bufetach czy cateringach. Pokrywa typu roll-top uchylana do 90&deg; umo\u017cliwia swobodne nak\u0142adanie potraw. Uchwyty po obu stronach u\u0142atwiaj\u0105 przenoszenie podgrzewacza i ustawienie go na [&hellip;]<\/p>\n","protected":false},"featured_media":21212,"template":"","meta":{"_et_pb_use_builder":"","_et_pb_old_content":"","_et_gb_content_width":""},"pwb-brand":[658],"product_brand":[],"product_cat":[292],"product_tag":[],"class_list":{"0":"post-19028","1":"product","2":"type-product","3":"status-publish","4":"has-post-thumbnail","6":"pwb-brand-yato","7":"product_cat-podgrzewacze-bufetowe","9":"first","10":"instock","11":"taxable","12":"shipping-taxable","13":"purchasable","14":"product-type-simple"},"brands":[{"id":658,"name":"Yato","slug":"yato"}],"_links":{"self":[{"href":"https:\/\/www.multifrigo.pl\/sklep\/wp-json\/wp\/v2\/product\/19028","targetHints":{"allow":["GET"]}}],"collection":[{"href":"https:\/\/www.multifrigo.pl\/sklep\/wp-json\/wp\/v2\/product"}],"about":[{"href":"https:\/\/www.multifrigo.pl\/sklep\/wp-json\/wp\/v2\/types\/product"}],"wp:featuredmedia":[{"embeddable":true,"href":"https:\/\/www.multifrigo.pl\/sklep\/wp-json\/wp\/v2\/media\/21212"}],"wp:attachment":[{"href":"https:\/\/www.multifrigo.pl\/sklep\/wp-json\/wp\/v2\/media?parent=19028"}],"wp:term":[{"taxonomy":"pwb-brand","embeddable":true,"href":"https:\/\/www.multifrigo.pl\/sklep\/wp-json\/wp\/v2\/pwb-brand?post=19028"},{"taxonomy":"product_brand","embeddable":true,"href":"https:\/\/www.multifrigo.pl\/sklep\/wp-json\/wp\/v2\/product_brand?post=19028"},{"taxonomy":"product_cat","embeddable":true,"href":"https:\/\/www.multifrigo.pl\/sklep\/wp-json\/wp\/v2\/product_cat?post=19028"},{"taxonomy":"product_tag","embeddable":true,"href":"https:\/\/www.multifrigo.pl\/sklep\/wp-json\/wp\/v2\/product_tag?post=19028"}],"curies":[{"name":"wp","href":"https:\/\/api.w.org\/{rel}","templated":true}]}}