{"id":19029,"date":"2024-07-05T13:01:30","date_gmt":"2024-07-05T13:01:30","guid":{"rendered":"https:\/\/multifrigo.pl\/sklep\/?post_type=product&#038;p=19029"},"modified":"2025-10-09T12:57:43","modified_gmt":"2025-10-09T12:57:43","slug":"podgrzewacz-z-dwoma-kociolkami-2x45l-yato-yg-04125","status":"publish","type":"product","link":"https:\/\/www.multifrigo.pl\/sklep\/produkt\/podgrzewacz-z-dwoma-kociolkami-2x45l-yato-yg-04125\/","title":{"rendered":"PODGRZEWACZ Z DWOMA KOCIO\u0141KAMI 2X4,5L | Yato YG-04125"},"content":{"rendered":"<div id=\"piktogram_container\"><img loading=\"lazy\" decoding=\"async\" class=\"piktogram\" src=\"https:\/\/pim.toya.pl\/piktogramy\/L_ml\/image-thumb__90725__Sklep_pikto\/2x4%2C5_L.png\" width=\"64\" height=\"64\" alt=\"\"><img loading=\"lazy\" decoding=\"async\" class=\"piktogram\" src=\"https:\/\/pim.toya.pl\/piktogramy\/mm\/image-thumb__317183__Sklep_pikto\/600x350x370_mm.png\" width=\"64\" height=\"64\" alt=\"\"><img loading=\"lazy\" decoding=\"async\" class=\"piktogram\" src=\"https:\/\/pim.toya.pl\/piktogramy\/x1234_DESCRIPTION\/image-thumb__78617__Sklep_pikto\/x2_HANDLES.png\" width=\"64\" height=\"64\" alt=\"\"><img loading=\"lazy\" decoding=\"async\" class=\"piktogram\" src=\"https:\/\/pim.toya.pl\/piktogramy\/WORDS_DESCRIPTION\/image-thumb__90721__Sklep_pikto\/HEAT_SOURCE_FUEL_HEATER.png\" width=\"64\" height=\"64\" alt=\"\"><img loading=\"lazy\" decoding=\"async\" class=\"piktogram\" src=\"https:\/\/pim.toya.pl\/piktogramy\/GASTRO\/image-thumb__317184__Sklep_pikto\/FUEL_TANKS_x2.png\" width=\"64\" height=\"64\" alt=\"\"><img loading=\"lazy\" decoding=\"async\" class=\"piktogram\" src=\"https:\/\/pim.toya.pl\/piktogramy\/MATERIALS\/image-thumb__65047__Sklep_pikto\/SS_201.png\" width=\"64\" height=\"64\" alt=\"\"><\/div>\n<p>Podgrzewacz bufetowy z kocio\u0142kami 2&#215;4,5L marki <strong>YATO<\/strong>.<\/p>\n<p>Wykonany z wysokiej jako\u015bci <strong>stali nierdzewnej 201<\/strong>. <strong>Chromowana powierzchnia<\/strong> nadaje mu eleganckiego wygl\u0105du, dzi\u0119ki czemu doskonale nadaje sie do eksponowania potraw w hotelach, restauracjach, bufetach czy cateringach.<\/p>\n<p>Po obu stronach podgrzewacza s\u0105 wygodne <strong>uchwyty<\/strong> umo\u017cliwiaj\u0105ce przenoszenie i swobodne ustawienie podgrzewacza na bufecie bez ryzyka poparzenia si\u0119.<\/p>\n<p>W sk\u0142ad zestawu wchodz\u0105 <strong>dwa kocio\u0142ki z pokrywkami<\/strong> ze stali nierdzewnej, o \u015brednicy 220mm i wysoko\u015bci 140mm, o<strong> pojemno\u015bci 4,5L<\/strong> ka\u017cdy. Ponadto podgrzewacz posiada <strong>dwa pojemniki na past\u0119<\/strong>. Poza tym posiada <strong>mocowanie<\/strong> umo\u017cliwiaj\u0105ce <strong>zamontowanie grza\u0142ki<\/strong>.<\/p>\n","protected":false},"excerpt":{"rendered":"<p>Podgrzewacz bufetowy z kocio\u0142kami 2&#215;4,5L marki YATO. Wykonany z wysokiej jako\u015bci stali nierdzewnej 201. Chromowana powierzchnia nadaje mu eleganckiego wygl\u0105du, dzi\u0119ki czemu doskonale nadaje sie do eksponowania potraw w hotelach, restauracjach, bufetach czy cateringach. Po obu stronach podgrzewacza s\u0105 wygodne uchwyty umo\u017cliwiaj\u0105ce przenoszenie i swobodne ustawienie podgrzewacza na bufecie bez ryzyka poparzenia si\u0119. W sk\u0142ad [&hellip;]<\/p>\n","protected":false},"featured_media":21219,"template":"","meta":{"_et_pb_use_builder":"","_et_pb_old_content":"","_et_gb_content_width":""},"pwb-brand":[658],"product_brand":[],"product_cat":[292],"product_tag":[],"class_list":{"0":"post-19029","1":"product","2":"type-product","3":"status-publish","4":"has-post-thumbnail","6":"pwb-brand-yato","7":"product_cat-podgrzewacze-bufetowe","9":"first","10":"instock","11":"taxable","12":"shipping-taxable","13":"purchasable","14":"product-type-simple"},"brands":[{"id":658,"name":"Yato","slug":"yato"}],"_links":{"self":[{"href":"https:\/\/www.multifrigo.pl\/sklep\/wp-json\/wp\/v2\/product\/19029","targetHints":{"allow":["GET"]}}],"collection":[{"href":"https:\/\/www.multifrigo.pl\/sklep\/wp-json\/wp\/v2\/product"}],"about":[{"href":"https:\/\/www.multifrigo.pl\/sklep\/wp-json\/wp\/v2\/types\/product"}],"wp:featuredmedia":[{"embeddable":true,"href":"https:\/\/www.multifrigo.pl\/sklep\/wp-json\/wp\/v2\/media\/21219"}],"wp:attachment":[{"href":"https:\/\/www.multifrigo.pl\/sklep\/wp-json\/wp\/v2\/media?parent=19029"}],"wp:term":[{"taxonomy":"pwb-brand","embeddable":true,"href":"https:\/\/www.multifrigo.pl\/sklep\/wp-json\/wp\/v2\/pwb-brand?post=19029"},{"taxonomy":"product_brand","embeddable":true,"href":"https:\/\/www.multifrigo.pl\/sklep\/wp-json\/wp\/v2\/product_brand?post=19029"},{"taxonomy":"product_cat","embeddable":true,"href":"https:\/\/www.multifrigo.pl\/sklep\/wp-json\/wp\/v2\/product_cat?post=19029"},{"taxonomy":"product_tag","embeddable":true,"href":"https:\/\/www.multifrigo.pl\/sklep\/wp-json\/wp\/v2\/product_tag?post=19029"}],"curies":[{"name":"wp","href":"https:\/\/api.w.org\/{rel}","templated":true}]}}