{"id":19031,"date":"2024-07-05T13:01:31","date_gmt":"2024-07-05T13:01:31","guid":{"rendered":"https:\/\/multifrigo.pl\/sklep\/?post_type=product&#038;p=19031"},"modified":"2025-10-09T12:57:44","modified_gmt":"2025-10-09T12:57:44","slug":"podgrzewacz-roll-top-okragly-35cm-6l-yato-yg-04145","status":"publish","type":"product","link":"https:\/\/www.multifrigo.pl\/sklep\/produkt\/podgrzewacz-roll-top-okragly-35cm-6l-yato-yg-04145\/","title":{"rendered":"PODGRZEWACZ ROLL TOP OKR\u0104G\u0141Y 35CM 6L | Yato YG-04145"},"content":{"rendered":"<div id=\"piktogram_container\"><img loading=\"lazy\" decoding=\"async\" class=\"piktogram\" src=\"https:\/\/pim.toya.pl\/piktogramy\/L_ml\/image-thumb__51493__Sklep_pikto\/6_L.png\" width=\"64\" height=\"64\" alt=\"\"><img loading=\"lazy\" decoding=\"async\" class=\"piktogram\" src=\"https:\/\/pim.toya.pl\/piktogramy\/mm\/image-thumb__317186__Sklep_pikto\/450x470_mm.png\" width=\"64\" height=\"64\" alt=\"\"><img loading=\"lazy\" decoding=\"async\" class=\"piktogram\" src=\"https:\/\/pim.toya.pl\/piktogramy\/WORDS_DESCRIPTION_PARAMETER\/image-thumb__90717__Sklep_pikto\/FOR_GN_350_mm.png\" width=\"64\" height=\"64\" alt=\"\"><img loading=\"lazy\" decoding=\"async\" class=\"piktogram\" src=\"https:\/\/pim.toya.pl\/piktogramy\/WORDS_DESCRIPTION_PARAMETER\/image-thumb__90705__Sklep_pikto\/COVER_OPEN_ANGLE_180_st.png\" width=\"64\" height=\"64\" alt=\"\"><img loading=\"lazy\" decoding=\"async\" class=\"piktogram\" src=\"https:\/\/pim.toya.pl\/piktogramy\/WORDS_DESCRIPTION\/image-thumb__90721__Sklep_pikto\/HEAT_SOURCE_FUEL_HEATER.png\" width=\"64\" height=\"64\" alt=\"\"><img loading=\"lazy\" decoding=\"async\" class=\"piktogram\" src=\"https:\/\/pim.toya.pl\/piktogramy\/GASTRO\/image-thumb__317185__Sklep_pikto\/FUEL_TANK.png\" width=\"64\" height=\"64\" alt=\"\"><img loading=\"lazy\" decoding=\"async\" class=\"piktogram\" src=\"https:\/\/pim.toya.pl\/piktogramy\/MATERIALS\/image-thumb__65047__Sklep_pikto\/SS_201.png\" width=\"64\" height=\"64\" alt=\"\"><\/div>\n<p>Podgrzewacz bufetowy typu roll-top okr\u0105g\u0142y marki <strong>YATO. <\/strong><\/p>\n<p>Wykonany z wysokiej jako\u015bci <strong>stali nierdzewnej 201<\/strong>. <strong>Chromowana powierzchnia<\/strong> nadaje mu elegancki wygl\u0105d dzi\u0119ki czemu doskonale nadaje si\u0119 do eksponowania potraw w hotelach, restauracjach, bufetach oraz cateringach.<\/p>\n<p><strong>Pokrywa otwierana pod k\u0105tem 180&deg;<\/strong> umo\u017cliwia swobodne nabieranie potraw.<\/p>\n<p>Podgrzewacz wyposa\u017cony jest w<strong> pojemnik do potraw<\/strong> o \u015brednicy wewn\u0119trznej 355mm a zewn\u0119trznej 380mm, o g\u0142\u0119boko\u015bci 100mm i pojemno\u015bci 6L. Ponadto posiada <strong>pojemnik na paliwo. <\/strong><\/p>\n","protected":false},"excerpt":{"rendered":"<p>Podgrzewacz bufetowy typu roll-top okr\u0105g\u0142y marki YATO. Wykonany z wysokiej jako\u015bci stali nierdzewnej 201. Chromowana powierzchnia nadaje mu elegancki wygl\u0105d dzi\u0119ki czemu doskonale nadaje si\u0119 do eksponowania potraw w hotelach, restauracjach, bufetach oraz cateringach. Pokrywa otwierana pod k\u0105tem 180&deg; umo\u017cliwia swobodne nabieranie potraw. Podgrzewacz wyposa\u017cony jest w pojemnik do potraw o \u015brednicy wewn\u0119trznej 355mm a [&hellip;]<\/p>\n","protected":false},"featured_media":21232,"template":"","meta":{"_et_pb_use_builder":"","_et_pb_old_content":"","_et_gb_content_width":""},"pwb-brand":[658],"product_brand":[],"product_cat":[294],"product_tag":[],"class_list":{"0":"post-19031","1":"product","2":"type-product","3":"status-publish","4":"has-post-thumbnail","6":"pwb-brand-yato","7":"product_cat-podgrzewacze-roll-top","9":"first","10":"instock","11":"taxable","12":"shipping-taxable","13":"purchasable","14":"product-type-simple"},"brands":[{"id":658,"name":"Yato","slug":"yato"}],"_links":{"self":[{"href":"https:\/\/www.multifrigo.pl\/sklep\/wp-json\/wp\/v2\/product\/19031","targetHints":{"allow":["GET"]}}],"collection":[{"href":"https:\/\/www.multifrigo.pl\/sklep\/wp-json\/wp\/v2\/product"}],"about":[{"href":"https:\/\/www.multifrigo.pl\/sklep\/wp-json\/wp\/v2\/types\/product"}],"wp:featuredmedia":[{"embeddable":true,"href":"https:\/\/www.multifrigo.pl\/sklep\/wp-json\/wp\/v2\/media\/21232"}],"wp:attachment":[{"href":"https:\/\/www.multifrigo.pl\/sklep\/wp-json\/wp\/v2\/media?parent=19031"}],"wp:term":[{"taxonomy":"pwb-brand","embeddable":true,"href":"https:\/\/www.multifrigo.pl\/sklep\/wp-json\/wp\/v2\/pwb-brand?post=19031"},{"taxonomy":"product_brand","embeddable":true,"href":"https:\/\/www.multifrigo.pl\/sklep\/wp-json\/wp\/v2\/product_brand?post=19031"},{"taxonomy":"product_cat","embeddable":true,"href":"https:\/\/www.multifrigo.pl\/sklep\/wp-json\/wp\/v2\/product_cat?post=19031"},{"taxonomy":"product_tag","embeddable":true,"href":"https:\/\/www.multifrigo.pl\/sklep\/wp-json\/wp\/v2\/product_tag?post=19031"}],"curies":[{"name":"wp","href":"https:\/\/api.w.org\/{rel}","templated":true}]}}