{"id":19032,"date":"2024-07-05T13:01:31","date_gmt":"2024-07-05T13:01:31","guid":{"rendered":"https:\/\/multifrigo.pl\/sklep\/?post_type=product&#038;p=19032"},"modified":"2025-10-09T12:57:45","modified_gmt":"2025-10-09T12:57:45","slug":"kociolek-elektryczny-do-zup-9l-yato-yg-04250","status":"publish","type":"product","link":"https:\/\/www.multifrigo.pl\/sklep\/produkt\/kociolek-elektryczny-do-zup-9l-yato-yg-04250\/","title":{"rendered":"KOCIO\u0141EK ELEKTRYCZNY DO ZUP 9L | Yato YG-04250"},"content":{"rendered":"<div id=\"piktogram_container\"><img loading=\"lazy\" decoding=\"async\" class=\"piktogram\" src=\"https:\/\/pim.toya.pl\/piktogramy\/W_kW\/image-thumb__53119__Sklep_pikto\/400_W.png\" width=\"64\" height=\"64\" alt=\"\"><img loading=\"lazy\" decoding=\"async\" class=\"piktogram\" src=\"https:\/\/pim.toya.pl\/piktogramy\/L_ml\/image-thumb__51514__Sklep_pikto\/9_L.png\" width=\"64\" height=\"64\" alt=\"\"><img loading=\"lazy\" decoding=\"async\" class=\"piktogram\" src=\"https:\/\/pim.toya.pl\/piktogramy\/mm\/image-thumb__252413__Sklep_pikto\/340x340x370_mm.png\" width=\"64\" height=\"64\" alt=\"\"><img loading=\"lazy\" decoding=\"async\" class=\"piktogram\" src=\"https:\/\/pim.toya.pl\/piktogramy\/TEMPERATURE\/image-thumb__252414__Sklep_pikto\/TEMP_35-80_C.png\" width=\"64\" height=\"64\" alt=\"\"><img loading=\"lazy\" decoding=\"async\" class=\"piktogram\" src=\"https:\/\/pim.toya.pl\/piktogramy\/x1234_DESCRIPTION\/image-thumb__90697__Sklep_pikto\/x4_PLASTIC_FEET.png\" width=\"64\" height=\"64\" alt=\"\"><img loading=\"lazy\" decoding=\"async\" class=\"piktogram\" src=\"https:\/\/pim.toya.pl\/piktogramy\/MATERIALS\/image-thumb__68670__Sklep_pikto\/SS_304.png\" width=\"64\" height=\"64\" alt=\"\"><\/div>\n<p>Kocio\u0142ek elektryczny do zup o pojemno\u015bci <strong>9L<\/strong> marki<strong> YATO<\/strong>.<\/p>\n<p>Polecany do serwowania zup, krem&oacute;w i sos&oacute;w. Wykonana ze stali, <strong>malowana na czarno obudowa<\/strong> zapewnia estetyczny wygl\u0105d. Dzi\u0119ki temu kocio\u0142ek&nbsp;doskonale&nbsp;sprawdza si\u0119&nbsp;w bufetach oraz restauracjach hotelowych.<\/p>\n<p><strong>Wyjmowany pojemnik na zup\u0119<\/strong> wykonany jest ze <strong>stali nierdzewnej SS 304<\/strong>. Posiada zaokraglone kraw\u0119dzie, przez co jest bardzo<strong> \u0142atwy w utrzymaniu w czysto\u015bci<\/strong>.<\/p>\n<p>Pojemnik na zup\u0119 wk\u0142adany jest do wype\u0142nionego wod\u0105 zbiornika, pod&nbsp;dnem kt&oacute;rego zamontowana jest <strong>grza\u0142ka<\/strong>. W ten spos&oacute;b <strong>nie ma ona bezpo\u015bredniego kontaktu z wod\u0105<\/strong> i&nbsp;<strong>nie osadza si\u0119 na niej kamie\u0144<\/strong>. Wyeliminowane jest w ten spos&oacute;b ryzyko przegrzania oraz przepalenia si\u0119 grza\u0142ki, znacznie <strong>wyd\u0142u\u017caj\u0105c \u017cywotno\u015b\u0107<\/strong> ca\u0142ego urz\u0105dzenia.<\/p>\n<p>Powsta\u0142y pomi\u0119dzy zbiornikiem a pojemnikiem na zup\u0119 <strong>p\u0142aszcz wodny<\/strong>, r&oacute;wnomiernie rozprowadza ciep\u0142o&nbsp;wok&oacute;\u0142 ca\u0142ego pojemnika, <strong>zapobiegaj\u0105c przypalaniu<\/strong> si\u0119 zawarto\u015bci.&nbsp;<\/p>\n<p>Grza\u0142ka o mocy<strong> 400W<\/strong> umo\u017cliwia p\u0142ynn\u0105 regulacj\u0119 temperatury pracy&nbsp;w zakresie <strong>35~85&deg;C<\/strong>. Natomiast zainstalowany <strong>termostat<\/strong> zapewnia utrzymanie&nbsp;temperatury podgrzewania&nbsp;na sta\u0142ym, ustalonym&nbsp;poziomie.<\/p>\n<p>Kocio\u0142ek posiada <strong>pokrywk\u0119 z otworem na chochl\u0119<\/strong>. Poza tym podczas nalewania zupy istnieje mo\u017cliwo\u015b\u0107 ustawienia pokrywki w pozycji otwartej w taki spos&oacute;b, \u017ce skroplone na niej opay nie rozlewaj\u0105 si\u0119 na zewn\u0105trz, co zapobiega zabrudzeniu sto\u0142u.<br \/>Zamontowane <strong>cztery n&oacute;\u017cki<\/strong> zapewniaj\u0105 stabilno\u015b\u0107 kocio\u0142ka.<\/p>\n","protected":false},"excerpt":{"rendered":"<p>Kocio\u0142ek elektryczny do zup o pojemno\u015bci 9L marki YATO. Polecany do serwowania zup, krem&oacute;w i sos&oacute;w. Wykonana ze stali, malowana na czarno obudowa zapewnia estetyczny wygl\u0105d. Dzi\u0119ki temu kocio\u0142ek&nbsp;doskonale&nbsp;sprawdza si\u0119&nbsp;w bufetach oraz restauracjach hotelowych. Wyjmowany pojemnik na zup\u0119 wykonany jest ze stali nierdzewnej SS 304. Posiada zaokraglone kraw\u0119dzie, przez co jest bardzo \u0142atwy w utrzymaniu [&hellip;]<\/p>\n","protected":false},"featured_media":21237,"template":"","meta":{"_et_pb_use_builder":"","_et_pb_old_content":"","_et_gb_content_width":""},"pwb-brand":[658],"product_brand":[],"product_cat":[293],"product_tag":[],"class_list":{"0":"post-19032","1":"product","2":"type-product","3":"status-publish","4":"has-post-thumbnail","6":"pwb-brand-yato","7":"product_cat-kociolki-do-zup","9":"first","10":"instock","11":"taxable","12":"shipping-taxable","13":"purchasable","14":"product-type-simple"},"brands":[{"id":658,"name":"Yato","slug":"yato"}],"_links":{"self":[{"href":"https:\/\/www.multifrigo.pl\/sklep\/wp-json\/wp\/v2\/product\/19032","targetHints":{"allow":["GET"]}}],"collection":[{"href":"https:\/\/www.multifrigo.pl\/sklep\/wp-json\/wp\/v2\/product"}],"about":[{"href":"https:\/\/www.multifrigo.pl\/sklep\/wp-json\/wp\/v2\/types\/product"}],"wp:featuredmedia":[{"embeddable":true,"href":"https:\/\/www.multifrigo.pl\/sklep\/wp-json\/wp\/v2\/media\/21237"}],"wp:attachment":[{"href":"https:\/\/www.multifrigo.pl\/sklep\/wp-json\/wp\/v2\/media?parent=19032"}],"wp:term":[{"taxonomy":"pwb-brand","embeddable":true,"href":"https:\/\/www.multifrigo.pl\/sklep\/wp-json\/wp\/v2\/pwb-brand?post=19032"},{"taxonomy":"product_brand","embeddable":true,"href":"https:\/\/www.multifrigo.pl\/sklep\/wp-json\/wp\/v2\/product_brand?post=19032"},{"taxonomy":"product_cat","embeddable":true,"href":"https:\/\/www.multifrigo.pl\/sklep\/wp-json\/wp\/v2\/product_cat?post=19032"},{"taxonomy":"product_tag","embeddable":true,"href":"https:\/\/www.multifrigo.pl\/sklep\/wp-json\/wp\/v2\/product_tag?post=19032"}],"curies":[{"name":"wp","href":"https:\/\/api.w.org\/{rel}","templated":true}]}}