{"id":19037,"date":"2024-07-05T13:01:32","date_gmt":"2024-07-05T13:01:32","guid":{"rendered":"https:\/\/multifrigo.pl\/sklep\/?post_type=product&#038;p=19037"},"modified":"2025-10-09T12:57:55","modified_gmt":"2025-10-09T12:57:55","slug":"warnik-do-wody-10l-yato-yg-04310","status":"publish","type":"product","link":"https:\/\/www.multifrigo.pl\/sklep\/produkt\/warnik-do-wody-10l-yato-yg-04310\/","title":{"rendered":"WARNIK DO WODY 10L | Yato YG-04310"},"content":{"rendered":"<div id=\"piktogram_container\"><img loading=\"lazy\" decoding=\"async\" class=\"piktogram\" src=\"https:\/\/pim.toya.pl\/piktogramy\/L_ml\/image-thumb__51359__Sklep_pikto\/10_L.png\" width=\"64\" height=\"64\" alt=\"\"><img loading=\"lazy\" decoding=\"async\" class=\"piktogram\" src=\"https:\/\/pim.toya.pl\/piktogramy\/MATERIALS\/image-thumb__65053__Sklep_pikto\/SS.png\" width=\"64\" height=\"64\" alt=\"\"><img loading=\"lazy\" decoding=\"async\" class=\"piktogram\" src=\"https:\/\/pim.toya.pl\/piktogramy\/TEMPERATURE\/image-thumb__90755__Sklep_pikto\/TEMP_30-110_C.png\" width=\"64\" height=\"64\" alt=\"\"><img loading=\"lazy\" decoding=\"async\" class=\"piktogram\" src=\"https:\/\/pim.toya.pl\/piktogramy\/PICTURES\/image-thumb__59894__Sklep_pikto\/NOT_DRIPPING.png\" width=\"64\" height=\"64\" alt=\"\"><\/div>\n<p><strong>Warnik do wody marki YATO o pojemno\u015bci 10L<\/strong><\/p>\n<p>Urz\u0105dzenie przeznaczone do szybkiego zaparzania du\u017cej ilo\u015bci wody przeznaczonej do przyrz\u0105dzania kawy, herbaty lub napoj\u00f3w typu instant.&nbsp;<\/p>\n<p>Warnik do wody marki YATO wykonany jest z najwy\u017cszej jako\u015bci stali nierdzewnej, wypolerowanej na wysoki po\u0142ysk, dzi\u0119ki czemu bardzo elegancko prezentuje si\u0119 w hotelach, salach konferencyjnych czy restauracjach.<\/p>\n<p>Wysoka jako\u015b\u0107 wyko\u0144czenia po\u0142\u0105czona jest z niezawodno\u015bci\u0105 wynikaj\u0105c\u0105 z u\u017cycia bardzo wydajnych grza\u0142ek oraz specjalnemu systemowi zabezpiecze\u0144. <strong>Grza\u0142ka o mocy 1650W znajduje si\u0119 pod dnem warnika<\/strong>. Takie rozwi\u0105zanie posiada szereg zalet. Najwa\u017cniejszy jest brak kontaktu z wod\u0105, dzi\u0119ki czemu nie tworzy si\u0119 na niej kamie\u0144, kt\u00f3ry z czasem mo\u017ce doprowadzi\u0107 do przegrzania i do awarii. Bardzo Istotna jest tak\u017ce mo\u017cliwo\u015b\u0107 \u0142atwego czyszczenia pojemnika i jego odkamieniania. Dodatkowo zastosowane <strong>zabezpieczenia przeciw przegrzaniu si\u0119 oraz przed prac\u0105 na sucho<\/strong>&nbsp;znacznie wyd\u0142u\u017caj\u0105 \u017cywotno\u015b\u0107 urz\u0105dzenia.<\/p>\n<p>Warnik posiada <strong>regulacj\u0119 zakresu pracy w przedziale 30~110\u00b0C<\/strong>. Natomiast wbudowane <strong>lampki kontrole sygnalizuj\u0105 grzanie oraz podtrzymania temperatury<\/strong>. Wy\u0142\u0105cznik pozwala natomiast wy\u0142\u0105czy\u0107 urz\u0105dzenie bez konieczno\u015bci od\u0142\u0105czania wtyczki z sieci.<\/p>\n<p>Na zewn\u0105trz pojemnika znajduje si\u0119 <strong>wska\u017anik poziomu wody ze skal\u0105 wyra\u017con\u0105 w litrach<\/strong>. Po obu stronach s\u0105 wygodne, nienagrzewaj\u0105ce si\u0119 uchwyty do przenoszenia. Ich konstrukcja stanowi jednocze\u015bnie <strong>system TWIST-LOCK<\/strong>&nbsp;dzi\u0119ki czemu mo\u017cliwe jest szczelne zamkni\u0119cie pokrywki.<\/p>\n<p>Zastosowany jest kranik o specjalnej konstrukcji, kt\u00f3ry zapobiega kapaniu.<\/p>\n<p>Plastikowa podstawa ochronna umo\u017cliwia zainstalowanie tacki ociekowej YATO YG-04325.<\/p>\n<p>Podgrzewanie i gotowanie wody<\/p>\n<p>\u015arednica urny &#8211; 220 mm<\/p>\n<p>Wysoko\u015b\u0107 &#8211; 467 mm<\/p>\n","protected":false},"excerpt":{"rendered":"<p>Warnik do wody marki YATO o pojemno\u015bci 10L Urz\u0105dzenie przeznaczone do szybkiego zaparzania du\u017cej ilo\u015bci wody przeznaczonej do przyrz\u0105dzania kawy, herbaty lub napoj\u00f3w typu instant.&nbsp; Warnik do wody marki YATO wykonany jest z najwy\u017cszej jako\u015bci stali nierdzewnej, wypolerowanej na wysoki po\u0142ysk, dzi\u0119ki czemu bardzo elegancko prezentuje si\u0119 w hotelach, salach konferencyjnych czy restauracjach. Wysoka jako\u015b\u0107 [&hellip;]<\/p>\n","protected":false},"featured_media":21288,"template":"","meta":{"_et_pb_use_builder":"","_et_pb_old_content":"","_et_gb_content_width":""},"pwb-brand":[658],"product_brand":[],"product_cat":[234],"product_tag":[],"class_list":{"0":"post-19037","1":"product","2":"type-product","3":"status-publish","4":"has-post-thumbnail","6":"pwb-brand-yato","7":"product_cat-warniki","9":"first","10":"instock","11":"taxable","12":"shipping-taxable","13":"purchasable","14":"product-type-simple"},"brands":[{"id":658,"name":"Yato","slug":"yato"}],"_links":{"self":[{"href":"https:\/\/www.multifrigo.pl\/sklep\/wp-json\/wp\/v2\/product\/19037","targetHints":{"allow":["GET"]}}],"collection":[{"href":"https:\/\/www.multifrigo.pl\/sklep\/wp-json\/wp\/v2\/product"}],"about":[{"href":"https:\/\/www.multifrigo.pl\/sklep\/wp-json\/wp\/v2\/types\/product"}],"wp:featuredmedia":[{"embeddable":true,"href":"https:\/\/www.multifrigo.pl\/sklep\/wp-json\/wp\/v2\/media\/21288"}],"wp:attachment":[{"href":"https:\/\/www.multifrigo.pl\/sklep\/wp-json\/wp\/v2\/media?parent=19037"}],"wp:term":[{"taxonomy":"pwb-brand","embeddable":true,"href":"https:\/\/www.multifrigo.pl\/sklep\/wp-json\/wp\/v2\/pwb-brand?post=19037"},{"taxonomy":"product_brand","embeddable":true,"href":"https:\/\/www.multifrigo.pl\/sklep\/wp-json\/wp\/v2\/product_brand?post=19037"},{"taxonomy":"product_cat","embeddable":true,"href":"https:\/\/www.multifrigo.pl\/sklep\/wp-json\/wp\/v2\/product_cat?post=19037"},{"taxonomy":"product_tag","embeddable":true,"href":"https:\/\/www.multifrigo.pl\/sklep\/wp-json\/wp\/v2\/product_tag?post=19037"}],"curies":[{"name":"wp","href":"https:\/\/api.w.org\/{rel}","templated":true}]}}