{"id":19048,"date":"2024-07-05T13:01:35","date_gmt":"2024-07-05T13:01:35","guid":{"rendered":"https:\/\/multifrigo.pl\/sklep\/?post_type=product&#038;p=19048"},"modified":"2025-10-09T12:58:00","modified_gmt":"2025-10-09T12:58:00","slug":"elektryczny-grill-kontaktowy-panini-w-pelni-ryflowany-44cm-22kw-yato-yg-04557","status":"publish","type":"product","link":"https:\/\/www.multifrigo.pl\/sklep\/produkt\/elektryczny-grill-kontaktowy-panini-w-pelni-ryflowany-44cm-22kw-yato-yg-04557\/","title":{"rendered":"ELEKTRYCZNY GRILL KONTAKTOWY PANINI W PE\u0141NI RYFLOWANY 44CM 2,2KW | Yato YG-04557"},"content":{"rendered":"<div id=\"piktogram_container\"><img loading=\"lazy\" decoding=\"async\" class=\"piktogram\" src=\"https:\/\/pim.toya.pl\/piktogramy\/W_kW\/image-thumb__53065__Sklep_pikto\/2200_W.png\" width=\"64\" height=\"64\" alt=\"\"><img loading=\"lazy\" decoding=\"async\" class=\"piktogram\" src=\"https:\/\/pim.toya.pl\/piktogramy\/TEMPERATURE\/image-thumb__57257__Sklep_pikto\/TEMP_50-300_C.png\" width=\"64\" height=\"64\" alt=\"\"><img loading=\"lazy\" decoding=\"async\" class=\"piktogram\" src=\"https:\/\/pim.toya.pl\/piktogramy\/PICTURE_PARAMETER\/image-thumb__92200__Sklep_pikto\/HEATING_AREA_360x230_mm.png\" width=\"64\" height=\"64\" alt=\"\"><img loading=\"lazy\" decoding=\"async\" class=\"piktogram\" src=\"https:\/\/pim.toya.pl\/piktogramy\/mm\/image-thumb__92204__Sklep_pikto\/440x370x190_mm.png\" width=\"64\" height=\"64\" alt=\"\"><img loading=\"lazy\" decoding=\"async\" class=\"piktogram\" src=\"https:\/\/pim.toya.pl\/piktogramy\/MATERIALS\/image-thumb__65053__Sklep_pikto\/SS.png\" width=\"64\" height=\"64\" alt=\"\"><\/div>\n<p>Grill kontaktowy &#8222;Panini&#8221; o mocy <strong>2,2kW<\/strong> marki <strong>YATO YG-04557<\/strong>.<\/p>\n<p>Grill <strong>YATO<\/strong> jest urz\u0105dzeniem niezb\u0119dnym na ka\u017cdej kuchni. Przeznaczony jest do szybkiego przygotowywania hamburger&oacute;w, mi\u0119s, ryb, tortili, tost&oacute;w, panini czy warzyw.<\/p>\n<p><strong>\u017beliwna p\u0142yta&nbsp;grillowa<\/strong> o wymiarach <strong>345x230mm<\/strong>,<strong> ryflowana na g&oacute;rze i dole<\/strong>, pozwala na jednoczesne obustronne sma\u017cenie wielu produkt&oacute;w.<\/p>\n<p>Grza\u0142ka o&nbsp;mocy <strong>2,2kW<\/strong> sterowana jest za pomoc\u0105 potencjometru umieszczonego na p\u0142ycie frontowej. Mo\u017cliwe jest ustawienie temperatury pracy w zakresie <strong>50~300\u2103<\/strong>. Zainstalowany <strong>bryzgoszczelny wy\u0142\u0105cznik<\/strong> pozwala na wy\u0142\u0105czenie grilla, gdy jest on nieu\u017cywany, bez konieczno\u015bci od\u0142\u0105czania kabla zasilaj\u0105cego z sieci. Grill zasilany jest pr\u0105dem o napi\u0119ciu <strong>230V~50Hz.<\/strong><\/p>\n<p>Obudowa wykonana jest z wysokiej jako\u015bci<strong> stali nierdzewnej<\/strong>. Dzi\u0119ki temu grill jest&nbsp;szybki w czyszczeniu i utrzymaniu w czysto\u015bci. Dodatkowo z przodu zainstalowana jest <strong>rynienka na t\u0142uszcz<\/strong> i wszelkiego rodzaju odpadki po grillowaniu. Istnieje mo\u017cliwo\u015b\u0107 \u0142atwego wyci\u0105gni\u0119cia jej i umycia. W sk\u0142ad wyposa\u017cenia wchodzi dodatkowo <strong>miedziana szczotka druciana<\/strong>, kt&oacute;r\u0105 mo\u017cna czy\u015bci\u0107 p\u0142yt\u0119 grillow\u0105, bez obaw o zarysowanie jej powierzchni. Urz\u0105dzenie posiada wygodn\u0105, <strong>nienagrzewaj\u0105c\u0105 si\u0119<\/strong> plastikow\u0105 <strong>r\u0119koje\u015b\u0107.<\/strong><\/p>\n<p>Grill <strong>YATO<\/strong> ma wymiary <strong>440x370x190mm<\/strong> i wa\u017cy <strong>18kg.<\/strong><\/p>\n","protected":false},"excerpt":{"rendered":"<p>Grill kontaktowy &#8222;Panini&#8221; o mocy 2,2kW marki YATO YG-04557. Grill YATO jest urz\u0105dzeniem niezb\u0119dnym na ka\u017cdej kuchni. Przeznaczony jest do szybkiego przygotowywania hamburger&oacute;w, mi\u0119s, ryb, tortili, tost&oacute;w, panini czy warzyw. \u017beliwna p\u0142yta&nbsp;grillowa o wymiarach 345x230mm, ryflowana na g&oacute;rze i dole, pozwala na jednoczesne obustronne sma\u017cenie wielu produkt&oacute;w. Grza\u0142ka o&nbsp;mocy 2,2kW sterowana jest za pomoc\u0105 potencjometru [&hellip;]<\/p>\n","protected":false},"featured_media":21406,"template":"","meta":{"_et_pb_use_builder":"","_et_pb_old_content":"","_et_gb_content_width":""},"pwb-brand":[658],"product_brand":[],"product_cat":[444],"product_tag":[],"class_list":{"0":"post-19048","1":"product","2":"type-product","3":"status-publish","4":"has-post-thumbnail","6":"pwb-brand-yato","7":"product_cat-grille-pojedyncze","9":"first","10":"instock","11":"taxable","12":"shipping-taxable","13":"purchasable","14":"product-type-simple"},"brands":[{"id":658,"name":"Yato","slug":"yato"}],"_links":{"self":[{"href":"https:\/\/www.multifrigo.pl\/sklep\/wp-json\/wp\/v2\/product\/19048","targetHints":{"allow":["GET"]}}],"collection":[{"href":"https:\/\/www.multifrigo.pl\/sklep\/wp-json\/wp\/v2\/product"}],"about":[{"href":"https:\/\/www.multifrigo.pl\/sklep\/wp-json\/wp\/v2\/types\/product"}],"wp:featuredmedia":[{"embeddable":true,"href":"https:\/\/www.multifrigo.pl\/sklep\/wp-json\/wp\/v2\/media\/21406"}],"wp:attachment":[{"href":"https:\/\/www.multifrigo.pl\/sklep\/wp-json\/wp\/v2\/media?parent=19048"}],"wp:term":[{"taxonomy":"pwb-brand","embeddable":true,"href":"https:\/\/www.multifrigo.pl\/sklep\/wp-json\/wp\/v2\/pwb-brand?post=19048"},{"taxonomy":"product_brand","embeddable":true,"href":"https:\/\/www.multifrigo.pl\/sklep\/wp-json\/wp\/v2\/product_brand?post=19048"},{"taxonomy":"product_cat","embeddable":true,"href":"https:\/\/www.multifrigo.pl\/sklep\/wp-json\/wp\/v2\/product_cat?post=19048"},{"taxonomy":"product_tag","embeddable":true,"href":"https:\/\/www.multifrigo.pl\/sklep\/wp-json\/wp\/v2\/product_tag?post=19048"}],"curies":[{"name":"wp","href":"https:\/\/api.w.org\/{rel}","templated":true}]}}