{"id":19050,"date":"2024-07-05T13:01:35","date_gmt":"2024-07-05T13:01:35","guid":{"rendered":"https:\/\/multifrigo.pl\/sklep\/?post_type=product&#038;p=19050"},"modified":"2025-10-09T12:58:01","modified_gmt":"2025-10-09T12:58:01","slug":"podwojny-grill-kontaktowy-ryflowany-58cm-36kw-yato-yg-04560","status":"publish","type":"product","link":"https:\/\/www.multifrigo.pl\/sklep\/produkt\/podwojny-grill-kontaktowy-ryflowany-58cm-36kw-yato-yg-04560\/","title":{"rendered":"PODW\u00d3JNY GRILL KONTAKTOWY RYFLOWANY 58CM, 3,6KW | Yato YG-04560"},"content":{"rendered":"<div id=\"piktogram_container\"><img loading=\"lazy\" decoding=\"async\" class=\"piktogram\" src=\"https:\/\/pim.toya.pl\/piktogramy\/W_kW\/image-thumb__100348__Sklep_pikto\/3600_W.png\" width=\"64\" height=\"64\" alt=\"\"><img loading=\"lazy\" decoding=\"async\" class=\"piktogram\" src=\"https:\/\/pim.toya.pl\/piktogramy\/TEMPERATURE\/image-thumb__57257__Sklep_pikto\/TEMP_50-300_C.png\" width=\"64\" height=\"64\" alt=\"\"><img loading=\"lazy\" decoding=\"async\" class=\"piktogram\" src=\"https:\/\/pim.toya.pl\/piktogramy\/PICTURE_PARAMETER\/image-thumb__92197__Sklep_pikto\/HEATING_AREA_485x230_mm.png\" width=\"64\" height=\"64\" alt=\"\"><img loading=\"lazy\" decoding=\"async\" class=\"piktogram\" src=\"https:\/\/pim.toya.pl\/piktogramy\/mm\/image-thumb__92207__Sklep_pikto\/580x360x190_mm.png\" width=\"64\" height=\"64\" alt=\"\"><img loading=\"lazy\" decoding=\"async\" class=\"piktogram\" src=\"https:\/\/pim.toya.pl\/piktogramy\/MATERIALS\/image-thumb__65053__Sklep_pikto\/SS.png\" width=\"64\" height=\"64\" alt=\"\"><\/div>\n<p>Podw&oacute;jny grill kontaktowy&nbsp;o mocy <strong>3,6kW<\/strong> marki <strong>YATO YG-04560<\/strong>.<\/p>\n<p>Grill <strong>YATO<\/strong> jest urz\u0105dzeniem niezb\u0119dnym na ka\u017cdej kuchni. Przeznaczony jest do szybkiego przygotowywania hamburger&oacute;w, mi\u0119s, ryb, tortili, tost&oacute;w, panini czy warzyw.<\/p>\n<p>Urz\u0105dzenie posiada p\u0142yty grillowe ryflowane, wykonane z<strong> \u017celiwa. Dolna p\u0142yta&nbsp;<\/strong>ma wymiary <strong>485x230mm. <\/strong>Natomiast<strong> na g&oacute;rze <\/strong>s\u0105<strong> dwie niezale\u017cne p\u0142yty<\/strong>. Dzi\u0119ki takiemu rozwi\u0105zaniu mo\u017cliwe jest przygotowywanie jednocze\u015bnie dw&oacute;ch r&oacute;\u017cnych potraw.<\/p>\n<p>Grza\u0142ka o&nbsp;mocy <strong>3,6kW<\/strong> sterowana jest za pomoc\u0105 <strong>dw&oacute;ch potencjometr&oacute;w<\/strong> umieszczonych na p\u0142ycie frontowej. Mo\u017cliwe jest ustawienie temperatury pracy w zakresie <strong>50~300\u2103<\/strong> na ka\u017cdym z nich niezale\u017cnie. Zainstalowane <strong>bryzgoszczelne wy\u0142\u0105czniki<\/strong> pozwalaj\u0105 na wy\u0142\u0105czenie poszczeg&oacute;lnych sekcji grilla, gdy&nbsp;s\u0105&nbsp;nieu\u017cywane, bez konieczno\u015bci od\u0142\u0105czania kabli zasilaj\u0105cych z sieci. Grill zasilany jest pr\u0105dem o napi\u0119ciu <strong>230V~50Hz, <\/strong>dwoma kablami zasilaj\u0105cymi.<\/p>\n<p>Obudowa wykonana jest z wysokiej jako\u015bci<strong> stali nierdzewnej<\/strong>. Dzi\u0119ki temu grill jest&nbsp;szybki w czyszczeniu i utrzymaniu w czysto\u015bci. Dodatkowo z przodu zainstalowana jest <strong>rynienka na t\u0142uszcz<\/strong> i wszelkiego rodzaju odpadki po grillowaniu. Istnieje mo\u017cliwo\u015b\u0107 \u0142atwego wyci\u0105gni\u0119cia jej i umycia. W sk\u0142ad wyposa\u017cenia wchodzi dodatkowo <strong>miedziana szczotka druciana<\/strong>, kt&oacute;r\u0105 mo\u017cna czy\u015bci\u0107 p\u0142yt\u0119 grillow\u0105, bez obaw o zarysowanie jej powierzchni. Urz\u0105dzenie posiada wygodne, <strong>nienagrzewaj\u0105ce si\u0119<\/strong> plastikowe <strong>r\u0119koje\u015bci.<\/strong><\/p>\n<p>Grill <strong>YATO<\/strong> ma wymiary <strong>580x360x190mm<\/strong> i wa\u017cy <strong>24kg.<\/strong><\/p>\n","protected":false},"excerpt":{"rendered":"<p>Podw&oacute;jny grill kontaktowy&nbsp;o mocy 3,6kW marki YATO YG-04560. Grill YATO jest urz\u0105dzeniem niezb\u0119dnym na ka\u017cdej kuchni. Przeznaczony jest do szybkiego przygotowywania hamburger&oacute;w, mi\u0119s, ryb, tortili, tost&oacute;w, panini czy warzyw. Urz\u0105dzenie posiada p\u0142yty grillowe ryflowane, wykonane z \u017celiwa. Dolna p\u0142yta&nbsp;ma wymiary 485x230mm. Natomiast na g&oacute;rze s\u0105 dwie niezale\u017cne p\u0142yty. Dzi\u0119ki takiemu rozwi\u0105zaniu mo\u017cliwe jest przygotowywanie jednocze\u015bnie [&hellip;]<\/p>\n","protected":false},"featured_media":21426,"template":"","meta":{"_et_pb_use_builder":"","_et_pb_old_content":"","_et_gb_content_width":""},"pwb-brand":[658],"product_brand":[],"product_cat":[445],"product_tag":[],"class_list":{"0":"post-19050","1":"product","2":"type-product","3":"status-publish","4":"has-post-thumbnail","6":"pwb-brand-yato","7":"product_cat-grille-podwojne","9":"first","10":"instock","11":"taxable","12":"shipping-taxable","13":"purchasable","14":"product-type-simple"},"brands":[{"id":658,"name":"Yato","slug":"yato"}],"_links":{"self":[{"href":"https:\/\/www.multifrigo.pl\/sklep\/wp-json\/wp\/v2\/product\/19050","targetHints":{"allow":["GET"]}}],"collection":[{"href":"https:\/\/www.multifrigo.pl\/sklep\/wp-json\/wp\/v2\/product"}],"about":[{"href":"https:\/\/www.multifrigo.pl\/sklep\/wp-json\/wp\/v2\/types\/product"}],"wp:featuredmedia":[{"embeddable":true,"href":"https:\/\/www.multifrigo.pl\/sklep\/wp-json\/wp\/v2\/media\/21426"}],"wp:attachment":[{"href":"https:\/\/www.multifrigo.pl\/sklep\/wp-json\/wp\/v2\/media?parent=19050"}],"wp:term":[{"taxonomy":"pwb-brand","embeddable":true,"href":"https:\/\/www.multifrigo.pl\/sklep\/wp-json\/wp\/v2\/pwb-brand?post=19050"},{"taxonomy":"product_brand","embeddable":true,"href":"https:\/\/www.multifrigo.pl\/sklep\/wp-json\/wp\/v2\/product_brand?post=19050"},{"taxonomy":"product_cat","embeddable":true,"href":"https:\/\/www.multifrigo.pl\/sklep\/wp-json\/wp\/v2\/product_cat?post=19050"},{"taxonomy":"product_tag","embeddable":true,"href":"https:\/\/www.multifrigo.pl\/sklep\/wp-json\/wp\/v2\/product_tag?post=19050"}],"curies":[{"name":"wp","href":"https:\/\/api.w.org\/{rel}","templated":true}]}}