{"id":19056,"date":"2024-07-05T13:01:41","date_gmt":"2024-07-05T13:01:41","guid":{"rendered":"https:\/\/multifrigo.pl\/sklep\/?post_type=product&#038;p=19056"},"modified":"2025-10-09T12:58:04","modified_gmt":"2025-10-09T12:58:04","slug":"frytownica-1-komorowa-35l-yato-yg-04608","status":"publish","type":"product","link":"https:\/\/www.multifrigo.pl\/sklep\/produkt\/frytownica-1-komorowa-35l-yato-yg-04608\/","title":{"rendered":"FRYTOWNICA 1-KOMOROWA 3,5L | Yato YG-04608"},"content":{"rendered":"<div id=\"piktogram_container\"><img loading=\"lazy\" decoding=\"async\" class=\"piktogram\" src=\"https:\/\/pim.toya.pl\/piktogramy\/W_kW\/image-thumb__53056__Sklep_pikto\/2000_W.png\" width=\"64\" height=\"64\" alt=\"\"><img loading=\"lazy\" decoding=\"async\" class=\"piktogram\" src=\"https:\/\/pim.toya.pl\/piktogramy\/L_ml\/image-thumb__51441__Sklep_pikto\/3%2C5_L.png\" width=\"64\" height=\"64\" alt=\"\"><img loading=\"lazy\" decoding=\"async\" class=\"piktogram\" src=\"https:\/\/pim.toya.pl\/piktogramy\/TEMPERATURE\/image-thumb__57261__Sklep_pikto\/TEMP_60-200_C.png\" width=\"64\" height=\"64\" alt=\"\"><img loading=\"lazy\" decoding=\"async\" class=\"piktogram\" src=\"https:\/\/pim.toya.pl\/piktogramy\/PICTURE_PARAMETER\/image-thumb__252415__Sklep_pikto\/BASKET_01_220x130x100_mm.png\" width=\"64\" height=\"64\" alt=\"\"><img loading=\"lazy\" decoding=\"async\" class=\"piktogram\" src=\"https:\/\/pim.toya.pl\/piktogramy\/WORDS_DESCRIPTION\/image-thumb__93412__Sklep_pikto\/COLD_AREA.png\" width=\"64\" height=\"64\" alt=\"\"><img loading=\"lazy\" decoding=\"async\" class=\"piktogram\" src=\"https:\/\/pim.toya.pl\/piktogramy\/MATERIALS\/image-thumb__65053__Sklep_pikto\/SS.png\" width=\"64\" height=\"64\" alt=\"\"><img loading=\"lazy\" decoding=\"async\" class=\"piktogram\" src=\"https:\/\/pim.toya.pl\/piktogramy\/WORDS_DESCRIPTION_PARAMETER\/image-thumb__93408__Sklep_pikto\/PC_PANEL_COVER.png\" width=\"64\" height=\"64\" alt=\"\"><\/div>\n<p>Frytownica 1-komorowa o <strong>pojemno\u015bci 3,5L<\/strong> marki <strong>YATO<\/strong> <strong>YG-04608. <\/strong><\/p>\n<p>Frytownica <strong>YATO<\/strong> jest urz\u0105dzeniem niezb\u0119dnym niemal\u017ce w ka\u017cdym punkcie gastronomicznym. Przeznaczona jest do sma\u017cenia w g\u0142\u0119bokim t\u0142uszczu:<\/p>\n<ul>\n<li>frytek,<\/li>\n<li>mi\u0119sa,&nbsp;<\/li>\n<li>ryb,<\/li>\n<li>krokiet\u00f3w,<\/li>\n<li>warzyw.<\/li>\n<\/ul>\n<p>Zbiornik frytownicy ma <strong>ca\u0142kowit\u0105 pojemno\u015b\u0107 wlewcz\u0105 6L<\/strong>. Natomiast <strong>minimalny poziom oleju wynosi 2,5L<\/strong>, a <strong>maksymalny 3,5L<\/strong>.<\/p>\n<p>Grza\u0142ka o&nbsp;mocy <strong>2,0kW<\/strong> sterowana jest za pomoc\u0105 <strong>potencjometru<\/strong> umieszczonego na panelu steruj\u0105cym. Mo\u017cliwe jest ustawienie temperatury pracy w zakresie <strong>60~200\u2103<\/strong>. Zainstalowane <strong>bryzgoszczelny wy\u0142\u0105cznik<\/strong> pozwala na wy\u0142\u0105czenie urz\u0105dzenia, bez konieczno\u015bci od\u0142\u0105czania kabla zasilaj\u0105cego z sieci. Dodatkowo <strong>panel steruj\u0105cy posiada os\u0142on\u0119 zabezpieczaj\u0105c\u0105<\/strong> wykonan\u0105 z bardzo wytrzyma\u0142ego poliw\u0119glanu, kt\u00f3ra chroni panel przed zachlapaniem olejem podczas sma\u017cenia. Dzi\u0119ki temu utrzymanie frytownicy w czysto\u015bci jest znacznie u\u0142atwione. <strong>Wyjmowana grza\u0142ka<\/strong> ma mo\u017cliwo\u015b\u0107 powieszenia jej na specjalnym uchwycie w pozycji, w kt\u00f3rej \u015bciekaj\u0105cy <strong>olej trafia z powrtotem do zbiornika<\/strong>. Frytownica posiada<strong> dodatkowe zbezpieczenie<\/strong>, kt\u00f3re automatycznie wy\u0142\u0105cza grza\u0142k\u0119 w momencie wyci\u0105gni\u0119cia jej ze zbiornika. Dodatkowe zabezpieczenie chroni j\u0105 przed przegrzaniem, przy temperaturze powy\u017cej&nbsp;<strong>260\u2103<\/strong>.<\/p>\n<p>Szczeg\u00f3lnie przydatn\u0105 cech\u0105 frytownic <strong>YATO<\/strong> jest zastosowanie tak zwanej <strong>&#8222;zimnej strefy&#8221;<\/strong> czyli odt\u0119powi pomi\u0119dzy&nbsp;grza\u0142k\u0105 a dnem zbiornika. Funkcja ta wykorzystuje zjawisko, polegaj\u0105ce na tym, \u017ce ciep\u0142o wytwarzane przez grza\u0142k\u0119 unosi si\u0119 do g\u00f3ry ogrzewaj\u0105c olej. Natomiast pod grza\u0142k\u0105 temperatura oleju jest ni\u017csza. Dzi\u0119ki temu&nbsp;okruchy i resztki jedzenia opadaj\u0105c na dno zbiornika przechowywane s\u0105 w oleju o ni\u017cszej temperaturze i nie przypalaj\u0105 si\u0119.<\/p>\n<p>Zar\u00f3wno obudowa, jak i pokrywka b\u0119d\u0105ca na wyposa\u017ceniu frytownicy, wykonane s\u0105 z wysokiej jako\u015bci<strong> stali nierdzewnej<\/strong>. Dzi\u0119ki temu frytownica jest&nbsp;szybka w czyszczeniu i utrzymaniu w czysto\u015bci.<\/p>\n<p>Frytownica <strong>YATO<\/strong> posiada <strong>bardzo wytrzyma\u0142y kosz<\/strong> o wymiarze <strong>220x130x100mm<\/strong>, kt\u00f3ry posiada plastikow\u0105, <strong>nienagrzewaj\u0105c\u0105 si\u0119 r\u0119koje\u015b\u0107<\/strong>. Natomiast specjalne zaczepy umo\u017cliwiaj\u0105 powieszenie kosza bezpo\u015brednio nad zbiornikiem, minimalizuj\u0105c ryzyko zachlapania olejem blatu roboczego. Dzi\u0119ki temu znacznie zwi\u0119ksza si\u0119 czysto\u015b\u0107 stanowiska pracy i minimalizuje czas potrzebny na czyszczenie.<\/p>\n<p>Frytownica, zasilana pr\u0105dem o napi\u0119ciu <strong>230V~50Hz<\/strong> ma wymiary <strong>430x200x290mm<\/strong> i wa\u017cy <strong>4,5kg.<\/strong><\/p>\n","protected":false},"excerpt":{"rendered":"<p>Frytownica 1-komorowa o pojemno\u015bci 3,5L marki YATO YG-04608. Frytownica YATO jest urz\u0105dzeniem niezb\u0119dnym niemal\u017ce w ka\u017cdym punkcie gastronomicznym. Przeznaczona jest do sma\u017cenia w g\u0142\u0119bokim t\u0142uszczu: frytek, mi\u0119sa,&nbsp; ryb, krokiet\u00f3w, warzyw. Zbiornik frytownicy ma ca\u0142kowit\u0105 pojemno\u015b\u0107 wlewcz\u0105 6L. Natomiast minimalny poziom oleju wynosi 2,5L, a maksymalny 3,5L. Grza\u0142ka o&nbsp;mocy 2,0kW sterowana jest za pomoc\u0105 potencjometru umieszczonego [&hellip;]<\/p>\n","protected":false},"featured_media":21475,"template":"","meta":{"_et_pb_use_builder":"","_et_pb_old_content":"","_et_gb_content_width":""},"pwb-brand":[658],"product_brand":[],"product_cat":[447],"product_tag":[],"class_list":{"0":"post-19056","1":"product","2":"type-product","3":"status-publish","4":"has-post-thumbnail","6":"pwb-brand-yato","7":"product_cat-frytownice-gastronomiczne","9":"first","10":"instock","11":"taxable","12":"shipping-taxable","13":"purchasable","14":"product-type-simple"},"brands":[{"id":658,"name":"Yato","slug":"yato"}],"_links":{"self":[{"href":"https:\/\/www.multifrigo.pl\/sklep\/wp-json\/wp\/v2\/product\/19056","targetHints":{"allow":["GET"]}}],"collection":[{"href":"https:\/\/www.multifrigo.pl\/sklep\/wp-json\/wp\/v2\/product"}],"about":[{"href":"https:\/\/www.multifrigo.pl\/sklep\/wp-json\/wp\/v2\/types\/product"}],"wp:featuredmedia":[{"embeddable":true,"href":"https:\/\/www.multifrigo.pl\/sklep\/wp-json\/wp\/v2\/media\/21475"}],"wp:attachment":[{"href":"https:\/\/www.multifrigo.pl\/sklep\/wp-json\/wp\/v2\/media?parent=19056"}],"wp:term":[{"taxonomy":"pwb-brand","embeddable":true,"href":"https:\/\/www.multifrigo.pl\/sklep\/wp-json\/wp\/v2\/pwb-brand?post=19056"},{"taxonomy":"product_brand","embeddable":true,"href":"https:\/\/www.multifrigo.pl\/sklep\/wp-json\/wp\/v2\/product_brand?post=19056"},{"taxonomy":"product_cat","embeddable":true,"href":"https:\/\/www.multifrigo.pl\/sklep\/wp-json\/wp\/v2\/product_cat?post=19056"},{"taxonomy":"product_tag","embeddable":true,"href":"https:\/\/www.multifrigo.pl\/sklep\/wp-json\/wp\/v2\/product_tag?post=19056"}],"curies":[{"name":"wp","href":"https:\/\/api.w.org\/{rel}","templated":true}]}}