{"id":19072,"date":"2024-07-05T13:01:49","date_gmt":"2024-07-05T13:01:49","guid":{"rendered":"https:\/\/multifrigo.pl\/sklep\/?post_type=product&#038;p=19072"},"modified":"2025-10-09T12:58:19","modified_gmt":"2025-10-09T12:58:19","slug":"smazalnik-23l-6kw-yato-yg-04640","status":"publish","type":"product","link":"https:\/\/www.multifrigo.pl\/sklep\/produkt\/smazalnik-23l-6kw-yato-yg-04640\/","title":{"rendered":"SMA\u017bALNIK 23L 6KW | Yato YG-04640"},"content":{"rendered":"<div id=\"piktogram_container\"><img loading=\"lazy\" decoding=\"async\" class=\"piktogram\" src=\"https:\/\/pim.toya.pl\/piktogramy\/W_kW\/image-thumb__322939__Sklep_pikto\/6000_W.png\" width=\"64\" height=\"64\" alt=\"\"><img loading=\"lazy\" decoding=\"async\" class=\"piktogram\" src=\"https:\/\/pim.toya.pl\/piktogramy\/L_ml\/image-thumb__51409__Sklep_pikto\/23_L.png\" width=\"64\" height=\"64\" alt=\"\"><img loading=\"lazy\" decoding=\"async\" class=\"piktogram\" src=\"https:\/\/pim.toya.pl\/piktogramy\/PICTURE_PARAMETER\/image-thumb__322938__Sklep_pikto\/BASKET_490x280x100_mm.png\" width=\"64\" height=\"64\" alt=\"\"><img loading=\"lazy\" decoding=\"async\" class=\"piktogram\" src=\"https:\/\/pim.toya.pl\/piktogramy\/TEMPERATURE\/image-thumb__57261__Sklep_pikto\/TEMP_60-200_C.png\" width=\"64\" height=\"64\" alt=\"\"><img loading=\"lazy\" decoding=\"async\" class=\"piktogram\" src=\"https:\/\/pim.toya.pl\/piktogramy\/mm\/image-thumb__322990__Sklep_pikto\/570x580x340_mm.png\" width=\"64\" height=\"64\" alt=\"\"><img loading=\"lazy\" decoding=\"async\" class=\"piktogram\" src=\"https:\/\/pim.toya.pl\/piktogramy\/MATERIALS\/image-thumb__65053__Sklep_pikto\/SS.png\" width=\"64\" height=\"64\" alt=\"\"><img loading=\"lazy\" decoding=\"async\" class=\"piktogram\" src=\"https:\/\/pim.toya.pl\/piktogramy\/WORDS_DESCRIPTION_PARAMETER\/image-thumb__93408__Sklep_pikto\/PC_PANEL_COVER.png\" width=\"64\" height=\"64\" alt=\"\"><img loading=\"lazy\" decoding=\"async\" class=\"piktogram\" src=\"https:\/\/pim.toya.pl\/piktogramy\/WORDS_DESCRIPTION\/image-thumb__93412__Sklep_pikto\/COLD_AREA.png\" width=\"64\" height=\"64\" alt=\"\"><img loading=\"lazy\" decoding=\"async\" class=\"piktogram\" src=\"https:\/\/pim.toya.pl\/piktogramy\/WORDS_DESCRIPTION\/image-thumb__93425__Sklep_pikto\/DRAINING_TAP.png\" width=\"64\" height=\"64\" alt=\"\"><\/div>\n<p>Sma\u017calnik z kranikiem o <strong>pojemno\u015bci 23L<\/strong> marki <strong>YATO<\/strong> <strong>YG-04640.<\/strong><\/p>\n<p>Sma\u017calnik <strong>YATO<\/strong> jest urz\u0105dzeniem szczeg\u00f3lnie przydatnym do sma\u017cenia w g\u0142\u0119bokim t\u0142uszczu:<\/p>\n<ul>\n<li>ryb,<\/li>\n<li>p\u0105czk\u00f3w,<\/li>\n<li>mi\u0119sa,<\/li>\n<li>krokiet\u00f3w,<\/li>\n<li>warzyw.<\/li>\n<\/ul>\n<p>Zbiornik frytownicy ma <strong>maksymaln\u0105 pojemno\u015b\u0107 wlewcz\u0105 30L<\/strong>. Natomiast minimalny poziom oleju wynosi 17L, a maksymalny 23L.<\/p>\n<p>Grza\u0142ka o&nbsp;mocy <strong>6,0kW<\/strong> sterowana jest za pomoc\u0105 <strong>potencjometru<\/strong> umieszczonego na panelu steruj\u0105cym. Mo\u017cliwe jest ustawienie temperatury pracy w zakresie <strong>60~200\u2103<\/strong>. Zainstalowane <strong>bryzgoszczelny wy\u0142\u0105cznik<\/strong> pozwala na wy\u0142\u0105czenie urz\u0105dzenia, bez konieczno\u015bci od\u0142\u0105czania kabla zasilaj\u0105cego z sieci. <strong>Wyjmowana grza\u0142ka<\/strong> ma mo\u017cliwo\u015b\u0107 powieszenia jej na specjalnym uchwycie w pozycji, w kt\u00f3rej \u015bciekaj\u0105cy <strong>olej trafia z powrtotem do zbiornika<\/strong>. Sma\u017calnik posiada<strong> dodatkowe zbezpieczenie<\/strong>, kt\u00f3re automatycznie wy\u0142\u0105cza grza\u0142k\u0119 w momencie wyci\u0105gni\u0119cia jej ze zbiornika. Dodatkowe zabezpieczenie chroni j\u0105 przed przegrzaniem, przy temperaturze powy\u017cej&nbsp;<strong>260\u2103<\/strong>.<\/p>\n<p>Szczeg\u00f3lnie przydatn\u0105 cech\u0105 sma\u017calnika <strong>YATO<\/strong> jest zastosowanie tak zwanej <strong>&#8222;zimnej strefy&#8221;<\/strong> czyli odt\u0119powi pomi\u0119dzy&nbsp;grza\u0142k\u0105 a dnem zbiornika. Funkcja ta wykorzystuje zjawisko, polegaj\u0105ce na tym, \u017ce ciep\u0142o wytwarzane przez grza\u0142k\u0119 unosi si\u0119 do g\u00f3ry ogrzewaj\u0105c olej. Natomiast pod grza\u0142k\u0105 temperatura oleju jest ni\u017csza. Dzi\u0119ki temu&nbsp;okruchy i resztki jedzenia opadaj\u0105c na dno zbiornika przechowywane s\u0105 w oleju o ni\u017cszej temperaturze i nie przypalaj\u0105 si\u0119.<\/p>\n<p>Dodatkowo sma\u017calnik <strong>YATO<\/strong> posiada <strong>kranik spustowy<\/strong>, kt\u00f3ry umo\u017cliwia spuszczenie oleju ze zbiornika. Jest to szczeg\u00f3lnie przydatna funkcja, dzi\u0119ki kt\u00f3rej wymiana oleju odbywa si\u0119 bardzo szybko. Poza tym umo\u017cliwia zlanie starego oleju bezpo\u015brednio do kanistra, minimalizuj\u0105 w ten spos\u00f3b ryzyko rozlania go.<\/p>\n<p>Zar\u00f3wno obudowa, jak i pokrywka b\u0119d\u0105ca na wyposa\u017ceniu frytownicy, wykonane s\u0105 z wysokiej jako\u015bci<strong> stali nierdzewnej<\/strong>. Dzi\u0119ki temu sma\u017calnik jest&nbsp;szybki w czyszczeniu i utrzymaniu w czysto\u015bci.<\/p>\n<p>Sma\u017calnik <strong>YATO<\/strong> posiada <strong>bardzo wytrzyma\u0142y kosz<\/strong> o wymiarze <strong>490x280x100mm<\/strong> z bocznymi uchwytami. Natomiast specjalne zaczepy umo\u017cliwiaj\u0105 powieszenie kosza bezpo\u015brednio nad zbiornikiem, minimalizuj\u0105c ryzyko zachlapania olejem blatu roboczego. Dzi\u0119ki temu znacznie zwi\u0119ksza si\u0119 czysto\u015b\u0107 stanowiska pracy i minimalizuje czas potrzebny na czyszczenie. Dodatkowo sma\u017calnik posiada boczny ociekacz, na kt\u00f3rym mo\u017cna odstawi\u0107 do ostygni\u0119cia i ociekni\u0119cia usma\u017cone produkty.<\/p>\n<p>Sma\u017calnik, zasilany pr\u0105dem o napi\u0119ciu <strong>380~400V<\/strong> ma wymiary <strong>570x580x340mm<\/strong> i wa\u017cy <strong>14,0kg.<\/strong><\/p>\n","protected":false},"excerpt":{"rendered":"<p>Sma\u017calnik z kranikiem o pojemno\u015bci 23L marki YATO YG-04640. Sma\u017calnik YATO jest urz\u0105dzeniem szczeg\u00f3lnie przydatnym do sma\u017cenia w g\u0142\u0119bokim t\u0142uszczu: ryb, p\u0105czk\u00f3w, mi\u0119sa, krokiet\u00f3w, warzyw. Zbiornik frytownicy ma maksymaln\u0105 pojemno\u015b\u0107 wlewcz\u0105 30L. Natomiast minimalny poziom oleju wynosi 17L, a maksymalny 23L. Grza\u0142ka o&nbsp;mocy 6,0kW sterowana jest za pomoc\u0105 potencjometru umieszczonego na panelu steruj\u0105cym. Mo\u017cliwe jest [&hellip;]<\/p>\n","protected":false},"featured_media":21668,"template":"","meta":{"_et_pb_use_builder":"","_et_pb_old_content":"","_et_gb_content_width":""},"pwb-brand":[658],"product_brand":[],"product_cat":[447],"product_tag":[],"class_list":{"0":"post-19072","1":"product","2":"type-product","3":"status-publish","4":"has-post-thumbnail","6":"pwb-brand-yato","7":"product_cat-frytownice-gastronomiczne","9":"first","10":"instock","11":"taxable","12":"shipping-taxable","13":"purchasable","14":"product-type-simple"},"brands":[{"id":658,"name":"Yato","slug":"yato"}],"_links":{"self":[{"href":"https:\/\/www.multifrigo.pl\/sklep\/wp-json\/wp\/v2\/product\/19072","targetHints":{"allow":["GET"]}}],"collection":[{"href":"https:\/\/www.multifrigo.pl\/sklep\/wp-json\/wp\/v2\/product"}],"about":[{"href":"https:\/\/www.multifrigo.pl\/sklep\/wp-json\/wp\/v2\/types\/product"}],"wp:featuredmedia":[{"embeddable":true,"href":"https:\/\/www.multifrigo.pl\/sklep\/wp-json\/wp\/v2\/media\/21668"}],"wp:attachment":[{"href":"https:\/\/www.multifrigo.pl\/sklep\/wp-json\/wp\/v2\/media?parent=19072"}],"wp:term":[{"taxonomy":"pwb-brand","embeddable":true,"href":"https:\/\/www.multifrigo.pl\/sklep\/wp-json\/wp\/v2\/pwb-brand?post=19072"},{"taxonomy":"product_brand","embeddable":true,"href":"https:\/\/www.multifrigo.pl\/sklep\/wp-json\/wp\/v2\/product_brand?post=19072"},{"taxonomy":"product_cat","embeddable":true,"href":"https:\/\/www.multifrigo.pl\/sklep\/wp-json\/wp\/v2\/product_cat?post=19072"},{"taxonomy":"product_tag","embeddable":true,"href":"https:\/\/www.multifrigo.pl\/sklep\/wp-json\/wp\/v2\/product_tag?post=19072"}],"curies":[{"name":"wp","href":"https:\/\/api.w.org\/{rel}","templated":true}]}}