{"id":19074,"date":"2024-07-05T13:01:49","date_gmt":"2024-07-05T13:01:49","guid":{"rendered":"https:\/\/multifrigo.pl\/sklep\/?post_type=product&#038;p=19074"},"modified":"2025-10-09T12:58:20","modified_gmt":"2025-10-09T12:58:20","slug":"nalesnikarka-400mm-yato-yg-04680","status":"publish","type":"product","link":"https:\/\/www.multifrigo.pl\/sklep\/produkt\/nalesnikarka-400mm-yato-yg-04680\/","title":{"rendered":"NALE\u015aNIKARKA 400MM | Yato YG-04680"},"content":{"rendered":"<div id=\"piktogram_container\"><img loading=\"lazy\" decoding=\"async\" class=\"piktogram\" src=\"https:\/\/pim.toya.pl\/piktogramy\/W_kW\/image-thumb__53096__Sklep_pikto\/3000_W.png\" width=\"64\" height=\"64\" alt=\"\"><img loading=\"lazy\" decoding=\"async\" class=\"piktogram\" src=\"https:\/\/pim.toya.pl\/piktogramy\/mm\/image-thumb__94369__Sklep_pikto\/450x470x220_mm.png\" width=\"64\" height=\"64\" alt=\"\"><img loading=\"lazy\" decoding=\"async\" class=\"piktogram\" src=\"https:\/\/pim.toya.pl\/piktogramy\/DIAMETER\/image-thumb__51023__Sklep_pikto\/400_mm_DIAMETER.png\" width=\"64\" height=\"64\" alt=\"\"><img loading=\"lazy\" decoding=\"async\" class=\"piktogram\" src=\"https:\/\/pim.toya.pl\/piktogramy\/TEMPERATURE\/image-thumb__57257__Sklep_pikto\/TEMP_50-300_C.png\" width=\"64\" height=\"64\" alt=\"\"><img loading=\"lazy\" decoding=\"async\" class=\"piktogram\" src=\"https:\/\/pim.toya.pl\/piktogramy\/MATERIALS\/image-thumb__60904__Sklep_pikto\/PTFE.png\" width=\"64\" height=\"64\" alt=\"\"><img loading=\"lazy\" decoding=\"async\" class=\"piktogram\" src=\"https:\/\/pim.toya.pl\/piktogramy\/MATERIALS\/image-thumb__65053__Sklep_pikto\/SS.png\" width=\"64\" height=\"64\" alt=\"\"><\/div>\n<p>Nale\u015bnikarka o mocy <strong>3,0kW i \u015brednicy 400mm<\/strong> marki <strong>YATO YG-04680<\/strong>.<\/p>\n<p>P\u0142aska, okr\u0105g\u0142a<strong> p\u0142yta grzewcza o \u015brednicy 400mm pokryta pow\u0142ok\u0105 nieprzywieraj\u0105c\u0105<\/strong> r&oacute;wnomiernie rozprowadza ciep\u0142o na ca\u0142ej swojej powierzchni, dzi\u0119ki czemu idealnie nadaje si\u0119 do przygotowywania odpowiednio wysma\u017conych plack&oacute;w czy nale\u015bnik&oacute;w.<\/p>\n<p>Grza\u0142ka o mocy <strong>3,0kW<\/strong> posiada sterowanie za pomoc\u0105 <strong>potencjometru z regulacj\u0105 temperatury<\/strong> pracy w zakresie <strong>50~300&ordm;C<\/strong>, kt&oacute;ry umieszczony jest na panelu frontowym. Obok umieszczony jest <strong>bryzgoszczelny wy\u0142\u0105cznik<\/strong>, kt&oacute;ry umo\u017cliwia wy\u0142\u0105czenie urz\u0105dzenia, bez konieczno\u015bci od\u0142\u0105czania przewodu zasilaj\u0105cego z sieci. Nale\u015bnikarka&nbsp; zasilana jest pr\u0105dem <strong>230V~50Hz. <\/strong>Wbudowany <strong>bezpiecznik zapobiega przed przegrzaniem si\u0119 urz\u0105dzenia.<\/strong><\/p>\n<p>Nale\u015bnikarka o wymiarach <strong>450x470x220mm<\/strong> wa\u017cy <strong>13,0kg<\/strong>. Jej obudowa wykonana jest z wysokiej jako\u015bci<strong> stali nierdzewnej<\/strong>. Dzi\u0119ki temu urz\u0105dzenie jest&nbsp;szybkie w czyszczeniu i utrzymaniu w czysto\u015bci. Dodatkowo z przodu znajduje si\u0119 <strong>wyjmowana szuflada<\/strong>, kt&oacute;r\u0105 mo\u017cna \u0142atwo wyci\u0105gn\u0105\u0107 do&nbsp;mycia.<\/p>\n<p>Pod spodem urz\u0105dzenia s\u0105 <strong>cztery n&oacute;\u017cki anty-po\u015blizgowe<\/strong>, zapewniaj\u0105ce stabiln\u0105 pozycj\u0119&nbsp;na blacie. W zestawie jest tak\u017ce drewniana szpatu\u0142a do r&oacute;wnomiernego rozprowadzania ciasta na p\u0142ycie grzewczej. Nale\u015bnikarka zasilana jest pr\u0105dem 230V ~50Hz.<\/p>\n","protected":false},"excerpt":{"rendered":"<p>Nale\u015bnikarka o mocy 3,0kW i \u015brednicy 400mm marki YATO YG-04680. P\u0142aska, okr\u0105g\u0142a p\u0142yta grzewcza o \u015brednicy 400mm pokryta pow\u0142ok\u0105 nieprzywieraj\u0105c\u0105 r&oacute;wnomiernie rozprowadza ciep\u0142o na ca\u0142ej swojej powierzchni, dzi\u0119ki czemu idealnie nadaje si\u0119 do przygotowywania odpowiednio wysma\u017conych plack&oacute;w czy nale\u015bnik&oacute;w. Grza\u0142ka o mocy 3,0kW posiada sterowanie za pomoc\u0105 potencjometru z regulacj\u0105 temperatury pracy w zakresie 50~300&ordm;C, [&hellip;]<\/p>\n","protected":false},"featured_media":21696,"template":"","meta":{"_et_pb_use_builder":"","_et_pb_old_content":"","_et_gb_content_width":""},"pwb-brand":[658],"product_brand":[],"product_cat":[452],"product_tag":[],"class_list":{"0":"post-19074","1":"product","2":"type-product","3":"status-publish","4":"has-post-thumbnail","6":"pwb-brand-yato","7":"product_cat-nalesnikarki","9":"first","10":"instock","11":"taxable","12":"shipping-taxable","13":"purchasable","14":"product-type-simple"},"brands":[{"id":658,"name":"Yato","slug":"yato"}],"_links":{"self":[{"href":"https:\/\/www.multifrigo.pl\/sklep\/wp-json\/wp\/v2\/product\/19074","targetHints":{"allow":["GET"]}}],"collection":[{"href":"https:\/\/www.multifrigo.pl\/sklep\/wp-json\/wp\/v2\/product"}],"about":[{"href":"https:\/\/www.multifrigo.pl\/sklep\/wp-json\/wp\/v2\/types\/product"}],"wp:featuredmedia":[{"embeddable":true,"href":"https:\/\/www.multifrigo.pl\/sklep\/wp-json\/wp\/v2\/media\/21696"}],"wp:attachment":[{"href":"https:\/\/www.multifrigo.pl\/sklep\/wp-json\/wp\/v2\/media?parent=19074"}],"wp:term":[{"taxonomy":"pwb-brand","embeddable":true,"href":"https:\/\/www.multifrigo.pl\/sklep\/wp-json\/wp\/v2\/pwb-brand?post=19074"},{"taxonomy":"product_brand","embeddable":true,"href":"https:\/\/www.multifrigo.pl\/sklep\/wp-json\/wp\/v2\/product_brand?post=19074"},{"taxonomy":"product_cat","embeddable":true,"href":"https:\/\/www.multifrigo.pl\/sklep\/wp-json\/wp\/v2\/product_cat?post=19074"},{"taxonomy":"product_tag","embeddable":true,"href":"https:\/\/www.multifrigo.pl\/sklep\/wp-json\/wp\/v2\/product_tag?post=19074"}],"curies":[{"name":"wp","href":"https:\/\/api.w.org\/{rel}","templated":true}]}}