{"id":19075,"date":"2024-07-05T13:01:49","date_gmt":"2024-07-05T13:01:49","guid":{"rendered":"https:\/\/multifrigo.pl\/sklep\/?post_type=product&#038;p=19075"},"modified":"2025-10-09T12:58:20","modified_gmt":"2025-10-09T12:58:20","slug":"urzadzenie-do-gotowania-ryzu-165l-yato-yg-04695","status":"publish","type":"product","link":"https:\/\/www.multifrigo.pl\/sklep\/produkt\/urzadzenie-do-gotowania-ryzu-165l-yato-yg-04695\/","title":{"rendered":"URZ\u0104DZENIE DO GOTOWANIA RY\u017bU 16,5L | Yato YG-04695"},"content":{"rendered":"<div id=\"piktogram_container\"><img loading=\"lazy\" decoding=\"async\" class=\"piktogram\" src=\"https:\/\/pim.toya.pl\/piktogramy\/POWER_SUPPLY\/image-thumb__60419__Sklep_pikto\/220-240V_50_60Hz.png\" width=\"64\" height=\"64\" alt=\"\"><img loading=\"lazy\" decoding=\"async\" class=\"piktogram\" src=\"https:\/\/pim.toya.pl\/piktogramy\/W_kW\/image-thumb__53054__Sklep_pikto\/1950_W.png\" width=\"64\" height=\"64\" alt=\"\"><img loading=\"lazy\" decoding=\"async\" class=\"piktogram\" src=\"https:\/\/pim.toya.pl\/piktogramy\/L_ml\/image-thumb__51385__Sklep_pikto\/16%2C5_L.png\" width=\"64\" height=\"64\" alt=\"\"><img loading=\"lazy\" decoding=\"async\" class=\"piktogram\" src=\"https:\/\/pim.toya.pl\/piktogramy\/mm\/image-thumb__94370__Sklep_pikto\/480x380x380_mm.png\" width=\"64\" height=\"64\" alt=\"\"><img loading=\"lazy\" decoding=\"async\" class=\"piktogram\" src=\"https:\/\/pim.toya.pl\/piktogramy\/WORDS_DESCRIPTION\/image-thumb__94374__Sklep_pikto\/ENERGY_SAVE_MODE.png\" width=\"64\" height=\"64\" alt=\"\"><img loading=\"lazy\" decoding=\"async\" class=\"piktogram\" src=\"https:\/\/pim.toya.pl\/piktogramy\/WORDS_DESCRIPTION\/image-thumb__94376__Sklep_pikto\/COOKING_AND_WARMING_DIODES.png\" width=\"64\" height=\"64\" alt=\"\"><img loading=\"lazy\" decoding=\"async\" class=\"piktogram\" src=\"https:\/\/pim.toya.pl\/piktogramy\/WORDS_DESCRIPTION\/image-thumb__68664__Sklep_pikto\/NON-STICK_COATING.png\" width=\"64\" height=\"64\" alt=\"\"><img loading=\"lazy\" decoding=\"async\" class=\"piktogram\" src=\"https:\/\/pim.toya.pl\/piktogramy\/MATERIALS\/image-thumb__60786__Sklep_pikto\/ABS.png\" width=\"64\" height=\"64\" alt=\"\"><img loading=\"lazy\" decoding=\"async\" class=\"piktogram\" src=\"https:\/\/pim.toya.pl\/piktogramy\/MATERIALS\/image-thumb__65053__Sklep_pikto\/SS.png\" width=\"64\" height=\"64\" alt=\"\"><\/div>\n<p>Urz\u0105dzenie do gotowania ry\u017cu o pojemno\u015bci <strong>16,5L<\/strong> marki <strong>YATO<\/strong>.<\/p>\n<p>Specjalistyczne urz\u0105dzenie do <strong>gotowania ry\u017cu<\/strong> z funkcj\u0105 <strong>podtrzymania ciep\u0142a<\/strong>. Polecane jest szczeg&oacute;lnie do restauracji serwuj\u0105cych sushi lub inne dania z ry\u017cu, firm cateringowych oraz plac&oacute;wek zbiorowego \u017cywienia.<br \/>Urz\u0105dzenie posiada funkcj\u0119, dzi\u0119ki kt&oacute;rej po zako\u0144czeniu gotowania automatycznie przechodzi w <strong>tryb podtrzymania ciep\u0142a<\/strong>. Pozwala to przez <strong>kilka godzin<\/strong> utrzyma\u0107 wysok\u0105 temperatur\u0119 ry\u017cu. Jest to szczeg&oacute;lnie przydatne w restauracjach, kt&oacute;re stopniowo wydaj\u0105 potrawy, nie musz\u0105 bowiem kilkakrotnie gotowa\u0107 ry\u017cu, co stanowi du\u017c\u0105 oszcz\u0119dno\u015b\u0107 czasu, pracy i minimalizuje koszty.<br \/>Urz\u0105dzenie ma <strong>pojemno\u015b\u0107 rzeczywist\u0105 16,5L.<\/strong> Umo\u017cliwia to za\u0142adunek<strong> 5,5L suchego ry\u017cu<\/strong>, co stanowi<strong> 30 porcji<\/strong> (po 180ml).<br \/>Zbiornik na ry\u017c o<strong> \u015brednicy 320mm<\/strong> i <strong>wysoko\u015bci 210mm<\/strong> posiada <strong>wyt\u0142oczon\u0105 skal\u0119<\/strong>, dzi\u0119ki kt&oacute;rej wida\u0107 ile znajduje si\u0119 w nim ry\u017cu. Ponadto&nbsp;jego powierzchnia wewn\u0119trzna ma&nbsp;<strong>pow\u0142ok\u0119 nieprzywieraj\u0105c\u0105<\/strong>, co znacznie u\u0142atwia i przyspiesza jego czyszczenie. Dodatkowo w zestawie znajduje si\u0119 specjalna silikonowa<strong> mata zabezpieczaj\u0105ca<\/strong> przed przypaleniem i przywieraniem ry\u017cu do dna.<br \/>Urz\u0105dzenie ma <strong>wbudowany czujnik<\/strong> zabezpieczaj\u0105cy przed prac\u0105 bez zbiornika. Dodatkowo zainstalowany jest wyjmowany <strong>pojemnik na skropliny<\/strong>.<br \/>Wysokej jako\u015bci <strong>obudowa ze stali nierdzewnej<\/strong> oraz <strong>r\u0119koje\u015bci i zamkni\u0119cia<\/strong> wykonane z mocnego, wytrzyma\u0142ego <strong>ABS<\/strong> gwarantuj\u0105 d\u0142igotrwa\u0142e u\u017cytkowanie.<br \/><strong>W zestawie<\/strong> znajdu\u0105 si\u0119:<\/p>\n<ul>\n<li>mata zabezpieczaj\u0105ca przed przypaleniem<\/li>\n<li>miarka do ry\u017cu<\/li>\n<li>\u0142y\u017cka do nak\u0142adania<\/li>\n<li>\u0142opatka do mieszania<\/li>\n<\/ul>\n","protected":false},"excerpt":{"rendered":"<p>Urz\u0105dzenie do gotowania ry\u017cu o pojemno\u015bci 16,5L marki YATO. Specjalistyczne urz\u0105dzenie do gotowania ry\u017cu z funkcj\u0105 podtrzymania ciep\u0142a. Polecane jest szczeg&oacute;lnie do restauracji serwuj\u0105cych sushi lub inne dania z ry\u017cu, firm cateringowych oraz plac&oacute;wek zbiorowego \u017cywienia.Urz\u0105dzenie posiada funkcj\u0119, dzi\u0119ki kt&oacute;rej po zako\u0144czeniu gotowania automatycznie przechodzi w tryb podtrzymania ciep\u0142a. Pozwala to przez kilka godzin utrzyma\u0107 [&hellip;]<\/p>\n","protected":false},"featured_media":21704,"template":"","meta":{"_et_pb_use_builder":"","_et_pb_old_content":"","_et_gb_content_width":""},"pwb-brand":[658],"product_brand":[],"product_cat":[451],"product_tag":[],"class_list":{"0":"post-19075","1":"product","2":"type-product","3":"status-publish","4":"has-post-thumbnail","6":"pwb-brand-yato","7":"product_cat-urzadzenia-do-gotowania-ryzu","9":"first","10":"instock","11":"taxable","12":"shipping-taxable","13":"purchasable","14":"product-type-simple"},"brands":[{"id":658,"name":"Yato","slug":"yato"}],"_links":{"self":[{"href":"https:\/\/www.multifrigo.pl\/sklep\/wp-json\/wp\/v2\/product\/19075","targetHints":{"allow":["GET"]}}],"collection":[{"href":"https:\/\/www.multifrigo.pl\/sklep\/wp-json\/wp\/v2\/product"}],"about":[{"href":"https:\/\/www.multifrigo.pl\/sklep\/wp-json\/wp\/v2\/types\/product"}],"wp:featuredmedia":[{"embeddable":true,"href":"https:\/\/www.multifrigo.pl\/sklep\/wp-json\/wp\/v2\/media\/21704"}],"wp:attachment":[{"href":"https:\/\/www.multifrigo.pl\/sklep\/wp-json\/wp\/v2\/media?parent=19075"}],"wp:term":[{"taxonomy":"pwb-brand","embeddable":true,"href":"https:\/\/www.multifrigo.pl\/sklep\/wp-json\/wp\/v2\/pwb-brand?post=19075"},{"taxonomy":"product_brand","embeddable":true,"href":"https:\/\/www.multifrigo.pl\/sklep\/wp-json\/wp\/v2\/product_brand?post=19075"},{"taxonomy":"product_cat","embeddable":true,"href":"https:\/\/www.multifrigo.pl\/sklep\/wp-json\/wp\/v2\/product_cat?post=19075"},{"taxonomy":"product_tag","embeddable":true,"href":"https:\/\/www.multifrigo.pl\/sklep\/wp-json\/wp\/v2\/product_tag?post=19075"}],"curies":[{"name":"wp","href":"https:\/\/api.w.org\/{rel}","templated":true}]}}