{"id":19080,"date":"2024-07-05T13:01:51","date_gmt":"2024-07-05T13:01:51","guid":{"rendered":"https:\/\/multifrigo.pl\/sklep\/?post_type=product&#038;p=19080"},"modified":"2025-10-09T12:58:23","modified_gmt":"2025-10-09T12:58:23","slug":"kulki-izolacyjne-do-gotowania-sous-vide100szt-yato-yg-04735","status":"publish","type":"product","link":"https:\/\/www.multifrigo.pl\/sklep\/produkt\/kulki-izolacyjne-do-gotowania-sous-vide100szt-yato-yg-04735\/","title":{"rendered":"KULKI IZOLACYJNE DO GOTOWANIA SOUS VIDE100SZT | Yato YG-04735"},"content":{"rendered":"<div id=\"piktogram_container\"><img loading=\"lazy\" decoding=\"async\" class=\"piktogram\" src=\"https:\/\/pim.toya.pl\/piktogramy\/PCS\/image-thumb__52842__Sklep_pikto\/100_PCS.png\" width=\"64\" height=\"64\" alt=\"\"><img loading=\"lazy\" decoding=\"async\" class=\"piktogram\" src=\"https:\/\/pim.toya.pl\/piktogramy\/DIAMETER\/image-thumb__50975__Sklep_pikto\/20_mm_DIAMETER.png\" width=\"64\" height=\"64\" alt=\"\"><\/div>\n<p><strong>Kulki izolacyjne<\/strong> do gotowania sous vide. Unosz\u0105c si\u0119 na powierzchni wody w naczyniu do sous vide, <strong>tworz\u0105 pow\u0142ok\u0119 izolacyjn\u0105<\/strong> zmniejszaj\u0105c\u0105 odparowywanie wody. Dzi\u0119ki temu <strong>ograniczaj\u0105 straty ciep\u0142a nawet do 90%<\/strong>, podnosz\u0105 stabilno\u015b\u0107 termiczn\u0105 i zmniejszaj\u0105 zu\u017cycie energii elektrycznej.<\/p>\n<ul>\n<li>wykonane z polipropylenu<\/li>\n<li>zalecane do stosowania wraz z cyrkulatorem YG-04730<\/li>\n<\/ul>\n","protected":false},"excerpt":{"rendered":"<p>Kulki izolacyjne do gotowania sous vide. Unosz\u0105c si\u0119 na powierzchni wody w naczyniu do sous vide, tworz\u0105 pow\u0142ok\u0119 izolacyjn\u0105 zmniejszaj\u0105c\u0105 odparowywanie wody. Dzi\u0119ki temu ograniczaj\u0105 straty ciep\u0142a nawet do 90%, podnosz\u0105 stabilno\u015b\u0107 termiczn\u0105 i zmniejszaj\u0105 zu\u017cycie energii elektrycznej. wykonane z polipropylenu zalecane do stosowania wraz z cyrkulatorem YG-04730<\/p>\n","protected":false},"featured_media":21755,"template":"","meta":{"_et_pb_use_builder":"","_et_pb_old_content":"","_et_gb_content_width":""},"pwb-brand":[658],"product_brand":[],"product_cat":[414],"product_tag":[],"class_list":{"0":"post-19080","1":"product","2":"type-product","3":"status-publish","4":"has-post-thumbnail","6":"pwb-brand-yato","7":"product_cat-urzadzenia-do-sous-vide","9":"first","10":"instock","11":"taxable","12":"shipping-taxable","13":"purchasable","14":"product-type-simple"},"brands":[{"id":658,"name":"Yato","slug":"yato"}],"_links":{"self":[{"href":"https:\/\/www.multifrigo.pl\/sklep\/wp-json\/wp\/v2\/product\/19080","targetHints":{"allow":["GET"]}}],"collection":[{"href":"https:\/\/www.multifrigo.pl\/sklep\/wp-json\/wp\/v2\/product"}],"about":[{"href":"https:\/\/www.multifrigo.pl\/sklep\/wp-json\/wp\/v2\/types\/product"}],"wp:featuredmedia":[{"embeddable":true,"href":"https:\/\/www.multifrigo.pl\/sklep\/wp-json\/wp\/v2\/media\/21755"}],"wp:attachment":[{"href":"https:\/\/www.multifrigo.pl\/sklep\/wp-json\/wp\/v2\/media?parent=19080"}],"wp:term":[{"taxonomy":"pwb-brand","embeddable":true,"href":"https:\/\/www.multifrigo.pl\/sklep\/wp-json\/wp\/v2\/pwb-brand?post=19080"},{"taxonomy":"product_brand","embeddable":true,"href":"https:\/\/www.multifrigo.pl\/sklep\/wp-json\/wp\/v2\/product_brand?post=19080"},{"taxonomy":"product_cat","embeddable":true,"href":"https:\/\/www.multifrigo.pl\/sklep\/wp-json\/wp\/v2\/product_cat?post=19080"},{"taxonomy":"product_tag","embeddable":true,"href":"https:\/\/www.multifrigo.pl\/sklep\/wp-json\/wp\/v2\/product_tag?post=19080"}],"curies":[{"name":"wp","href":"https:\/\/api.w.org\/{rel}","templated":true}]}}