{"id":19086,"date":"2024-07-05T13:01:53","date_gmt":"2024-07-05T13:01:53","guid":{"rendered":"https:\/\/multifrigo.pl\/sklep\/?post_type=product&#038;p=19086"},"modified":"2025-10-09T12:58:25","modified_gmt":"2025-10-09T12:58:25","slug":"witryna-chlodnicza-100l-68x45x67-czarna-yato-yg-05020","status":"publish","type":"product","link":"https:\/\/www.multifrigo.pl\/sklep\/produkt\/witryna-chlodnicza-100l-68x45x67-czarna-yato-yg-05020\/","title":{"rendered":"WITRYNA CH\u0141ODNICZA 100L 68X45X67 CZARNA | Yato YG-05020"},"content":{"rendered":"<div id=\"piktogram_container\"><img loading=\"lazy\" decoding=\"async\" class=\"piktogram\" src=\"https:\/\/pim.toya.pl\/piktogramy\/W_kW\/image-thumb__53039__Sklep_pikto\/160_W.png\" width=\"64\" height=\"64\" alt=\"\"><img loading=\"lazy\" decoding=\"async\" class=\"piktogram\" src=\"https:\/\/pim.toya.pl\/piktogramy\/mm\/image-thumb__94751__Sklep_pikto\/682x450x675_mm.png\" width=\"64\" height=\"64\" alt=\"\"><img loading=\"lazy\" decoding=\"async\" class=\"piktogram\" src=\"https:\/\/pim.toya.pl\/piktogramy\/TEMPERATURE\/image-thumb__94989__Sklep_pikto\/TEMP_0-12_C.png\" width=\"64\" height=\"64\" alt=\"\"><img loading=\"lazy\" decoding=\"async\" class=\"piktogram\" src=\"https:\/\/pim.toya.pl\/piktogramy\/L_ml\/image-thumb__51358__Sklep_pikto\/100_L.png\" width=\"64\" height=\"64\" alt=\"\"><img loading=\"lazy\" decoding=\"async\" class=\"piktogram\" src=\"https:\/\/pim.toya.pl\/piktogramy\/WORDS_DESCRIPTION\/image-thumb__94689__Sklep_pikto\/AUTOMATIC_DEFROST.png\" width=\"64\" height=\"64\" alt=\"\"><img loading=\"lazy\" decoding=\"async\" class=\"piktogram\" src=\"https:\/\/pim.toya.pl\/piktogramy\/WORDS_DESCRIPTION\/image-thumb__94914__Sklep_pikto\/DIGITAL_TEMPERATURE_CONTROL.png\" width=\"64\" height=\"64\" alt=\"\"><img loading=\"lazy\" decoding=\"async\" class=\"piktogram\" src=\"https:\/\/pim.toya.pl\/piktogramy\/WORDS_DESCRIPTION\/image-thumb__58977__Sklep_pikto\/LED_LIGHTING.png\" width=\"64\" height=\"64\" alt=\"\"><img loading=\"lazy\" decoding=\"async\" class=\"piktogram\" src=\"https:\/\/pim.toya.pl\/piktogramy\/WORDS_DESCRIPTION\/image-thumb__94985__Sklep_pikto\/ADJUSTABLE_SHELVES.png\" width=\"64\" height=\"64\" alt=\"\"><img loading=\"lazy\" decoding=\"async\" class=\"piktogram\" src=\"https:\/\/pim.toya.pl\/piktogramy\/GASTRO\/image-thumb__94799__Sklep_pikto\/R600a.png\" width=\"64\" height=\"64\" alt=\"\"><\/div>\n<p><strong>Witryna ch\u0142odnicza YATO nastawna o pojemno\u015bci 100L w kolorze czarnym.<\/strong><\/p>\n<p>Witryna ch\u0142odnicza marki YATO przeznaczona jest do ekspozycji ciast, tort\u00f3w, koktajli czy r\u00f3\u017cnego rodzaju napoj\u00f3w. Nowoczesne wzornictwo po\u0142\u0105czone z wysok\u0105 jako\u015bci\u0105 surowc\u00f3w powoduj\u0119, \u017ce witryna ch\u0142odnicza YATO doskonale prezentuje si\u0119 na froncie we wszelkiego typu cukierniach, kawiarniach, restauracjach czy punktach handlowych. Dodatkowo zainstalowane <strong>o\u015bwietlenie LED<\/strong> eksponuje prezentowane potrawy w bardzo atrakcyjny spos\u00f3b zach\u0119caj\u0105c klient\u00f3w do ich wyboru.<\/p>\n<p>Nadstawka ch\u0142odnicza YATO ma pojemno\u015b\u0107 100L i posiada <strong>dwie powlekane p\u00f3\u0142ki o regulowanej wysoko\u015bci<\/strong>. Dost\u0119p do nich odbywa si\u0119 za po\u015brednictwem przesuwanych drzwiczek szklanych. Wykonane s\u0105 one ze szk\u0142a hartowanego, podobnie jak <strong>panoramiczna zaokr\u0105glona szyba przednia.<\/strong> Zapewnia to du\u017c\u0105 wytrzyma\u0142o\u015b\u0107, a jednocze\u015bnie bardzo dobre w\u0142a\u015bciwo\u015bci izoluj\u0105ce.<\/p>\n<p><strong>Witryna pracuje w zakresie temperatur 0~ +12\u00b0C<\/strong> wykorzystuj\u0105c czynnik ch\u0142odniczy R600a. Natomiast zastosowana <strong>technologia ch\u0142odzenia statycznego<\/strong> z g\u00f3rn\u0105 dysz\u0105 parow\u0105 oraz <strong>funkcj\u0105 automatycznego rozmra\u017cania<\/strong> zapewniaja bardzo efektywn\u0105 prac\u0119, a jednocze\u015bnie jest energooszcz\u0119dna. \u015arednie roczne zu\u017cycie energii wynosi <strong>912 kWh<\/strong>.<strong> <\/strong>Sterowanie nadstawk\u0105 odbywa si\u0119 za pomoc\u0105 sterownika elektronicznego <strong>z wy\u015bwietlaczem temperatury.&nbsp;<\/strong><strong> <\/strong><\/p>\n","protected":false},"excerpt":{"rendered":"<p>Witryna ch\u0142odnicza YATO nastawna o pojemno\u015bci 100L w kolorze czarnym. Witryna ch\u0142odnicza marki YATO przeznaczona jest do ekspozycji ciast, tort\u00f3w, koktajli czy r\u00f3\u017cnego rodzaju napoj\u00f3w. Nowoczesne wzornictwo po\u0142\u0105czone z wysok\u0105 jako\u015bci\u0105 surowc\u00f3w powoduj\u0119, \u017ce witryna ch\u0142odnicza YATO doskonale prezentuje si\u0119 na froncie we wszelkiego typu cukierniach, kawiarniach, restauracjach czy punktach handlowych. Dodatkowo zainstalowane o\u015bwietlenie LED [&hellip;]<\/p>\n","protected":false},"featured_media":21812,"template":"","meta":{"_et_pb_use_builder":"","_et_pb_old_content":"","_et_gb_content_width":""},"pwb-brand":[658],"product_brand":[],"product_cat":[460],"product_tag":[],"class_list":{"0":"post-19086","1":"product","2":"type-product","3":"status-publish","4":"has-post-thumbnail","6":"pwb-brand-yato","7":"product_cat-witryny-chlodnicze","9":"first","10":"instock","11":"taxable","12":"shipping-taxable","13":"purchasable","14":"product-type-simple"},"brands":[{"id":658,"name":"Yato","slug":"yato"}],"_links":{"self":[{"href":"https:\/\/www.multifrigo.pl\/sklep\/wp-json\/wp\/v2\/product\/19086","targetHints":{"allow":["GET"]}}],"collection":[{"href":"https:\/\/www.multifrigo.pl\/sklep\/wp-json\/wp\/v2\/product"}],"about":[{"href":"https:\/\/www.multifrigo.pl\/sklep\/wp-json\/wp\/v2\/types\/product"}],"wp:featuredmedia":[{"embeddable":true,"href":"https:\/\/www.multifrigo.pl\/sklep\/wp-json\/wp\/v2\/media\/21812"}],"wp:attachment":[{"href":"https:\/\/www.multifrigo.pl\/sklep\/wp-json\/wp\/v2\/media?parent=19086"}],"wp:term":[{"taxonomy":"pwb-brand","embeddable":true,"href":"https:\/\/www.multifrigo.pl\/sklep\/wp-json\/wp\/v2\/pwb-brand?post=19086"},{"taxonomy":"product_brand","embeddable":true,"href":"https:\/\/www.multifrigo.pl\/sklep\/wp-json\/wp\/v2\/product_brand?post=19086"},{"taxonomy":"product_cat","embeddable":true,"href":"https:\/\/www.multifrigo.pl\/sklep\/wp-json\/wp\/v2\/product_cat?post=19086"},{"taxonomy":"product_tag","embeddable":true,"href":"https:\/\/www.multifrigo.pl\/sklep\/wp-json\/wp\/v2\/product_tag?post=19086"}],"curies":[{"name":"wp","href":"https:\/\/api.w.org\/{rel}","templated":true}]}}