{"id":19090,"date":"2024-07-05T13:01:54","date_gmt":"2024-07-05T13:01:54","guid":{"rendered":"https:\/\/multifrigo.pl\/sklep\/?post_type=product&#038;p=19090"},"modified":"2025-10-09T12:58:27","modified_gmt":"2025-10-09T12:58:27","slug":"witryna-chlodnicza-300l-65x80x144-czarna-yato-yg-05040","status":"publish","type":"product","link":"https:\/\/www.multifrigo.pl\/sklep\/produkt\/witryna-chlodnicza-300l-65x80x144-czarna-yato-yg-05040\/","title":{"rendered":"WITRYNA CH\u0141ODNICZA 300L 65X80X144 CZARNA | Yato YG-05040"},"content":{"rendered":"<div id=\"piktogram_container\"><img loading=\"lazy\" decoding=\"async\" class=\"piktogram\" src=\"https:\/\/pim.toya.pl\/piktogramy\/W_kW\/image-thumb__53126__Sklep_pikto\/450_W.png\" width=\"64\" height=\"64\" alt=\"\"><img loading=\"lazy\" decoding=\"async\" class=\"piktogram\" src=\"https:\/\/pim.toya.pl\/piktogramy\/mm\/image-thumb__94746__Sklep_pikto\/650x805x1445_mm.png\" width=\"64\" height=\"64\" alt=\"\"><img loading=\"lazy\" decoding=\"async\" class=\"piktogram\" src=\"https:\/\/pim.toya.pl\/piktogramy\/TEMPERATURE\/image-thumb__94736__Sklep_pikto\/TEMP_2-8_C.png\" width=\"64\" height=\"64\" alt=\"\"><img loading=\"lazy\" decoding=\"async\" class=\"piktogram\" src=\"https:\/\/pim.toya.pl\/piktogramy\/L_ml\/image-thumb__51427__Sklep_pikto\/300_L.png\" width=\"64\" height=\"64\" alt=\"\"><img loading=\"lazy\" decoding=\"async\" class=\"piktogram\" src=\"https:\/\/pim.toya.pl\/piktogramy\/WORDS_DESCRIPTION\/image-thumb__94689__Sklep_pikto\/AUTOMATIC_DEFROST.png\" width=\"64\" height=\"64\" alt=\"\"><img loading=\"lazy\" decoding=\"async\" class=\"piktogram\" src=\"https:\/\/pim.toya.pl\/piktogramy\/WORDS_DESCRIPTION\/image-thumb__94914__Sklep_pikto\/DIGITAL_TEMPERATURE_CONTROL.png\" width=\"64\" height=\"64\" alt=\"\"><img loading=\"lazy\" decoding=\"async\" class=\"piktogram\" src=\"https:\/\/pim.toya.pl\/piktogramy\/WORDS_DESCRIPTION\/image-thumb__58977__Sklep_pikto\/LED_LIGHTING.png\" width=\"64\" height=\"64\" alt=\"\"><img loading=\"lazy\" decoding=\"async\" class=\"piktogram\" src=\"https:\/\/pim.toya.pl\/piktogramy\/WORDS_DESCRIPTION\/image-thumb__94985__Sklep_pikto\/ADJUSTABLE_SHELVES.png\" width=\"64\" height=\"64\" alt=\"\"><img loading=\"lazy\" decoding=\"async\" class=\"piktogram\" src=\"https:\/\/pim.toya.pl\/piktogramy\/PICTURES\/image-thumb__68684__Sklep_pikto\/DOUBLE_GLASS.png\" width=\"64\" height=\"64\" alt=\"\"><img loading=\"lazy\" decoding=\"async\" class=\"piktogram\" src=\"https:\/\/pim.toya.pl\/piktogramy\/GASTRO\/image-thumb__94693__Sklep_pikto\/R290.png\" width=\"64\" height=\"64\" alt=\"\"><img loading=\"lazy\" decoding=\"async\" class=\"piktogram\" src=\"https:\/\/pim.toya.pl\/piktogramy\/BRAKE_WHEEL\/image-thumb__66051__Sklep_pikto\/4x_WHEEL_360st.png\" width=\"64\" height=\"64\" alt=\"\"><\/div>\n<p><strong>Witryna ch\u0142odnicza YATO wolnostoj\u0105ca o pojemno\u015bci 300L<\/strong> w kolorze czarnym o wymiarze 650x805x1445mm. Witryna ch\u0142odnicza marki YATO przeznaczona jest do ekspozycji ciast, tort\u00f3w, koktajli, jogurt\u00f3w czy r\u00f3\u017cnego rodzaju napoj\u00f3w orze\u017awiaj\u0105cych, a tak\u017ce sa\u0142atek czy drobnych przek\u0105sek. Nowoczesne wzornictwo po\u0142\u0105czone z wysok\u0105 jako\u015bci\u0105 surowc\u00f3w powoduj\u0119, \u017ce witryna ch\u0142odnicza YATO doskonale prezentuje si\u0119 na froncie we wszelkiego typu cukierniach, kawiarniach, restauracjach czy punktach handlowych. Dodatkowo zainstalowane <strong>o\u015bwietlenie LED<\/strong> pod spodem ka\u017cdej z p\u00f3\u0142ek eksponuje prezentowane potrawy w bardzo atrakcyjny spos\u00f3b zach\u0119caj\u0105c klient\u00f3w do ich wyboru. Witryna ch\u0142odnicza YATO ma pojemno\u015b\u0107 300L i posiada <strong>trzy p\u00f3\u0142ki szklane o regulowanej wysoko\u015bci mocowania.<\/strong> Dost\u0119p do nich odbywa si\u0119 za po\u015brednictwem otwieranych drzwiczek szklanych. Wykonane s\u0105 one z dwuwarstwowych szyb hartowanych, podobnie jak szyba frontowa i boczne. Zapewnia to du\u017c\u0105 wytrzyma\u0142o\u015b\u0107, a jednocze\u015bnie bardzo dobre w\u0142a\u015bciwo\u015bci izoluj\u0105ce. <strong>Witryna pracuje w zakresie temperatur +2~ +8\u00b0C <\/strong>wykorzystuj\u0105c czynnik ch\u0142odniczy R290. Natomiast zastosowana <strong>technologia ch\u0142odzenia powietrzem obiegowym<\/strong> oraz <strong>funkcja automatycznego rozmra\u017cania<\/strong> zapewniaj\u0105 bardzo efektywn\u0105 prac\u0119, a jednocze\u015bnie s\u0105 <strong>energooszcz\u0119dne.<\/strong> Ponad to ch\u0142odzenie obiegowe gwarantuje r\u00f3wnomierne rozprowadzenie powietrza wewn\u0105trz ca\u0142ej witryny zapewniaj\u0105c r\u00f3wn\u0105 temperatur\u0119 na ka\u017cdej p\u00f3\u0142ce.&nbsp;\u015arednie roczne zu\u017cycie energii wynosi <strong>2669 kWh<\/strong>.<strong> <\/strong> Sterowanie witryn\u0105 odbywa si\u0119 za pomoc\u0105 sterownika elektronicznego z <strong>wy\u015bwietlaczem temperatury<\/strong>. Witryna YATO o <strong>mocy 450W<\/strong> ma wymiary 650x805x1445mm. Pomimo tak du\u017cych gabaryt\u00f3w jej ustawienie w dowolnym miejscu jest bardzo \u0142atwe i wygodne. Dzi\u0119ki <strong>specjalnej konstrukcji k\u00f3\u0142ek<\/strong> witryn\u0119 mo\u017cna <strong>przestawi\u0107 bez najmniejszego wysi\u0142ku<\/strong> w wyznaczone miejsce. Natomiast wykr\u0119cane <strong>n\u00f3\u017cki stabilizuj\u0105<\/strong> witryn\u0119 oraz <strong>umo\u017cliwiaj\u0105 jej wypoziomowaniej<\/strong>.<\/p>\n<p>Kawiarnie, cukiernie, hotele, bary, punkty sprzeda\u017cy, sklepy spo\u017cywcze<\/p>\n","protected":false},"excerpt":{"rendered":"<p>Witryna ch\u0142odnicza YATO wolnostoj\u0105ca o pojemno\u015bci 300L w kolorze czarnym o wymiarze 650x805x1445mm. Witryna ch\u0142odnicza marki YATO przeznaczona jest do ekspozycji ciast, tort\u00f3w, koktajli, jogurt\u00f3w czy r\u00f3\u017cnego rodzaju napoj\u00f3w orze\u017awiaj\u0105cych, a tak\u017ce sa\u0142atek czy drobnych przek\u0105sek. Nowoczesne wzornictwo po\u0142\u0105czone z wysok\u0105 jako\u015bci\u0105 surowc\u00f3w powoduj\u0119, \u017ce witryna ch\u0142odnicza YATO doskonale prezentuje si\u0119 na froncie we wszelkiego [&hellip;]<\/p>\n","protected":false},"featured_media":21870,"template":"","meta":{"_et_pb_use_builder":"","_et_pb_old_content":"","_et_gb_content_width":""},"pwb-brand":[658],"product_brand":[],"product_cat":[460],"product_tag":[],"class_list":{"0":"post-19090","1":"product","2":"type-product","3":"status-publish","4":"has-post-thumbnail","6":"pwb-brand-yato","7":"product_cat-witryny-chlodnicze","9":"first","10":"instock","11":"taxable","12":"shipping-taxable","13":"purchasable","14":"product-type-simple"},"brands":[{"id":658,"name":"Yato","slug":"yato"}],"_links":{"self":[{"href":"https:\/\/www.multifrigo.pl\/sklep\/wp-json\/wp\/v2\/product\/19090","targetHints":{"allow":["GET"]}}],"collection":[{"href":"https:\/\/www.multifrigo.pl\/sklep\/wp-json\/wp\/v2\/product"}],"about":[{"href":"https:\/\/www.multifrigo.pl\/sklep\/wp-json\/wp\/v2\/types\/product"}],"wp:featuredmedia":[{"embeddable":true,"href":"https:\/\/www.multifrigo.pl\/sklep\/wp-json\/wp\/v2\/media\/21870"}],"wp:attachment":[{"href":"https:\/\/www.multifrigo.pl\/sklep\/wp-json\/wp\/v2\/media?parent=19090"}],"wp:term":[{"taxonomy":"pwb-brand","embeddable":true,"href":"https:\/\/www.multifrigo.pl\/sklep\/wp-json\/wp\/v2\/pwb-brand?post=19090"},{"taxonomy":"product_brand","embeddable":true,"href":"https:\/\/www.multifrigo.pl\/sklep\/wp-json\/wp\/v2\/product_brand?post=19090"},{"taxonomy":"product_cat","embeddable":true,"href":"https:\/\/www.multifrigo.pl\/sklep\/wp-json\/wp\/v2\/product_cat?post=19090"},{"taxonomy":"product_tag","embeddable":true,"href":"https:\/\/www.multifrigo.pl\/sklep\/wp-json\/wp\/v2\/product_tag?post=19090"}],"curies":[{"name":"wp","href":"https:\/\/api.w.org\/{rel}","templated":true}]}}