{"id":19102,"date":"2024-07-05T13:01:57","date_gmt":"2024-07-05T13:01:57","guid":{"rendered":"https:\/\/multifrigo.pl\/sklep\/?post_type=product&#038;p=19102"},"modified":"2025-10-09T12:58:41","modified_gmt":"2025-10-09T12:58:41","slug":"zamrazarka-chlodziarka-skrzyniowa-282l-yato-yg-05174","status":"publish","type":"product","link":"https:\/\/www.multifrigo.pl\/sklep\/produkt\/zamrazarka-chlodziarka-skrzyniowa-282l-yato-yg-05174\/","title":{"rendered":"ZAMRA\u017bARKA CH\u0141ODZIARKA SKRZYNIOWA 282L | Yato YG-05174"},"content":{"rendered":"<div id=\"piktogram_container\"><img loading=\"lazy\" decoding=\"async\" class=\"piktogram\" src=\"https:\/\/pim.toya.pl\/piktogramy\/L_ml\/image-thumb__51422__Sklep_pikto\/282_L.png\" width=\"64\" height=\"64\" alt=\"\"><img loading=\"lazy\" decoding=\"async\" class=\"piktogram\" src=\"https:\/\/pim.toya.pl\/piktogramy\/TEMPERATURE\/image-thumb__188137__Sklep_pikto\/TEMP_-24_%2B10_C.png\" width=\"64\" height=\"64\" alt=\"\"><img loading=\"lazy\" decoding=\"async\" class=\"piktogram\" src=\"https:\/\/pim.toya.pl\/piktogramy\/GASTRO\/image-thumb__94799__Sklep_pikto\/R600a.png\" width=\"64\" height=\"64\" alt=\"\"><img loading=\"lazy\" decoding=\"async\" class=\"piktogram\" src=\"https:\/\/pim.toya.pl\/piktogramy\/WORDS_DESCRIPTION\/image-thumb__58977__Sklep_pikto\/LED_LIGHTING.png\" width=\"64\" height=\"64\" alt=\"\"><img loading=\"lazy\" decoding=\"async\" class=\"piktogram\" src=\"https:\/\/pim.toya.pl\/piktogramy\/WORDS_DESCRIPTION\/image-thumb__94705__Sklep_pikto\/DOOR_LOCK.png\" width=\"64\" height=\"64\" alt=\"\"><img loading=\"lazy\" decoding=\"async\" class=\"piktogram\" src=\"https:\/\/pim.toya.pl\/piktogramy\/BRAKE_WHEEL\/image-thumb__66044__Sklep_pikto\/2x_WHEEL.png\" width=\"64\" height=\"64\" alt=\"\"><\/div>\n<p>Zamra\u017carka skrzyniowa dla gastronomii profesjonalnej. Posiada samozamykaj\u0105ce drzwi uchylne z uchwytem, wyposa\u017cone w zamek.<\/p>\n<ul>\n<li>pojemno\u015b\u0107: 282 l<\/li>\n<li>zakres temperatur: -24\u2103 ~ +10\u2103<\/li>\n<li>temperatura regulowana&nbsp;sterownikiem elektronicznym z cyfrowym wy\u015bwietlaczem<\/li>\n<li>funkcja automatycznego odszraniania<\/li>\n<li>materia\u0142 wewn\u0105trz zamra\u017carki:&nbsp;aluminiowa blacha perforowana<\/li>\n<li>materia\u0142 na zewn\u0105trz zamra\u017carki: stal malowana proszkowo&nbsp;<\/li>\n<li>wyposa\u017cona w 2 k\u00f3\u0142ka i 2 regulowane n\u00f3\u017cki<\/li>\n<li>wysoko\u015b\u0107 n\u00f3\u017cek:&nbsp;35 mm<\/li>\n<li>materia\u0142 n\u00f3\u017cek:&nbsp;PP<\/li>\n<li>czynnik ch\u0142odniczy: R600a<\/li>\n<li>\u015brednie roczne zu\u017cycie energii: <strong>836 kWh<\/strong><\/li>\n<li>w zestawie koszyk druciany<\/li>\n<\/ul>\n","protected":false},"excerpt":{"rendered":"<p>Zamra\u017carka skrzyniowa dla gastronomii profesjonalnej. Posiada samozamykaj\u0105ce drzwi uchylne z uchwytem, wyposa\u017cone w zamek. pojemno\u015b\u0107: 282 l zakres temperatur: -24\u2103 ~ +10\u2103 temperatura regulowana&nbsp;sterownikiem elektronicznym z cyfrowym wy\u015bwietlaczem funkcja automatycznego odszraniania materia\u0142 wewn\u0105trz zamra\u017carki:&nbsp;aluminiowa blacha perforowana materia\u0142 na zewn\u0105trz zamra\u017carki: stal malowana proszkowo&nbsp; wyposa\u017cona w 2 k\u00f3\u0142ka i 2 regulowane n\u00f3\u017cki wysoko\u015b\u0107 n\u00f3\u017cek:&nbsp;35 mm materia\u0142 [&hellip;]<\/p>\n","protected":false},"featured_media":22062,"template":"","meta":{"_et_pb_use_builder":"","_et_pb_old_content":"","_et_gb_content_width":""},"pwb-brand":[658],"product_brand":[],"product_cat":[540],"product_tag":[],"class_list":{"0":"post-19102","1":"product","2":"type-product","3":"status-publish","4":"has-post-thumbnail","6":"pwb-brand-yato","7":"product_cat-zamrazarki-skrzyniowe","9":"first","10":"instock","11":"taxable","12":"shipping-taxable","13":"purchasable","14":"product-type-simple"},"brands":[{"id":658,"name":"Yato","slug":"yato"}],"_links":{"self":[{"href":"https:\/\/www.multifrigo.pl\/sklep\/wp-json\/wp\/v2\/product\/19102","targetHints":{"allow":["GET"]}}],"collection":[{"href":"https:\/\/www.multifrigo.pl\/sklep\/wp-json\/wp\/v2\/product"}],"about":[{"href":"https:\/\/www.multifrigo.pl\/sklep\/wp-json\/wp\/v2\/types\/product"}],"wp:featuredmedia":[{"embeddable":true,"href":"https:\/\/www.multifrigo.pl\/sklep\/wp-json\/wp\/v2\/media\/22062"}],"wp:attachment":[{"href":"https:\/\/www.multifrigo.pl\/sklep\/wp-json\/wp\/v2\/media?parent=19102"}],"wp:term":[{"taxonomy":"pwb-brand","embeddable":true,"href":"https:\/\/www.multifrigo.pl\/sklep\/wp-json\/wp\/v2\/pwb-brand?post=19102"},{"taxonomy":"product_brand","embeddable":true,"href":"https:\/\/www.multifrigo.pl\/sklep\/wp-json\/wp\/v2\/product_brand?post=19102"},{"taxonomy":"product_cat","embeddable":true,"href":"https:\/\/www.multifrigo.pl\/sklep\/wp-json\/wp\/v2\/product_cat?post=19102"},{"taxonomy":"product_tag","embeddable":true,"href":"https:\/\/www.multifrigo.pl\/sklep\/wp-json\/wp\/v2\/product_tag?post=19102"}],"curies":[{"name":"wp","href":"https:\/\/api.w.org\/{rel}","templated":true}]}}