{"id":19104,"date":"2024-07-05T13:01:57","date_gmt":"2024-07-05T13:01:57","guid":{"rendered":"https:\/\/multifrigo.pl\/sklep\/?post_type=product&#038;p=19104"},"modified":"2025-10-09T12:58:42","modified_gmt":"2025-10-09T12:58:42","slug":"zamrazarka-chlodziarka-skrzyniowa-435l-yato-yg-05179","status":"publish","type":"product","link":"https:\/\/www.multifrigo.pl\/sklep\/produkt\/zamrazarka-chlodziarka-skrzyniowa-435l-yato-yg-05179\/","title":{"rendered":"ZAMRA\u017bARKA CH\u0141ODZIARKA SKRZYNIOWA 435L | Yato YG-05179"},"content":{"rendered":"<div id=\"piktogram_container\"><img loading=\"lazy\" decoding=\"async\" class=\"piktogram\" src=\"https:\/\/pim.toya.pl\/piktogramy\/L_ml\/image-thumb__196086__Sklep_pikto\/435_L.png\" width=\"64\" height=\"64\" alt=\"\"><img loading=\"lazy\" decoding=\"async\" class=\"piktogram\" src=\"https:\/\/pim.toya.pl\/piktogramy\/TEMPERATURE\/image-thumb__188137__Sklep_pikto\/TEMP_-24_%2B10_C.png\" width=\"64\" height=\"64\" alt=\"\"><img loading=\"lazy\" decoding=\"async\" class=\"piktogram\" src=\"https:\/\/pim.toya.pl\/piktogramy\/GASTRO\/image-thumb__94693__Sklep_pikto\/R290.png\" width=\"64\" height=\"64\" alt=\"\"><img loading=\"lazy\" decoding=\"async\" class=\"piktogram\" src=\"https:\/\/pim.toya.pl\/piktogramy\/WORDS_DESCRIPTION\/image-thumb__58977__Sklep_pikto\/LED_LIGHTING.png\" width=\"64\" height=\"64\" alt=\"\"><img loading=\"lazy\" decoding=\"async\" class=\"piktogram\" src=\"https:\/\/pim.toya.pl\/piktogramy\/WORDS_DESCRIPTION\/image-thumb__94705__Sklep_pikto\/DOOR_LOCK.png\" width=\"64\" height=\"64\" alt=\"\"><img loading=\"lazy\" decoding=\"async\" class=\"piktogram\" src=\"https:\/\/pim.toya.pl\/piktogramy\/BRAKE_WHEEL\/image-thumb__76778__Sklep_pikto\/6x_WHEEL.png\" width=\"64\" height=\"64\" alt=\"\"><\/div>\n<p>Zamra\u017carka skrzyniowa dla gastronomii profesjonalnej. Posiada samozamykaj\u0105ce drzwi uchylne z uchwytem, wyposa\u017cone w zamek.<\/p>\n<ul>\n<li>pojemno\u015b\u0107: 435 l<\/li>\n<li>zakres temperatur: -24\u2103 ~ +10\u2103<\/li>\n<li>temperatura regulowana&nbsp;sterownikiem elektronicznym z cyfrowym wy\u015bwietlaczem<\/li>\n<li>funkcja automatycznego odszraniania<\/li>\n<li>materia\u0142 wewn\u0105trz zamra\u017carki:&nbsp;aluminiowa blacha perforowana<\/li>\n<li>materia\u0142 na zewn\u0105trz zamra\u017carki: stal malowana proszkowo&nbsp;<\/li>\n<li>wyposa\u017cona w 6 k\u00f3\u0142ek<\/li>\n<li>czynnik ch\u0142odniczy: R290<\/li>\n<li>\u015brednie roczne zu\u017cycie energii: <strong>1077 kWh<\/strong><\/li>\n<li>w zestawie koszyk druciany<\/li>\n<\/ul>\n<p><strong>&nbsp;<\/strong><\/p>\n","protected":false},"excerpt":{"rendered":"<p>Zamra\u017carka skrzyniowa dla gastronomii profesjonalnej. Posiada samozamykaj\u0105ce drzwi uchylne z uchwytem, wyposa\u017cone w zamek. pojemno\u015b\u0107: 435 l zakres temperatur: -24\u2103 ~ +10\u2103 temperatura regulowana&nbsp;sterownikiem elektronicznym z cyfrowym wy\u015bwietlaczem funkcja automatycznego odszraniania materia\u0142 wewn\u0105trz zamra\u017carki:&nbsp;aluminiowa blacha perforowana materia\u0142 na zewn\u0105trz zamra\u017carki: stal malowana proszkowo&nbsp; wyposa\u017cona w 6 k\u00f3\u0142ek czynnik ch\u0142odniczy: R290 \u015brednie roczne zu\u017cycie energii: 1077 [&hellip;]<\/p>\n","protected":false},"featured_media":22092,"template":"","meta":{"_et_pb_use_builder":"","_et_pb_old_content":"","_et_gb_content_width":""},"pwb-brand":[658],"product_brand":[],"product_cat":[540],"product_tag":[],"class_list":{"0":"post-19104","1":"product","2":"type-product","3":"status-publish","4":"has-post-thumbnail","6":"pwb-brand-yato","7":"product_cat-zamrazarki-skrzyniowe","9":"first","10":"instock","11":"taxable","12":"shipping-taxable","13":"purchasable","14":"product-type-simple"},"brands":[{"id":658,"name":"Yato","slug":"yato"}],"_links":{"self":[{"href":"https:\/\/www.multifrigo.pl\/sklep\/wp-json\/wp\/v2\/product\/19104","targetHints":{"allow":["GET"]}}],"collection":[{"href":"https:\/\/www.multifrigo.pl\/sklep\/wp-json\/wp\/v2\/product"}],"about":[{"href":"https:\/\/www.multifrigo.pl\/sklep\/wp-json\/wp\/v2\/types\/product"}],"wp:featuredmedia":[{"embeddable":true,"href":"https:\/\/www.multifrigo.pl\/sklep\/wp-json\/wp\/v2\/media\/22092"}],"wp:attachment":[{"href":"https:\/\/www.multifrigo.pl\/sklep\/wp-json\/wp\/v2\/media?parent=19104"}],"wp:term":[{"taxonomy":"pwb-brand","embeddable":true,"href":"https:\/\/www.multifrigo.pl\/sklep\/wp-json\/wp\/v2\/pwb-brand?post=19104"},{"taxonomy":"product_brand","embeddable":true,"href":"https:\/\/www.multifrigo.pl\/sklep\/wp-json\/wp\/v2\/product_brand?post=19104"},{"taxonomy":"product_cat","embeddable":true,"href":"https:\/\/www.multifrigo.pl\/sklep\/wp-json\/wp\/v2\/product_cat?post=19104"},{"taxonomy":"product_tag","embeddable":true,"href":"https:\/\/www.multifrigo.pl\/sklep\/wp-json\/wp\/v2\/product_tag?post=19104"}],"curies":[{"name":"wp","href":"https:\/\/api.w.org\/{rel}","templated":true}]}}