{"id":19108,"date":"2024-07-05T13:01:58","date_gmt":"2024-07-05T13:01:58","guid":{"rendered":"https:\/\/multifrigo.pl\/sklep\/?post_type=product&#038;p=19108"},"modified":"2025-10-09T12:58:44","modified_gmt":"2025-10-09T12:58:44","slug":"szafa-chlodnicza-1300l-1480x830x2010-podwojna-yato-yg-05210","status":"publish","type":"product","link":"https:\/\/www.multifrigo.pl\/sklep\/produkt\/szafa-chlodnicza-1300l-1480x830x2010-podwojna-yato-yg-05210\/","title":{"rendered":"SZAFA CH\u0141ODNICZA 1300L 1480X830X2010 PODW\u00d3JNA | Yato YG-05210"},"content":{"rendered":"<div id=\"piktogram_container\"><img loading=\"lazy\" decoding=\"async\" class=\"piktogram\" src=\"https:\/\/pim.toya.pl\/piktogramy\/W_kW\/image-thumb__53125__Sklep_pikto\/440_W.png\" width=\"64\" height=\"64\" alt=\"\"><img loading=\"lazy\" decoding=\"async\" class=\"piktogram\" src=\"https:\/\/pim.toya.pl\/piktogramy\/mm\/image-thumb__94760__Sklep_pikto\/1480x830x2010_mm.png\" width=\"64\" height=\"64\" alt=\"\"><img loading=\"lazy\" decoding=\"async\" class=\"piktogram\" src=\"https:\/\/pim.toya.pl\/piktogramy\/L_ml\/image-thumb__51373__Sklep_pikto\/1300_L.png\" width=\"64\" height=\"64\" alt=\"\"><img loading=\"lazy\" decoding=\"async\" class=\"piktogram\" src=\"https:\/\/pim.toya.pl\/piktogramy\/TEMPERATURE\/image-thumb__94737__Sklep_pikto\/TEMP_-2_%2B8_C.png\" width=\"64\" height=\"64\" alt=\"\"><img loading=\"lazy\" decoding=\"async\" class=\"piktogram\" src=\"https:\/\/pim.toya.pl\/piktogramy\/MATERIALS\/image-thumb__65047__Sklep_pikto\/SS_201.png\" width=\"64\" height=\"64\" alt=\"\"><img loading=\"lazy\" decoding=\"async\" class=\"piktogram\" src=\"https:\/\/pim.toya.pl\/piktogramy\/WORDS_DESCRIPTION\/image-thumb__94697__Sklep_pikto\/FORCED_AIR_CIRCULATION.png\" width=\"64\" height=\"64\" alt=\"\"><img loading=\"lazy\" decoding=\"async\" class=\"piktogram\" src=\"https:\/\/pim.toya.pl\/piktogramy\/PICTURES\/image-thumb__65921__Sklep_pikto\/FAN.png\" width=\"64\" height=\"64\" alt=\"\"><img loading=\"lazy\" decoding=\"async\" class=\"piktogram\" src=\"https:\/\/pim.toya.pl\/piktogramy\/WORDS_DESCRIPTION\/image-thumb__94689__Sklep_pikto\/AUTOMATIC_DEFROST.png\" width=\"64\" height=\"64\" alt=\"\"><img loading=\"lazy\" decoding=\"async\" class=\"piktogram\" src=\"https:\/\/pim.toya.pl\/piktogramy\/GASTRO\/image-thumb__298443__Sklep_pikto\/FRIDGE_SHELF_YG-05400_x6.png\" width=\"64\" height=\"64\" alt=\"\"><img loading=\"lazy\" decoding=\"async\" class=\"piktogram\" src=\"https:\/\/pim.toya.pl\/piktogramy\/GASTRO\/image-thumb__298451__Sklep_pikto\/FRIDGE_SHELF_YG-05400.png\" width=\"64\" height=\"64\" alt=\"\"><img loading=\"lazy\" decoding=\"async\" class=\"piktogram\" src=\"https:\/\/pim.toya.pl\/piktogramy\/kg_g_g-min_g-h_g-m2\/image-thumb__51236__Sklep_pikto\/max_40_kg_SHELF.png\" width=\"64\" height=\"64\" alt=\"\"><img loading=\"lazy\" decoding=\"async\" class=\"piktogram\" src=\"https:\/\/pim.toya.pl\/piktogramy\/WORDS_DESCRIPTION\/image-thumb__94699__Sklep_pikto\/SELF-CLOSING_DOOR.png\" width=\"64\" height=\"64\" alt=\"\"><img loading=\"lazy\" decoding=\"async\" class=\"piktogram\" src=\"https:\/\/pim.toya.pl\/piktogramy\/WORDS_DESCRIPTION\/image-thumb__94705__Sklep_pikto\/DOOR_LOCK.png\" width=\"64\" height=\"64\" alt=\"\"><img loading=\"lazy\" decoding=\"async\" class=\"piktogram\" src=\"https:\/\/pim.toya.pl\/piktogramy\/WORDS_DESCRIPTION\/image-thumb__58977__Sklep_pikto\/LED_LIGHTING.png\" width=\"64\" height=\"64\" alt=\"\"><img loading=\"lazy\" decoding=\"async\" class=\"piktogram\" src=\"https:\/\/pim.toya.pl\/piktogramy\/GASTRO\/image-thumb__94693__Sklep_pikto\/R290.png\" width=\"64\" height=\"64\" alt=\"\"><img loading=\"lazy\" decoding=\"async\" class=\"piktogram\" src=\"https:\/\/pim.toya.pl\/piktogramy\/GASTRO\/image-thumb__94720__Sklep_pikto\/GN_2-1.png\" width=\"64\" height=\"64\" alt=\"\"><img loading=\"lazy\" decoding=\"async\" class=\"piktogram\" src=\"https:\/\/pim.toya.pl\/piktogramy\/PICTURE_PARAMETER\/image-thumb__94695__Sklep_pikto\/4x_FEET_120-180_mm.png\" width=\"64\" height=\"64\" alt=\"\"><img loading=\"lazy\" decoding=\"async\" class=\"piktogram\" src=\"https:\/\/pim.toya.pl\/piktogramy\/MATERIALS\/image-thumb__68455__Sklep_pikto\/PVC_COATED.png\" width=\"64\" height=\"64\" alt=\"\"><\/div>\n<p>Szafa&nbsp;ch\u0142odnicza 2-drzwiowa marki <strong>YATO YG-05210.<\/strong><\/p>\n<p>Szafa ch\u0142odnicza o wymiarach <strong>1480x830x2010mm<\/strong> ma pojemno\u015b\u0107 komory&nbsp;<strong>1300L.<\/strong><\/p>\n<p>Przeznaczony jest do przechowywania \u017cywno\u015bci w zakresie temperatur <strong>-2~+8<sup>0<\/sup>C<\/strong>. Doskonale nadaje si\u0119 do wszelkiego typu punk\u00f3w gastronomicznych takich jak restauracje, bary, puby czy&nbsp;pizzerie.<\/p>\n<p><strong>Obudowa<\/strong> zewn\u0119trzna i wewn\u0119trzna wykonana z wysokiej jako\u015bci <strong>stali nierdzewnej SS201<\/strong> gwarantuje elegancki wygl\u0105d, a jednocze\u015bnie jest bardzo \u0142atwa w utrzymaniu w czysto\u015bci.<\/p>\n<p>G\u00f3rny&nbsp;<strong>agregat ch\u0142odniczy<\/strong> o mocy <strong>440W<\/strong> wykorzystuje czynnik ch\u0142odniczy<strong> R290<\/strong> dedykowany do pracy w <strong>4 klasie klimatycznej<\/strong>, przy maksymalnej temperaturze otoczenia 30<sup>0<\/sup>C i wilgotno\u015bci wzgl\u0119dnej 55%. Zasilany jest pr\u0105dem o napi\u0119ciu <strong>220-240V&nbsp; ~50Hz<\/strong>. \u015arednie roczne zu\u017cycie energii <strong>1590 kWh<\/strong>.<\/p>\n<p>Elektroniczny <strong>sterownik<\/strong> marki <strong>Dixell<\/strong> z <strong>cyfrowym wy\u015bwietlaczem<\/strong> temperatury.<\/p>\n<p>Urz\u0105dzenie posiada <strong>ch\u0142odzenie&nbsp;z obiegiem wymuszonym wentylatorem<\/strong> oraz&nbsp;funkcj\u0119 <strong>automatycznego odszraniania<\/strong>.<\/p>\n<p>Model z <strong>samozamykaj\u0105cymi si\u0119 drzwiami<\/strong> wyposa\u017conymi&nbsp;w<strong> zamek<\/strong> oraz <strong>wygodnym uchwytem<\/strong> do otwierania. Na ka\u017cde drzwi&nbsp;w zestawie&nbsp;s\u0105 po <strong>3 p\u00f3\u0142ki<\/strong>&nbsp;rusztowe <strong>powlekane PVC<\/strong>&nbsp;o <strong>no\u015bno\u015bci max 40kg<\/strong> &#8211; przy r\u00f3wnomiernym obci\u0105\u017ceniu. Umo\u017cliwia przechowywanie pojemnik\u00f3w<strong> GN 2\/1. <\/strong>Komora ch\u0142odnicza posiada <strong>o\u015bwietlenie.<\/strong><\/p>\n<p>Szafa osadzona jest na<strong> 4 n\u00f3\u017ckach<\/strong> ze stali nierdzewnej z regulacj\u0105 wysoko\u015bci<strong> 120~180mm<\/strong>.<\/p>\n","protected":false},"excerpt":{"rendered":"<p>Szafa&nbsp;ch\u0142odnicza 2-drzwiowa marki YATO YG-05210. Szafa ch\u0142odnicza o wymiarach 1480x830x2010mm ma pojemno\u015b\u0107 komory&nbsp;1300L. Przeznaczony jest do przechowywania \u017cywno\u015bci w zakresie temperatur -2~+80C. Doskonale nadaje si\u0119 do wszelkiego typu punk\u00f3w gastronomicznych takich jak restauracje, bary, puby czy&nbsp;pizzerie. Obudowa zewn\u0119trzna i wewn\u0119trzna wykonana z wysokiej jako\u015bci stali nierdzewnej SS201 gwarantuje elegancki wygl\u0105d, a jednocze\u015bnie jest bardzo \u0142atwa [&hellip;]<\/p>\n","protected":false},"featured_media":22150,"template":"","meta":{"_et_pb_use_builder":"","_et_pb_old_content":"","_et_gb_content_width":""},"pwb-brand":[658],"product_brand":[],"product_cat":[518],"product_tag":[],"class_list":{"0":"post-19108","1":"product","2":"type-product","3":"status-publish","4":"has-post-thumbnail","6":"pwb-brand-yato","7":"product_cat-szafy-chlodnicze","9":"first","10":"instock","11":"taxable","12":"shipping-taxable","13":"purchasable","14":"product-type-simple"},"brands":[{"id":658,"name":"Yato","slug":"yato"}],"_links":{"self":[{"href":"https:\/\/www.multifrigo.pl\/sklep\/wp-json\/wp\/v2\/product\/19108","targetHints":{"allow":["GET"]}}],"collection":[{"href":"https:\/\/www.multifrigo.pl\/sklep\/wp-json\/wp\/v2\/product"}],"about":[{"href":"https:\/\/www.multifrigo.pl\/sklep\/wp-json\/wp\/v2\/types\/product"}],"wp:featuredmedia":[{"embeddable":true,"href":"https:\/\/www.multifrigo.pl\/sklep\/wp-json\/wp\/v2\/media\/22150"}],"wp:attachment":[{"href":"https:\/\/www.multifrigo.pl\/sklep\/wp-json\/wp\/v2\/media?parent=19108"}],"wp:term":[{"taxonomy":"pwb-brand","embeddable":true,"href":"https:\/\/www.multifrigo.pl\/sklep\/wp-json\/wp\/v2\/pwb-brand?post=19108"},{"taxonomy":"product_brand","embeddable":true,"href":"https:\/\/www.multifrigo.pl\/sklep\/wp-json\/wp\/v2\/product_brand?post=19108"},{"taxonomy":"product_cat","embeddable":true,"href":"https:\/\/www.multifrigo.pl\/sklep\/wp-json\/wp\/v2\/product_cat?post=19108"},{"taxonomy":"product_tag","embeddable":true,"href":"https:\/\/www.multifrigo.pl\/sklep\/wp-json\/wp\/v2\/product_tag?post=19108"}],"curies":[{"name":"wp","href":"https:\/\/api.w.org\/{rel}","templated":true}]}}