{"id":19121,"date":"2024-07-05T13:02:02","date_gmt":"2024-07-05T13:02:02","guid":{"rendered":"https:\/\/multifrigo.pl\/sklep\/?post_type=product&#038;p=19121"},"modified":"2025-10-09T12:58:50","modified_gmt":"2025-10-09T12:58:50","slug":"stol-chlodniczy-2-drzwiowy-linia-600-yato-yg-05253","status":"publish","type":"product","link":"https:\/\/www.multifrigo.pl\/sklep\/produkt\/stol-chlodniczy-2-drzwiowy-linia-600-yato-yg-05253\/","title":{"rendered":"ST\u00d3\u0141 CH\u0141ODNICZY 2-DRZWIOWY &#8211; LINIA 600 | Yato YG-05253"},"content":{"rendered":"<div id=\"piktogram_container\"><img loading=\"lazy\" decoding=\"async\" class=\"piktogram\" src=\"https:\/\/pim.toya.pl\/piktogramy\/W_kW\/image-thumb__94794__Sklep_pikto\/215_W.png\" width=\"64\" height=\"64\" alt=\"\"><img loading=\"lazy\" decoding=\"async\" class=\"piktogram\" src=\"https:\/\/pim.toya.pl\/piktogramy\/mm\/image-thumb__94786__Sklep_pikto\/1360x600x850_mm.png\" width=\"64\" height=\"64\" alt=\"\"><img loading=\"lazy\" decoding=\"async\" class=\"piktogram\" src=\"https:\/\/pim.toya.pl\/piktogramy\/TEMPERATURE\/image-thumb__94737__Sklep_pikto\/TEMP_-2_%2B8_C.png\" width=\"64\" height=\"64\" alt=\"\"><img loading=\"lazy\" decoding=\"async\" class=\"piktogram\" src=\"https:\/\/pim.toya.pl\/piktogramy\/L_ml\/image-thumb__51405__Sklep_pikto\/228_L.png\" width=\"64\" height=\"64\" alt=\"\"><img loading=\"lazy\" decoding=\"async\" class=\"piktogram\" src=\"https:\/\/pim.toya.pl\/piktogramy\/MATERIALS\/image-thumb__65047__Sklep_pikto\/SS_201.png\" width=\"64\" height=\"64\" alt=\"\"><img loading=\"lazy\" decoding=\"async\" class=\"piktogram\" src=\"https:\/\/pim.toya.pl\/piktogramy\/WORDS_DESCRIPTION\/image-thumb__94697__Sklep_pikto\/FORCED_AIR_CIRCULATION.png\" width=\"64\" height=\"64\" alt=\"\"><img loading=\"lazy\" decoding=\"async\" class=\"piktogram\" src=\"https:\/\/pim.toya.pl\/piktogramy\/PICTURES\/image-thumb__65921__Sklep_pikto\/FAN.png\" width=\"64\" height=\"64\" alt=\"\"><img loading=\"lazy\" decoding=\"async\" class=\"piktogram\" src=\"https:\/\/pim.toya.pl\/piktogramy\/WORDS_DESCRIPTION\/image-thumb__94689__Sklep_pikto\/AUTOMATIC_DEFROST.png\" width=\"64\" height=\"64\" alt=\"\"><img loading=\"lazy\" decoding=\"async\" class=\"piktogram\" src=\"https:\/\/pim.toya.pl\/piktogramy\/GASTRO\/image-thumb__298446__Sklep_pikto\/FRIDGE_SHELF_YG-05406_x2.png\" width=\"64\" height=\"64\" alt=\"\"><img loading=\"lazy\" decoding=\"async\" class=\"piktogram\" src=\"https:\/\/pim.toya.pl\/piktogramy\/GASTRO\/image-thumb__298453__Sklep_pikto\/FRIDGE_SHELF_YG-05420.png\" width=\"64\" height=\"64\" alt=\"\"><img loading=\"lazy\" decoding=\"async\" class=\"piktogram\" src=\"https:\/\/pim.toya.pl\/piktogramy\/kg_g_g-min_g-h_g-m2\/image-thumb__51236__Sklep_pikto\/max_40_kg_SHELF.png\" width=\"64\" height=\"64\" alt=\"\"><img loading=\"lazy\" decoding=\"async\" class=\"piktogram\" src=\"https:\/\/pim.toya.pl\/piktogramy\/WORDS_DESCRIPTION\/image-thumb__94699__Sklep_pikto\/SELF-CLOSING_DOOR.png\" width=\"64\" height=\"64\" alt=\"\"><img loading=\"lazy\" decoding=\"async\" class=\"piktogram\" src=\"https:\/\/pim.toya.pl\/piktogramy\/GASTRO\/image-thumb__94693__Sklep_pikto\/R290.png\" width=\"64\" height=\"64\" alt=\"\"><img loading=\"lazy\" decoding=\"async\" class=\"piktogram\" src=\"https:\/\/pim.toya.pl\/piktogramy\/PICTURE_PARAMETER\/image-thumb__94694__Sklep_pikto\/4x_FEET_140-200_mm.png\" width=\"64\" height=\"64\" alt=\"\"><img loading=\"lazy\" decoding=\"async\" class=\"piktogram\" src=\"https:\/\/pim.toya.pl\/piktogramy\/MATERIALS\/image-thumb__68455__Sklep_pikto\/PVC_COATED.png\" width=\"64\" height=\"64\" alt=\"\"><\/div>\n<p>Wygodny i praktyczny st\u00f3\u0142 z linii 600. Posiada komory do przechowywania \u017cywo\u015bci i agregat boczny.<\/p>\n<ul>\n<li>obudowa zewn\u0119trzna i wewn\u0119trzna wykonana z wysokiej jako\u015bci stali nierdzewnej 201<\/li>\n<li>wymiary blatu: 1360 x 600 mm<\/li>\n<li>zaokr\u0105glone kraw\u0119dzie komory wewn\u0119trznej u\u0142atwiaj\u0105ce czyszczenie<\/li>\n<li>ch\u0142odzenie z obiegiem wymuszonym wentylatorem<\/li>\n<li>automatyczne odszranianie<\/li>\n<li>elektroniczny sterownik z cyfrowym wy\u015bwietlaczem<\/li>\n<li>2 powlekane p\u00f3\u0142ki o wymiarach 333 x 430 mm i max. obci\u0105\u017ceniu 40 kg ka\u017cda (jedna na drzwi)<\/li>\n<li>11-stopniowa regulacja wysoko\u015bci p\u00f3\u0142ek<\/li>\n<li>drzwi samozamykaj\u0105ce<\/li>\n<li>regulowana wysoko\u015b\u0107: 850-910 mm<\/li>\n<li>4 regulowane n\u00f3\u017cki ze stali nierdzewnej<\/li>\n<li>wymienne uszczelki magnetyczne<\/li>\n<li>klasa klimatyczna: 4<\/li>\n<li>czynnik ch\u0142odniczy: R290<\/li>\n<li>zasilanie: 220-240 V~ 50\/60 Hz<\/li>\n<\/ul>\n","protected":false},"excerpt":{"rendered":"<p>Wygodny i praktyczny st\u00f3\u0142 z linii 600. Posiada komory do przechowywania \u017cywo\u015bci i agregat boczny. obudowa zewn\u0119trzna i wewn\u0119trzna wykonana z wysokiej jako\u015bci stali nierdzewnej 201 wymiary blatu: 1360 x 600 mm zaokr\u0105glone kraw\u0119dzie komory wewn\u0119trznej u\u0142atwiaj\u0105ce czyszczenie ch\u0142odzenie z obiegiem wymuszonym wentylatorem automatyczne odszranianie elektroniczny sterownik z cyfrowym wy\u015bwietlaczem 2 powlekane p\u00f3\u0142ki o wymiarach [&hellip;]<\/p>\n","protected":false},"featured_media":22347,"template":"","meta":{"_et_pb_use_builder":"","_et_pb_old_content":"","_et_gb_content_width":""},"pwb-brand":[658],"product_brand":[],"product_cat":[523],"product_tag":[],"class_list":{"0":"post-19121","1":"product","2":"type-product","3":"status-publish","4":"has-post-thumbnail","6":"pwb-brand-yato","7":"product_cat-stoly-chlodnicze","9":"first","10":"instock","11":"taxable","12":"shipping-taxable","13":"purchasable","14":"product-type-simple"},"brands":[{"id":658,"name":"Yato","slug":"yato"}],"_links":{"self":[{"href":"https:\/\/www.multifrigo.pl\/sklep\/wp-json\/wp\/v2\/product\/19121","targetHints":{"allow":["GET"]}}],"collection":[{"href":"https:\/\/www.multifrigo.pl\/sklep\/wp-json\/wp\/v2\/product"}],"about":[{"href":"https:\/\/www.multifrigo.pl\/sklep\/wp-json\/wp\/v2\/types\/product"}],"wp:featuredmedia":[{"embeddable":true,"href":"https:\/\/www.multifrigo.pl\/sklep\/wp-json\/wp\/v2\/media\/22347"}],"wp:attachment":[{"href":"https:\/\/www.multifrigo.pl\/sklep\/wp-json\/wp\/v2\/media?parent=19121"}],"wp:term":[{"taxonomy":"pwb-brand","embeddable":true,"href":"https:\/\/www.multifrigo.pl\/sklep\/wp-json\/wp\/v2\/pwb-brand?post=19121"},{"taxonomy":"product_brand","embeddable":true,"href":"https:\/\/www.multifrigo.pl\/sklep\/wp-json\/wp\/v2\/product_brand?post=19121"},{"taxonomy":"product_cat","embeddable":true,"href":"https:\/\/www.multifrigo.pl\/sklep\/wp-json\/wp\/v2\/product_cat?post=19121"},{"taxonomy":"product_tag","embeddable":true,"href":"https:\/\/www.multifrigo.pl\/sklep\/wp-json\/wp\/v2\/product_tag?post=19121"}],"curies":[{"name":"wp","href":"https:\/\/api.w.org\/{rel}","templated":true}]}}