{"id":19123,"date":"2024-07-05T13:02:02","date_gmt":"2024-07-05T13:02:02","guid":{"rendered":"https:\/\/multifrigo.pl\/sklep\/?post_type=product&#038;p=19123"},"modified":"2025-10-09T12:58:51","modified_gmt":"2025-10-09T12:58:51","slug":"stol-chlodniczy-3-drzwiowy-linia-700-yato-yg-05255","status":"publish","type":"product","link":"https:\/\/www.multifrigo.pl\/sklep\/produkt\/stol-chlodniczy-3-drzwiowy-linia-700-yato-yg-05255\/","title":{"rendered":"ST\u00d3\u0141 CH\u0141ODNICZY 3-DRZWIOWY &#8211; LINIA 700 | Yato YG-05255"},"content":{"rendered":"<div id=\"piktogram_container\"><img loading=\"lazy\" decoding=\"async\" class=\"piktogram\" src=\"https:\/\/pim.toya.pl\/piktogramy\/W_kW\/image-thumb__53069__Sklep_pikto\/230_W.png\" width=\"64\" height=\"64\" alt=\"\"><img loading=\"lazy\" decoding=\"async\" class=\"piktogram\" src=\"https:\/\/pim.toya.pl\/piktogramy\/mm\/image-thumb__94781__Sklep_pikto\/1795x700x950_mm.png\" width=\"64\" height=\"64\" alt=\"\"><img loading=\"lazy\" decoding=\"async\" class=\"piktogram\" src=\"https:\/\/pim.toya.pl\/piktogramy\/TEMPERATURE\/image-thumb__94737__Sklep_pikto\/TEMP_-2_%2B8_C.png\" width=\"64\" height=\"64\" alt=\"\"><img loading=\"lazy\" decoding=\"async\" class=\"piktogram\" src=\"https:\/\/pim.toya.pl\/piktogramy\/L_ml\/image-thumb__51458__Sklep_pikto\/417_L.png\" width=\"64\" height=\"64\" alt=\"\"><img loading=\"lazy\" decoding=\"async\" class=\"piktogram\" src=\"https:\/\/pim.toya.pl\/piktogramy\/MATERIALS\/image-thumb__65047__Sklep_pikto\/SS_201.png\" width=\"64\" height=\"64\" alt=\"\"><img loading=\"lazy\" decoding=\"async\" class=\"piktogram\" src=\"https:\/\/pim.toya.pl\/piktogramy\/WORDS_DESCRIPTION\/image-thumb__94697__Sklep_pikto\/FORCED_AIR_CIRCULATION.png\" width=\"64\" height=\"64\" alt=\"\"><img loading=\"lazy\" decoding=\"async\" class=\"piktogram\" src=\"https:\/\/pim.toya.pl\/piktogramy\/PICTURES\/image-thumb__65921__Sklep_pikto\/FAN.png\" width=\"64\" height=\"64\" alt=\"\"><img loading=\"lazy\" decoding=\"async\" class=\"piktogram\" src=\"https:\/\/pim.toya.pl\/piktogramy\/WORDS_DESCRIPTION\/image-thumb__94689__Sklep_pikto\/AUTOMATIC_DEFROST.png\" width=\"64\" height=\"64\" alt=\"\"><img loading=\"lazy\" decoding=\"async\" class=\"piktogram\" src=\"https:\/\/pim.toya.pl\/piktogramy\/GASTRO\/image-thumb__298445__Sklep_pikto\/FRIDGE_SHELF_YG-05406_x3.png\" width=\"64\" height=\"64\" alt=\"\"><img loading=\"lazy\" decoding=\"async\" class=\"piktogram\" src=\"https:\/\/pim.toya.pl\/piktogramy\/GASTRO\/image-thumb__298436__Sklep_pikto\/FRIDGE_SHELF_YG-05406.png\" width=\"64\" height=\"64\" alt=\"\"><img loading=\"lazy\" decoding=\"async\" class=\"piktogram\" src=\"https:\/\/pim.toya.pl\/piktogramy\/kg_g_g-min_g-h_g-m2\/image-thumb__51236__Sklep_pikto\/max_40_kg_SHELF.png\" width=\"64\" height=\"64\" alt=\"\"><img loading=\"lazy\" decoding=\"async\" class=\"piktogram\" src=\"https:\/\/pim.toya.pl\/piktogramy\/WORDS_DESCRIPTION\/image-thumb__94699__Sklep_pikto\/SELF-CLOSING_DOOR.png\" width=\"64\" height=\"64\" alt=\"\"><img loading=\"lazy\" decoding=\"async\" class=\"piktogram\" src=\"https:\/\/pim.toya.pl\/piktogramy\/GASTRO\/image-thumb__94693__Sklep_pikto\/R290.png\" width=\"64\" height=\"64\" alt=\"\"><img loading=\"lazy\" decoding=\"async\" class=\"piktogram\" src=\"https:\/\/pim.toya.pl\/piktogramy\/GASTRO\/image-thumb__90445__Sklep_pikto\/GN_1-1.png\" width=\"64\" height=\"64\" alt=\"\"><img loading=\"lazy\" decoding=\"async\" class=\"piktogram\" src=\"https:\/\/pim.toya.pl\/piktogramy\/PICTURE_PARAMETER\/image-thumb__94695__Sklep_pikto\/4x_FEET_120-180_mm.png\" width=\"64\" height=\"64\" alt=\"\"><img loading=\"lazy\" decoding=\"async\" class=\"piktogram\" src=\"https:\/\/pim.toya.pl\/piktogramy\/MATERIALS\/image-thumb__68455__Sklep_pikto\/PVC_COATED.png\" width=\"64\" height=\"64\" alt=\"\"><\/div>\n<p><strong>St\u00f3\u0142 ch\u0142odniczy 3-drzwiowy z blatem roboczym z rantem<\/strong> marki YATO <strong>YG-05255.<\/strong><\/p>\n<p>St\u00f3\u0142 ch\u0142odniczy o wymiarach <strong>1795x700x950mm<\/strong> ma pojemno\u015b\u0107 komory <strong>417L<\/strong>. Przeznaczony jest do przechowywania \u017cywno\u015bci w zakresie temperatur<strong> -2~+8<sup>0<\/sup>C<\/strong>.<\/p>\n<p>Doskonale nadaje si\u0119 do wszelkiego typu punk\u00f3w gastronomicznych takich jak restauracje, bary, puby czy pizzerie.<\/p>\n<p>Obudowa zewn\u0119trzna i wewn\u0119trzna wykonana z wysokiej jako\u015bci <strong>stali nierdzewnej SS201<\/strong> gwarantuje elegancki wygl\u0105d, a jednocze\u015bnie jest bardzo \u0142atwa w utrzymaniu w czysto\u015bci. Blat posiada dodatkowy<strong> rant tylny <\/strong>o wysoko\u015bci<strong> 100mm. <\/strong>St\u00f3\u0142 wyposa\u017cony jest w<strong> 4 n\u00f3\u017cki z<\/strong> regulacj\u0105 wysoko\u015bci w zakresie<strong> 120~180mm.<\/strong><\/p>\n<p><strong>Boczny agregat ch\u0142odniczy<\/strong> o mocy <strong>230W<\/strong> wykorzystuje czynnik ch\u0142odniczy <strong>R290<\/strong> dedykowany do pracy w <strong>4 klasie klimatycznej<\/strong>, przy maksymalnej temperaturze otoczenia 30<sup>0<\/sup>C i wilgotno\u015bci wzgl\u0119dnej 55%. Zasilany jest pr\u0105dem o napi\u0119ciu 220-240V ~50Hz. Elektroniczny <strong>sterownik marki Dixell<\/strong> z cyfrowym wy\u015bwietlaczem temperatury. \u015arednie roczne zu\u017cycie energii <strong>1166 kWh<\/strong>.<\/p>\n<p>Urz\u0105dzenie posiada <strong>ch\u0142odzenie wymuszone&nbsp;<\/strong>oraz funkcj\u0119 <strong>automatycznego odszraniania<\/strong>.<\/p>\n<p>Model z&nbsp;trzema <strong>samozamykaj\u0105cymi si\u0119 drzwiami<\/strong> z&nbsp;wygodnymi uchwytami do otwierania. Na ka\u017cde drzwi ma w zestawie<strong> po 1 p\u00f3\u0142ce rusztowej powlekanej PVC<\/strong> o no\u015bno\u015bci max <strong>40kg<\/strong> &#8211; przy r\u00f3wnomiernym obci\u0105\u017ceniu. Umo\u017cliwia przechowywanie pojemnik\u00f3w <strong>GN 1\/1.<\/strong><\/p>\n","protected":false},"excerpt":{"rendered":"<p>St\u00f3\u0142 ch\u0142odniczy 3-drzwiowy z blatem roboczym z rantem marki YATO YG-05255. St\u00f3\u0142 ch\u0142odniczy o wymiarach 1795x700x950mm ma pojemno\u015b\u0107 komory 417L. Przeznaczony jest do przechowywania \u017cywno\u015bci w zakresie temperatur -2~+80C. Doskonale nadaje si\u0119 do wszelkiego typu punk\u00f3w gastronomicznych takich jak restauracje, bary, puby czy pizzerie. Obudowa zewn\u0119trzna i wewn\u0119trzna wykonana z wysokiej jako\u015bci stali nierdzewnej SS201 [&hellip;]<\/p>\n","protected":false},"featured_media":22373,"template":"","meta":{"_et_pb_use_builder":"","_et_pb_old_content":"","_et_gb_content_width":""},"pwb-brand":[658],"product_brand":[],"product_cat":[523],"product_tag":[],"class_list":{"0":"post-19123","1":"product","2":"type-product","3":"status-publish","4":"has-post-thumbnail","6":"pwb-brand-yato","7":"product_cat-stoly-chlodnicze","9":"first","10":"instock","11":"taxable","12":"shipping-taxable","13":"purchasable","14":"product-type-simple"},"brands":[{"id":658,"name":"Yato","slug":"yato"}],"_links":{"self":[{"href":"https:\/\/www.multifrigo.pl\/sklep\/wp-json\/wp\/v2\/product\/19123","targetHints":{"allow":["GET"]}}],"collection":[{"href":"https:\/\/www.multifrigo.pl\/sklep\/wp-json\/wp\/v2\/product"}],"about":[{"href":"https:\/\/www.multifrigo.pl\/sklep\/wp-json\/wp\/v2\/types\/product"}],"wp:featuredmedia":[{"embeddable":true,"href":"https:\/\/www.multifrigo.pl\/sklep\/wp-json\/wp\/v2\/media\/22373"}],"wp:attachment":[{"href":"https:\/\/www.multifrigo.pl\/sklep\/wp-json\/wp\/v2\/media?parent=19123"}],"wp:term":[{"taxonomy":"pwb-brand","embeddable":true,"href":"https:\/\/www.multifrigo.pl\/sklep\/wp-json\/wp\/v2\/pwb-brand?post=19123"},{"taxonomy":"product_brand","embeddable":true,"href":"https:\/\/www.multifrigo.pl\/sklep\/wp-json\/wp\/v2\/product_brand?post=19123"},{"taxonomy":"product_cat","embeddable":true,"href":"https:\/\/www.multifrigo.pl\/sklep\/wp-json\/wp\/v2\/product_cat?post=19123"},{"taxonomy":"product_tag","embeddable":true,"href":"https:\/\/www.multifrigo.pl\/sklep\/wp-json\/wp\/v2\/product_tag?post=19123"}],"curies":[{"name":"wp","href":"https:\/\/api.w.org\/{rel}","templated":true}]}}