{"id":19131,"date":"2024-07-05T13:02:05","date_gmt":"2024-07-05T13:02:05","guid":{"rendered":"https:\/\/multifrigo.pl\/sklep\/?post_type=product&#038;p=19131"},"modified":"2025-10-09T12:59:03","modified_gmt":"2025-10-09T12:59:03","slug":"stol-chlodniczy-2-drzwiowy-z-nadstawka-i-blatem-granitowym-yato-yg-05275","status":"publish","type":"product","link":"https:\/\/www.multifrigo.pl\/sklep\/produkt\/stol-chlodniczy-2-drzwiowy-z-nadstawka-i-blatem-granitowym-yato-yg-05275\/","title":{"rendered":"ST\u00d3\u0141 CH\u0141ODNICZY 2-DRZWIOWY Z NADSTAWK\u0104 I BLATEM GRANITOWYM | Yato YG-05275"},"content":{"rendered":"<div id=\"piktogram_container\"><img loading=\"lazy\" decoding=\"async\" class=\"piktogram\" src=\"https:\/\/pim.toya.pl\/piktogramy\/W_kW\/image-thumb__53044__Sklep_pikto\/170_W.png\" width=\"64\" height=\"64\" alt=\"\"><img loading=\"lazy\" decoding=\"async\" class=\"piktogram\" src=\"https:\/\/pim.toya.pl\/piktogramy\/mm\/image-thumb__94752__Sklep_pikto\/900x700x1075_mm.png\" width=\"64\" height=\"64\" alt=\"\"><img loading=\"lazy\" decoding=\"async\" class=\"piktogram\" src=\"https:\/\/pim.toya.pl\/piktogramy\/TEMPERATURE\/image-thumb__94736__Sklep_pikto\/TEMP_2-8_C.png\" width=\"64\" height=\"64\" alt=\"\"><img loading=\"lazy\" decoding=\"async\" class=\"piktogram\" src=\"https:\/\/pim.toya.pl\/piktogramy\/L_ml\/image-thumb__51410__Sklep_pikto\/240_L.png\" width=\"64\" height=\"64\" alt=\"\"><img loading=\"lazy\" decoding=\"async\" class=\"piktogram\" src=\"https:\/\/pim.toya.pl\/piktogramy\/MATERIALS\/image-thumb__65047__Sklep_pikto\/SS_201.png\" width=\"64\" height=\"64\" alt=\"\"><img loading=\"lazy\" decoding=\"async\" class=\"piktogram\" src=\"https:\/\/pim.toya.pl\/piktogramy\/WORDS_DESCRIPTION\/image-thumb__94697__Sklep_pikto\/FORCED_AIR_CIRCULATION.png\" width=\"64\" height=\"64\" alt=\"\"><img loading=\"lazy\" decoding=\"async\" class=\"piktogram\" src=\"https:\/\/pim.toya.pl\/piktogramy\/PICTURES\/image-thumb__65921__Sklep_pikto\/FAN.png\" width=\"64\" height=\"64\" alt=\"\"><img loading=\"lazy\" decoding=\"async\" class=\"piktogram\" src=\"https:\/\/pim.toya.pl\/piktogramy\/WORDS_DESCRIPTION\/image-thumb__94689__Sklep_pikto\/AUTOMATIC_DEFROST.png\" width=\"64\" height=\"64\" alt=\"\"><img loading=\"lazy\" decoding=\"async\" class=\"piktogram\" src=\"https:\/\/pim.toya.pl\/piktogramy\/GASTRO\/image-thumb__90445__Sklep_pikto\/GN_1-1.png\" width=\"64\" height=\"64\" alt=\"\"><img loading=\"lazy\" decoding=\"async\" class=\"piktogram\" src=\"https:\/\/pim.toya.pl\/piktogramy\/GASTRO\/image-thumb__298446__Sklep_pikto\/FRIDGE_SHELF_YG-05406_x2.png\" width=\"64\" height=\"64\" alt=\"\"><img loading=\"lazy\" decoding=\"async\" class=\"piktogram\" src=\"https:\/\/pim.toya.pl\/piktogramy\/GASTRO\/image-thumb__298455__Sklep_pikto\/FRIDGE_SHELF_YG-05409.png\" width=\"64\" height=\"64\" alt=\"\"><img loading=\"lazy\" decoding=\"async\" class=\"piktogram\" src=\"https:\/\/pim.toya.pl\/piktogramy\/kg_g_g-min_g-h_g-m2\/image-thumb__51236__Sklep_pikto\/max_40_kg_SHELF.png\" width=\"64\" height=\"64\" alt=\"\"><img loading=\"lazy\" decoding=\"async\" class=\"piktogram\" src=\"https:\/\/pim.toya.pl\/piktogramy\/WORDS_DESCRIPTION\/image-thumb__94699__Sklep_pikto\/SELF-CLOSING_DOOR.png\" width=\"64\" height=\"64\" alt=\"\"><img loading=\"lazy\" decoding=\"async\" class=\"piktogram\" src=\"https:\/\/pim.toya.pl\/piktogramy\/GASTRO\/image-thumb__94799__Sklep_pikto\/R600a.png\" width=\"64\" height=\"64\" alt=\"\"><img loading=\"lazy\" decoding=\"async\" class=\"piktogram\" src=\"https:\/\/pim.toya.pl\/piktogramy\/MATERIALS\/image-thumb__68455__Sklep_pikto\/PVC_COATED.png\" width=\"64\" height=\"64\" alt=\"\"><\/div>\n<p>St\u00f3\u0142 ch\u0142odniczy 2-drzwiowy marki <strong>YATO<\/strong> <strong>YG-05275<\/strong> z blatem roboczym z marmuru oraz nadstawk\u0105.<\/p>\n<p>St\u00f3\u0142 ch\u0142odniczy do pizzy o wymiarach<strong> 900 x 700 x 1075 mm<\/strong> ma pojemno\u015b\u0107 komory <strong>240 L<\/strong>. Przeznaczony jest do przechowywania \u017cywno\u015bci w zakresie temperatur <strong>+2~+8<sup>0<\/sup>C<\/strong>.<\/p>\n<p>Idealnie nadaje si\u0119 do wszelkiego typu punk\u00f3w gastronomicznych <strong>do przygotowywania pizzy czy sa\u0142atek.<\/strong><\/p>\n<p><strong>Obudowa<\/strong> zewn\u0119trzna i wewn\u0119trzna wykonana z wysokiej jako\u015bci <strong>stali nierdzewnej SS201<\/strong> gwarantuje elegancki wygl\u0105d, a jednocze\u015bnie jest bardzo \u0142atwa w utrzymaniu w czysto\u015bci.<\/p>\n<p>Dolny <strong>agregat ch\u0142odniczy<\/strong> o mocy <strong>170 W<\/strong> wykorzystuje czynnik ch\u0142odniczy <strong>R600a<\/strong> dedykowany do pracy w<strong> 4 klasie klimatycznej<\/strong>, przy maksymalnej temperaturze otoczenia 30<sup>0<\/sup>C i wilgotno\u015bci wzgl\u0119dnej 55%. Zasilany jest pr\u0105dem o napi\u0119ciu <strong>220-240 V<\/strong> ~50 Hz. Elektroniczny <strong>sterownik<\/strong>&nbsp;z cyfrowym wy\u015bwietlaczem temperatury.<\/p>\n<p>Urz\u0105dzenie posiada <strong>ch\u0142odzenie z obiegiem wymuszonym wentylatorem<\/strong> oraz funkcj\u0119 <strong>automatycznego odszraniania.<\/strong><\/p>\n<p>Model<strong> z samozamykaj\u0105cymi si\u0119 drzwiami<\/strong> z wygodnymi uchwytami do otwierania. Na ka\u017cde drzwi ma w zestawie po <strong>1 p\u00f3\u0142ce rusztowej<\/strong> <strong>powlekanej<\/strong> <strong>PVC<\/strong> o no\u015bno\u015bci <strong>max 40 kg<\/strong> &#8211; przy r\u00f3wnomiernym obci\u0105\u017ceniu. Umo\u017cliwia przechowywanie <strong>pojemnik\u00f3w GN 1\/1.<\/strong><\/p>\n<p>Masywny <strong>blat z marmuru<\/strong> umo\u017cliwia przygotowywanie potraw i jest bardzo \u0142atwy w czyszczeniu i utrzymaniu w czysto\u015bci.<\/p>\n<p>G\u00f3ryny otw\u00f3r przeznaczony na<strong> pi\u0119\u0107 pojemnik\u00f3w GN1\/6<\/strong> o g\u0142\u0119boko\u015bci <strong>max 150 mm<\/strong>, kt\u00f3re umo\u017cliwiaj\u0105 przechowywanie r\u00f3\u017cnego typu dodatk\u00f3w i sk\u0142adnik\u00f3w do pizzy czy sa\u0142atek. Pojemniki nie wchodz\u0105 w sk\u0142ad zestawu.<\/p>\n","protected":false},"excerpt":{"rendered":"<p>St\u00f3\u0142 ch\u0142odniczy 2-drzwiowy marki YATO YG-05275 z blatem roboczym z marmuru oraz nadstawk\u0105. St\u00f3\u0142 ch\u0142odniczy do pizzy o wymiarach 900 x 700 x 1075 mm ma pojemno\u015b\u0107 komory 240 L. Przeznaczony jest do przechowywania \u017cywno\u015bci w zakresie temperatur +2~+80C. Idealnie nadaje si\u0119 do wszelkiego typu punk\u00f3w gastronomicznych do przygotowywania pizzy czy sa\u0142atek. Obudowa zewn\u0119trzna i [&hellip;]<\/p>\n","protected":false},"featured_media":22481,"template":"","meta":{"_et_pb_use_builder":"","_et_pb_old_content":"","_et_gb_content_width":""},"pwb-brand":[658],"product_brand":[],"product_cat":[523],"product_tag":[],"class_list":{"0":"post-19131","1":"product","2":"type-product","3":"status-publish","4":"has-post-thumbnail","6":"pwb-brand-yato","7":"product_cat-stoly-chlodnicze","9":"first","10":"instock","11":"taxable","12":"shipping-taxable","13":"purchasable","14":"product-type-simple"},"brands":[{"id":658,"name":"Yato","slug":"yato"}],"_links":{"self":[{"href":"https:\/\/www.multifrigo.pl\/sklep\/wp-json\/wp\/v2\/product\/19131","targetHints":{"allow":["GET"]}}],"collection":[{"href":"https:\/\/www.multifrigo.pl\/sklep\/wp-json\/wp\/v2\/product"}],"about":[{"href":"https:\/\/www.multifrigo.pl\/sklep\/wp-json\/wp\/v2\/types\/product"}],"wp:featuredmedia":[{"embeddable":true,"href":"https:\/\/www.multifrigo.pl\/sklep\/wp-json\/wp\/v2\/media\/22481"}],"wp:attachment":[{"href":"https:\/\/www.multifrigo.pl\/sklep\/wp-json\/wp\/v2\/media?parent=19131"}],"wp:term":[{"taxonomy":"pwb-brand","embeddable":true,"href":"https:\/\/www.multifrigo.pl\/sklep\/wp-json\/wp\/v2\/pwb-brand?post=19131"},{"taxonomy":"product_brand","embeddable":true,"href":"https:\/\/www.multifrigo.pl\/sklep\/wp-json\/wp\/v2\/product_brand?post=19131"},{"taxonomy":"product_cat","embeddable":true,"href":"https:\/\/www.multifrigo.pl\/sklep\/wp-json\/wp\/v2\/product_cat?post=19131"},{"taxonomy":"product_tag","embeddable":true,"href":"https:\/\/www.multifrigo.pl\/sklep\/wp-json\/wp\/v2\/product_tag?post=19131"}],"curies":[{"name":"wp","href":"https:\/\/api.w.org\/{rel}","templated":true}]}}