{"id":19142,"date":"2024-07-05T13:02:09","date_gmt":"2024-07-05T13:02:09","guid":{"rendered":"https:\/\/multifrigo.pl\/sklep\/?post_type=product&#038;p=19142"},"modified":"2025-10-09T12:59:08","modified_gmt":"2025-10-09T12:59:08","slug":"witryna-chlodnicza-nadstawna-6x1-3-gn-yato-yg-05330","status":"publish","type":"product","link":"https:\/\/www.multifrigo.pl\/sklep\/produkt\/witryna-chlodnicza-nadstawna-6x1-3-gn-yato-yg-05330\/","title":{"rendered":"WITRYNA CH\u0141ODNICZA NADSTAWNA 6X1\/3 GN | Yato YG-05330"},"content":{"rendered":"<div id=\"piktogram_container\"><img loading=\"lazy\" decoding=\"async\" class=\"piktogram\" src=\"https:\/\/pim.toya.pl\/piktogramy\/W_kW\/image-thumb__94920__Sklep_pikto\/110_W.png\" width=\"64\" height=\"64\" alt=\"\"><img loading=\"lazy\" decoding=\"async\" class=\"piktogram\" src=\"https:\/\/pim.toya.pl\/piktogramy\/mm\/image-thumb__94770__Sklep_pikto\/1400x395x435_mm.png\" width=\"64\" height=\"64\" alt=\"\"><img loading=\"lazy\" decoding=\"async\" class=\"piktogram\" src=\"https:\/\/pim.toya.pl\/piktogramy\/GASTRO\/image-thumb__94925__Sklep_pikto\/6x_GN_1-3.png\" width=\"64\" height=\"64\" alt=\"\"><img loading=\"lazy\" decoding=\"async\" class=\"piktogram\" src=\"https:\/\/pim.toya.pl\/piktogramy\/TEMPERATURE\/image-thumb__94736__Sklep_pikto\/TEMP_2-8_C.png\" width=\"64\" height=\"64\" alt=\"\"><img loading=\"lazy\" decoding=\"async\" class=\"piktogram\" src=\"https:\/\/pim.toya.pl\/piktogramy\/MATERIALS\/image-thumb__65047__Sklep_pikto\/SS_201.png\" width=\"64\" height=\"64\" alt=\"\"><img loading=\"lazy\" decoding=\"async\" class=\"piktogram\" src=\"https:\/\/pim.toya.pl\/piktogramy\/WORDS_DESCRIPTION\/image-thumb__94911__Sklep_pikto\/HARDENED_GLASS.png\" width=\"64\" height=\"64\" alt=\"\"><img loading=\"lazy\" decoding=\"async\" class=\"piktogram\" src=\"https:\/\/pim.toya.pl\/piktogramy\/WORDS_DESCRIPTION\/image-thumb__94914__Sklep_pikto\/DIGITAL_TEMPERATURE_CONTROL.png\" width=\"64\" height=\"64\" alt=\"\"><img loading=\"lazy\" decoding=\"async\" class=\"piktogram\" src=\"https:\/\/pim.toya.pl\/piktogramy\/WORDS_DESCRIPTION\/image-thumb__94689__Sklep_pikto\/AUTOMATIC_DEFROST.png\" width=\"64\" height=\"64\" alt=\"\"><img loading=\"lazy\" decoding=\"async\" class=\"piktogram\" src=\"https:\/\/pim.toya.pl\/piktogramy\/GASTRO\/image-thumb__94799__Sklep_pikto\/R600a.png\" width=\"64\" height=\"64\" alt=\"\"><\/div>\n<p><strong>Witryna ch\u0142odnicza nadstawna 6&#215;1\/3 GN<\/strong> marki <strong>YATO&nbsp;YG-05330<\/strong>.<\/p>\n<p>Nadstawna witryna ch\u0142odnicza marki <strong>YATO <\/strong>utrzymuje w\u0142a\u015bciw\u0105 temperatur\u0119 przechowywanych sk\u0142adnik\u00f3w do przygotowywania potraw: pizzy, sa\u0142atek, kanapek, itp. Natomiast nowoczesne wzornictwo po\u0142\u0105czone z wysok\u0105 jako\u015bci\u0105 surowc\u00f3w powoduj\u0119, \u017ce witryna ch\u0142odnicza <strong>YATO<\/strong> doskonale prezentuje si\u0119 na froncie we wszelkiego typu restauracjach, pizzeriach, barach&nbsp;czy hotelach.<\/p>\n<p><strong>Obudowa<\/strong> zewn\u0119trzna i wewn\u0119trzna wykonana z wysokiej jako\u015bci <strong>stali nierdzewnej SS201<\/strong> gwarantuje elegancki wygl\u0105d, a jednocze\u015bnie jest bardzo \u0142atwa w utrzymaniu w czysto\u015bci. Nadstawka wykonana jest ze szk\u0142a hartowanego.<\/p>\n<p>Witryna&nbsp;ch\u0142odnicza <strong>YATO <\/strong>o wymiarach<strong> 1400 x 395 x 435 mm <\/strong>mie\u015bci <strong>6 pojemnik\u00f3w GN 1\/3 o max g\u0142\u0119boko\u015bci 150 mm.<\/strong><\/p>\n<p>Boczny <strong>agregat ch\u0142odniczy<\/strong> o mocy <strong>110 W<\/strong> wykorzystuje czynnik ch\u0142odniczy <strong>R600a<\/strong> dedykowany do pracy w<strong> 4 klasie klimatycznej<\/strong>, przy maksymalnej temperaturze otoczenia 30<sup>0<\/sup>C i wilgotno\u015bci wzgl\u0119dnej 55%. Zasilany jest pr\u0105dem o napi\u0119ciu <strong>220-240 V<\/strong> ~50 Hz. Sterowanie nadstawk\u0105 odbywa si\u0119 za pomoc\u0105 <strong>sterownika elektronicznego<\/strong> z wy\u015bwietlaczem temperatury.<\/p>\n<p>Witryna pracuje w zakresie temperatur<strong> +2~+8\u00b0C<\/strong>. Natomiast zastosowana technologia <strong>ch\u0142odzenia statycznego<\/strong> oraz funkcja <strong>automatycznego odszraniania<\/strong> zapewnia bardzo efektywn\u0105 prac\u0119, a jednocze\u015bnie jest energooszcz\u0119dna.<\/p>\n<p>Zestaw nie zawiera pojemnik\u00f3w GN.<\/p>\n","protected":false},"excerpt":{"rendered":"<p>Witryna ch\u0142odnicza nadstawna 6&#215;1\/3 GN marki YATO&nbsp;YG-05330. Nadstawna witryna ch\u0142odnicza marki YATO utrzymuje w\u0142a\u015bciw\u0105 temperatur\u0119 przechowywanych sk\u0142adnik\u00f3w do przygotowywania potraw: pizzy, sa\u0142atek, kanapek, itp. Natomiast nowoczesne wzornictwo po\u0142\u0105czone z wysok\u0105 jako\u015bci\u0105 surowc\u00f3w powoduj\u0119, \u017ce witryna ch\u0142odnicza YATO doskonale prezentuje si\u0119 na froncie we wszelkiego typu restauracjach, pizzeriach, barach&nbsp;czy hotelach. Obudowa zewn\u0119trzna i wewn\u0119trzna wykonana z [&hellip;]<\/p>\n","protected":false},"featured_media":22608,"template":"","meta":{"_et_pb_use_builder":"","_et_pb_old_content":"","_et_gb_content_width":""},"pwb-brand":[658],"product_brand":[],"product_cat":[460],"product_tag":[],"class_list":{"0":"post-19142","1":"product","2":"type-product","3":"status-publish","4":"has-post-thumbnail","6":"pwb-brand-yato","7":"product_cat-witryny-chlodnicze","9":"first","10":"instock","11":"taxable","12":"shipping-taxable","13":"purchasable","14":"product-type-simple"},"brands":[{"id":658,"name":"Yato","slug":"yato"}],"_links":{"self":[{"href":"https:\/\/www.multifrigo.pl\/sklep\/wp-json\/wp\/v2\/product\/19142","targetHints":{"allow":["GET"]}}],"collection":[{"href":"https:\/\/www.multifrigo.pl\/sklep\/wp-json\/wp\/v2\/product"}],"about":[{"href":"https:\/\/www.multifrigo.pl\/sklep\/wp-json\/wp\/v2\/types\/product"}],"wp:featuredmedia":[{"embeddable":true,"href":"https:\/\/www.multifrigo.pl\/sklep\/wp-json\/wp\/v2\/media\/22608"}],"wp:attachment":[{"href":"https:\/\/www.multifrigo.pl\/sklep\/wp-json\/wp\/v2\/media?parent=19142"}],"wp:term":[{"taxonomy":"pwb-brand","embeddable":true,"href":"https:\/\/www.multifrigo.pl\/sklep\/wp-json\/wp\/v2\/pwb-brand?post=19142"},{"taxonomy":"product_brand","embeddable":true,"href":"https:\/\/www.multifrigo.pl\/sklep\/wp-json\/wp\/v2\/product_brand?post=19142"},{"taxonomy":"product_cat","embeddable":true,"href":"https:\/\/www.multifrigo.pl\/sklep\/wp-json\/wp\/v2\/product_cat?post=19142"},{"taxonomy":"product_tag","embeddable":true,"href":"https:\/\/www.multifrigo.pl\/sklep\/wp-json\/wp\/v2\/product_tag?post=19142"}],"curies":[{"name":"wp","href":"https:\/\/api.w.org\/{rel}","templated":true}]}}