{"id":19219,"date":"2024-07-05T13:02:30","date_gmt":"2024-07-05T13:02:30","guid":{"rendered":"https:\/\/multifrigo.pl\/sklep\/?post_type=product&#038;p=19219"},"modified":"2025-10-09T12:59:56","modified_gmt":"2025-10-09T12:59:56","slug":"dzbanek-z-miarka-3000ml-przezroczysty-yato-yg-07287","status":"publish","type":"product","link":"https:\/\/www.multifrigo.pl\/sklep\/produkt\/dzbanek-z-miarka-3000ml-przezroczysty-yato-yg-07287\/","title":{"rendered":"DZBANEK Z MIARK\u0104 3000ML PRZEZROCZYSTY | Yato YG-07287"},"content":{"rendered":"<div id=\"piktogram_container\"><img loading=\"lazy\" decoding=\"async\" class=\"piktogram\" src=\"https:\/\/pim.toya.pl\/piktogramy\/MATERIALS\/image-thumb__60900__Sklep_pikto\/PP.png\" width=\"64\" height=\"64\" alt=\"\"><img loading=\"lazy\" decoding=\"async\" class=\"piktogram\" src=\"https:\/\/pim.toya.pl\/piktogramy\/TEMPERATURE\/image-thumb__57252__Sklep_pikto\/TEMP_-40_%2B99_C.png\" width=\"64\" height=\"64\" alt=\"\"><\/div>\n<p>Dzbanek o pojemno\u015bci&nbsp;<strong>3000 ml<\/strong>&nbsp;z miark\u0105 marki&nbsp;<strong>YATO<\/strong>.<\/p>\n<p>Dzbanki&nbsp;<strong>Yato<\/strong>&nbsp;wykonane s\u0105 z elastycznego i&nbsp;<strong>wytrzyma\u0142ego<\/strong>&nbsp;<strong>polipropylenu,<\/strong>&nbsp;kt\u00f3ry&nbsp;<strong>nie absorbuje ani zapach\u00f3w ani smak\u00f3w<\/strong>. Dodatkowo posiadaj\u0105 wygodny,&nbsp;wzmacniany&nbsp;<strong>uchwyt<\/strong>. Dzi\u0119ki temu s\u0105 bardzo praktyczne i maj\u0105 wszechstronne zastosowanie do odmierzania&nbsp;<strong>p\u0142ynnych i sypkich produkt\u00f3w<\/strong>&nbsp;w zakresie temperatur&nbsp;<strong>-40\u00b0C do +99\u00b0C.<\/strong><\/p>\n<p>Dzbanek o pojemno\u015bci&nbsp;<strong>3000 ml<\/strong>&nbsp;ma \u015brednic\u0119<strong>&nbsp;170 mm<\/strong>&nbsp;i wysoko\u015b\u0107<strong>&nbsp;230 mm<\/strong>. Przez \u015bcianki w&nbsp;<strong>transparentnym, mlecznym kolorze<\/strong>&nbsp;doskonale wida\u0107 zawarto\u015b\u0107. Natomiast&nbsp;<strong>wyt\u0142oczona podzia\u0142ka<\/strong>, wyra\u017cona w litrach i mililitrach pozwala odmierzy\u0107 po\u017c\u0105dan\u0105 ilo\u015b\u0107 produktu.<\/p>\n","protected":false},"excerpt":{"rendered":"<p>Dzbanek o pojemno\u015bci&nbsp;3000 ml&nbsp;z miark\u0105 marki&nbsp;YATO. Dzbanki&nbsp;Yato&nbsp;wykonane s\u0105 z elastycznego i&nbsp;wytrzyma\u0142ego&nbsp;polipropylenu,&nbsp;kt\u00f3ry&nbsp;nie absorbuje ani zapach\u00f3w ani smak\u00f3w. Dodatkowo posiadaj\u0105 wygodny,&nbsp;wzmacniany&nbsp;uchwyt. Dzi\u0119ki temu s\u0105 bardzo praktyczne i maj\u0105 wszechstronne zastosowanie do odmierzania&nbsp;p\u0142ynnych i sypkich produkt\u00f3w&nbsp;w zakresie temperatur&nbsp;-40\u00b0C do +99\u00b0C. Dzbanek o pojemno\u015bci&nbsp;3000 ml&nbsp;ma \u015brednic\u0119&nbsp;170 mm&nbsp;i wysoko\u015b\u0107&nbsp;230 mm. Przez \u015bcianki w&nbsp;transparentnym, mlecznym kolorze&nbsp;doskonale wida\u0107 zawarto\u015b\u0107. Natomiast&nbsp;wyt\u0142oczona podzia\u0142ka, wyra\u017cona [&hellip;]<\/p>\n","protected":false},"featured_media":22961,"template":"","meta":{"_et_pb_use_builder":"","_et_pb_old_content":"","_et_gb_content_width":""},"pwb-brand":[658],"product_brand":[],"product_cat":[345],"product_tag":[],"class_list":{"0":"post-19219","1":"product","2":"type-product","3":"status-publish","4":"has-post-thumbnail","6":"pwb-brand-yato","7":"product_cat-miarki-kuchenne","9":"first","10":"instock","11":"taxable","12":"shipping-taxable","13":"purchasable","14":"product-type-simple"},"brands":[{"id":658,"name":"Yato","slug":"yato"}],"_links":{"self":[{"href":"https:\/\/www.multifrigo.pl\/sklep\/wp-json\/wp\/v2\/product\/19219","targetHints":{"allow":["GET"]}}],"collection":[{"href":"https:\/\/www.multifrigo.pl\/sklep\/wp-json\/wp\/v2\/product"}],"about":[{"href":"https:\/\/www.multifrigo.pl\/sklep\/wp-json\/wp\/v2\/types\/product"}],"wp:featuredmedia":[{"embeddable":true,"href":"https:\/\/www.multifrigo.pl\/sklep\/wp-json\/wp\/v2\/media\/22961"}],"wp:attachment":[{"href":"https:\/\/www.multifrigo.pl\/sklep\/wp-json\/wp\/v2\/media?parent=19219"}],"wp:term":[{"taxonomy":"pwb-brand","embeddable":true,"href":"https:\/\/www.multifrigo.pl\/sklep\/wp-json\/wp\/v2\/pwb-brand?post=19219"},{"taxonomy":"product_brand","embeddable":true,"href":"https:\/\/www.multifrigo.pl\/sklep\/wp-json\/wp\/v2\/product_brand?post=19219"},{"taxonomy":"product_cat","embeddable":true,"href":"https:\/\/www.multifrigo.pl\/sklep\/wp-json\/wp\/v2\/product_cat?post=19219"},{"taxonomy":"product_tag","embeddable":true,"href":"https:\/\/www.multifrigo.pl\/sklep\/wp-json\/wp\/v2\/product_tag?post=19219"}],"curies":[{"name":"wp","href":"https:\/\/api.w.org\/{rel}","templated":true}]}}