{"id":19221,"date":"2024-07-05T13:02:31","date_gmt":"2024-07-05T13:02:31","guid":{"rendered":"https:\/\/multifrigo.pl\/sklep\/?post_type=product&#038;p=19221"},"modified":"2025-10-09T12:59:57","modified_gmt":"2025-10-09T12:59:57","slug":"patera-na-owoce-i-ciastka-3-stopniowa-yato-yg-08202","status":"publish","type":"product","link":"https:\/\/www.multifrigo.pl\/sklep\/produkt\/patera-na-owoce-i-ciastka-3-stopniowa-yato-yg-08202\/","title":{"rendered":"PATERA NA OWOCE I CIASTKA 3-STOPNIOWA | Yato YG-08202"},"content":{"rendered":"<div id=\"piktogram_container\"><img loading=\"lazy\" decoding=\"async\" class=\"piktogram\" src=\"https:\/\/pim.toya.pl\/piktogramy\/x1234_DESCRIPTION\/image-thumb__90797__Sklep_pikto\/x3_LEVELS.png\" width=\"64\" height=\"64\" alt=\"\"><img loading=\"lazy\" decoding=\"async\" class=\"piktogram\" src=\"https:\/\/pim.toya.pl\/piktogramy\/DIAMETER\/image-thumb__90800__Sklep_pikto\/165_219_267_mm_DIAMETER.png\" width=\"64\" height=\"64\" alt=\"\"><img loading=\"lazy\" decoding=\"async\" class=\"piktogram\" src=\"https:\/\/pim.toya.pl\/piktogramy\/MATERIALS\/image-thumb__65053__Sklep_pikto\/SS.png\" width=\"64\" height=\"64\" alt=\"\"><\/div>\n<p>Patera <strong>3-stopniowa<\/strong> na ciasta i owoce marki YATO przeznaczona jest do serwowania <strong>owoc\u00f3w, ciast i ciasteczek<\/strong>.<\/p>\n<p>Sk\u0142ada si\u0119&nbsp;z <strong>3 talerzy<\/strong> o r\u00f3\u017cnej \u015brednicy. Dolny talerz ma \u015brednic\u0119 <strong>267 mm<\/strong>. Posiada tak\u017ce<strong> 3 gumowe n\u00f3\u017cki antypo\u015blizgowe<\/strong>. \u015arodkowy talerz ma \u015brednic\u0119 <strong>219 mm<\/strong>, a najwy\u017cszy <strong>165mm.<\/strong> Patera jest<strong> skr\u0119cana<\/strong>. Podczas przechowywania mo\u017ce by\u0107 rozkr\u0119cona, dzi\u0119ki czemu zajmuje du\u017co mniej miejsca. Jest bardzo \u0142atwa i szybka w monta\u017cu.<br \/>\nPatera YATO wykonana jest z wysokiej jako\u015bci<strong> stali nierdzewnej 430<\/strong> a jego powierzchnia jest dodatkowo <strong>chromowana<\/strong>. Dzi\u0119ki temu patera bardzo elegancko si\u0119&nbsp;prezentuj\u0119, a jednocze\u015bnie jest \u0142atwa w myciu i utrzymaniu w czysto\u015bci.<\/p>\n","protected":false},"excerpt":{"rendered":"<p>Patera 3-stopniowa na ciasta i owoce marki YATO przeznaczona jest do serwowania owoc\u00f3w, ciast i ciasteczek. Sk\u0142ada si\u0119&nbsp;z 3 talerzy o r\u00f3\u017cnej \u015brednicy. Dolny talerz ma \u015brednic\u0119 267 mm. Posiada tak\u017ce 3 gumowe n\u00f3\u017cki antypo\u015blizgowe. \u015arodkowy talerz ma \u015brednic\u0119 219 mm, a najwy\u017cszy 165mm. Patera jest skr\u0119cana. Podczas przechowywania mo\u017ce by\u0107 rozkr\u0119cona, dzi\u0119ki czemu zajmuje [&hellip;]<\/p>\n","protected":false},"featured_media":22965,"template":"","meta":{"_et_pb_use_builder":"","_et_pb_old_content":"","_et_gb_content_width":""},"pwb-brand":[658],"product_brand":[],"product_cat":[666],"product_tag":[],"class_list":{"0":"post-19221","1":"product","2":"type-product","3":"status-publish","4":"has-post-thumbnail","6":"pwb-brand-yato","7":"product_cat-patery-wielopoziomowe","9":"first","10":"instock","11":"taxable","12":"shipping-taxable","13":"purchasable","14":"product-type-simple"},"brands":[{"id":658,"name":"Yato","slug":"yato"}],"_links":{"self":[{"href":"https:\/\/www.multifrigo.pl\/sklep\/wp-json\/wp\/v2\/product\/19221","targetHints":{"allow":["GET"]}}],"collection":[{"href":"https:\/\/www.multifrigo.pl\/sklep\/wp-json\/wp\/v2\/product"}],"about":[{"href":"https:\/\/www.multifrigo.pl\/sklep\/wp-json\/wp\/v2\/types\/product"}],"wp:featuredmedia":[{"embeddable":true,"href":"https:\/\/www.multifrigo.pl\/sklep\/wp-json\/wp\/v2\/media\/22965"}],"wp:attachment":[{"href":"https:\/\/www.multifrigo.pl\/sklep\/wp-json\/wp\/v2\/media?parent=19221"}],"wp:term":[{"taxonomy":"pwb-brand","embeddable":true,"href":"https:\/\/www.multifrigo.pl\/sklep\/wp-json\/wp\/v2\/pwb-brand?post=19221"},{"taxonomy":"product_brand","embeddable":true,"href":"https:\/\/www.multifrigo.pl\/sklep\/wp-json\/wp\/v2\/product_brand?post=19221"},{"taxonomy":"product_cat","embeddable":true,"href":"https:\/\/www.multifrigo.pl\/sklep\/wp-json\/wp\/v2\/product_cat?post=19221"},{"taxonomy":"product_tag","embeddable":true,"href":"https:\/\/www.multifrigo.pl\/sklep\/wp-json\/wp\/v2\/product_tag?post=19221"}],"curies":[{"name":"wp","href":"https:\/\/api.w.org\/{rel}","templated":true}]}}