{"id":19261,"date":"2024-07-05T13:02:41","date_gmt":"2024-07-05T13:02:41","guid":{"rendered":"https:\/\/multifrigo.pl\/sklep\/?post_type=product&#038;p=19261"},"modified":"2025-10-09T13:00:25","modified_gmt":"2025-10-09T13:00:25","slug":"wozek-transportowy-do-pojemnikow-gn-1-1-yato-yg-09070","status":"publish","type":"product","link":"https:\/\/www.multifrigo.pl\/sklep\/produkt\/wozek-transportowy-do-pojemnikow-gn-1-1-yato-yg-09070\/","title":{"rendered":"W\u00d3ZEK TRANSPORTOWY DO POJEMNIK\u00d3W GN 1\/1 | Yato YG-09070"},"content":{"rendered":"<div id=\"piktogram_container\"><img loading=\"lazy\" decoding=\"async\" class=\"piktogram\" src=\"https:\/\/pim.toya.pl\/piktogramy\/mm\/image-thumb__94566__Sklep_pikto\/380x550x1700_mm.png\" width=\"64\" height=\"64\" alt=\"\"><img loading=\"lazy\" decoding=\"async\" class=\"piktogram\" src=\"https:\/\/pim.toya.pl\/piktogramy\/GASTRO\/image-thumb__94568__Sklep_pikto\/15x_GN_1-1.png\" width=\"64\" height=\"64\" alt=\"\"><img loading=\"lazy\" decoding=\"async\" class=\"piktogram\" src=\"https:\/\/pim.toya.pl\/piktogramy\/GASTRO\/image-thumb__94569__Sklep_pikto\/30x_GN_1-2.png\" width=\"64\" height=\"64\" alt=\"\"><img loading=\"lazy\" decoding=\"async\" class=\"piktogram\" src=\"https:\/\/pim.toya.pl\/piktogramy\/kg_g_g-min_g-h_g-m2\/image-thumb__51236__Sklep_pikto\/max_40_kg_SHELF.png\" width=\"64\" height=\"64\" alt=\"\"><img loading=\"lazy\" decoding=\"async\" class=\"piktogram\" src=\"https:\/\/pim.toya.pl\/piktogramy\/GASTRO\/image-thumb__94567__Sklep_pikto\/80_mm_DISTANCE.png\" width=\"64\" height=\"64\" alt=\"\"><img loading=\"lazy\" decoding=\"async\" class=\"piktogram\" src=\"https:\/\/pim.toya.pl\/piktogramy\/BRAKE_WHEEL\/image-thumb__66051__Sklep_pikto\/4x_WHEEL_360st.png\" width=\"64\" height=\"64\" alt=\"\"><img loading=\"lazy\" decoding=\"async\" class=\"piktogram\" src=\"https:\/\/pim.toya.pl\/piktogramy\/BRAKE_WHEEL\/image-thumb__66040__Sklep_pikto\/2x_BRAKE.png\" width=\"64\" height=\"64\" alt=\"\"><img loading=\"lazy\" decoding=\"async\" class=\"piktogram\" src=\"https:\/\/pim.toya.pl\/piktogramy\/WORDS_DESCRIPTION\/image-thumb__59082__Sklep_pikto\/TRANSPORT_LOCK.png\" width=\"64\" height=\"64\" alt=\"\"><img loading=\"lazy\" decoding=\"async\" class=\"piktogram\" src=\"https:\/\/pim.toya.pl\/piktogramy\/MATERIALS\/image-thumb__65047__Sklep_pikto\/SS_201.png\" width=\"64\" height=\"64\" alt=\"\"><img loading=\"lazy\" decoding=\"async\" class=\"piktogram\" src=\"https:\/\/pim.toya.pl\/piktogramy\/PICTURES\/image-thumb__65902__Sklep_pikto\/ASSEMBLY.png\" width=\"64\" height=\"64\" alt=\"\"><\/div>\n<p>W\u00f3zek transportowy YATO, o wymiarach <strong>380 x 550 x 1700 mm<\/strong>, umo\u017cliwia transport <strong>15 pojemnik\u00f3w GN 1\/1 lub 30 pojemnik\u00f3w GN 1\/2.<\/strong> Przeznaczony jest do <strong>profesjonalnego wykorzystania w plac\u00f3wkach gastronomicznych.<\/strong><\/p>\n<p>W\u00f3zek wykonany jest z <strong>wysokiej jako\u015bci stali nierdzewnej typu 201.<\/strong> Gwarantuje to <strong>odporno\u015b\u0107 na rdz\u0119 i zapewnia wysokie walory u\u017cytkowania oraz \u0142atwo\u015b\u0107 utrzymania w czysto\u015bci.<\/strong> Dzi\u0119ki <strong>solidnej konstrukcji z profili o grubo\u015bci 0,9 mm<\/strong>, w\u00f3zek transportowy jest <strong>niezwykle stabilny<\/strong> a ka\u017cda z p\u00f3\u0142ek wytrzymuje obci\u0105\u017cenie do <strong>40 kg.<\/strong> Rozmieszczone co <strong>80 mm<\/strong> prowadnice o <strong>specjalnej konstrukcji w kszta\u0142cie litery M<\/strong>, gwarantuj\u0105 stabilne utrzymanie pojemnik\u00f3w GN. Profil tego typu daje <strong>mo\u017cliwo\u015b\u0107 dodatkowego dostosowania<\/strong> odleg\u0142o\u015bci pomi\u0119dzy poszczeg\u00f3lnymi poziomami o <strong>20 mm.<\/strong>&nbsp;Po obu stronach w\u00f3zka <strong>znajduj\u0105 si\u0119 specjalne, proste w obs\u0142udze blokady<\/strong>, zabezpieczaj\u0105ce pojemniki przed wysuni\u0119ciem podczas transportu.<\/p>\n<p>W\u00f3zek wyposa\u017cony jest w <strong>4 k\u00f3\u0142ka z \u0142o\u017cyskami, wykonane z wysokiej jako\u015bci szarego TPR.<\/strong> Zastosowanie <strong>twardego, a jednocze\u015bnie elastycznego materia\u0142u<\/strong> zapewnia bardzo cich\u0105 prac\u0119. <strong>K\u00f3\u0142ka nie rysuj\u0105 posadzki, nie pozostawiaj\u0105 na niej \u015blad\u00f3w i s\u0105 skr\u0119tne w zakresie 360\u00b0.<\/strong> Umo\u017cliwia to <strong>manewrowanie w trudno dost\u0119pnych pomieszczeniach i w\u0105skich korytarzach.<\/strong> Dwa k\u00f3\u0142ka <strong>wyposa\u017cono dodatkowo w hamulce.<\/strong>&nbsp;<\/p>\n","protected":false},"excerpt":{"rendered":"<p>W\u00f3zek transportowy YATO, o wymiarach 380 x 550 x 1700 mm, umo\u017cliwia transport 15 pojemnik\u00f3w GN 1\/1 lub 30 pojemnik\u00f3w GN 1\/2. Przeznaczony jest do profesjonalnego wykorzystania w plac\u00f3wkach gastronomicznych. W\u00f3zek wykonany jest z wysokiej jako\u015bci stali nierdzewnej typu 201. Gwarantuje to odporno\u015b\u0107 na rdz\u0119 i zapewnia wysokie walory u\u017cytkowania oraz \u0142atwo\u015b\u0107 utrzymania w czysto\u015bci. [&hellip;]<\/p>\n","protected":false},"featured_media":23542,"template":"","meta":{"_et_pb_use_builder":"","_et_pb_old_content":"","_et_gb_content_width":""},"pwb-brand":[658],"product_brand":[],"product_cat":[403],"product_tag":[],"class_list":{"0":"post-19261","1":"product","2":"type-product","3":"status-publish","4":"has-post-thumbnail","6":"pwb-brand-yato","7":"product_cat-na-blachy","9":"first","10":"instock","11":"taxable","12":"shipping-taxable","13":"purchasable","14":"product-type-simple"},"brands":[{"id":658,"name":"Yato","slug":"yato"}],"_links":{"self":[{"href":"https:\/\/www.multifrigo.pl\/sklep\/wp-json\/wp\/v2\/product\/19261","targetHints":{"allow":["GET"]}}],"collection":[{"href":"https:\/\/www.multifrigo.pl\/sklep\/wp-json\/wp\/v2\/product"}],"about":[{"href":"https:\/\/www.multifrigo.pl\/sklep\/wp-json\/wp\/v2\/types\/product"}],"wp:featuredmedia":[{"embeddable":true,"href":"https:\/\/www.multifrigo.pl\/sklep\/wp-json\/wp\/v2\/media\/23542"}],"wp:attachment":[{"href":"https:\/\/www.multifrigo.pl\/sklep\/wp-json\/wp\/v2\/media?parent=19261"}],"wp:term":[{"taxonomy":"pwb-brand","embeddable":true,"href":"https:\/\/www.multifrigo.pl\/sklep\/wp-json\/wp\/v2\/pwb-brand?post=19261"},{"taxonomy":"product_brand","embeddable":true,"href":"https:\/\/www.multifrigo.pl\/sklep\/wp-json\/wp\/v2\/product_brand?post=19261"},{"taxonomy":"product_cat","embeddable":true,"href":"https:\/\/www.multifrigo.pl\/sklep\/wp-json\/wp\/v2\/product_cat?post=19261"},{"taxonomy":"product_tag","embeddable":true,"href":"https:\/\/www.multifrigo.pl\/sklep\/wp-json\/wp\/v2\/product_tag?post=19261"}],"curies":[{"name":"wp","href":"https:\/\/api.w.org\/{rel}","templated":true}]}}