{"id":19263,"date":"2024-07-05T13:02:42","date_gmt":"2024-07-05T13:02:42","guid":{"rendered":"https:\/\/multifrigo.pl\/sklep\/?post_type=product&#038;p=19263"},"modified":"2025-10-09T13:00:34","modified_gmt":"2025-10-09T13:00:34","slug":"wozek-platformowy-skladany-ze-stali-nierdzewnej-yato-yg-09080","status":"publish","type":"product","link":"https:\/\/www.multifrigo.pl\/sklep\/produkt\/wozek-platformowy-skladany-ze-stali-nierdzewnej-yato-yg-09080\/","title":{"rendered":"W\u00d3ZEK PLATFORMOWY SK\u0141ADANY ZE STALI NIERDZEWNEJ | Yato YG-09080"},"content":{"rendered":"<div id=\"piktogram_container\"><img loading=\"lazy\" decoding=\"async\" class=\"piktogram\" src=\"https:\/\/pim.toya.pl\/piktogramy\/mm\/image-thumb__94581__Sklep_pikto\/740x440x850_mm.png\" width=\"64\" height=\"64\" alt=\"\"><img loading=\"lazy\" decoding=\"async\" class=\"piktogram\" src=\"https:\/\/pim.toya.pl\/piktogramy\/kg_g_g-min_g-h_g-m2\/image-thumb__51211__Sklep_pikto\/max_150_kg.png\" width=\"64\" height=\"64\" alt=\"\"><img loading=\"lazy\" decoding=\"async\" class=\"piktogram\" src=\"https:\/\/pim.toya.pl\/piktogramy\/BRAKE_WHEEL\/image-thumb__66051__Sklep_pikto\/4x_WHEEL_360st.png\" width=\"64\" height=\"64\" alt=\"\"><img loading=\"lazy\" decoding=\"async\" class=\"piktogram\" src=\"https:\/\/pim.toya.pl\/piktogramy\/BRAKE_WHEEL\/image-thumb__66038__Sklep_pikto\/2x%20_WHEEL_360st.png\" width=\"64\" height=\"64\" alt=\"\"><img loading=\"lazy\" decoding=\"async\" class=\"piktogram\" src=\"https:\/\/pim.toya.pl\/piktogramy\/WORDS_DESCRIPTION\/image-thumb__68528__Sklep_pikto\/FOLDABLE_HANDLE.png\" width=\"64\" height=\"64\" alt=\"\"><img loading=\"lazy\" decoding=\"async\" class=\"piktogram\" src=\"https:\/\/pim.toya.pl\/piktogramy\/MATERIALS\/image-thumb__65047__Sklep_pikto\/SS_201.png\" width=\"64\" height=\"64\" alt=\"\"><img loading=\"lazy\" decoding=\"async\" class=\"piktogram\" src=\"https:\/\/pim.toya.pl\/piktogramy\/PICTURES\/image-thumb__65902__Sklep_pikto\/ASSEMBLY.png\" width=\"64\" height=\"64\" alt=\"\"><\/div>\n<p>W\u00f3zek platformowy YATO o no\u015bno\u015bci max&nbsp;<strong>150 kg<\/strong>. Wykonany z&nbsp;<strong>wysokiej jako\u015bci blachy ze stali nierdzewnej typu 201<\/strong>. Natomiast&nbsp;<strong>specjalna konstrukcja, wykorzystuj\u0105ca liczne wzmocnienia<\/strong>&nbsp;znajduj\u0105ce pod platform\u0105,<strong> gwarantuje no\u015bno\u015b\u0107 w\u00f3zka si\u0119gaj\u0105c\u0105 a\u017c 150 kg.<\/strong>&nbsp;Dzi\u0119ki temu&nbsp;<strong>lekka, ale bardzo wytrzyma\u0142a konstrukcja<\/strong> umo\u017cliwia transport ci\u0119\u017ckich produkt\u00f3w takich jak zastawa sto\u0142owa lub dostawy napoj\u00f3w i produkt\u00f3w sypkich.<\/p>\n<p>Wymiary platformy \u0142adunkowej wynosz\u0105&nbsp;<strong>600 x 430 mm<\/strong>. Umo\u017cliwia to&nbsp;<strong>swobodne manewrowanie w w\u0105skich korytarzach<\/strong>&nbsp;i u\u0142atwia dost\u0119p do pomieszcze\u0144 magazynowych.<\/p>\n<p>Zastosowanie&nbsp;<strong>wysokiej jako\u015bci stali szlachetnej<\/strong>&nbsp;gwarantuje&nbsp;<strong>podwy\u017cszona odporno\u015b\u0107 na uszkodzenia i zarysowania.<\/strong>&nbsp;Dlatego nasz produkt&nbsp;<strong>nadaje si\u0119 do intensywnej eksploatacji przez wiele lat.<\/strong>&nbsp;Poza tym powierzchnie ze stali nierdzewnej bez por\u00f3w&nbsp;<strong>u\u0142atwiaj\u0105 utrzymanie w\u00f3zka w czysto\u015bci<\/strong>.<\/p>\n<p><strong>Sk\u0142adany uchwyt<\/strong>&nbsp;umo\u017cliwia&nbsp;<strong>\u0142atwe przenoszenie produktu i jego magazynowanie<\/strong>, np. pod rega\u0142ami magazynowymi, przez co w\u00f3zek&nbsp;<strong>nie zabiera magazynowej powierzchni roboczej<\/strong>.<\/p>\n<p>W\u00f3zek posiada&nbsp;<strong>4 k\u00f3\u0142ka wykonane z wysokiej jako\u015bci szarego TPR.<\/strong>&nbsp;Dzi\u0119ki temu&nbsp;<strong>nie rysuje on posadzki i nie pozostawia na niej \u015blad\u00f3w.<\/strong>&nbsp;Zastosowanie&nbsp;<strong>twardego, a jednocze\u015bnie elastycznego TPR zapewnia tak\u017ce bardzo cich\u0105 prac\u0119.<\/strong>&nbsp;Efekt ten jest te\u017c osi\u0105gni\u0119ty dzi\u0119ki&nbsp;<strong>zastosowaniu \u0142o\u017cysk, kt\u00f3re dodatkowo znacznie zwi\u0119kszaj\u0105 ich \u017cywotno\u015b\u0107.<\/strong>&nbsp;Tyle k\u00f3\u0142ka s\u0105&nbsp;<strong>skr\u0119tne w zakresie 360 stopni<\/strong>, co umo\u017cliwia manewrowanie w trudno-dost\u0119pnych pomieszczeniach i w\u0105skich korytarzach, natomiast k\u00f3\u0142ka przednie s\u0105 sta\u0142e.<\/p>\n<p>Uniwersalny w\u00f3zek transportowy YATO znajdzie zastosowanie w&nbsp;<strong>plac\u00f3wkach gastronomicznych oraz innych obiektach u\u017cyteczno\u015bci publicznej<\/strong>. Idealnie nadaje si\u0119 do transportu \u017cywno\u015bci, produkt\u00f3w spo\u017cywczych, karton\u00f3w itp.<\/p>\n","protected":false},"excerpt":{"rendered":"<p>W\u00f3zek platformowy YATO o no\u015bno\u015bci max&nbsp;150 kg. Wykonany z&nbsp;wysokiej jako\u015bci blachy ze stali nierdzewnej typu 201. Natomiast&nbsp;specjalna konstrukcja, wykorzystuj\u0105ca liczne wzmocnienia&nbsp;znajduj\u0105ce pod platform\u0105, gwarantuje no\u015bno\u015b\u0107 w\u00f3zka si\u0119gaj\u0105c\u0105 a\u017c 150 kg.&nbsp;Dzi\u0119ki temu&nbsp;lekka, ale bardzo wytrzyma\u0142a konstrukcja umo\u017cliwia transport ci\u0119\u017ckich produkt\u00f3w takich jak zastawa sto\u0142owa lub dostawy napoj\u00f3w i produkt\u00f3w sypkich. Wymiary platformy \u0142adunkowej wynosz\u0105&nbsp;600 x 430 [&hellip;]<\/p>\n","protected":false},"featured_media":23553,"template":"","meta":{"_et_pb_use_builder":"","_et_pb_old_content":"","_et_gb_content_width":""},"pwb-brand":[658],"product_brand":[],"product_cat":[89],"product_tag":[],"class_list":{"0":"post-19263","1":"product","2":"type-product","3":"status-publish","4":"has-post-thumbnail","6":"pwb-brand-yato","7":"product_cat-platformowe","9":"first","10":"instock","11":"taxable","12":"shipping-taxable","13":"purchasable","14":"product-type-simple"},"brands":[{"id":658,"name":"Yato","slug":"yato"}],"_links":{"self":[{"href":"https:\/\/www.multifrigo.pl\/sklep\/wp-json\/wp\/v2\/product\/19263","targetHints":{"allow":["GET"]}}],"collection":[{"href":"https:\/\/www.multifrigo.pl\/sklep\/wp-json\/wp\/v2\/product"}],"about":[{"href":"https:\/\/www.multifrigo.pl\/sklep\/wp-json\/wp\/v2\/types\/product"}],"wp:featuredmedia":[{"embeddable":true,"href":"https:\/\/www.multifrigo.pl\/sklep\/wp-json\/wp\/v2\/media\/23553"}],"wp:attachment":[{"href":"https:\/\/www.multifrigo.pl\/sklep\/wp-json\/wp\/v2\/media?parent=19263"}],"wp:term":[{"taxonomy":"pwb-brand","embeddable":true,"href":"https:\/\/www.multifrigo.pl\/sklep\/wp-json\/wp\/v2\/pwb-brand?post=19263"},{"taxonomy":"product_brand","embeddable":true,"href":"https:\/\/www.multifrigo.pl\/sklep\/wp-json\/wp\/v2\/product_brand?post=19263"},{"taxonomy":"product_cat","embeddable":true,"href":"https:\/\/www.multifrigo.pl\/sklep\/wp-json\/wp\/v2\/product_cat?post=19263"},{"taxonomy":"product_tag","embeddable":true,"href":"https:\/\/www.multifrigo.pl\/sklep\/wp-json\/wp\/v2\/product_tag?post=19263"}],"curies":[{"name":"wp","href":"https:\/\/api.w.org\/{rel}","templated":true}]}}