{"id":19264,"date":"2024-07-05T13:02:42","date_gmt":"2024-07-05T13:02:42","guid":{"rendered":"https:\/\/multifrigo.pl\/sklep\/?post_type=product&#038;p=19264"},"modified":"2025-10-09T13:00:35","modified_gmt":"2025-10-09T13:00:35","slug":"wozek-kelnerski-2-polkowy-yato-yg-09090","status":"publish","type":"product","link":"https:\/\/www.multifrigo.pl\/sklep\/produkt\/wozek-kelnerski-2-polkowy-yato-yg-09090\/","title":{"rendered":"W\u00d3ZEK KELNERSKI 2-P\u00d3\u0141KOWY | Yato YG-09090"},"content":{"rendered":"<div id=\"piktogram_container\"><img loading=\"lazy\" decoding=\"async\" class=\"piktogram\" src=\"https:\/\/pim.toya.pl\/piktogramy\/mm\/image-thumb__94479__Sklep_pikto\/860x530x950_mm.png\" width=\"64\" height=\"64\" alt=\"\"><img loading=\"lazy\" decoding=\"async\" class=\"piktogram\" src=\"https:\/\/pim.toya.pl\/piktogramy\/x1234_DESCRIPTION\/image-thumb__94495__Sklep_pikto\/x2_SHELVES.png\" width=\"64\" height=\"64\" alt=\"\"><img loading=\"lazy\" decoding=\"async\" class=\"piktogram\" src=\"https:\/\/pim.toya.pl\/piktogramy\/kg_g_g-min_g-h_g-m2\/image-thumb__51244__Sklep_pikto\/max_50_kg_SHELF.png\" width=\"64\" height=\"64\" alt=\"\"><img loading=\"lazy\" decoding=\"async\" class=\"piktogram\" src=\"https:\/\/pim.toya.pl\/piktogramy\/PICTURES_DESCRIPTION\/image-thumb__94483__Sklep_pikto\/SOUNDPROOF_MAT.png\" width=\"64\" height=\"64\" alt=\"\"><img loading=\"lazy\" decoding=\"async\" class=\"piktogram\" src=\"https:\/\/pim.toya.pl\/piktogramy\/BRAKE_WHEEL\/image-thumb__66051__Sklep_pikto\/4x_WHEEL_360st.png\" width=\"64\" height=\"64\" alt=\"\"><img loading=\"lazy\" decoding=\"async\" class=\"piktogram\" src=\"https:\/\/pim.toya.pl\/piktogramy\/BRAKE_WHEEL\/image-thumb__66040__Sklep_pikto\/2x_BRAKE.png\" width=\"64\" height=\"64\" alt=\"\"><img loading=\"lazy\" decoding=\"async\" class=\"piktogram\" src=\"https:\/\/pim.toya.pl\/piktogramy\/MATERIALS\/image-thumb__65047__Sklep_pikto\/SS_201.png\" width=\"64\" height=\"64\" alt=\"\"><img loading=\"lazy\" decoding=\"async\" class=\"piktogram\" src=\"https:\/\/pim.toya.pl\/piktogramy\/PICTURES\/image-thumb__65902__Sklep_pikto\/ASSEMBLY.png\" width=\"64\" height=\"64\" alt=\"\"><\/div>\n<p>Profesjonalny w\u00f3zek kelnerski YATO o wymiarach <strong>860 x 530 x 950 mm<\/strong> jest idealnym rozwi\u0105zaniem dla <strong>du\u017cych i \u015brednich obiekt\u00f3w gastronomicznych takich jak hotele i restauracje oraz firmy cateringowe.<\/strong> Technologia monta\u017cu, <strong>bez widocznych na zewn\u0105trz element\u00f3w \u0142\u0105cz\u0105cych<\/strong>, gwarantuje <strong>eleganck\u0105 prezencj\u0119, zwi\u0119kszaj\u0105c walory wizualne.<\/strong> Dzi\u0119ki temu w\u00f3zek YATO jest <strong>dedykowany r\u00f3wnie\u017c dla presti\u017cowych plac\u00f3wek gastronomicznych.<\/strong> <strong>Wysoka jako\u015b\u0107 wykonania<\/strong> wraz z <strong>solidnymi elementami konstrukcji<\/strong> jest gwarancj\u0105 wieloletniej bezawaryjnej pracy.<\/p>\n<p>W\u00f3zek wykonany jest z <strong>wysokiej jako\u015bci stali nierdzewnej typu 201.<\/strong> Gwarantuje to <strong>odporno\u015b\u0107 na rdz\u0119 i zapewnia wysokie walory u\u017cytkowania oraz \u0142atwo\u015b\u0107 utrzymania w czysto\u015bci.<\/strong> Bez problemu mo\u017cna u\u017cytkowa\u0107 go na zewn\u0105trz. Pod spodem ka\u017cdej p\u00f3\u0142ki zastosowano <strong>maty d\u017awi\u0119koch\u0142onne<\/strong>, wykonane ze specjalnej pianki, kt\u00f3ra <strong>t\u0142umi drgania i ha\u0142as<\/strong> powstaj\u0105cy podczas transportu.<\/p>\n<p><strong>Dwie du\u017ce p\u00f3\u0142ki o wymiarach<\/strong> <strong>820 x 500&nbsp;mm <\/strong>zako\u0144czone s\u0105 specjalnym rantem, kt\u00f3ry zabezpiecza transportowane produkty przez ze\u015blizgni\u0119ciem podczas przewo\u017cenia. Wszystkie kraw\u0119dzie w\u00f3zka s\u0105 zaokr\u0105glone, co dodatkowo zwi\u0119ksza bezpiecze\u0144stwo podczas u\u017cytkowania.<\/p>\n<p><strong>Rozstaw mi\u0119dzy p\u00f3\u0142kami to 570 mm<\/strong>, co umo\u017cliwia transportowanie produkt\u00f3w o wi\u0119kszych gabarytach, takich jak dozowniki do sok\u00f3w, termosy na kaw\u0119 i herbat\u0119 itp. <strong>&nbsp;<\/strong>No\u015bno\u015b\u0107 ka\u017cdej z p\u00f3\u0142ek to<strong>&nbsp;50&nbsp;kg.<\/strong><\/p>\n<p>W\u00f3zek wyposa\u017cony jest w <strong>4 k\u00f3\u0142ka z \u0142o\u017cyskami<\/strong>, wykonane z wysokiej jako\u015bci szarego <strong>TPR<\/strong>. Zastosowanie twardego, a jednocze\u015bnie elastycznego materia\u0142u zapewnia bardzo cich\u0105 prac\u0119. K\u00f3\u0142ka nie rysuj\u0105 posadzki, nie pozostawiaj\u0105 na niej \u015blad\u00f3w i <strong>s\u0105 skr\u0119tne w zakresie 360\u00b0<\/strong>. Umo\u017cliwia to manewrowanie w trudno dost\u0119pnych pomieszczeniach i w\u0105skich korytarzach. <strong>Dwa k\u00f3\u0142ka wyposa\u017cono dodatkowo w hamulce.<\/strong><\/p>\n","protected":false},"excerpt":{"rendered":"<p>Profesjonalny w\u00f3zek kelnerski YATO o wymiarach 860 x 530 x 950 mm jest idealnym rozwi\u0105zaniem dla du\u017cych i \u015brednich obiekt\u00f3w gastronomicznych takich jak hotele i restauracje oraz firmy cateringowe. Technologia monta\u017cu, bez widocznych na zewn\u0105trz element\u00f3w \u0142\u0105cz\u0105cych, gwarantuje eleganck\u0105 prezencj\u0119, zwi\u0119kszaj\u0105c walory wizualne. Dzi\u0119ki temu w\u00f3zek YATO jest dedykowany r\u00f3wnie\u017c dla presti\u017cowych plac\u00f3wek gastronomicznych. Wysoka [&hellip;]<\/p>\n","protected":false},"featured_media":23559,"template":"","meta":{"_et_pb_use_builder":"","_et_pb_old_content":"","_et_gb_content_width":""},"pwb-brand":[658],"product_brand":[],"product_cat":[629],"product_tag":[],"class_list":{"0":"post-19264","1":"product","2":"type-product","3":"status-publish","4":"has-post-thumbnail","6":"pwb-brand-yato","7":"product_cat-kelnerskie","9":"first","10":"instock","11":"taxable","12":"shipping-taxable","13":"purchasable","14":"product-type-simple"},"brands":[{"id":658,"name":"Yato","slug":"yato"}],"_links":{"self":[{"href":"https:\/\/www.multifrigo.pl\/sklep\/wp-json\/wp\/v2\/product\/19264","targetHints":{"allow":["GET"]}}],"collection":[{"href":"https:\/\/www.multifrigo.pl\/sklep\/wp-json\/wp\/v2\/product"}],"about":[{"href":"https:\/\/www.multifrigo.pl\/sklep\/wp-json\/wp\/v2\/types\/product"}],"wp:featuredmedia":[{"embeddable":true,"href":"https:\/\/www.multifrigo.pl\/sklep\/wp-json\/wp\/v2\/media\/23559"}],"wp:attachment":[{"href":"https:\/\/www.multifrigo.pl\/sklep\/wp-json\/wp\/v2\/media?parent=19264"}],"wp:term":[{"taxonomy":"pwb-brand","embeddable":true,"href":"https:\/\/www.multifrigo.pl\/sklep\/wp-json\/wp\/v2\/pwb-brand?post=19264"},{"taxonomy":"product_brand","embeddable":true,"href":"https:\/\/www.multifrigo.pl\/sklep\/wp-json\/wp\/v2\/product_brand?post=19264"},{"taxonomy":"product_cat","embeddable":true,"href":"https:\/\/www.multifrigo.pl\/sklep\/wp-json\/wp\/v2\/product_cat?post=19264"},{"taxonomy":"product_tag","embeddable":true,"href":"https:\/\/www.multifrigo.pl\/sklep\/wp-json\/wp\/v2\/product_tag?post=19264"}],"curies":[{"name":"wp","href":"https:\/\/api.w.org\/{rel}","templated":true}]}}