{"id":19280,"date":"2024-07-05T13:02:46","date_gmt":"2024-07-05T13:02:46","guid":{"rendered":"https:\/\/multifrigo.pl\/sklep\/?post_type=product&#038;p=19280"},"modified":"2025-10-09T13:00:43","modified_gmt":"2025-10-09T13:00:43","slug":"termos-transportowy-ze-stali-nierdzewnej-25l-yato-yg-09203","status":"publish","type":"product","link":"https:\/\/www.multifrigo.pl\/sklep\/produkt\/termos-transportowy-ze-stali-nierdzewnej-25l-yato-yg-09203\/","title":{"rendered":"TERMOS TRANSPORTOWY ZE STALI NIERDZEWNEJ 25L | Yato YG-09203"},"content":{"rendered":"<div id=\"piktogram_container\"><img loading=\"lazy\" decoding=\"async\" class=\"piktogram\" src=\"https:\/\/pim.toya.pl\/piktogramy\/L_ml\/image-thumb__51417__Sklep_pikto\/25_L.png\" width=\"64\" height=\"64\" alt=\"\"><img loading=\"lazy\" decoding=\"async\" class=\"piktogram\" src=\"https:\/\/pim.toya.pl\/piktogramy\/MATERIALS\/image-thumb__65058__Sklep_pikto\/SS_443-201.png\" width=\"64\" height=\"64\" alt=\"\"><img loading=\"lazy\" decoding=\"async\" class=\"piktogram\" src=\"https:\/\/pim.toya.pl\/piktogramy\/PICTURES_DESCRIPTION\/image-thumb__90766__Sklep_pikto\/THERMAL_INSULATION.png\" width=\"64\" height=\"64\" alt=\"\"><img loading=\"lazy\" decoding=\"async\" class=\"piktogram\" src=\"https:\/\/pim.toya.pl\/piktogramy\/TEMPERATURE\/image-thumb__94400__Sklep_pikto\/80-68C_8h.png\" width=\"64\" height=\"64\" alt=\"\"><img loading=\"lazy\" decoding=\"async\" class=\"piktogram\" src=\"https:\/\/pim.toya.pl\/piktogramy\/WORDS_DESCRIPTION\/image-thumb__76382__Sklep_pikto\/DECOMPRESSION_VALVE.png\" width=\"64\" height=\"64\" alt=\"\"><img loading=\"lazy\" decoding=\"async\" class=\"piktogram\" src=\"https:\/\/pim.toya.pl\/piktogramy\/WORDS_DESCRIPTION\/image-thumb__90771__Sklep_pikto\/DOUBLE_WALL.png\" width=\"64\" height=\"64\" alt=\"\"><img loading=\"lazy\" decoding=\"async\" class=\"piktogram\" src=\"https:\/\/pim.toya.pl\/piktogramy\/WORDS_DESCRIPTION\/image-thumb__94405__Sklep_pikto\/SILICONE_GASKET.png\" width=\"64\" height=\"64\" alt=\"\"><img loading=\"lazy\" decoding=\"async\" class=\"piktogram\" src=\"https:\/\/pim.toya.pl\/piktogramy\/WORDS_DESCRIPTION\/image-thumb__94403__Sklep_pikto\/RUBBER_BOTTOM_PAD.png\" width=\"64\" height=\"64\" alt=\"\"><img loading=\"lazy\" decoding=\"async\" class=\"piktogram\" src=\"https:\/\/pim.toya.pl\/piktogramy\/x1234_DESCRIPTION\/image-thumb__78617__Sklep_pikto\/x2_HANDLES.png\" width=\"64\" height=\"64\" alt=\"\"><img loading=\"lazy\" decoding=\"async\" class=\"piktogram\" src=\"https:\/\/pim.toya.pl\/piktogramy\/x1234_DESCRIPTION\/image-thumb__94410__Sklep_pikto\/x6_LATCHES.png\" width=\"64\" height=\"64\" alt=\"\"><img loading=\"lazy\" decoding=\"async\" class=\"piktogram\" src=\"https:\/\/pim.toya.pl\/piktogramy\/PICTURES\/image-thumb__59925__Sklep_pikto\/STACKING.png\" width=\"64\" height=\"64\" alt=\"\"><\/div>\n<p><strong>Termos do transportu \u017cywno\u015bci<\/strong> marki YATO, o pojemno\u015bci <strong>25&nbsp;L<\/strong><\/p>\n<p>Termos marki YATO jest dedykowany dla restaurator\u00f3w, hotelarzy oraz dzia\u0142alno\u015bci cateringowej, od ma\u0142ych bankiet\u00f3w po du\u017ce imprezy plenerowe. <strong>Cechuje go najlepszy na rynku wsp\u00f3\u0142czynnik ceny do w\u0142a\u015bciwo\u015bci i jako\u015bci produktu.<\/strong><\/p>\n<p>Zewn\u0119trzna obudowa wykonana jest z wysokiej jako\u015bci <strong>stali nierdzewnej<\/strong>, bardzo \u0142atwej do czyszczenia i utrzymania w czysto\u015bci. Wewn\u0105trz pojemnika znajduje si\u0119 <strong>wbudowany zbiornik<\/strong> wykonany z wysokiej jako\u015bci stali nierdzewnej, dzi\u0119ki czemu jest on odporny na dzia\u0142anie kwas\u00f3w organicznych i \u0142atwy do utrzymania w czysto\u015bci.<\/p>\n<p>Pomi\u0119dzy zbiornikiem a \u015bciankami umieszczono specjaln\u0105 warstw\u0119 termoizolacyjn\u0105, utrzymuj\u0105c\u0105 temperatur\u0119 przez wiele godzin. W przypadku gor\u0105cej zawarto\u015bci strata ciep\u0142a <strong>to zaledwie 5\u00b0C w przeci\u0105gu 4h<\/strong>. W przypadku zawarto\u015bci zimnej, wzrost temperatury <strong>to zaledwie 3\u00b0C w przeci\u0105gu 4h<\/strong>. Wydajno\u015b\u0107 termoizolacyjna pojemnika klasyfikuje go w czo\u0142\u00f3wce najefektywniejszych termicznie narz\u0119dzi cateringowych do przechowywania i transportu \u017cywno\u015bci.<\/p>\n<p>W termosie zastosowano r\u00f3wnie\u017c <strong>specjalny zaw\u00f3r dekompresyjny<\/strong>, kt\u00f3ry u\u0142atwia otwarcie i eliminuje problem zasysania pokrywki przy przewo\u017ceniu gor\u0105cych produkt\u00f3w. Wyr\u00f3wnanie ci\u015bnienia uzyskujemy po naci\u015bni\u0119ciu zaworu.<\/p>\n<p>Dodatkowo w pojemniku <strong>zamontowano uszczelk\u0119 wykonan\u0105 z wysokiej jako\u015bci silikonu<\/strong>, kt\u00f3ra zapobiega rozlewaniu p\u0142ynnej zawarto\u015bci. Jest ona \u0142atwa do utrzymania w czysto\u015bci, dzi\u0119ki mo\u017cliwo\u015bci demonta\u017cu oraz specjalnemu kszta\u0142towi u\u0142atwiaj\u0105cemu mycie pod bie\u017c\u0105c\u0105 wod\u0105.<\/p>\n<p>Pojemnik termoizolacyjny wyposa\u017cony jest w dwa wykonane ze stali nierdzewnej, <strong>masywne uchwyty u\u0142atwiaj\u0105ce transport<\/strong> oraz <strong>sze\u015b\u0107 zatrzask\u00f3w zamykaj\u0105cych pokryw\u0119<\/strong>. Wysoka jako\u015b\u0107 i wytrzyma\u0142o\u015b\u0107 tych element\u00f3w, gwarantuje wieloletnie bezawaryjne u\u017cytkowanie. Sp\u00f3d termos\u00f3w YATO <strong>chroniony jest gumow\u0105 os\u0142on\u0105<\/strong>, kt\u00f3ra zapobiega przesuwaniu si\u0119 po pod\u0142o\u017cu w trakcie transportu.<\/p>\n<p>W termosie zastosowano specjalne wyt\u0142oczenia umo\u017cliwiaj\u0105ce <strong>sztaplowanie, czyli pi\u0119trowanie pojemnik\u00f3w<\/strong> o takiej samej \u015brednicy, dlatego mo\u017cliwe jest sk\u0142adowanie ich na stosunkowo niewielkiej powierzchni. Sztaplowane mog\u0105 by\u0107 pojemniki o pojemno\u015bci do 35 L.&nbsp;<\/p>\n","protected":false},"excerpt":{"rendered":"<p>Termos do transportu \u017cywno\u015bci marki YATO, o pojemno\u015bci 25&nbsp;L Termos marki YATO jest dedykowany dla restaurator\u00f3w, hotelarzy oraz dzia\u0142alno\u015bci cateringowej, od ma\u0142ych bankiet\u00f3w po du\u017ce imprezy plenerowe. Cechuje go najlepszy na rynku wsp\u00f3\u0142czynnik ceny do w\u0142a\u015bciwo\u015bci i jako\u015bci produktu. Zewn\u0119trzna obudowa wykonana jest z wysokiej jako\u015bci stali nierdzewnej, bardzo \u0142atwej do czyszczenia i utrzymania w [&hellip;]<\/p>\n","protected":false},"featured_media":23662,"template":"","meta":{"_et_pb_use_builder":"","_et_pb_old_content":"","_et_gb_content_width":""},"pwb-brand":[658],"product_brand":[],"product_cat":[82],"product_tag":[],"class_list":{"0":"post-19280","1":"product","2":"type-product","3":"status-publish","4":"has-post-thumbnail","6":"pwb-brand-yato","7":"product_cat-termosy-transportowe","9":"first","10":"instock","11":"taxable","12":"shipping-taxable","13":"purchasable","14":"product-type-simple"},"brands":[{"id":658,"name":"Yato","slug":"yato"}],"_links":{"self":[{"href":"https:\/\/www.multifrigo.pl\/sklep\/wp-json\/wp\/v2\/product\/19280","targetHints":{"allow":["GET"]}}],"collection":[{"href":"https:\/\/www.multifrigo.pl\/sklep\/wp-json\/wp\/v2\/product"}],"about":[{"href":"https:\/\/www.multifrigo.pl\/sklep\/wp-json\/wp\/v2\/types\/product"}],"wp:featuredmedia":[{"embeddable":true,"href":"https:\/\/www.multifrigo.pl\/sklep\/wp-json\/wp\/v2\/media\/23662"}],"wp:attachment":[{"href":"https:\/\/www.multifrigo.pl\/sklep\/wp-json\/wp\/v2\/media?parent=19280"}],"wp:term":[{"taxonomy":"pwb-brand","embeddable":true,"href":"https:\/\/www.multifrigo.pl\/sklep\/wp-json\/wp\/v2\/pwb-brand?post=19280"},{"taxonomy":"product_brand","embeddable":true,"href":"https:\/\/www.multifrigo.pl\/sklep\/wp-json\/wp\/v2\/product_brand?post=19280"},{"taxonomy":"product_cat","embeddable":true,"href":"https:\/\/www.multifrigo.pl\/sklep\/wp-json\/wp\/v2\/product_cat?post=19280"},{"taxonomy":"product_tag","embeddable":true,"href":"https:\/\/www.multifrigo.pl\/sklep\/wp-json\/wp\/v2\/product_tag?post=19280"}],"curies":[{"name":"wp","href":"https:\/\/api.w.org\/{rel}","templated":true}]}}