{"id":19287,"date":"2024-07-05T13:02:49","date_gmt":"2024-07-05T13:02:49","guid":{"rendered":"https:\/\/multifrigo.pl\/sklep\/?post_type=product&#038;p=19287"},"modified":"2025-10-09T13:00:47","modified_gmt":"2025-10-09T13:00:47","slug":"pojemnik-termoizolacyjny-cateringowy-90l-yato-yg-09245","status":"publish","type":"product","link":"https:\/\/www.multifrigo.pl\/sklep\/produkt\/pojemnik-termoizolacyjny-cateringowy-90l-yato-yg-09245\/","title":{"rendered":"POJEMNIK TERMOIZOLACYJNY CATERINGOWY 90L | Yato YG-09245"},"content":{"rendered":"<div id=\"piktogram_container\"><img loading=\"lazy\" decoding=\"async\" class=\"piktogram\" src=\"https:\/\/pim.toya.pl\/piktogramy\/L_ml\/image-thumb__51511__Sklep_pikto\/90_L.png\" width=\"64\" height=\"64\" alt=\"\"><img loading=\"lazy\" decoding=\"async\" class=\"piktogram\" src=\"https:\/\/pim.toya.pl\/piktogramy\/GASTRO\/image-thumb__94453__Sklep_pikto\/GN_1-1_x6_x4_x3.png\" width=\"64\" height=\"64\" alt=\"\"><img loading=\"lazy\" decoding=\"async\" class=\"piktogram\" src=\"https:\/\/pim.toya.pl\/piktogramy\/GASTRO\/image-thumb__94455__Sklep_pikto\/GN_1-2_x8_x4.png\" width=\"64\" height=\"64\" alt=\"\"><img loading=\"lazy\" decoding=\"async\" class=\"piktogram\" src=\"https:\/\/pim.toya.pl\/piktogramy\/GASTRO\/image-thumb__94454__Sklep_pikto\/GN_1-3_x12_x9_x6.png\" width=\"64\" height=\"64\" alt=\"\"><img loading=\"lazy\" decoding=\"async\" class=\"piktogram\" src=\"https:\/\/pim.toya.pl\/piktogramy\/mm\/image-thumb__94457__Sklep_pikto\/477x680x620_mm.png\" width=\"64\" height=\"64\" alt=\"\"><img loading=\"lazy\" decoding=\"async\" class=\"piktogram\" src=\"https:\/\/pim.toya.pl\/piktogramy\/PICTURES_DESCRIPTION\/image-thumb__90766__Sklep_pikto\/THERMAL_INSULATION.png\" width=\"64\" height=\"64\" alt=\"\"><img loading=\"lazy\" decoding=\"async\" class=\"piktogram\" src=\"https:\/\/pim.toya.pl\/piktogramy\/TEMPERATURE\/image-thumb__94399__Sklep_pikto\/80-68C_4h.png\" width=\"64\" height=\"64\" alt=\"\"><img loading=\"lazy\" decoding=\"async\" class=\"piktogram\" src=\"https:\/\/pim.toya.pl\/piktogramy\/WORDS_DESCRIPTION\/image-thumb__76382__Sklep_pikto\/DECOMPRESSION_VALVE.png\" width=\"64\" height=\"64\" alt=\"\"><img loading=\"lazy\" decoding=\"async\" class=\"piktogram\" src=\"https:\/\/pim.toya.pl\/piktogramy\/x1234_DESCRIPTION\/image-thumb__78617__Sklep_pikto\/x2_HANDLES.png\" width=\"64\" height=\"64\" alt=\"\"><img loading=\"lazy\" decoding=\"async\" class=\"piktogram\" src=\"https:\/\/pim.toya.pl\/piktogramy\/MATERIALS\/image-thumb__60893__Sklep_pikto\/PE.png\" width=\"64\" height=\"64\" alt=\"\"><img loading=\"lazy\" decoding=\"async\" class=\"piktogram\" src=\"https:\/\/pim.toya.pl\/piktogramy\/PICTURES\/image-thumb__59925__Sklep_pikto\/STACKING.png\" width=\"64\" height=\"64\" alt=\"\"><\/div>\n<p><strong>Pojemnik termoizolacyjny cateringowy<\/strong> marki <strong>YATO<\/strong> o pojemno\u015bci <strong>90 L<\/strong>.<\/p>\n<p>Pojemnik cateringowy YATO jest dedykowany dla restaurator\u00f3w, hotelarzy oraz dzia\u0142alno\u015bci cateringowej, od ma\u0142ych bankiet\u00f3w po du\u017ce imprezy plenerowe.<br \/>\nCechuje go <strong>najlepszy na rynku wsp\u00f3\u0142czynnik ceny do w\u0142a\u015bciwo\u015bci i jako\u015bci produktu<\/strong>.<\/p>\n<p>Wykonany jest z wysokiej jako\u015bci polietylenu <strong>odpornego na zarysowania lub wgniecenia<\/strong>, co chroni przed uszkodzeniami podczas przenoszenia i transportu.<br \/>\nPomi\u0119dzy zbiornikiem a \u015bciankami umieszczono specjaln\u0105 warstw\u0119 termoizolacyjn\u0105, utrzymuj\u0105c\u0105 temperatur\u0119 przez wiele godzin. W przypadku gor\u0105cej zawarto\u015bci strata ciep\u0142a w przeci\u0105gu<strong> 4h osi\u0105ga poziom z 80\u00b0C do 68\u00b0C<\/strong>. W przypadku zawarto\u015bci zimnej, wzrost temperatury to zaledwie <strong>6\u00b0C w przeci\u0105gu 4h<\/strong>. Wydajno\u015b\u0107 termoizolacyjna pojemnika klasyfikuje go w czo\u0142\u00f3wce najefektywniejszych termicznie narz\u0119dzi cateringowych do przechowywania \u017cywno\u015bci.<\/p>\n<p>Pojemnik ma wymiary wewn\u0119trzne <strong>335 x 533 x 490<\/strong> i posiada 12 specjalnie wyt\u0142oczonych w korpusie prowadnic. Dzi\u0119ki temu mo\u017cliwy jest transport \u017cywno\u015bci w pojemnikach stalowych, poliw\u0119glanowych czy polipropylenowych o wymiarach zgodnych ze standaryzacj\u0105 GN:<\/p>\n<ul>\n<li>GN 1\/1 65 mm &#8211; 6 szt.<\/li>\n<li>GN 1\/1 100 mm &#8211; 4 szt.<\/li>\n<li>GN 1\/1 150 mm &#8211; 3 szt.<\/li>\n<li>GN 1\/2 100 mm &#8211; 8 szt.<\/li>\n<li>GN 1\/2 150 mm &#8211; 4 szt.<\/li>\n<li>GN 1\/3 100 mm &#8211; 12 szt.<\/li>\n<li>GN 1\/3 150 mm &#8211; 9 szt.<\/li>\n<li>GN 1\/3 200 mm &#8211; 6 szt.<\/li>\n<\/ul>\n<p>W termosie zastosowano r\u00f3wnie\u017c <strong>specjalny zaw\u00f3r dekompresyjny<\/strong>, kt\u00f3ry u\u0142atwia otwarcie i eliminuje problem zasysania drzwiczek przy przewo\u017ceniu gor\u0105cych produkt\u00f3w. Wyr\u00f3wnanie ci\u015bnienia uzyskujemy po naci\u015bni\u0119ciu zaworu.<br \/>\nDodatkowo w pojemniku zamontowano <strong>uszczelk\u0119 wykonan\u0105 z wysokiej jako\u015bci silikonu<\/strong>. Jest ona \u0142atwa do utrzymania w czysto\u015bci, dzi\u0119ki mo\u017cliwo\u015bci demonta\u017cu oraz specjalnemu kszta\u0142towi u\u0142atwiaj\u0105cemu mycie pod bie\u017c\u0105c\u0105 wod\u0105.<\/p>\n<p>Pojemnik termoizolacyjny wyposa\u017cony jest w <strong>dwa masywne uchwyty<\/strong> wbudowane w korpus, kt\u00f3re u\u0142atwiaj\u0105 transport. Wysoka jako\u015b\u0107 i wytrzyma\u0142o\u015b\u0107 tych element\u00f3w, gwarantuje wieloletnie bezawaryjne u\u017cytkowanie.<br \/>\nW termosie zastosowano specjalne wyt\u0142oczenia umo\u017cliwiaj\u0105ce <strong>sztaplowanie<\/strong>, czyli pi\u0119trowanie pojemnik\u00f3w, dlatego mo\u017cliwe jest sk\u0142adowanie ich na stosunkowo niewielkiej powierzchni.<\/p>\n<p>W ofercie dostepny jest r\u00f3wnie\u017c w\u00f3zek YT-09246 do przewo\u017cenia pojemnik\u00f3w termoizolacyjnych YATO YT-09245.<\/p>\n","protected":false},"excerpt":{"rendered":"<p>Pojemnik termoizolacyjny cateringowy marki YATO o pojemno\u015bci 90 L. Pojemnik cateringowy YATO jest dedykowany dla restaurator\u00f3w, hotelarzy oraz dzia\u0142alno\u015bci cateringowej, od ma\u0142ych bankiet\u00f3w po du\u017ce imprezy plenerowe. Cechuje go najlepszy na rynku wsp\u00f3\u0142czynnik ceny do w\u0142a\u015bciwo\u015bci i jako\u015bci produktu. Wykonany jest z wysokiej jako\u015bci polietylenu odpornego na zarysowania lub wgniecenia, co chroni przed uszkodzeniami podczas [&hellip;]<\/p>\n","protected":false},"featured_media":23733,"template":"","meta":{"_et_pb_use_builder":"","_et_pb_old_content":"","_et_gb_content_width":""},"pwb-brand":[658],"product_brand":[],"product_cat":[84],"product_tag":[],"class_list":{"0":"post-19287","1":"product","2":"type-product","3":"status-publish","4":"has-post-thumbnail","6":"pwb-brand-yato","7":"product_cat-pojemniki-termoizolacyjne-gn","9":"first","10":"instock","11":"taxable","12":"shipping-taxable","13":"purchasable","14":"product-type-simple"},"brands":[{"id":658,"name":"Yato","slug":"yato"}],"_links":{"self":[{"href":"https:\/\/www.multifrigo.pl\/sklep\/wp-json\/wp\/v2\/product\/19287","targetHints":{"allow":["GET"]}}],"collection":[{"href":"https:\/\/www.multifrigo.pl\/sklep\/wp-json\/wp\/v2\/product"}],"about":[{"href":"https:\/\/www.multifrigo.pl\/sklep\/wp-json\/wp\/v2\/types\/product"}],"wp:featuredmedia":[{"embeddable":true,"href":"https:\/\/www.multifrigo.pl\/sklep\/wp-json\/wp\/v2\/media\/23733"}],"wp:attachment":[{"href":"https:\/\/www.multifrigo.pl\/sklep\/wp-json\/wp\/v2\/media?parent=19287"}],"wp:term":[{"taxonomy":"pwb-brand","embeddable":true,"href":"https:\/\/www.multifrigo.pl\/sklep\/wp-json\/wp\/v2\/pwb-brand?post=19287"},{"taxonomy":"product_brand","embeddable":true,"href":"https:\/\/www.multifrigo.pl\/sklep\/wp-json\/wp\/v2\/product_brand?post=19287"},{"taxonomy":"product_cat","embeddable":true,"href":"https:\/\/www.multifrigo.pl\/sklep\/wp-json\/wp\/v2\/product_cat?post=19287"},{"taxonomy":"product_tag","embeddable":true,"href":"https:\/\/www.multifrigo.pl\/sklep\/wp-json\/wp\/v2\/product_tag?post=19287"}],"curies":[{"name":"wp","href":"https:\/\/api.w.org\/{rel}","templated":true}]}}