{"id":19290,"date":"2024-07-05T13:02:50","date_gmt":"2024-07-05T13:02:50","guid":{"rendered":"https:\/\/multifrigo.pl\/sklep\/?post_type=product&#038;p=19290"},"modified":"2025-10-09T13:00:48","modified_gmt":"2025-10-09T13:00:48","slug":"pojemnik-cateringowy-termoizolacyjny-30l-yato-yg-09250","status":"publish","type":"product","link":"https:\/\/www.multifrigo.pl\/sklep\/produkt\/pojemnik-cateringowy-termoizolacyjny-30l-yato-yg-09250\/","title":{"rendered":"POJEMNIK CATERINGOWY TERMOIZOLACYJNY 30L | Yato YG-09250"},"content":{"rendered":"<div id=\"piktogram_container\"><img loading=\"lazy\" decoding=\"async\" class=\"piktogram\" src=\"https:\/\/pim.toya.pl\/piktogramy\/L_ml\/image-thumb__51428__Sklep_pikto\/30_L.png\" width=\"64\" height=\"64\" alt=\"\"><img loading=\"lazy\" decoding=\"async\" class=\"piktogram\" src=\"https:\/\/pim.toya.pl\/piktogramy\/GASTRO\/image-thumb__90445__Sklep_pikto\/GN_1-1.png\" width=\"64\" height=\"64\" alt=\"\"><img loading=\"lazy\" decoding=\"async\" class=\"piktogram\" src=\"https:\/\/pim.toya.pl\/piktogramy\/WORDS_DESCRIPTION_PARAMETER\/image-thumb__308502__Sklep_pikto\/610x410x310_mm_OUTSIDE.png\" width=\"64\" height=\"64\" alt=\"\"><img loading=\"lazy\" decoding=\"async\" class=\"piktogram\" src=\"https:\/\/pim.toya.pl\/piktogramy\/WORDS_DESCRIPTION_PARAMETER\/image-thumb__308499__Sklep_pikto\/510x300x200_mm_INSIDE.png\" width=\"64\" height=\"64\" alt=\"\"><img loading=\"lazy\" decoding=\"async\" class=\"piktogram\" src=\"https:\/\/pim.toya.pl\/piktogramy\/PICTURES_DESCRIPTION\/image-thumb__90766__Sklep_pikto\/THERMAL_INSULATION.png\" width=\"64\" height=\"64\" alt=\"\"><img loading=\"lazy\" decoding=\"async\" class=\"piktogram\" src=\"https:\/\/pim.toya.pl\/piktogramy\/TEMPERATURE\/image-thumb__94421__Sklep_pikto\/85-80C_4h.png\" width=\"64\" height=\"64\" alt=\"\"><img loading=\"lazy\" decoding=\"async\" class=\"piktogram\" src=\"https:\/\/pim.toya.pl\/piktogramy\/x1234_DESCRIPTION\/image-thumb__94414__Sklep_pikto\/x4_LATCHES.png\" width=\"64\" height=\"64\" alt=\"\"><img loading=\"lazy\" decoding=\"async\" class=\"piktogram\" src=\"https:\/\/pim.toya.pl\/piktogramy\/MATERIALS\/image-thumb__60893__Sklep_pikto\/PE.png\" width=\"64\" height=\"64\" alt=\"\"><img loading=\"lazy\" decoding=\"async\" class=\"piktogram\" src=\"https:\/\/pim.toya.pl\/piktogramy\/PICTURES\/image-thumb__59925__Sklep_pikto\/STACKING.png\" width=\"64\" height=\"64\" alt=\"\"><\/div>\n<p>Cateringowy pojemnik izotermiczny YATO jest dedykowany dla <strong>restaurator\u00f3w, hotelarzy oraz dzia\u0142alno\u015bci cateringowej, od ma\u0142ych bankiet\u00f3w po du\u017ce imprezy plenerowe.<\/strong><\/p>\n<p>Cechuje go <strong>najlepszy na rynku wsp\u00f3\u0142czynnik ceny do w\u0142a\u015bciwo\u015bci i jako\u015bci produktu.<\/strong><\/p>\n<p>Kontener termoizolacyjny przystosowano do <strong>przechowywania i transportu pojemnik\u00f3w GN1\/1.<\/strong> Wykonany jest z <strong>wysokiej jako\u015bci polietylenu odpornego na zarysowania lub wgniecenia<\/strong>, co chroni przed uszkodzeniami podczas przenoszenia i transportu.<\/p>\n<p>Mi\u0119dzy \u015bciankami z polietylenu <strong>umieszczono specjaln\u0105 warstw\u0119 termoizolacyjn\u0105, utrzymuj\u0105c\u0105 temperatur\u0119 przez wiele godzin.<\/strong> W przypadku gor\u0105cej zawarto\u015bci strata ciep\u0142a to zaledwie <strong>5\u00b0C w przeci\u0105gu 4h.<\/strong> W przypadku zawarto\u015bci zimnej, wzrost temperatury to zaledwie <strong>3\u00b0C w przeci\u0105gu 4h.<\/strong><\/p>\n<p>Wydajno\u015b\u0107 termoizolacyjna kontenera klasyfikuje go w <strong>czo\u0142\u00f3wce najefektywniejszych termicznie narz\u0119dzi cateringowych do przechowywania \u017cywno\u015bci.<\/strong><\/p>\n<p>W pojemniku zamontowano <strong>uszczelk\u0119 wykonan\u0105 z wysokiej jako\u015bci silikonu<\/strong>, kt\u00f3ra <strong>zapobiega rozlewaniu p\u0142ynnej zawarto\u015bci.<\/strong> Jest ona <strong>\u0142atwa do utrzymania w czysto\u015bci<\/strong>, dzi\u0119ki mo\u017cliwo\u015bci demonta\u017cu oraz <strong>specjalnemu kszta\u0142towi<\/strong> u\u0142atwiaj\u0105cemu mycie pod bie\u017c\u0105c\u0105 wod\u0105.<\/p>\n<p>Przenoszenie pojemnika u\u0142atwiaj\u0105 <strong>dwa specjalne wg\u0142\u0119bienia oraz cztery masywne zatrzaski<\/strong> wykonane ze stali nierdzewnej. <strong>Wysoka jako\u015b\u0107 i wytrzyma\u0142o\u015b\u0107<\/strong> tych element\u00f3w, gwarantuje <strong>wieloletnie bezawaryjne u\u017cytkowanie.<\/strong> Dodatkowo, <strong>specjalne wyt\u0142oczenia umo\u017cliwiaj\u0105 sztaplowanie<\/strong>, czyli pi\u0119trowanie, dlatego mo\u017cliwe jest <strong>sk\u0142adowanie ich na stosunkowo niewielkiej powierzchni.<\/strong><\/p>\n<ul>\n<li>wymiary: <strong>610x410x310 mm<\/strong>&nbsp;<\/li>\n<li>pojemno\u015b\u0107 : <strong>30 l<\/strong><\/li>\n<\/ul>\n","protected":false},"excerpt":{"rendered":"<p>Cateringowy pojemnik izotermiczny YATO jest dedykowany dla restaurator\u00f3w, hotelarzy oraz dzia\u0142alno\u015bci cateringowej, od ma\u0142ych bankiet\u00f3w po du\u017ce imprezy plenerowe. Cechuje go najlepszy na rynku wsp\u00f3\u0142czynnik ceny do w\u0142a\u015bciwo\u015bci i jako\u015bci produktu. Kontener termoizolacyjny przystosowano do przechowywania i transportu pojemnik\u00f3w GN1\/1. Wykonany jest z wysokiej jako\u015bci polietylenu odpornego na zarysowania lub wgniecenia, co chroni przed uszkodzeniami [&hellip;]<\/p>\n","protected":false},"featured_media":23764,"template":"","meta":{"_et_pb_use_builder":"","_et_pb_old_content":"","_et_gb_content_width":""},"pwb-brand":[658],"product_brand":[],"product_cat":[86],"product_tag":[],"class_list":{"0":"post-19290","1":"product","2":"type-product","3":"status-publish","4":"has-post-thumbnail","6":"pwb-brand-yato","7":"product_cat-pojemniki-termoizolacyjne-pojemniki-termoizolacyjne","9":"first","10":"instock","11":"taxable","12":"shipping-taxable","13":"purchasable","14":"product-type-simple"},"brands":[{"id":658,"name":"Yato","slug":"yato"}],"_links":{"self":[{"href":"https:\/\/www.multifrigo.pl\/sklep\/wp-json\/wp\/v2\/product\/19290","targetHints":{"allow":["GET"]}}],"collection":[{"href":"https:\/\/www.multifrigo.pl\/sklep\/wp-json\/wp\/v2\/product"}],"about":[{"href":"https:\/\/www.multifrigo.pl\/sklep\/wp-json\/wp\/v2\/types\/product"}],"wp:featuredmedia":[{"embeddable":true,"href":"https:\/\/www.multifrigo.pl\/sklep\/wp-json\/wp\/v2\/media\/23764"}],"wp:attachment":[{"href":"https:\/\/www.multifrigo.pl\/sklep\/wp-json\/wp\/v2\/media?parent=19290"}],"wp:term":[{"taxonomy":"pwb-brand","embeddable":true,"href":"https:\/\/www.multifrigo.pl\/sklep\/wp-json\/wp\/v2\/pwb-brand?post=19290"},{"taxonomy":"product_brand","embeddable":true,"href":"https:\/\/www.multifrigo.pl\/sklep\/wp-json\/wp\/v2\/product_brand?post=19290"},{"taxonomy":"product_cat","embeddable":true,"href":"https:\/\/www.multifrigo.pl\/sklep\/wp-json\/wp\/v2\/product_cat?post=19290"},{"taxonomy":"product_tag","embeddable":true,"href":"https:\/\/www.multifrigo.pl\/sklep\/wp-json\/wp\/v2\/product_tag?post=19290"}],"curies":[{"name":"wp","href":"https:\/\/api.w.org\/{rel}","templated":true}]}}